{"id":46,"date":"2014-09-17T16:53:45","date_gmt":"2014-09-17T16:53:45","guid":{"rendered":"http:\/\/agora.xtec.cat\/iesconselldecent\/?page_id=46"},"modified":"2026-01-29T16:33:52","modified_gmt":"2026-01-29T15:33:52","slug":"organigrama","status":"publish","type":"page","link":"https:\/\/agora.xtec.cat\/iesconselldecent\/linstitut\/organigrama\/","title":{"rendered":"Organigrama"},"content":{"rendered":"<table style=\"width: 52.1419%; height: 990px;\" width=\"84%\">\n<tbody>\n<tr style=\"height: 46px;\">\n<td style=\"width: 31.4431%; height: 46px;\" width=\"63%\"><strong>\u00d2RGANS UNIPERSONALS DE GOVERN<\/strong><\/td>\n<td style=\"width: 33.6503%; height: 46px;\" width=\"35%\"><strong>NOM I COGNOM<\/strong><\/td>\n<\/tr>\n<tr style=\"height: 23px;\">\n<td style=\"width: 31.4431%; height: 23px;\" width=\"63%\"><strong>Directora<\/strong><\/td>\n<td style=\"width: 33.6503%; height: 23px;\" width=\"35%\"><strong>Ver\u00f2nica Varas<\/strong><\/td>\n<\/tr>\n<tr style=\"height: 23px;\">\n<td style=\"width: 31.4431%; height: 23px;\" width=\"63%\"><strong>Cap d&#8217;estudis<\/strong><\/td>\n<td style=\"width: 33.6503%; height: 23px;\" width=\"35%\"><strong>N\u00faria Reig<\/strong><\/td>\n<\/tr>\n<tr style=\"height: 23px;\">\n<td style=\"width: 31.4431%; height: 23px;\" width=\"63%\"><strong>Coordinador Pedag\u00f2gic<\/strong><\/td>\n<td style=\"width: 33.6503%; height: 23px;\" width=\"35%\"><strong>Ton Aug\u00e9<\/strong><\/td>\n<\/tr>\n<tr style=\"height: 23px;\">\n<td style=\"width: 31.4431%; height: 23px;\" width=\"63%\"><strong>Secretaria<\/strong><\/td>\n<td style=\"width: 33.6503%; height: 23px;\" width=\"35%\"><strong>Vanessa Izquierdo<\/strong><\/td>\n<\/tr>\n<tr style=\"height: 23px;\">\n<td style=\"width: 31.4431%; height: 23px;\" width=\"63%\"><\/td>\n<td style=\"width: 33.6503%; height: 23px;\" width=\"35%\"><\/td>\n<\/tr>\n<tr style=\"height: 23px;\">\n<td style=\"width: 31.4431%; height: 23px;\" width=\"63%\"><\/td>\n<td style=\"width: 33.6503%; height: 23px;\" width=\"35%\"><\/td>\n<\/tr>\n<tr style=\"height: 23px;\">\n<td style=\"width: 31.4431%; height: 23px;\" width=\"63%\"><strong>\u00d2RGANS DE COORDINACI\u00d3<\/strong><\/td>\n<td style=\"width: 33.6503%; height: 23px;\" width=\"35%\"><\/td>\n<\/tr>\n<tr style=\"height: 23px;\">\n<td style=\"width: 31.4431%; height: 23px;\" width=\"63%\"><strong>ESO 1r-2n<\/strong><\/td>\n<td style=\"width: 33.6503%; height: 23px;\" width=\"35%\"><strong>Alba Dalmases<\/strong><\/td>\n<\/tr>\n<tr style=\"height: 23px;\">\n<td style=\"width: 31.4431%; height: 23px;\" width=\"63%\"><strong>ESO 3r- 4rt<\/strong><\/td>\n<td style=\"width: 33.6503%; height: 23px;\" width=\"35%\"><strong>Laia Sartorio<\/strong><\/td>\n<\/tr>\n<tr style=\"height: 23px;\">\n<td style=\"width: 31.4431%; height: 23px;\" width=\"63%\"><strong>Batxillerat<\/strong><\/td>\n<td style=\"width: 33.6503%; height: 23px;\" width=\"35%\"><strong>Elisabeth Calero<\/strong><\/td>\n<\/tr>\n<tr style=\"height: 23px;\">\n<td style=\"width: 31.4431%; height: 23px;\" width=\"63%\"><strong>Inform\u00e0tica i TIC<\/strong><\/td>\n<td style=\"width: 33.6503%; height: 23px;\" width=\"35%\"><strong>Tomeu Riera\u00a0<\/strong><\/td>\n<\/tr>\n<tr style=\"height: 23px;\">\n<td style=\"width: 31.4431%; height: 23px;\" width=\"63%\"><strong>LIC<\/strong><\/td>\n<td style=\"width: 33.6503%; height: 23px;\" width=\"35%\"><strong>S\u00f2nia Pi\u00f1ol<\/strong><\/td>\n<\/tr>\n<tr style=\"height: 23px;\">\n<td style=\"width: 31.4431%; height: 23px;\" width=\"63%\"><strong>Biblioteca<\/strong><\/td>\n<td style=\"width: 33.6503%; height: 23px;\" width=\"35%\"><strong>Gl\u00f2ria Ripoll<\/strong><\/td>\n<\/tr>\n<tr style=\"height: 23px;\">\n<td style=\"width: 31.4431%; height: 23px;\" width=\"63%\"><strong>Aula d\u2019acollida<\/strong><\/td>\n<td style=\"width: 33.6503%; height: 23px;\" width=\"35%\"><strong>Francesco Canale<\/strong><\/td>\n<\/tr>\n<tr style=\"height: 23px;\">\n<td style=\"width: 31.4431%; height: 23px;\" width=\"63%\"><strong>Riscos Laborals<\/strong><\/td>\n<td style=\"width: 33.6503%; height: 23px;\" width=\"35%\"><strong>Sonia Rovira<\/strong><\/td>\n<\/tr>\n<tr style=\"height: 23px;\">\n<td style=\"width: 31.4431%; height: 23px;\" width=\"63%\"><strong>WEB<\/strong><\/td>\n<td style=\"width: 33.6503%; height: 23px;\" width=\"35%\"><strong>Neus Barranco<\/strong><\/td>\n<\/tr>\n<tr style=\"height: 23px;\">\n<td style=\"width: 31.4431%; height: 23px;\" width=\"63%\"><strong>Activitats i serveis<\/strong><\/td>\n<td style=\"width: 33.6503%; height: 23px;\" width=\"35%\"><strong>Irene Betriu<\/strong><\/td>\n<\/tr>\n<tr style=\"height: 23px;\">\n<td style=\"width: 31.4431%; height: 23px;\" width=\"63%\"><\/td>\n<td style=\"width: 33.6503%; height: 23px;\" width=\"35%\"><\/td>\n<\/tr>\n<tr style=\"height: 23px;\">\n<td style=\"width: 31.4431%; height: 23px;\" width=\"63%\"><\/td>\n<td style=\"width: 33.6503%; height: 23px;\" width=\"35%\"><\/td>\n<\/tr>\n<tr style=\"height: 23px;\">\n<td style=\"width: 31.4431%; height: 23px;\" width=\"63%\"><strong>\u00c0mbit ling\u00fc\u00edstic<\/strong><\/td>\n<td style=\"width: 33.6503%; height: 23px;\" width=\"35%\"><strong>Gl\u00f2ria RIpoll<\/strong><\/td>\n<\/tr>\n<tr style=\"height: 23px;\">\n<td style=\"width: 31.4431%; height: 23px;\" width=\"63%\"><strong>\u00c0mbit Social<\/strong><\/td>\n<td style=\"width: 33.6503%; height: 23px;\" width=\"35%\"><strong>Concepci\u00f3 Bernadas<\/strong><\/td>\n<\/tr>\n<tr style=\"height: 23px;\">\n<td style=\"width: 31.4431%; height: 23px;\" width=\"63%\"><strong>\u00c0mbit Cient\u00edfico-Tecno-Matem\u00e0tic<\/strong><\/td>\n<td style=\"width: 33.6503%; height: 23px;\" width=\"35%\"><strong>Ferran Rodr\u00edguez<\/strong><\/td>\n<\/tr>\n<tr style=\"height: 23px;\">\n<td style=\"width: 31.4431%; height: 23px;\" width=\"63%\"><strong>\u00c0mbit Art\u00edstic i Expressi\u00f3<\/strong><\/td>\n<td style=\"width: 33.6503%; height: 23px;\" width=\"35%\"><strong>Victor Roig<\/strong><\/td>\n<\/tr>\n<tr style=\"height: 23px;\">\n<td style=\"width: 31.4431%; height: 23px;\" width=\"63%\"><\/td>\n<td style=\"width: 33.6503%; height: 23px;\" width=\"35%\"><\/td>\n<\/tr>\n<tr style=\"height: 23px;\">\n<td style=\"width: 31.4431%; height: 23px;\" width=\"63%\"><\/td>\n<td style=\"width: 33.6503%; height: 23px;\" width=\"35%\"><\/td>\n<\/tr>\n<tr style=\"height: 23px;\">\n<td style=\"width: 31.4431%; height: 23px;\" width=\"63%\"><strong>\u00c0REA D&#8217; ASSESSORAMENT<\/strong><\/td>\n<td style=\"width: 33.6503%; height: 23px;\" width=\"35%\"><\/td>\n<\/tr>\n<tr style=\"height: 23px;\">\n<td style=\"width: 31.4431%; height: 23px;\" width=\"63%\"><strong>Psicopedagogues de centre<\/strong><\/td>\n<td style=\"width: 33.6503%; height: 23px;\" width=\"35%\"><strong>N\u00faria Reig\u00a0<\/strong><\/td>\n<\/tr>\n<tr style=\"height: 23px;\">\n<td style=\"width: 31.4431%; height: 23px;\" width=\"63%\"><\/td>\n<td style=\"width: 33.6503%; height: 23px;\" width=\"35%\"><strong>Elisabeth Calero<\/strong><\/td>\n<\/tr>\n<tr style=\"height: 23px;\">\n<td style=\"width: 31.4431%; height: 23px;\" width=\"63%\"><\/td>\n<td style=\"width: 33.6503%; height: 23px;\" width=\"35%\"><strong>Laia Sartorio<\/strong><\/td>\n<\/tr>\n<tr style=\"height: 23px;\">\n<td style=\"width: 31.4431%; height: 23px;\"><\/td>\n<td style=\"width: 33.6503%; height: 23px;\"><strong>Tomeu Riera\u00a0<\/strong><\/td>\n<\/tr>\n<tr style=\"height: 23px;\">\n<td style=\"width: 31.4431%; height: 23px;\" width=\"63%\"><strong>CRP<\/strong><\/td>\n<td style=\"width: 33.6503%; height: 23px;\" width=\"35%\"><strong>Irene Iranzo<\/strong><\/td>\n<\/tr>\n<tr style=\"height: 23px;\">\n<td style=\"width: 31.4431%; height: 23px;\" width=\"63%\"><strong>EAP<\/strong><\/td>\n<td style=\"width: 33.6503%; height: 23px;\" width=\"35%\"><\/td>\n<\/tr>\n<tr style=\"height: 23px;\">\n<td style=\"width: 31.4431%; height: 23px;\" width=\"63%\"><strong>LIC<\/strong><\/td>\n<td style=\"width: 33.6503%; height: 23px;\" width=\"35%\"><strong> Rashid Aghmiri<\/strong><\/td>\n<\/tr>\n<tr style=\"height: 23px;\">\n<td style=\"width: 31.4431%; height: 23px;\" width=\"63%\"><strong>TIS<\/strong><\/td>\n<td style=\"width: 33.6503%; height: 23px;\" width=\"35%\"><strong>Maribel Jimenez<\/strong><\/td>\n<\/tr>\n<tr style=\"height: 23px;\">\n<td style=\"width: 31.4431%; height: 23px;\" width=\"63%\"><\/td>\n<td style=\"width: 33.6503%; height: 23px;\" width=\"35%\"><\/td>\n<\/tr>\n<tr style=\"height: 23px;\">\n<td style=\"width: 31.4431%; height: 23px;\" width=\"63%\"><\/td>\n<td style=\"width: 33.6503%; height: 23px;\" width=\"35%\"><\/td>\n<\/tr>\n<tr style=\"height: 24px;\">\n<td style=\"width: 31.4431%; height: 24px;\" width=\"63%\"><strong>ADMINISTRACI\u00d3<\/strong><\/td>\n<td style=\"width: 33.6503%; height: 24px;\" width=\"35%\"><\/td>\n<\/tr>\n<tr style=\"height: 23px;\">\n<td style=\"width: 31.4431%; height: 23px;\" width=\"63%\"><\/td>\n<td style=\"width: 33.6503%; height: 23px;\" width=\"35%\">Anna Mart\u00edn<\/td>\n<\/tr>\n<tr style=\"height: 23px;\">\n<td style=\"width: 31.4431%; height: 23px;\" width=\"63%\"><\/td>\n<td style=\"width: 33.6503%; height: 23px;\" width=\"35%\"><\/td>\n<\/tr>\n<tr style=\"height: 23px;\">\n<td style=\"width: 31.4431%; height: 23px;\" width=\"63%\"><strong>SERVEIS<\/strong><\/td>\n<td style=\"width: 33.6503%; height: 23px;\" width=\"35%\"><strong>Cristian Chesa<\/strong><\/td>\n<\/tr>\n<tr style=\"height: 23px;\">\n<td style=\"width: 31.4431%; height: 23px;\" width=\"63%\"><\/td>\n<td style=\"width: 33.6503%; height: 23px;\" width=\"35%\">L\u00eddia Coll<\/td>\n<\/tr>\n<\/tbody>\n<\/table>\n","protected":false},"excerpt":{"rendered":"<p>\u00d2RGANS UNIPERSONALS DE GOVERN NOM I COGNOM Directora Ver\u00f2nica Varas Cap d&#8217;estudis N\u00faria Reig Coordinador Pedag\u00f2gic Ton Aug\u00e9 Secretaria Vanessa Izquierdo \u00d2RGANS DE COORDINACI\u00d3 ESO 1r-2n Alba Dalmases ESO 3r- 4rt Laia Sartorio Batxillerat Elisabeth Calero Inform\u00e0tica i TIC Tomeu Riera\u00a0 LIC S\u00f2nia Pi\u00f1ol Biblioteca Gl\u00f2ria Ripoll Aula d\u2019acollida Francesco Canale Riscos Laborals Sonia Rovira [&hellip;]<\/p>\n","protected":false},"author":1,"featured_media":0,"parent":19,"menu_order":50,"comment_status":"closed","ping_status":"closed","template":"","meta":{"_bbp_topic_count":0,"_bbp_reply_count":0,"_bbp_total_topic_count":0,"_bbp_total_reply_count":0,"_bbp_voice_count":0,"_bbp_anonymous_reply_count":0,"_bbp_topic_count_hidden":0,"_bbp_reply_count_hidden":0,"_bbp_forum_subforum_count":0,"site-sidebar-layout":"default","site-content-layout":"","ast-site-content-layout":"default","site-content-style":"default","site-sidebar-style":"default","ast-global-header-display":"","ast-banner-title-visibility":"","ast-main-header-display":"","ast-hfb-above-header-display":"","ast-hfb-below-header-display":"","ast-hfb-mobile-header-display":"","site-post-title":"","ast-breadcrumbs-content":"","ast-featured-img":"","footer-sml-layout":"","theme-transparent-header-meta":"","adv-header-id-meta":"","stick-header-meta":"","header-above-stick-meta":"","header-main-stick-meta":"","header-below-stick-meta":"","astra-migrate-meta-layouts":"set","ast-page-background-enabled":"default","ast-page-background-meta":{"desktop":{"background-color":"var(--ast-global-color-4)","background-image":"","background-repeat":"repeat","background-position":"center center","background-size":"auto","background-attachment":"scroll","background-type":"","background-media":"","overlay-type":"","overlay-color":"","overlay-opacity":"","overlay-gradient":""},"tablet":{"background-color":"","background-image":"","background-repeat":"repeat","background-position":"center center","background-size":"auto","background-attachment":"scroll","background-type":"","background-media":"","overlay-type":"","overlay-color":"","overlay-opacity":"","overlay-gradient":""},"mobile":{"background-color":"","background-image":"","background-repeat":"repeat","background-position":"center center","background-size":"auto","background-attachment":"scroll","background-type":"","background-media":"","overlay-type":"","overlay-color":"","overlay-opacity":"","overlay-gradient":""}},"ast-content-background-meta":{"desktop":{"background-color":"var(--ast-global-color-5)","background-image":"","background-repeat":"repeat","background-position":"center center","background-size":"auto","background-attachment":"scroll","background-type":"","background-media":"","overlay-type":"","overlay-color":"","overlay-opacity":"","overlay-gradient":""},"tablet":{"background-color":"var(--ast-global-color-5)","background-image":"","background-repeat":"repeat","background-position":"center center","background-size":"auto","background-attachment":"scroll","background-type":"","background-media":"","overlay-type":"","overlay-color":"","overlay-opacity":"","overlay-gradient":""},"mobile":{"background-color":"var(--ast-global-color-5)","background-image":"","background-repeat":"repeat","background-position":"center center","background-size":"auto","background-attachment":"scroll","background-type":"","background-media":"","overlay-type":"","overlay-color":"","overlay-opacity":"","overlay-gradient":""}},"footnotes":""},"class_list":["post-46","page","type-page","status-publish","hentry"],"post_mailing_queue_ids":[],"_links":{"self":[{"href":"https:\/\/agora.xtec.cat\/iesconselldecent\/wp-json\/wp\/v2\/pages\/46","targetHints":{"allow":["GET"]}}],"collection":[{"href":"https:\/\/agora.xtec.cat\/iesconselldecent\/wp-json\/wp\/v2\/pages"}],"about":[{"href":"https:\/\/agora.xtec.cat\/iesconselldecent\/wp-json\/wp\/v2\/types\/page"}],"author":[{"embeddable":true,"href":"https:\/\/agora.xtec.cat\/iesconselldecent\/wp-json\/wp\/v2\/users\/1"}],"replies":[{"embeddable":true,"href":"https:\/\/agora.xtec.cat\/iesconselldecent\/wp-json\/wp\/v2\/comments?post=46"}],"version-history":[{"count":6,"href":"https:\/\/agora.xtec.cat\/iesconselldecent\/wp-json\/wp\/v2\/pages\/46\/revisions"}],"predecessor-version":[{"id":8845,"href":"https:\/\/agora.xtec.cat\/iesconselldecent\/wp-json\/wp\/v2\/pages\/46\/revisions\/8845"}],"up":[{"embeddable":true,"href":"https:\/\/agora.xtec.cat\/iesconselldecent\/wp-json\/wp\/v2\/pages\/19"}],"wp:attachment":[{"href":"https:\/\/agora.xtec.cat\/iesconselldecent\/wp-json\/wp\/v2\/media?parent=46"}],"curies":[{"name":"wp","href":"https:\/\/api.w.org\/{rel}","templated":true}]}}