{"id":195,"date":"2014-09-22T10:39:39","date_gmt":"2014-09-22T10:39:39","guid":{"rendered":"http:\/\/agora.xtec.cat\/iesconselldecent\/?page_id=195"},"modified":"2019-02-17T19:30:11","modified_gmt":"2019-02-17T18:30:11","slug":"estudis","status":"publish","type":"page","link":"https:\/\/agora.xtec.cat\/iesconselldecent\/estudis\/","title":{"rendered":"Estudis"},"content":{"rendered":"<header class=\"entry-header\" style=\"color: #444444;\"><\/header>\n<div class=\"entry-content\" style=\"color: #444444;\">\n<p><strong>OFERTA EDUCATIVA<\/strong><\/p>\n<p><em>ESO<\/em><\/p>\n<p>BATXILLERAT<\/p>\n<ul>\n<li>Humanitats i ci\u00e8ncies socials<\/li>\n<li>Ci\u00e8ncies i Tecnologia<\/li>\n<li>Art\u00edstic : arts pl\u00e0stiques.<\/li>\n<\/ul>\n<p><strong>PILARS PEDAG\u00d2GICS \/ BASES DEL MODEL EDUCATIU:<\/strong><\/p>\n<ul>\n<li>Oferim una oferta educativa de qualitat a l&#8217;ESO i el Batxillerat, que permeti assegurar a l&#8217;alumnat un desenvolupament personal i social s\u00f2lid amb relaci\u00f3 a l&#8217;<strong>autonomia personal i la gesti\u00f3 de l&#8217;afectivitat.\u00a0<\/strong><\/li>\n<li>Treballem per impartir una educaci\u00f3 i uns aprenentatges que desenvolupin el coneixement reflexiu, l&#8217;expressi\u00f3 de les idees, les habilitats i les compet\u00e8ncies culturals, personals i socials.<\/li>\n<\/ul>\n<p><strong>OBJECTIUS EDUCATIUS PRIORITARIS:<\/strong><\/p>\n<p>Orientem la programaci\u00f3 de cada curs amb accions planificades que impliquen a tota la comunitat educativa per tal d\u2019assolir els objectius previstos:<\/p>\n<ul>\n<li>Millorar els resultats acad\u00e8mics i de la cohesi\u00f3 social.<\/li>\n<li>Treball en xarxa amb la resta d\u2019agents educatius de la zona: centres educatius, entitats, associacions, organismes del districte, etc.<\/li>\n<\/ul>\n<p><strong>CRITERIS D\u2019ORGANITZACI\u00d3 PEDAG\u00d2GICA:<\/strong><\/p>\n<p>Les mesures organitzatives d\u2019atenci\u00f3 a l\u2019alumnat, de car\u00e0cter general, espec\u00edfic i extraordin\u00e0ries ens permeten ajustar els\u00a0<strong>processos d\u2019ensenyament-aprenentatge\u00a0<\/strong>a les caracter\u00edstiques de l\u2019alumnat, a la diversitat de les necessitats i als ritmes d\u2019aprenentatge.<br \/>\nAlgunes d\u2019aquestes mesures de\u00a0<strong>car\u00e0cter general<\/strong>\u00a0s\u00f3n:<\/p>\n<ul>\n<li>Desdoblaments i\/o dos professors a l\u2019aula.<\/li>\n<li>Diversificaci\u00f3 d\u2019estrat\u00e8gies metodol\u00f2giques i de les activitats d\u2019avaluaci\u00f3.<\/li>\n<li>L\u2019orientaci\u00f3 i el seguiment tutorial de l\u2019alumnat.<\/li>\n<li>L\u2019atenci\u00f3 a l\u2019alumnat amb necessitats especifiques.<\/li>\n<li>Programes de diversificaci\u00f3 curricular.<\/li>\n<\/ul>\n<\/div>\n","protected":false},"excerpt":{"rendered":"<p>OFERTA EDUCATIVA ESO BATXILLERAT Humanitats i ci\u00e8ncies socials Ci\u00e8ncies i Tecnologia Art\u00edstic : arts pl\u00e0stiques. PILARS PEDAG\u00d2GICS \/ BASES DEL MODEL EDUCATIU: Oferim una oferta educativa de qualitat a l&#8217;ESO i el Batxillerat, que permeti assegurar a l&#8217;alumnat un desenvolupament personal i social s\u00f2lid amb relaci\u00f3 a l&#8217;autonomia personal i la gesti\u00f3 de l&#8217;afectivitat.\u00a0 Treballem [&hellip;]<\/p>\n","protected":false},"author":1,"featured_media":0,"parent":0,"menu_order":0,"comment_status":"closed","ping_status":"closed","template":"","meta":{"_bbp_topic_count":0,"_bbp_reply_count":0,"_bbp_total_topic_count":0,"_bbp_total_reply_count":0,"_bbp_voice_count":0,"_bbp_anonymous_reply_count":0,"_bbp_topic_count_hidden":0,"_bbp_reply_count_hidden":0,"_bbp_forum_subforum_count":0,"site-sidebar-layout":"default","site-content-layout":"","ast-site-content-layout":"","site-content-style":"default","site-sidebar-style":"default","ast-global-header-display":"","ast-banner-title-visibility":"","ast-main-header-display":"","ast-hfb-above-header-display":"","ast-hfb-below-header-display":"","ast-hfb-mobile-header-display":"","site-post-title":"","ast-breadcrumbs-content":"","ast-featured-img":"","footer-sml-layout":"","theme-transparent-header-meta":"","adv-header-id-meta":"","stick-header-meta":"","header-above-stick-meta":"","header-main-stick-meta":"","header-below-stick-meta":"","astra-migrate-meta-layouts":"default","ast-page-background-enabled":"default","ast-page-background-meta":{"desktop":{"background-color":"var(--ast-global-color-4)","background-image":"","background-repeat":"repeat","background-position":"center center","background-size":"auto","background-attachment":"scroll","background-type":"","background-media":"","overlay-type":"","overlay-color":"","overlay-opacity":"","overlay-gradient":""},"tablet":{"background-color":"","background-image":"","background-repeat":"repeat","background-position":"center center","background-size":"auto","background-attachment":"scroll","background-type":"","background-media":"","overlay-type":"","overlay-color":"","overlay-opacity":"","overlay-gradient":""},"mobile":{"background-color":"","background-image":"","background-repeat":"repeat","background-position":"center center","background-size":"auto","background-attachment":"scroll","background-type":"","background-media":"","overlay-type":"","overlay-color":"","overlay-opacity":"","overlay-gradient":""}},"ast-content-background-meta":{"desktop":{"background-color":"var(--ast-global-color-5)","background-image":"","background-repeat":"repeat","background-position":"center center","background-size":"auto","background-attachment":"scroll","background-type":"","background-media":"","overlay-type":"","overlay-color":"","overlay-opacity":"","overlay-gradient":""},"tablet":{"background-color":"var(--ast-global-color-5)","background-image":"","background-repeat":"repeat","background-position":"center center","background-size":"auto","background-attachment":"scroll","background-type":"","background-media":"","overlay-type":"","overlay-color":"","overlay-opacity":"","overlay-gradient":""},"mobile":{"background-color":"var(--ast-global-color-5)","background-image":"","background-repeat":"repeat","background-position":"center center","background-size":"auto","background-attachment":"scroll","background-type":"","background-media":"","overlay-type":"","overlay-color":"","overlay-opacity":"","overlay-gradient":""}},"footnotes":""},"class_list":["post-195","page","type-page","status-publish","hentry"],"post_mailing_queue_ids":[],"_links":{"self":[{"href":"https:\/\/agora.xtec.cat\/iesconselldecent\/wp-json\/wp\/v2\/pages\/195","targetHints":{"allow":["GET"]}}],"collection":[{"href":"https:\/\/agora.xtec.cat\/iesconselldecent\/wp-json\/wp\/v2\/pages"}],"about":[{"href":"https:\/\/agora.xtec.cat\/iesconselldecent\/wp-json\/wp\/v2\/types\/page"}],"author":[{"embeddable":true,"href":"https:\/\/agora.xtec.cat\/iesconselldecent\/wp-json\/wp\/v2\/users\/1"}],"replies":[{"embeddable":true,"href":"https:\/\/agora.xtec.cat\/iesconselldecent\/wp-json\/wp\/v2\/comments?post=195"}],"version-history":[{"count":3,"href":"https:\/\/agora.xtec.cat\/iesconselldecent\/wp-json\/wp\/v2\/pages\/195\/revisions"}],"predecessor-version":[{"id":4608,"href":"https:\/\/agora.xtec.cat\/iesconselldecent\/wp-json\/wp\/v2\/pages\/195\/revisions\/4608"}],"wp:attachment":[{"href":"https:\/\/agora.xtec.cat\/iesconselldecent\/wp-json\/wp\/v2\/media?parent=195"}],"curies":[{"name":"wp","href":"https:\/\/api.w.org\/{rel}","templated":true}]}}