{"id":81,"date":"2014-09-18T10:38:05","date_gmt":"2014-09-18T10:38:05","guid":{"rendered":"http:\/\/agora.xtec.cat\/iescollblanc\/?page_id=81"},"modified":"2025-01-31T08:05:15","modified_gmt":"2025-01-31T07:05:15","slug":"secretaria","status":"publish","type":"page","link":"https:\/\/agora.xtec.cat\/iescollblanc\/secretaria\/","title":{"rendered":"Secretaria"},"content":{"rendered":"\n<h1 class=\"wp-block-heading\">Horari<\/h1>\n\n\n\n<figure class=\"wp-block-table\"><table><tbody><tr><td class=\"has-text-align-center\" data-align=\"center\"><strong>HORARI D&#8217;HIVERN<\/strong><\/td><td class=\"has-text-align-center\" data-align=\"center\"><strong>HORARI D&#8217;ESTIU<\/strong><\/td><\/tr><tr><td class=\"has-text-align-center\" data-align=\"center\"><strong>(de setembre a juny)<\/strong><br><br><strong>Matins<\/strong><br>De dilluns a divendres<br>de 09:00 h a 12:00 h<\/td><td class=\"has-text-align-center\" data-align=\"center\"><strong>Juliol (de l&#8217;1 al 15)<\/strong><br><strong><br>Matins<\/strong><br>De dilluns a divendres<br>de 09:30 h a 12:30 h<br><strong>Agost<\/strong><br>Tancat<\/td><\/tr><\/tbody><\/table><figcaption class=\"wp-element-caption\">Taula amb els horaris d&#8217;atenci\u00f3 al p\u00fablic de la secretaria del centre.<\/figcaption><\/figure>\n\n\n\n<h1 class=\"wp-block-heading\">Models de sol\u00b7licitud<\/h1>\n\n\n\n<div class=\"wp-block-getwid-toggle has-icon-left\">\n<div class=\"wp-block-getwid-toggle__row\"><div class=\"wp-block-getwid-toggle__header-wrapper\"><span class=\"wp-block-getwid-toggle__header\"><a href=\"#\"><span class=\"wp-block-getwid-toggle__header-title\">Sol\u00b7licitud general<\/span><span class=\"wp-block-getwid-toggle__icon is-active\"><i class=\"fas fa-plus\"><\/i><\/span><span class=\"wp-block-getwid-toggle__icon is-passive\"><i class=\"fas fa-minus\"><\/i><\/span><\/a><\/span><\/div><div class=\"wp-block-getwid-toggle__content-wrapper\"><div class=\"wp-block-getwid-toggle__content\">\n<p><\/p>\n\n\n\n<div data-wp-interactive=\"core\/file\" class=\"wp-block-file\"><object data-wp-bind--hidden=\"!state.hasPdfPreview\" hidden class=\"wp-block-file__embed\" data=\"https:\/\/agora.xtec.cat\/iescollblanc\/wp-content\/uploads\/usu1217\/2025\/01\/Sollicitud-general.pdf\" type=\"application\/pdf\" style=\"width:100%;height:600px\" aria-label=\"Incrustaci\u00f3 del fitxer Sollicitud-general.\"><\/object><a id=\"wp-block-file--media-fe9d333e-985c-4e2a-914e-364ec65380b3\" href=\"https:\/\/agora.xtec.cat\/iescollblanc\/wp-content\/uploads\/usu1217\/2025\/01\/Sollicitud-general.pdf\">Sollicitud-general<\/a><a href=\"https:\/\/agora.xtec.cat\/iescollblanc\/wp-content\/uploads\/usu1217\/2025\/01\/Sollicitud-general.pdf\" class=\"wp-block-file__button wp-element-button\" download aria-describedby=\"wp-block-file--media-fe9d333e-985c-4e2a-914e-364ec65380b3\">Baixa<\/a><\/div>\n<\/div><\/div><\/div>\n\n\n\n<div class=\"wp-block-getwid-toggle__row\"><div class=\"wp-block-getwid-toggle__header-wrapper\"><span class=\"wp-block-getwid-toggle__header\"><a href=\"#\"><span class=\"wp-block-getwid-toggle__header-title\">Documentaci\u00f3 equival\u00e8ncia Catal\u00e0<\/span><span class=\"wp-block-getwid-toggle__icon is-active\"><i class=\"fas fa-plus\"><\/i><\/span><span class=\"wp-block-getwid-toggle__icon is-passive\"><i class=\"fas fa-minus\"><\/i><\/span><\/a><\/span><\/div><div class=\"wp-block-getwid-toggle__content-wrapper\"><div class=\"wp-block-getwid-toggle__content\">\n<p><\/p>\n\n\n\n<div data-wp-interactive=\"core\/file\" class=\"wp-block-file\"><object data-wp-bind--hidden=\"!state.hasPdfPreview\" hidden class=\"wp-block-file__embed\" data=\"https:\/\/agora.xtec.cat\/iescollblanc\/wp-content\/uploads\/usu1217\/2025\/01\/Documentacio-equivalencia-catala.pdf\" type=\"application\/pdf\" style=\"width:100%;height:600px\" aria-label=\"Incrustaci\u00f3 del fitxer Documentacio-equivalencia-catala.\"><\/object><a id=\"wp-block-file--media-60141a43-3f64-47ce-a278-05d3b0ee03cd\" href=\"https:\/\/agora.xtec.cat\/iescollblanc\/wp-content\/uploads\/usu1217\/2025\/01\/Documentacio-equivalencia-catala.pdf\">Documentacio-equivalencia-catala<\/a><a href=\"https:\/\/agora.xtec.cat\/iescollblanc\/wp-content\/uploads\/usu1217\/2025\/01\/Documentacio-equivalencia-catala.pdf\" class=\"wp-block-file__button wp-element-button\" download aria-describedby=\"wp-block-file--media-60141a43-3f64-47ce-a278-05d3b0ee03cd\">Baixa<\/a><\/div>\n<\/div><\/div><\/div>\n\n\n\n<div class=\"wp-block-getwid-toggle__row\"><div class=\"wp-block-getwid-toggle__header-wrapper\"><span class=\"wp-block-getwid-toggle__header\"><a href=\"#\"><span class=\"wp-block-getwid-toggle__header-title\">Sol\u00b7licitud de reconeixement de l&#8217;equival\u00e8ncia B2-C1 Catal\u00e0<\/span><span class=\"wp-block-getwid-toggle__icon is-active\"><i class=\"fas fa-plus\"><\/i><\/span><span class=\"wp-block-getwid-toggle__icon is-passive\"><i class=\"fas fa-minus\"><\/i><\/span><\/a><\/span><\/div><div class=\"wp-block-getwid-toggle__content-wrapper\"><div class=\"wp-block-getwid-toggle__content\">\n<p><\/p>\n\n\n\n<div data-wp-interactive=\"core\/file\" class=\"wp-block-file\"><object data-wp-bind--hidden=\"!state.hasPdfPreview\" hidden class=\"wp-block-file__embed\" data=\"https:\/\/agora.xtec.cat\/iescollblanc\/wp-content\/uploads\/usu1217\/2025\/01\/Sollicitud-de-reconeixement-de-lequivalencia-B2-C1-catala.pdf\" type=\"application\/pdf\" style=\"width:100%;height:600px\" aria-label=\"Incrustaci\u00f3 del fitxer Sollicitud-de-reconeixement-de-lequivalencia-B2-C1-catala.\"><\/object><a id=\"wp-block-file--media-18977bc8-72fd-4fac-9914-3c96dd270d92\" href=\"https:\/\/agora.xtec.cat\/iescollblanc\/wp-content\/uploads\/usu1217\/2025\/01\/Sollicitud-de-reconeixement-de-lequivalencia-B2-C1-catala.pdf\">Sollicitud-de-reconeixement-de-lequivalencia-B2-C1-catala<\/a><a href=\"https:\/\/agora.xtec.cat\/iescollblanc\/wp-content\/uploads\/usu1217\/2025\/01\/Sollicitud-de-reconeixement-de-lequivalencia-B2-C1-catala.pdf\" class=\"wp-block-file__button wp-element-button\" download aria-describedby=\"wp-block-file--media-18977bc8-72fd-4fac-9914-3c96dd270d92\">Baixa<\/a><\/div>\n<\/div><\/div><\/div>\n<\/div>\n","protected":false},"excerpt":{"rendered":"<p>Horari HORARI D&#8217;HIVERN HORARI D&#8217;ESTIU (de setembre a juny) MatinsDe dilluns a divendresde 09:00 h a 12:00 h Juliol (de [&hellip;]<\/p>\n","protected":false},"author":1,"featured_media":0,"parent":0,"menu_order":0,"comment_status":"closed","ping_status":"closed","template":"","meta":{"_bbp_topic_count":0,"_bbp_reply_count":0,"_bbp_total_topic_count":0,"_bbp_total_reply_count":0,"_bbp_voice_count":0,"_bbp_anonymous_reply_count":0,"_bbp_topic_count_hidden":0,"_bbp_reply_count_hidden":0,"_bbp_forum_subforum_count":0,"site-sidebar-layout":"default","site-content-layout":"","ast-site-content-layout":"default","site-content-style":"default","site-sidebar-style":"default","ast-global-header-display":"","ast-banner-title-visibility":"","ast-main-header-display":"","ast-hfb-above-header-display":"","ast-hfb-below-header-display":"","ast-hfb-mobile-header-display":"","site-post-title":"","ast-breadcrumbs-content":"","ast-featured-img":"","footer-sml-layout":"","theme-transparent-header-meta":"","adv-header-id-meta":"","stick-header-meta":"","header-above-stick-meta":"","header-main-stick-meta":"","header-below-stick-meta":"","astra-migrate-meta-layouts":"set","ast-page-background-enabled":"default","ast-page-background-meta":{"desktop":{"background-color":"var(--ast-global-color-4)","background-image":"","background-repeat":"repeat","background-position":"center center","background-size":"auto","background-attachment":"scroll","background-type":"","background-media":"","overlay-type":"","overlay-color":"","overlay-opacity":"","overlay-gradient":""},"tablet":{"background-color":"","background-image":"","background-repeat":"repeat","background-position":"center center","background-size":"auto","background-attachment":"scroll","background-type":"","background-media":"","overlay-type":"","overlay-color":"","overlay-opacity":"","overlay-gradient":""},"mobile":{"background-color":"","background-image":"","background-repeat":"repeat","background-position":"center center","background-size":"auto","background-attachment":"scroll","background-type":"","background-media":"","overlay-type":"","overlay-color":"","overlay-opacity":"","overlay-gradient":""}},"ast-content-background-meta":{"desktop":{"background-color":"var(--ast-global-color-5)","background-image":"","background-repeat":"repeat","background-position":"center center","background-size":"auto","background-attachment":"scroll","background-type":"","background-media":"","overlay-type":"","overlay-color":"","overlay-opacity":"","overlay-gradient":""},"tablet":{"background-color":"var(--ast-global-color-5)","background-image":"","background-repeat":"repeat","background-position":"center center","background-size":"auto","background-attachment":"scroll","background-type":"","background-media":"","overlay-type":"","overlay-color":"","overlay-opacity":"","overlay-gradient":""},"mobile":{"background-color":"var(--ast-global-color-5)","background-image":"","background-repeat":"repeat","background-position":"center center","background-size":"auto","background-attachment":"scroll","background-type":"","background-media":"","overlay-type":"","overlay-color":"","overlay-opacity":"","overlay-gradient":""}},"footnotes":""},"class_list":["post-81","page","type-page","status-publish","hentry"],"post_mailing_queue_ids":[],"_links":{"self":[{"href":"https:\/\/agora.xtec.cat\/iescollblanc\/wp-json\/wp\/v2\/pages\/81","targetHints":{"allow":["GET"]}}],"collection":[{"href":"https:\/\/agora.xtec.cat\/iescollblanc\/wp-json\/wp\/v2\/pages"}],"about":[{"href":"https:\/\/agora.xtec.cat\/iescollblanc\/wp-json\/wp\/v2\/types\/page"}],"author":[{"embeddable":true,"href":"https:\/\/agora.xtec.cat\/iescollblanc\/wp-json\/wp\/v2\/users\/1"}],"replies":[{"embeddable":true,"href":"https:\/\/agora.xtec.cat\/iescollblanc\/wp-json\/wp\/v2\/comments?post=81"}],"version-history":[{"count":6,"href":"https:\/\/agora.xtec.cat\/iescollblanc\/wp-json\/wp\/v2\/pages\/81\/revisions"}],"predecessor-version":[{"id":19478,"href":"https:\/\/agora.xtec.cat\/iescollblanc\/wp-json\/wp\/v2\/pages\/81\/revisions\/19478"}],"wp:attachment":[{"href":"https:\/\/agora.xtec.cat\/iescollblanc\/wp-json\/wp\/v2\/media?parent=81"}],"curies":[{"name":"wp","href":"https:\/\/api.w.org\/{rel}","templated":true}]}}