{"id":75,"date":"2014-09-18T10:21:02","date_gmt":"2014-09-18T09:21:02","guid":{"rendered":"http:\/\/agora.xtec.cat\/iescollblanc\/?page_id=75"},"modified":"2025-04-04T11:26:18","modified_gmt":"2025-04-04T09:26:18","slug":"activitats-extraescolars","status":"publish","type":"page","link":"https:\/\/agora.xtec.cat\/iescollblanc\/info-families\/activitats-extraescolars\/","title":{"rendered":"Activitats extraescolars"},"content":{"rendered":"\n<p>Ja tenim les activitats extraescolars d\u2019aquest curs 24-25! Si est\u00e0s interessat\/da a tenir m\u00e9s informaci\u00f3, parla amb el teu professor\/a d\u2019educaci\u00f3 f\u00edsica o b\u00e9 dirigeix-te a l\u2019AMPA on t\u2019ho explicaran amb m\u00e9s detall.<\/p>\n\n\n\n<h2 class=\"wp-block-heading\"><strong>Informaci\u00f3 rellevant:<\/strong><\/h2>\n\n\n\n<h3 class=\"wp-block-heading\">Formalitzar el pagament a l&#8217;AMPA o per DINANTIA:<\/h3>\n\n\n\n<ul class=\"wp-block-list\">\n<li>20 \u20ac socis de l&#8217;AMPA<\/li>\n\n\n\n<li>21 \u20ac Asseguran\u00e7a Esportiva per tot el curs<\/li>\n\n\n\n<li>Quota mensual de l&#8217;esport escollit (aquesta varia segons l&#8217;esport)<\/li>\n<\/ul>\n\n\n\n<h3 class=\"wp-block-heading\">Dies d&#8217;obertura de l&#8217;AMPA:<\/h3>\n\n\n\n<ul class=\"wp-block-list\">\n<li>Tots els dimarts, dimecres i dijous de setembre de 16:30 h a 17:30 h<\/li>\n<\/ul>\n\n\n\n<p><iframe loading=\"lazy\" src=\"https:\/\/agora.xtec.cat\/iescollblanc\/wp-content\/uploads\/usu1217\/2023\/09\/ACTIVITATS-EXTRAESCOLARS-CURS-2024-25.pdf\" width=\"1000\" height=\"1000\" frameborder=\"0\" data-mce-fragment=\"1\"><\/iframe><\/p>\n\n\n\n<p><strong>Fes la teva inscripci\u00f3 de manera telem\u00e0tica en el seg\u00fcent<\/strong> <a href=\"https:\/\/forms.gle\/w1HE2B7gLJDTT4oN9\">enlla\u00e7<\/a>.<\/p>\n\n\n\n<h3 class=\"wp-block-heading\">PER A M\u00c9S INFORMACI\u00d3:<\/h3>\n\n\n\n<p>Per qualsevol dubte o consulta us podeu adre\u00e7ar al coordinador de les activitats extraescolars i professor d\u2019Educaci\u00f3 F\u00edsica Nacho L\u00f3pez o b\u00e9 a l\u2019AMPA de l\u2019Institut Collblanc a trav\u00e9s del tel\u00e8fon 977551716 o mitjan\u00e7ant un correu electr\u00f2nic a: aeecollblanc<span class=\"atwho-query\">@gmail.com<\/span><\/p>\n\n\n\n<figure class=\"wp-block-image aligncenter\"><a href=\"https:\/\/agora.xtec.cat\/iescollblanc\/wp-content\/uploads\/usu1217\/2023\/09\/Activitats-extraescolars-Curs-24-25.png\"><img loading=\"lazy\" decoding=\"async\" width=\"1024\" height=\"1024\" src=\"https:\/\/agora.xtec.cat\/iescollblanc\/wp-content\/uploads\/usu1217\/2023\/09\/Activitats-extraescolars-Curs-24-25-1024x1024.png\" alt=\"\" class=\"wp-image-19206\" srcset=\"https:\/\/agora.xtec.cat\/iescollblanc\/wp-content\/uploads\/usu1217\/2023\/09\/Activitats-extraescolars-Curs-24-25-1024x1024.png 1024w, https:\/\/agora.xtec.cat\/iescollblanc\/wp-content\/uploads\/usu1217\/2023\/09\/Activitats-extraescolars-Curs-24-25-300x300.png 300w, https:\/\/agora.xtec.cat\/iescollblanc\/wp-content\/uploads\/usu1217\/2023\/09\/Activitats-extraescolars-Curs-24-25-150x150.png 150w, https:\/\/agora.xtec.cat\/iescollblanc\/wp-content\/uploads\/usu1217\/2023\/09\/Activitats-extraescolars-Curs-24-25-768x768.png 768w, https:\/\/agora.xtec.cat\/iescollblanc\/wp-content\/uploads\/usu1217\/2023\/09\/Activitats-extraescolars-Curs-24-25.png 1080w\" sizes=\"auto, (max-width: 1024px) 100vw, 1024px\" \/><\/a><\/figure>\n","protected":false},"excerpt":{"rendered":"<p>Ja tenim les activitats extraescolars d\u2019aquest curs 24-25! Si est\u00e0s interessat\/da a tenir m\u00e9s informaci\u00f3, parla amb el teu professor\/a [&hellip;]<\/p>\n","protected":false},"author":1,"featured_media":0,"parent":1210,"menu_order":40,"comment_status":"closed","ping_status":"closed","template":"","meta":{"_bbp_topic_count":0,"_bbp_reply_count":0,"_bbp_total_topic_count":0,"_bbp_total_reply_count":0,"_bbp_voice_count":0,"_bbp_anonymous_reply_count":0,"_bbp_topic_count_hidden":0,"_bbp_reply_count_hidden":0,"_bbp_forum_subforum_count":0,"site-sidebar-layout":"default","site-content-layout":"","ast-site-content-layout":"default","site-content-style":"default","site-sidebar-style":"default","ast-global-header-display":"","ast-banner-title-visibility":"","ast-main-header-display":"","ast-hfb-above-header-display":"","ast-hfb-below-header-display":"","ast-hfb-mobile-header-display":"","site-post-title":"","ast-breadcrumbs-content":"","ast-featured-img":"","footer-sml-layout":"","theme-transparent-header-meta":"","adv-header-id-meta":"","stick-header-meta":"","header-above-stick-meta":"","header-main-stick-meta":"","header-below-stick-meta":"","astra-migrate-meta-layouts":"set","ast-page-background-enabled":"default","ast-page-background-meta":{"desktop":{"background-color":"var(--ast-global-color-4)","background-image":"","background-repeat":"repeat","background-position":"center center","background-size":"auto","background-attachment":"scroll","background-type":"","background-media":"","overlay-type":"","overlay-color":"","overlay-opacity":"","overlay-gradient":""},"tablet":{"background-color":"","background-image":"","background-repeat":"repeat","background-position":"center center","background-size":"auto","background-attachment":"scroll","background-type":"","background-media":"","overlay-type":"","overlay-color":"","overlay-opacity":"","overlay-gradient":""},"mobile":{"background-color":"","background-image":"","background-repeat":"repeat","background-position":"center center","background-size":"auto","background-attachment":"scroll","background-type":"","background-media":"","overlay-type":"","overlay-color":"","overlay-opacity":"","overlay-gradient":""}},"ast-content-background-meta":{"desktop":{"background-color":"var(--ast-global-color-5)","background-image":"","background-repeat":"repeat","background-position":"center center","background-size":"auto","background-attachment":"scroll","background-type":"","background-media":"","overlay-type":"","overlay-color":"","overlay-opacity":"","overlay-gradient":""},"tablet":{"background-color":"var(--ast-global-color-5)","background-image":"","background-repeat":"repeat","background-position":"center center","background-size":"auto","background-attachment":"scroll","background-type":"","background-media":"","overlay-type":"","overlay-color":"","overlay-opacity":"","overlay-gradient":""},"mobile":{"background-color":"var(--ast-global-color-5)","background-image":"","background-repeat":"repeat","background-position":"center center","background-size":"auto","background-attachment":"scroll","background-type":"","background-media":"","overlay-type":"","overlay-color":"","overlay-opacity":"","overlay-gradient":""}},"footnotes":""},"class_list":["post-75","page","type-page","status-publish","hentry"],"post_mailing_queue_ids":[],"_links":{"self":[{"href":"https:\/\/agora.xtec.cat\/iescollblanc\/wp-json\/wp\/v2\/pages\/75","targetHints":{"allow":["GET"]}}],"collection":[{"href":"https:\/\/agora.xtec.cat\/iescollblanc\/wp-json\/wp\/v2\/pages"}],"about":[{"href":"https:\/\/agora.xtec.cat\/iescollblanc\/wp-json\/wp\/v2\/types\/page"}],"author":[{"embeddable":true,"href":"https:\/\/agora.xtec.cat\/iescollblanc\/wp-json\/wp\/v2\/users\/1"}],"replies":[{"embeddable":true,"href":"https:\/\/agora.xtec.cat\/iescollblanc\/wp-json\/wp\/v2\/comments?post=75"}],"version-history":[{"count":6,"href":"https:\/\/agora.xtec.cat\/iescollblanc\/wp-json\/wp\/v2\/pages\/75\/revisions"}],"predecessor-version":[{"id":19611,"href":"https:\/\/agora.xtec.cat\/iescollblanc\/wp-json\/wp\/v2\/pages\/75\/revisions\/19611"}],"up":[{"embeddable":true,"href":"https:\/\/agora.xtec.cat\/iescollblanc\/wp-json\/wp\/v2\/pages\/1210"}],"wp:attachment":[{"href":"https:\/\/agora.xtec.cat\/iescollblanc\/wp-json\/wp\/v2\/media?parent=75"}],"curies":[{"name":"wp","href":"https:\/\/api.w.org\/{rel}","templated":true}]}}