{"id":46,"date":"2014-09-17T16:53:45","date_gmt":"2014-09-17T16:53:45","guid":{"rendered":"http:\/\/agora.xtec.cat\/iescollblanc\/?page_id=46"},"modified":"2025-09-24T20:23:54","modified_gmt":"2025-09-24T18:23:54","slug":"organigrama","status":"publish","type":"page","link":"https:\/\/agora.xtec.cat\/iescollblanc\/linstitut\/organigrama\/","title":{"rendered":"Tutors\/es"},"content":{"rendered":"\n<figure class=\"wp-block-table is-style-stripes\"><table class=\"has-fixed-layout\"><tbody><tr><td class=\"has-text-align-center\" data-align=\"center\"><strong>Tutor\/a<\/strong><\/td><td><strong>Nom complet<\/strong><\/td><td><strong>Adre\u00e7a<\/strong><\/td><\/tr><tr><td class=\"has-text-align-center\" data-align=\"center\">1r BAT A<\/td><td>Salafranca Ferrandiz, M\u00f3nica<\/td><td>monicasalafranca@inscollblanc.cat<\/td><\/tr><tr><td class=\"has-text-align-center\" data-align=\"center\">1r BAT B<\/td><td>Aragoneses Borr\u00e0s, Cote<\/td><td>cotearagoneses@inscollblanc.cat<\/td><\/tr><tr><td class=\"has-text-align-center\" data-align=\"center\">1r BAT C<\/td><td>Nualart Labarta, Llu\u00eds<\/td><td>lluisnualart@inscollblanc.cat<\/td><\/tr><tr><td class=\"has-text-align-center\" data-align=\"center\">1r ESO A<\/td><td>Garcia Garc\u00eda, Carla<\/td><td>carlagarcia@inscollblanc.cat<\/td><\/tr><tr><td class=\"has-text-align-center\" data-align=\"center\">1r ESO B<\/td><td>Rodr\u00edguez Castillo, N\u00faria<\/td><td>nuriarodriguez@inscollblanc.cat<\/td><\/tr><tr><td class=\"has-text-align-center\" data-align=\"center\">1r ESO C<\/td><td>Vendrell Ciurana, Llu\u00eds<\/td><td>prova@inscollblanc.cat<\/td><\/tr><tr><td class=\"has-text-align-center\" data-align=\"center\">1r ESO D<\/td><td>Briz Company, Empar<\/td><td>emparbriz@inscollblanc.cat<\/td><\/tr><tr><td class=\"has-text-align-center\" data-align=\"center\">1r ESO E<\/td><td>Rey Alegre, Anna<\/td><td>annarey@inscollblanc.cat<\/td><\/tr><tr><td class=\"has-text-align-center\" data-align=\"center\">2n BAT A<\/td><td>Orea Alfaro, M. Jesus<\/td><td>mjesusorea@inscollblanc.cat<\/td><\/tr><tr><td class=\"has-text-align-center\" data-align=\"center\">2n BAT B<\/td><td>Mart\u00ednez Peral, Montserrat<\/td><td>montserratmartinez@inscollblanc.cat<\/td><\/tr><tr><td class=\"has-text-align-center\" data-align=\"center\">2n ESO A<\/td><td>Buqueras Ferrer, Anna Maria<\/td><td>annabuqueras@inscollblanc.cat<\/td><\/tr><tr><td class=\"has-text-align-center\" data-align=\"center\">2n ESO B<\/td><td>Barcel\u00f3 Escoda, Josu\u00e9<\/td><td>josuebarcelo@inscollblanc.cat<\/td><\/tr><tr><td class=\"has-text-align-center\" data-align=\"center\">2n ESO C<\/td><td>Correcher Regidor, \u00d3scar<\/td><td>oscarcorrecher@inscollblanc.cat<\/td><\/tr><tr><td class=\"has-text-align-center\" data-align=\"center\">2n ESO D<\/td><td>Mir\u00f3 Ferr\u00e9, C\u00e8lia<\/td><td>celiamiro@inscollblanc.cat<\/td><\/tr><tr><td class=\"has-text-align-center\" data-align=\"center\">2n ESO E<\/td><td>Capdevila Magran\u00e9, S\u00f2nia<\/td><td>soniacapdevila@inscollblanc.cat<\/td><\/tr><tr><td class=\"has-text-align-center\" data-align=\"center\">3r ESO A<\/td><td>Veciana Escribano, M\u00edriam<\/td><td>miriamveciana@inscollblanc.cat<\/td><\/tr><tr><td class=\"has-text-align-center\" data-align=\"center\">3r ESO B<\/td><td>Torn\u00e9 Gin\u00e9, Marc<\/td><td>marctorne@inscollblanc.cat<\/td><\/tr><tr><td class=\"has-text-align-center\" data-align=\"center\">3r ESO C<\/td><td>Roca Serra, Montserrrat<\/td><td>montseroca@inscollblanc.cat<\/td><\/tr><tr><td class=\"has-text-align-center\" data-align=\"center\">3r ESO D<\/td><td>Compa\u00f1 Ruiz, Paula<\/td><td>paulacompan@inscollblanc.cat<\/td><\/tr><tr><td class=\"has-text-align-center\" data-align=\"center\">3r ESO E<\/td><td>P\u00e9rez Escamilla, Mar\u00eda Isabel<\/td><td>isabelperez@inscollblanc.cat<\/td><\/tr><tr><td class=\"has-text-align-center\" data-align=\"center\">3r ESO F<\/td><td>Ferr\u00e0 Montero, Isabel<\/td><td>belferra@inscollblanc.cat<\/td><\/tr><tr><td class=\"has-text-align-center\" data-align=\"center\">4t ESO A<\/td><td>Valiente Quir\u00f3s, Judit<\/td><td>juditvaliente@inscollblanc.cat<\/td><\/tr><tr><td class=\"has-text-align-center\" data-align=\"center\">4t ESO B<\/td><td>Amaro Velasco, Emma<\/td><td>emmaamaro@inscollblanc.cat<\/td><\/tr><tr><td class=\"has-text-align-center\" data-align=\"center\">4t ESO C<\/td><td>Feito Poblet, Claudia<\/td><td>claudiafeito@inscollblanc.cat<\/td><\/tr><tr><td class=\"has-text-align-center\" data-align=\"center\">4t ESO D<\/td><td>Revert\u00e9 Jorge, Merc\u00e8<\/td><td>mercereverte@inscollblanc.cat<\/td><\/tr><tr><td class=\"has-text-align-center\" data-align=\"center\">4t ESO E<\/td><td>Grymalka Tkach, Iryna<\/td><td>iryna@inscollblanc.cat<\/td><\/tr><tr><td class=\"has-text-align-center\" data-align=\"center\">4t ESO F<\/td><td>Valls de la Torre , Alejandro<\/td><td>alejandrovalls@inscollblanc.cat<\/td><\/tr><tr><td class=\"has-text-align-center\" data-align=\"center\">PFI EF<\/td><td>Alfonso D\u00edaz, S\u00f2nia<\/td><td>soniaalfonso@inscollblanc.cat<\/td><\/tr><tr><td class=\"has-text-align-center\" data-align=\"center\">PFI INFORM\u00c0TICA<\/td><td>Bernal L\u00f3pez, Laura<\/td><td>laurabernal@inscollblanc.cat<\/td><\/tr><\/tbody><\/table><\/figure>\n\n\n\n<p><\/p>\n","protected":false},"excerpt":{"rendered":"<p>Tutor\/a Nom complet Adre\u00e7a 1r BAT A Salafranca Ferrandiz, M\u00f3nica monicasalafranca@inscollblanc.cat 1r BAT B Aragoneses Borr\u00e0s, Cote cotearagoneses@inscollblanc.cat 1r BAT [&hellip;]<\/p>\n","protected":false},"author":1,"featured_media":0,"parent":19,"menu_order":50,"comment_status":"closed","ping_status":"closed","template":"","meta":{"_bbp_topic_count":0,"_bbp_reply_count":0,"_bbp_total_topic_count":0,"_bbp_total_reply_count":0,"_bbp_voice_count":0,"_bbp_anonymous_reply_count":0,"_bbp_topic_count_hidden":0,"_bbp_reply_count_hidden":0,"_bbp_forum_subforum_count":0,"site-sidebar-layout":"default","site-content-layout":"","ast-site-content-layout":"default","site-content-style":"default","site-sidebar-style":"default","ast-global-header-display":"","ast-banner-title-visibility":"","ast-main-header-display":"","ast-hfb-above-header-display":"","ast-hfb-below-header-display":"","ast-hfb-mobile-header-display":"","site-post-title":"","ast-breadcrumbs-content":"","ast-featured-img":"","footer-sml-layout":"","theme-transparent-header-meta":"","adv-header-id-meta":"","stick-header-meta":"","header-above-stick-meta":"","header-main-stick-meta":"","header-below-stick-meta":"","astra-migrate-meta-layouts":"set","ast-page-background-enabled":"default","ast-page-background-meta":{"desktop":{"background-color":"var(--ast-global-color-4)","background-image":"","background-repeat":"repeat","background-position":"center center","background-size":"auto","background-attachment":"scroll","background-type":"","background-media":"","overlay-type":"","overlay-color":"","overlay-opacity":"","overlay-gradient":""},"tablet":{"background-color":"","background-image":"","background-repeat":"repeat","background-position":"center center","background-size":"auto","background-attachment":"scroll","background-type":"","background-media":"","overlay-type":"","overlay-color":"","overlay-opacity":"","overlay-gradient":""},"mobile":{"background-color":"","background-image":"","background-repeat":"repeat","background-position":"center center","background-size":"auto","background-attachment":"scroll","background-type":"","background-media":"","overlay-type":"","overlay-color":"","overlay-opacity":"","overlay-gradient":""}},"ast-content-background-meta":{"desktop":{"background-color":"var(--ast-global-color-5)","background-image":"","background-repeat":"repeat","background-position":"center center","background-size":"auto","background-attachment":"scroll","background-type":"","background-media":"","overlay-type":"","overlay-color":"","overlay-opacity":"","overlay-gradient":""},"tablet":{"background-color":"var(--ast-global-color-5)","background-image":"","background-repeat":"repeat","background-position":"center center","background-size":"auto","background-attachment":"scroll","background-type":"","background-media":"","overlay-type":"","overlay-color":"","overlay-opacity":"","overlay-gradient":""},"mobile":{"background-color":"var(--ast-global-color-5)","background-image":"","background-repeat":"repeat","background-position":"center center","background-size":"auto","background-attachment":"scroll","background-type":"","background-media":"","overlay-type":"","overlay-color":"","overlay-opacity":"","overlay-gradient":""}},"footnotes":""},"class_list":["post-46","page","type-page","status-publish","hentry"],"post_mailing_queue_ids":[],"_links":{"self":[{"href":"https:\/\/agora.xtec.cat\/iescollblanc\/wp-json\/wp\/v2\/pages\/46","targetHints":{"allow":["GET"]}}],"collection":[{"href":"https:\/\/agora.xtec.cat\/iescollblanc\/wp-json\/wp\/v2\/pages"}],"about":[{"href":"https:\/\/agora.xtec.cat\/iescollblanc\/wp-json\/wp\/v2\/types\/page"}],"author":[{"embeddable":true,"href":"https:\/\/agora.xtec.cat\/iescollblanc\/wp-json\/wp\/v2\/users\/1"}],"replies":[{"embeddable":true,"href":"https:\/\/agora.xtec.cat\/iescollblanc\/wp-json\/wp\/v2\/comments?post=46"}],"version-history":[{"count":6,"href":"https:\/\/agora.xtec.cat\/iescollblanc\/wp-json\/wp\/v2\/pages\/46\/revisions"}],"predecessor-version":[{"id":20025,"href":"https:\/\/agora.xtec.cat\/iescollblanc\/wp-json\/wp\/v2\/pages\/46\/revisions\/20025"}],"up":[{"embeddable":true,"href":"https:\/\/agora.xtec.cat\/iescollblanc\/wp-json\/wp\/v2\/pages\/19"}],"wp:attachment":[{"href":"https:\/\/agora.xtec.cat\/iescollblanc\/wp-json\/wp\/v2\/media?parent=46"}],"curies":[{"name":"wp","href":"https:\/\/api.w.org\/{rel}","templated":true}]}}