{"id":19641,"date":"2025-04-08T12:11:56","date_gmt":"2025-04-08T10:11:56","guid":{"rendered":"https:\/\/agora.xtec.cat\/iescollblanc\/?page_id=19641"},"modified":"2026-04-30T17:05:24","modified_gmt":"2026-04-30T15:05:24","slug":"pfi-activitats-fisiques-i-esportives","status":"publish","type":"page","link":"https:\/\/agora.xtec.cat\/iescollblanc\/programes-de-formacio-i-insercio-pfi\/pfi-activitats-fisiques-i-esportives\/","title":{"rendered":"PFI &#8211; Activitats f\u00edsiques i esportives"},"content":{"rendered":"\n<p>Si tens m\u00e9s de 16 anys i menys de 21 i no tens el t\u00edtol de l&#8217;ESO pots cursar un&nbsp;<b>programa de formaci\u00f3 i inserci\u00f3.<\/b><\/p>\n\n\n\n<p>S&#8217;estructuren en:<\/p>\n\n\n\n<ul class=\"wp-block-list\">\n<li>M\u00f2duls de formaci\u00f3 professional, que inclouen un m\u00f2dul de pr\u00e0ctiques en alternan\u00e7a en centres de treball.<\/li>\n\n\n\n<li>M\u00f2duls de formaci\u00f3 general de compet\u00e8ncies instrumentals b\u00e0siques.<\/li>\n\n\n\n<li>Accions de seguiment i orientaci\u00f3 de l&#8217;alumne.<\/li>\n<\/ul>\n\n\n\n<h3 class=\"wp-block-heading\"><b>Identificaci\u00f3<\/b><\/h3>\n\n\n\n<div class=\"wp-block-getwid-tabs\" data-active-tab=\"0\"><ul class=\"wp-block-getwid-tabs__nav-links\"><\/ul>\n<div class=\"wp-block-getwid-tabs__nav-link\"><span class=\"wp-block-getwid-tabs__title-wrapper\"><a href=\"#\"><span class=\"wp-block-getwid-tabs__title\">Tr\u00edptic<\/span><\/a><\/span><\/div><div class=\"wp-block-getwid-tabs__tab-content-wrapper\"><div class=\"wp-block-getwid-tabs__tab-content\">\n<div data-wp-interactive=\"core\/file\" class=\"wp-block-file\"><object data-wp-bind--hidden=\"!state.hasPdfPreview\" hidden class=\"wp-block-file__embed\" data=\"https:\/\/agora.xtec.cat\/iescollblanc\/wp-content\/uploads\/usu1217\/2024\/04\/Triptic_Collblanc_PFIEf.pdf\" type=\"application\/pdf\" style=\"width:100%;height:600px\" aria-label=\"Incrustaci\u00f3 del fitxer Triptic_Collblanc_PFIEf.\"><\/object><a id=\"wp-block-file--media-2d86e910-9fb2-4e86-80fc-24be440c6067\" href=\"https:\/\/agora.xtec.cat\/iescollblanc\/wp-content\/uploads\/usu1217\/2024\/04\/Triptic_Collblanc_PFIEf.pdf\">Triptic_Collblanc_PFIEf<\/a><a href=\"https:\/\/agora.xtec.cat\/iescollblanc\/wp-content\/uploads\/usu1217\/2024\/04\/Triptic_Collblanc_PFIEf.pdf\" class=\"wp-block-file__button wp-element-button\" download aria-describedby=\"wp-block-file--media-2d86e910-9fb2-4e86-80fc-24be440c6067\">Baixa<\/a><\/div>\n<\/div><\/div>\n\n\n\n<div class=\"wp-block-getwid-tabs__nav-link\"><span class=\"wp-block-getwid-tabs__title-wrapper\"><a href=\"#\"><span class=\"wp-block-getwid-tabs__title\">Estructura<\/span><\/a><\/span><\/div><div class=\"wp-block-getwid-tabs__tab-content-wrapper\"><div class=\"wp-block-getwid-tabs__tab-content\">\n<div data-wp-interactive=\"core\/file\" class=\"wp-block-file\"><object data-wp-bind--hidden=\"!state.hasPdfPreview\" hidden class=\"wp-block-file__embed\" data=\"https:\/\/agora.xtec.cat\/iescollblanc\/wp-content\/uploads\/usu1217\/2025\/04\/Estructura-PFI-Auxiliar-dactivitats-esportives.pdf\" type=\"application\/pdf\" style=\"width:100%;height:600px\" aria-label=\"Incrustaci\u00f3 del fitxer Estructura-PFI-Auxiliar-dactivitats-esportives.\"><\/object><a id=\"wp-block-file--media-9d2b6ef9-61fb-41e7-9f51-70c6fd921832\" href=\"https:\/\/agora.xtec.cat\/iescollblanc\/wp-content\/uploads\/usu1217\/2025\/04\/Estructura-PFI-Auxiliar-dactivitats-esportives.pdf\">Estructura-PFI-Auxiliar-dactivitats-esportives<\/a><a href=\"https:\/\/agora.xtec.cat\/iescollblanc\/wp-content\/uploads\/usu1217\/2025\/04\/Estructura-PFI-Auxiliar-dactivitats-esportives.pdf\" class=\"wp-block-file__button wp-element-button\" download aria-describedby=\"wp-block-file--media-9d2b6ef9-61fb-41e7-9f51-70c6fd921832\">Baixa<\/a><\/div>\n<\/div><\/div>\n\n\n\n<div class=\"wp-block-getwid-tabs__nav-link\"><span class=\"wp-block-getwid-tabs__title-wrapper\"><a href=\"#\"><span class=\"wp-block-getwid-tabs__title\">Informaci\u00f3 detallada<\/span><\/a><\/span><\/div><div class=\"wp-block-getwid-tabs__tab-content-wrapper\"><div class=\"wp-block-getwid-tabs__tab-content\">\n<div data-wp-interactive=\"core\/file\" class=\"wp-block-file\"><object data-wp-bind--hidden=\"!state.hasPdfPreview\" hidden class=\"wp-block-file__embed\" data=\"https:\/\/agora.xtec.cat\/iescollblanc\/wp-content\/uploads\/usu1217\/2025\/04\/Informacio-detallada-1.pdf\" type=\"application\/pdf\" style=\"width:100%;height:600px\" aria-label=\"Incrustaci\u00f3 del fitxer Informacio-detallada-1.\"><\/object><a id=\"wp-block-file--media-e8a6ad19-1576-44ca-aa7b-5e1c72bcd3a7\" href=\"https:\/\/agora.xtec.cat\/iescollblanc\/wp-content\/uploads\/usu1217\/2025\/04\/Informacio-detallada-1.pdf\">Informacio-detallada-1<\/a><a href=\"https:\/\/agora.xtec.cat\/iescollblanc\/wp-content\/uploads\/usu1217\/2025\/04\/Informacio-detallada-1.pdf\" class=\"wp-block-file__button wp-element-button\" download aria-describedby=\"wp-block-file--media-e8a6ad19-1576-44ca-aa7b-5e1c72bcd3a7\">Baixa<\/a><\/div>\n<\/div><\/div>\n\n\n\n<div class=\"wp-block-getwid-tabs__nav-link\"><span class=\"wp-block-getwid-tabs__title-wrapper\"><a href=\"#\"><span class=\"wp-block-getwid-tabs__title\">Calendari preinscripci\u00f3<\/span><\/a><\/span><\/div><div class=\"wp-block-getwid-tabs__tab-content-wrapper\"><div class=\"wp-block-getwid-tabs__tab-content\">\n<p><\/p>\n\n\n\n<div data-wp-interactive=\"core\/file\" class=\"wp-block-file\"><object data-wp-bind--hidden=\"!state.hasPdfPreview\" hidden class=\"wp-block-file__embed\" data=\"https:\/\/agora.xtec.cat\/iescollblanc\/wp-content\/uploads\/usu1217\/2024\/04\/Curs-2627-Calendari-PFI.pdf\" type=\"application\/pdf\" style=\"width:100%;height:600px\" aria-label=\"Incrustaci\u00f3 del fitxer Curs 2627 Calendari PFI.\"><\/object><a id=\"wp-block-file--media-edf1f0ce-e352-46a0-a8e2-7de51581ce11\" href=\"https:\/\/agora.xtec.cat\/iescollblanc\/wp-content\/uploads\/usu1217\/2024\/04\/Curs-2627-Calendari-PFI.pdf\">Curs 2627 Calendari PFI<\/a><a href=\"https:\/\/agora.xtec.cat\/iescollblanc\/wp-content\/uploads\/usu1217\/2024\/04\/Curs-2627-Calendari-PFI.pdf\" class=\"wp-block-file__button wp-element-button\" download aria-describedby=\"wp-block-file--media-edf1f0ce-e352-46a0-a8e2-7de51581ce11\">Baixa<\/a><\/div>\n<\/div><\/div>\n<\/div>\n\n\n\n<figure class=\"wp-block-embed is-type-video is-provider-youtube wp-block-embed-youtube wp-embed-aspect-16-9 wp-has-aspect-ratio\"><div class=\"wp-block-embed__wrapper\">\n<div class=\"ast-oembed-container \" style=\"height: 100%;\"><iframe loading=\"lazy\" title=\"PFI Auxiliar d&#039;activitats esportives\" width=\"500\" height=\"281\" src=\"https:\/\/www.youtube.com\/embed\/5tOe83gNuK8?feature=oembed\" frameborder=\"0\" allow=\"accelerometer; autoplay; clipboard-write; encrypted-media; gyroscope; picture-in-picture; web-share\" referrerpolicy=\"strict-origin-when-cross-origin\" allowfullscreen><\/iframe><\/div>\n<\/div><\/figure>\n","protected":false},"excerpt":{"rendered":"<p>Si tens m\u00e9s de 16 anys i menys de 21 i no tens el t\u00edtol de l&#8217;ESO pots cursar un&nbsp;programa [&hellip;]<\/p>\n","protected":false},"author":1,"featured_media":0,"parent":19623,"menu_order":0,"comment_status":"closed","ping_status":"close","template":"","meta":{"_bbp_topic_count":0,"_bbp_reply_count":0,"_bbp_total_topic_count":0,"_bbp_total_reply_count":0,"_bbp_voice_count":0,"_bbp_anonymous_reply_count":0,"_bbp_topic_count_hidden":0,"_bbp_reply_count_hidden":0,"_bbp_forum_subforum_count":0,"site-sidebar-layout":"default","site-content-layout":"","ast-site-content-layout":"default","site-content-style":"default","site-sidebar-style":"default","ast-global-header-display":"","ast-banner-title-visibility":"","ast-main-header-display":"","ast-hfb-above-header-display":"","ast-hfb-below-header-display":"","ast-hfb-mobile-header-display":"","site-post-title":"","ast-breadcrumbs-content":"","ast-featured-img":"","footer-sml-layout":"","theme-transparent-header-meta":"","adv-header-id-meta":"","stick-header-meta":"","header-above-stick-meta":"","header-main-stick-meta":"","header-below-stick-meta":"","astra-migrate-meta-layouts":"set","ast-page-background-enabled":"default","ast-page-background-meta":{"desktop":{"background-color":"var(--ast-global-color-4)","background-image":"","background-repeat":"repeat","background-position":"center center","background-size":"auto","background-attachment":"scroll","background-type":"","background-media":"","overlay-type":"","overlay-color":"","overlay-opacity":"","overlay-gradient":""},"tablet":{"background-color":"","background-image":"","background-repeat":"repeat","background-position":"center center","background-size":"auto","background-attachment":"scroll","background-type":"","background-media":"","overlay-type":"","overlay-color":"","overlay-opacity":"","overlay-gradient":""},"mobile":{"background-color":"","background-image":"","background-repeat":"repeat","background-position":"center center","background-size":"auto","background-attachment":"scroll","background-type":"","background-media":"","overlay-type":"","overlay-color":"","overlay-opacity":"","overlay-gradient":""}},"ast-content-background-meta":{"desktop":{"background-color":"var(--ast-global-color-5)","background-image":"","background-repeat":"repeat","background-position":"center center","background-size":"auto","background-attachment":"scroll","background-type":"","background-media":"","overlay-type":"","overlay-color":"","overlay-opacity":"","overlay-gradient":""},"tablet":{"background-color":"var(--ast-global-color-5)","background-image":"","background-repeat":"repeat","background-position":"center center","background-size":"auto","background-attachment":"scroll","background-type":"","background-media":"","overlay-type":"","overlay-color":"","overlay-opacity":"","overlay-gradient":""},"mobile":{"background-color":"var(--ast-global-color-5)","background-image":"","background-repeat":"repeat","background-position":"center center","background-size":"auto","background-attachment":"scroll","background-type":"","background-media":"","overlay-type":"","overlay-color":"","overlay-opacity":"","overlay-gradient":""}},"footnotes":""},"class_list":["post-19641","page","type-page","status-publish","hentry"],"post_mailing_queue_ids":[],"_links":{"self":[{"href":"https:\/\/agora.xtec.cat\/iescollblanc\/wp-json\/wp\/v2\/pages\/19641","targetHints":{"allow":["GET"]}}],"collection":[{"href":"https:\/\/agora.xtec.cat\/iescollblanc\/wp-json\/wp\/v2\/pages"}],"about":[{"href":"https:\/\/agora.xtec.cat\/iescollblanc\/wp-json\/wp\/v2\/types\/page"}],"author":[{"embeddable":true,"href":"https:\/\/agora.xtec.cat\/iescollblanc\/wp-json\/wp\/v2\/users\/1"}],"replies":[{"embeddable":true,"href":"https:\/\/agora.xtec.cat\/iescollblanc\/wp-json\/wp\/v2\/comments?post=19641"}],"version-history":[{"count":6,"href":"https:\/\/agora.xtec.cat\/iescollblanc\/wp-json\/wp\/v2\/pages\/19641\/revisions"}],"predecessor-version":[{"id":20187,"href":"https:\/\/agora.xtec.cat\/iescollblanc\/wp-json\/wp\/v2\/pages\/19641\/revisions\/20187"}],"up":[{"embeddable":true,"href":"https:\/\/agora.xtec.cat\/iescollblanc\/wp-json\/wp\/v2\/pages\/19623"}],"wp:attachment":[{"href":"https:\/\/agora.xtec.cat\/iescollblanc\/wp-json\/wp\/v2\/media?parent=19641"}],"curies":[{"name":"wp","href":"https:\/\/api.w.org\/{rel}","templated":true}]}}