{"id":1210,"date":"2017-06-01T08:28:17","date_gmt":"2017-06-01T06:28:17","guid":{"rendered":"http:\/\/agora.xtec.cat\/iescollblanc\/?page_id=1210"},"modified":"2025-01-15T15:48:56","modified_gmt":"2025-01-15T14:48:56","slug":"info-families","status":"publish","type":"page","link":"https:\/\/agora.xtec.cat\/iescollblanc\/info-families\/","title":{"rendered":"Info fam\u00edlies"},"content":{"rendered":"<p>Benvolgudes fam\u00edlies,<\/p>\n<p>En aquesta p\u00e0gina trobareu\u00a0informaci\u00f3 relativa a l\u2019inici de curs, la matr\u00edcula, el projecte de reutilitzaci\u00f3 de llibres i calendaris amb les dates m\u00e9s importants.<\/p>\n<p>Esperem que us sigui d\u2019utilitat:<\/p>\n<ol>\n<li dir=\"ltr\">\n<p dir=\"ltr\">\u201cCalendaris, matr\u00edcules i altres documents\u201d<\/p>\n<\/li>\n<li dir=\"ltr\">\n<p dir=\"ltr\">Matr\u00edcula<\/p>\n<\/li>\n<li dir=\"ltr\">\n<p dir=\"ltr\">Llistat de Llibres curs 2019\/2020<\/p>\n<p dir=\"ltr\">1r ESO<\/p>\n<p dir=\"ltr\">2n ESO<\/p>\n<p dir=\"ltr\">3r ESO<\/p>\n<p dir=\"ltr\">4t ESO<\/p>\n<p dir=\"ltr\">1r \u00a0Batxillerat<\/p>\n<p dir=\"ltr\">2n Batxillerat<\/p>\n<\/li>\n<li dir=\"ltr\">\n<p dir=\"ltr\">Projecte de Reutilitzaci\u00f3 de Llibres Iddink<\/p>\n<ol style=\"list-style-type: lower-alpha;\">\n<li dir=\"ltr\">\n<p dir=\"ltr\"><a href=\"https:\/\/www.iddink.es\/?pagina=retornarEcoBooks\" target=\"_blank\" rel=\"noopener noreferrer\">Com retornar ecoBooks<\/a><\/p>\n<\/li>\n<li dir=\"ltr\">\n<p dir=\"ltr\"><a href=\"https:\/\/www.iddink.es\/?pagina=ecoBooks\" target=\"_blank\" rel=\"noopener noreferrer\">https:\/\/www.iddink.es\/?pagina=<wbr \/>ecoBooks<\/a><\/p>\n<\/li>\n<\/ol>\n<\/li>\n<li dir=\"ltr\">\n<p dir=\"ltr\" style=\"text-align: left;\">Altres documents<\/p>\n<\/li>\n<li dir=\"ltr\">\n<p dir=\"ltr\" style=\"text-align: left;\">Feina per l\u2019estiu<\/p>\n<ul>\n<li dir=\"ltr\">\n<p dir=\"ltr\">1- Feina i recomanacions per l\u2019estiu per cada curs.<\/p>\n<\/li>\n<li dir=\"ltr\">\n<p dir=\"ltr\">2- Enlla\u00e7os digitals a les tasques per estudiar les mat\u00e8ries pendents o per refor\u00e7ar.<\/p>\n<\/li>\n<\/ul>\n<\/li>\n<\/ol>\n","protected":false},"excerpt":{"rendered":"<p>Benvolgudes fam\u00edlies, En aquesta p\u00e0gina trobareu\u00a0informaci\u00f3 relativa a l\u2019inici de curs, la matr\u00edcula, el projecte de reutilitzaci\u00f3 de llibres i [&hellip;]<\/p>\n","protected":false},"author":1,"featured_media":0,"parent":0,"menu_order":0,"comment_status":"closed","ping_status":"closed","template":"","meta":{"_bbp_topic_count":0,"_bbp_reply_count":0,"_bbp_total_topic_count":0,"_bbp_total_reply_count":0,"_bbp_voice_count":0,"_bbp_anonymous_reply_count":0,"_bbp_topic_count_hidden":0,"_bbp_reply_count_hidden":0,"_bbp_forum_subforum_count":0,"site-sidebar-layout":"default","site-content-layout":"","ast-site-content-layout":"default","site-content-style":"default","site-sidebar-style":"default","ast-global-header-display":"","ast-banner-title-visibility":"","ast-main-header-display":"","ast-hfb-above-header-display":"","ast-hfb-below-header-display":"","ast-hfb-mobile-header-display":"","site-post-title":"","ast-breadcrumbs-content":"","ast-featured-img":"","footer-sml-layout":"","theme-transparent-header-meta":"","adv-header-id-meta":"","stick-header-meta":"","header-above-stick-meta":"","header-main-stick-meta":"","header-below-stick-meta":"","astra-migrate-meta-layouts":"set","ast-page-background-enabled":"default","ast-page-background-meta":{"desktop":{"background-color":"var(--ast-global-color-4)","background-image":"","background-repeat":"repeat","background-position":"center center","background-size":"auto","background-attachment":"scroll","background-type":"","background-media":"","overlay-type":"","overlay-color":"","overlay-opacity":"","overlay-gradient":""},"tablet":{"background-color":"","background-image":"","background-repeat":"repeat","background-position":"center center","background-size":"auto","background-attachment":"scroll","background-type":"","background-media":"","overlay-type":"","overlay-color":"","overlay-opacity":"","overlay-gradient":""},"mobile":{"background-color":"","background-image":"","background-repeat":"repeat","background-position":"center center","background-size":"auto","background-attachment":"scroll","background-type":"","background-media":"","overlay-type":"","overlay-color":"","overlay-opacity":"","overlay-gradient":""}},"ast-content-background-meta":{"desktop":{"background-color":"var(--ast-global-color-5)","background-image":"","background-repeat":"repeat","background-position":"center center","background-size":"auto","background-attachment":"scroll","background-type":"","background-media":"","overlay-type":"","overlay-color":"","overlay-opacity":"","overlay-gradient":""},"tablet":{"background-color":"var(--ast-global-color-5)","background-image":"","background-repeat":"repeat","background-position":"center center","background-size":"auto","background-attachment":"scroll","background-type":"","background-media":"","overlay-type":"","overlay-color":"","overlay-opacity":"","overlay-gradient":""},"mobile":{"background-color":"var(--ast-global-color-5)","background-image":"","background-repeat":"repeat","background-position":"center center","background-size":"auto","background-attachment":"scroll","background-type":"","background-media":"","overlay-type":"","overlay-color":"","overlay-opacity":"","overlay-gradient":""}},"footnotes":""},"class_list":["post-1210","page","type-page","status-publish","hentry"],"post_mailing_queue_ids":[],"_links":{"self":[{"href":"https:\/\/agora.xtec.cat\/iescollblanc\/wp-json\/wp\/v2\/pages\/1210","targetHints":{"allow":["GET"]}}],"collection":[{"href":"https:\/\/agora.xtec.cat\/iescollblanc\/wp-json\/wp\/v2\/pages"}],"about":[{"href":"https:\/\/agora.xtec.cat\/iescollblanc\/wp-json\/wp\/v2\/types\/page"}],"author":[{"embeddable":true,"href":"https:\/\/agora.xtec.cat\/iescollblanc\/wp-json\/wp\/v2\/users\/1"}],"replies":[{"embeddable":true,"href":"https:\/\/agora.xtec.cat\/iescollblanc\/wp-json\/wp\/v2\/comments?post=1210"}],"version-history":[{"count":4,"href":"https:\/\/agora.xtec.cat\/iescollblanc\/wp-json\/wp\/v2\/pages\/1210\/revisions"}],"predecessor-version":[{"id":19365,"href":"https:\/\/agora.xtec.cat\/iescollblanc\/wp-json\/wp\/v2\/pages\/1210\/revisions\/19365"}],"wp:attachment":[{"href":"https:\/\/agora.xtec.cat\/iescollblanc\/wp-json\/wp\/v2\/media?parent=1210"}],"curies":[{"name":"wp","href":"https:\/\/api.w.org\/{rel}","templated":true}]}}