{"id":904,"date":"2017-06-02T09:48:03","date_gmt":"2017-06-02T07:48:03","guid":{"rendered":"http:\/\/agora.xtec.cat\/iescirvianum\/?page_id=904"},"modified":"2025-06-25T14:13:33","modified_gmt":"2025-06-25T12:13:33","slug":"llibres-proposats-dels-cursos","status":"publish","type":"page","link":"https:\/\/agora.xtec.cat\/iescirvianum\/llibres-proposats-dels-cursos\/","title":{"rendered":"LLIBRES"},"content":{"rendered":"<div style=\"font-size: 20px; color: #000000; padding: 5px; width: 100%; border: 1px solid #000000; text-align: justify;\">Si hi ha alguna mat\u00e8ria que no surt en el llistat de llibres \u00e9s perqu\u00e8 no es necessita llibre sin\u00f3 que funciona amb dossier lliurat per l&#8217;Institut.<\/div>\n<p>&nbsp;<\/p>\n<p><strong>Feu clic en l&#8217;enlla\u00e7 corresponent al curs del vostre inter\u00e8s per veure la relaci\u00f3 de llibres.<\/strong><\/p>\n<h3 style=\"text-align: left;\">ESO i Batxillerat:<\/h3>\n<div style=\"border: 1px solid blue; padding: 10px; width: 50%; margin: 1em;\">\n<ul>\n<li><a href=\"https:\/\/drive.google.com\/file\/d\/1vHuVkRWCDMOaQEHqnkoh5gbsh6nP20Ku\/view?usp=drive_link\">Cursos ordinaris ESO curs 25-26<\/a><\/li>\n<li><a href=\"https:\/\/drive.google.com\/file\/d\/1S02b130MhW0HB7CLV84xKrYs5kE6qw7Q\/view?usp=drive_link\">Llibres lectura ESO i Batxillerat curs 25-26<\/a><\/li>\n<li style=\"text-align: left;\"><a href=\"https:\/\/drive.google.com\/file\/d\/1eLpfp8UFU1U6IvONmye67zG-e_2kAWYq\/view?usp=drive_link\">Primer batxillerat curs 25-26<\/a><\/li>\n<li style=\"text-align: left;\"><a href=\"https:\/\/drive.google.com\/file\/d\/1mxUQI_Bz00nMEuPFyroNvemyylbRf_8Z\/view?usp=drive_link\">Segon batxillerat curs 25-26<\/a><\/li>\n<\/ul>\n<\/div>\n<h3 style=\"text-align: left;\">ecoBooks Iddink<\/h3>\n<div style=\"border: 1px solid blue; padding: 10px; width: 50%; margin: 1em;\">\n<ul>\n<li><a href=\"https:\/\/drive.google.com\/file\/d\/1ocrTR7C5un2EY3ZuHSRCTOtKKYsRvhwV\/view?usp=drive_link\">Quan retornar ecoBooks<\/a><\/li>\n<li><a href=\"https:\/\/drive.google.com\/file\/d\/1nEJQakt18S0rjKA6uskCjm82GqTdYXNt\/view?usp=drive_link\">Com retornar els ecoBooks<\/a><\/li>\n<li><a href=\"https:\/\/drive.google.com\/file\/d\/11K31uIgXxxVsLP0OYNQ_s5bha3_Jn6LG\/view?usp=drive_link\">Com comprar els llibres de reciclatge<\/a><\/li>\n<\/ul>\n<\/div>\n<p>&nbsp;<\/p>\n<p>&nbsp;<\/p>\n<h3 style=\"text-align: left;\"><\/h3>\n","protected":false},"excerpt":{"rendered":"<p>Si hi ha alguna mat\u00e8ria que no surt en el llistat de llibres \u00e9s perqu\u00e8 no es necessita llibre sin\u00f3 que funciona amb dossier lliurat per l&#8217;Institut. &nbsp; Feu clic en l&#8217;enlla\u00e7 corresponent al curs del vostre inter\u00e8s per veure la relaci\u00f3 de llibres. ESO i Batxillerat: Cursos ordinaris ESO curs 25-26 Llibres lectura ESO [&hellip;]<\/p>\n","protected":false},"author":1,"featured_media":0,"parent":0,"menu_order":0,"comment_status":"closed","ping_status":"closed","template":"","meta":{"site-sidebar-layout":"default","site-content-layout":"","ast-site-content-layout":"","site-content-style":"default","site-sidebar-style":"default","ast-global-header-display":"","ast-banner-title-visibility":"","ast-main-header-display":"","ast-hfb-above-header-display":"","ast-hfb-below-header-display":"","ast-hfb-mobile-header-display":"","site-post-title":"","ast-breadcrumbs-content":"","ast-featured-img":"","footer-sml-layout":"","theme-transparent-header-meta":"","adv-header-id-meta":"","stick-header-meta":"","header-above-stick-meta":"","header-main-stick-meta":"","header-below-stick-meta":"","astra-migrate-meta-layouts":"default","ast-page-background-enabled":"default","ast-page-background-meta":{"desktop":{"background-color":"var(--ast-global-color-4)","background-image":"","background-repeat":"repeat","background-position":"center center","background-size":"auto","background-attachment":"scroll","background-type":"","background-media":"","overlay-type":"","overlay-color":"","overlay-opacity":"","overlay-gradient":""},"tablet":{"background-color":"","background-image":"","background-repeat":"repeat","background-position":"center center","background-size":"auto","background-attachment":"scroll","background-type":"","background-media":"","overlay-type":"","overlay-color":"","overlay-opacity":"","overlay-gradient":""},"mobile":{"background-color":"","background-image":"","background-repeat":"repeat","background-position":"center center","background-size":"auto","background-attachment":"scroll","background-type":"","background-media":"","overlay-type":"","overlay-color":"","overlay-opacity":"","overlay-gradient":""}},"ast-content-background-meta":{"desktop":{"background-color":"var(--ast-global-color-5)","background-image":"","background-repeat":"repeat","background-position":"center center","background-size":"auto","background-attachment":"scroll","background-type":"","background-media":"","overlay-type":"","overlay-color":"","overlay-opacity":"","overlay-gradient":""},"tablet":{"background-color":"var(--ast-global-color-5)","background-image":"","background-repeat":"repeat","background-position":"center center","background-size":"auto","background-attachment":"scroll","background-type":"","background-media":"","overlay-type":"","overlay-color":"","overlay-opacity":"","overlay-gradient":""},"mobile":{"background-color":"var(--ast-global-color-5)","background-image":"","background-repeat":"repeat","background-position":"center center","background-size":"auto","background-attachment":"scroll","background-type":"","background-media":"","overlay-type":"","overlay-color":"","overlay-opacity":"","overlay-gradient":""}},"footnotes":""},"class_list":["post-904","page","type-page","status-publish","hentry"],"post_mailing_queue_ids":[],"_links":{"self":[{"href":"https:\/\/agora.xtec.cat\/iescirvianum\/wp-json\/wp\/v2\/pages\/904","targetHints":{"allow":["GET"]}}],"collection":[{"href":"https:\/\/agora.xtec.cat\/iescirvianum\/wp-json\/wp\/v2\/pages"}],"about":[{"href":"https:\/\/agora.xtec.cat\/iescirvianum\/wp-json\/wp\/v2\/types\/page"}],"author":[{"embeddable":true,"href":"https:\/\/agora.xtec.cat\/iescirvianum\/wp-json\/wp\/v2\/users\/1"}],"replies":[{"embeddable":true,"href":"https:\/\/agora.xtec.cat\/iescirvianum\/wp-json\/wp\/v2\/comments?post=904"}],"version-history":[{"count":7,"href":"https:\/\/agora.xtec.cat\/iescirvianum\/wp-json\/wp\/v2\/pages\/904\/revisions"}],"predecessor-version":[{"id":8545,"href":"https:\/\/agora.xtec.cat\/iescirvianum\/wp-json\/wp\/v2\/pages\/904\/revisions\/8545"}],"wp:attachment":[{"href":"https:\/\/agora.xtec.cat\/iescirvianum\/wp-json\/wp\/v2\/media?parent=904"}],"curies":[{"name":"wp","href":"https:\/\/api.w.org\/{rel}","templated":true}]}}