{"id":8695,"date":"2026-03-06T13:35:27","date_gmt":"2026-03-06T12:35:27","guid":{"rendered":"https:\/\/agora.xtec.cat\/iescirvianum\/?page_id=8695"},"modified":"2026-03-06T18:49:46","modified_gmt":"2026-03-06T17:49:46","slug":"convalidacions-eso","status":"publish","type":"page","link":"https:\/\/agora.xtec.cat\/iescirvianum\/secretaria\/convalidacions\/convalidacions-eso\/","title":{"rendered":"Convalidacions ESO"},"content":{"rendered":"<h2 id=\"musica\" class=\"western\"><strong>Estudis de m\u00fasica<\/strong><\/h2>\n<h4>a) Alumnes que cursen estudis de m\u00fasica en un conservatori o en un centre professional<\/h4>\n<p align=\"justify\">Les mat\u00e8ries que es poden convalidar s\u00f3n:<\/p>\n<p class=\"western\" align=\"justify\"><span style=\"font-size: small;\"> &#8211; M\u00fasica (mat\u00e8ria de 1r<\/span><span style=\"font-size: small;\"> i 3r<\/span><span style=\"font-size: small;\">\u00a0d\u2019ESO).<\/span><\/p>\n<p class=\"western\" align=\"justify\"><span style=\"font-size: small;\"> &#8211; Mat\u00e8ries optatives de 1r<\/span><span style=\"font-size: small;\"> a 3r<\/span><span style=\"font-size: small;\">\u00a0d\u2019ESO (2 hores setmanals).<\/span><\/p>\n<p class=\"western\" align=\"justify\"><span style=\"font-size: small;\"> &#8211; Una mat\u00e8ria optativa de 4t<\/span><span style=\"font-size: small;\">\u00a0d\u2019ESO (3 hores setmanals).<\/span><\/p>\n<p align=\"justify\">Documentaci\u00f3 que cal presentar:<\/p>\n<p class=\"western\" align=\"justify\"><span style=\"font-size: small;\"> &#8211; \u00abSol\u00b7licitud de reducci\u00f3 de mat\u00e8ries de l\u2019educaci\u00f3 secund\u00e0ria obligat\u00f2ria (ESO) per als alumnes que cursen estudis de m\u00fasica en un conservatori o centre professional\u00bb. (<a href=\"https:\/\/drive.google.com\/file\/d\/1TeXDAKLG7-COZNvJt26q7NsDQGbCo1cc\/view?usp=sharing\">Model EMU1<\/a>).<\/span><\/p>\n<p class=\"western\" align=\"justify\"><span style=\"font-size: small;\"> &#8211; \u00abCertificat expedit pel conservatori o pel centre professional de m\u00fasica que acredita el curs que fa l\u2019alumne\/a\u00bb. (<a href=\"https:\/\/drive.google.com\/file\/d\/1E7pirUpMNWunVbAIJgGrA8UMUZluTDxr\/view?usp=sharing\">Model CMU1<\/a>).<\/span><\/p>\n<h4 align=\"justify\">b) Alumnes que cursen estudis de m\u00fasica en una escola de m\u00fasica autoritzada.<\/h4>\n<p>Les mat\u00e8ries que es poden convalidar depenen del nombre d&#8217;hores de m\u00fasica setmanals.<\/p>\n<p class=\"western\" align=\"justify\"><span style=\"font-size: small;\"><b>Sup\u00f2sit 1<\/b><\/span><span style=\"font-size: small;\">.- Alumnes amb dedicaci\u00f3 hor\u00e0ria d\u2019entre 3 i 4 hores setmanals.<\/span><\/p>\n<p class=\"western\" align=\"justify\"><span style=\"font-size: small;\"> &#8211; Mat\u00e8ries optatives de 1r<\/span><span style=\"font-size: small;\"> a 3r<\/span><span style=\"font-size: small;\">\u00a0d\u2019ESO (2 hores setmanals).<\/span><\/p>\n<p class=\"western\" align=\"justify\"><span style=\"font-size: small;\"> &#8211; Una mat\u00e8ria optativa de 4t<\/span><span style=\"font-size: small;\">\u00a0d\u2019ESO (3 hores setmanals).<\/span><\/p>\n<p class=\"western\" align=\"justify\"><span style=\"font-size: small;\"><b>Sup\u00f2sit 2<\/b><\/span><span style=\"font-size: small;\">.- Alumnes amb dedicaci\u00f3 de m\u00e9s de 4 hores setmanals.<\/span><\/p>\n<p class=\"western\" align=\"justify\"><span style=\"font-size: small;\"> &#8211; M\u00fasica (mat\u00e8ria de 1r<\/span><span style=\"font-size: small;\"> i 3r<\/span><span style=\"font-size: small;\">\u00a0d\u2019ESO).<\/span><\/p>\n<p class=\"western\" align=\"justify\"><span style=\"font-size: small;\"> &#8211; Mat\u00e8ries optatives de 1r<\/span><span style=\"font-size: small;\"> a 3r<\/span><span style=\"font-size: small;\">\u00a0d\u2019ESO (2 hores setmanals).<\/span><\/p>\n<p class=\"western\" align=\"justify\"><span style=\"font-size: small;\"> &#8211; Una mat\u00e8ria optativa de 4t<\/span><span style=\"font-size: small;\">\u00a0d\u2019ESO (3 hores setmanals).<\/span><\/p>\n<p class=\"western\" align=\"justify\">Documentaci\u00f3 que cal presentar:<\/p>\n<p class=\"western\" align=\"justify\"><span style=\"font-size: small;\"> &#8211; \u00abSol\u00b7licitud de reducci\u00f3 de mat\u00e8ries de l\u2019educaci\u00f3 secund\u00e0ria obligat\u00f2ria (ESO) per als alumnes que cursen estudis de m\u00fasica en una escola de m\u00fasica autoritzada\u00bb. (<a href=\"https:\/\/drive.google.com\/file\/d\/1TeXDAKLG7-COZNvJt26q7NsDQGbCo1cc\/view?usp=sharing\">Model EMU1<\/a>).<\/span><\/p>\n<p class=\"western\" align=\"justify\"><span style=\"font-size: small;\"> &#8211; \u00abCertificat expedit per l\u2019escola de m\u00fasica autoritzada en qu\u00e8 s\u2019acredita el que fa l\u2019alumne\/a per al reconeixement dels estudis en l\u2019ESO\u00bb. (<a href=\"https:\/\/drive.google.com\/file\/d\/1RQuU1ZfbiLorcDjrp3jB_lM6L-eA6sRp\/view?usp=sharing\">Model CMU2<\/a>).<\/span><\/p>\n<h2 id=\"dansa\" class=\"western\"><strong>Estudis de dansa<\/strong><\/h2>\n<h4>a) Alumnes que cursen estudis de dansa en un conservatori o en un centre professional.<\/h4>\n<p>Les mat\u00e8ries que es poden convalidar s\u00f3n:<\/p>\n<p class=\"western\" align=\"justify\"><span style=\"font-size: small;\"> &#8211; Educaci\u00f3 F\u00edsica.<\/span><\/p>\n<p class=\"western\" align=\"justify\"><span style=\"font-size: small;\"> &#8211; M\u00fasica (mat\u00e8ria de 1r<\/span><span style=\"font-size: small;\"> i 3r<\/span><span style=\"font-size: small;\">\u00a0d\u2019ESO).<\/span><\/p>\n<p class=\"western\" align=\"justify\"><span style=\"font-size: small;\"> &#8211; Mat\u00e8ries optatives de 1r<\/span><span style=\"font-size: small;\"> a 3r<\/span><span style=\"font-size: small;\">\u00a0d\u2019ESO (2 hores setmanals).<\/span><\/p>\n<p class=\"western\" align=\"justify\"><span style=\"font-size: small;\"> &#8211; Una mat\u00e8ria optativa de 4t<\/span><span style=\"font-size: small;\">\u00a0d\u2019ESO (3 hores setmanals).<\/span><\/p>\n<p align=\"justify\">Documentaci\u00f3 que cal presentar:<\/p>\n<p class=\"western\" align=\"justify\"><span style=\"font-size: small;\"> &#8211; \u00abSol\u00b7licitud de reducci\u00f3 de mat\u00e8ries de l\u2019educaci\u00f3 secund\u00e0ria obligat\u00f2ria (ESO) per als alumnes que cursen estudis de dansa en un conservatori o centre professional\u00bb. (<a href=\"https:\/\/drive.google.com\/file\/d\/1JHBknPFk2oLX4K4xiw79Nj-tb_BmRLYV\/view?usp=sharing\">Model EDA1<\/a>).<\/span><\/p>\n<p class=\"western\" align=\"justify\"><span style=\"font-size: small;\"> &#8211; \u00abCertificat expedit pel conservatori o pel centre professional de dansa en qu\u00e8 s\u2019acredita el curs que fa l\u2019alumne\/a\u00bb. (<a href=\"https:\/\/drive.google.com\/file\/d\/1CLSHmNKxTR1LxusTn0D6Jsw-fh-M8jJI\/view?usp=sharing\">Model CDA1<\/a>).<\/span><\/p>\n<h4 align=\"justify\">b) Alumnes que cursen estudis de dansa en una escola autoritzada.<\/h4>\n<p>Les mat\u00e8ries que es poden convalidar depenen del nombre d&#8217;hores de dansa setmanals:<\/p>\n<p class=\"western\" align=\"justify\"><span style=\"font-size: small;\"><b>Sup\u00f2sit 1<\/b><\/span><span style=\"font-size: small;\">.- Alumnes amb dedicaci\u00f3 hor\u00e0ria d\u2019entre 3 i 4 hores setmanals.<\/span><\/p>\n<p class=\"western\" align=\"justify\"><span style=\"font-size: small;\"> &#8211; Mat\u00e8ries optatives de 1r<\/span><span style=\"font-size: small;\"> a 3r<\/span><span style=\"font-size: small;\">\u00a0d\u2019ESO (2 hores setmanals).<\/span><\/p>\n<p class=\"western\" align=\"justify\"><span style=\"font-size: small;\"> &#8211; Una mat\u00e8ria optativa de 4t<\/span><span style=\"font-size: small;\">\u00a0d\u2019ESO (3 hores setmanals).<\/span><\/p>\n<p class=\"western\" align=\"justify\"><span style=\"font-size: small;\"><b>Sup\u00f2sit 2<\/b><\/span><span style=\"font-size: small;\">.- Alumnes amb dedicaci\u00f3 de m\u00e9s de 7 hores setmanals.<\/span><\/p>\n<p class=\"western\" align=\"justify\"><span style=\"font-size: small;\"> &#8211; Educaci\u00f3 F\u00edsica.<\/span><\/p>\n<p class=\"western\" align=\"justify\"><span style=\"font-size: small;\"> &#8211; Mat\u00e8ries optatives de 1r<\/span><span style=\"font-size: small;\"> a 3r<\/span><span style=\"font-size: small;\">\u00a0d\u2019ESO (2 hores setmanals).<\/span><\/p>\n<p class=\"western\" align=\"justify\"><span style=\"font-size: small;\"> &#8211; Una mat\u00e8ria optativa de 4t<\/span><span style=\"font-size: small;\">\u00a0d\u2019ESO (3 hores setmanals).<\/span><\/p>\n<p align=\"justify\">Documentaci\u00f3 que cal presentar:<\/p>\n<p class=\"western\" align=\"justify\"><span style=\"font-size: small;\"> &#8211; \u00abSol\u00b7licitud de reducci\u00f3 de mat\u00e8ries de l\u2019educaci\u00f3 secund\u00e0ria obligat\u00f2ria (ESO) per als alumnes que cursen estudis de m\u00fasica en una escola de dansa autoritzada\u00bb. (<a href=\"https:\/\/drive.google.com\/file\/d\/1JHBknPFk2oLX4K4xiw79Nj-tb_BmRLYV\/view?usp=sharing\">Model EDA1<\/a>).<\/span><\/p>\n<p class=\"western\" align=\"justify\"><span style=\"font-size: small;\"> &#8211; \u00abCertificat expedit per l\u2019escola de dansa autoritzada en qu\u00e8 s\u2019acredita el curs i el nombre d\u2019hores de dedicaci\u00f3 setmanal que fa l\u2019alumne\/a per al reconeixement de la mat\u00e8ria d\u2019educaci\u00f3 f\u00edsica de l\u2019ESO i el batxillerat, i\/o les optatives de l\u2019ESO\u00bb. (<a href=\"https:\/\/drive.google.com\/file\/d\/1_j9_hgv6eVvFVqq9peMY5e6FARSFjXiT\/view?usp=sharing\">Model CDA2<\/a>).<\/span><\/p>\n<h2 id=\"esport\" class=\"western\"><strong>Pr\u00e0ctica intensiva d\u2019esport<\/strong><\/h2>\n<h4 class=\"western\">Alumnes amb dedicaci\u00f3 significativa a l\u2019esport.<\/h4>\n<p>L&#8217;alumnat amb dedicaci\u00f3 significativa a l&#8217;esport, avalada pel Consell Catal\u00e0 de l&#8217;Esport i matriculats en centres que no pertanyen a la xarxa de centres educatius d&#8217;especial atenci\u00f3 a la pr\u00e0ctica esportiva, poden sol\u00b7licitar a la direcci\u00f3 del centre educatiu que se&#8217;ls reconegui la mat\u00e8ria d&#8217;educaci\u00f3 f\u00edsica.<\/p>\n<p>Documentaci\u00f3 que cal presentar:<\/p>\n<p class=\"western\" align=\"justify\"><span style=\"font-size: small;\"> &#8211; \u00abSol\u00b7licitud de reconeixement de la mat\u00e8ria d\u2019Educaci\u00f3 F\u00edsica de l\u2019educaci\u00f3 secund\u00e0ria obligat\u00f2ria (ESO) als alumnes amb dedicaci\u00f3 significativa a l\u2019esport\u00bb. (<a href=\"https:\/\/drive.google.com\/file\/d\/11L0EXVaEsqlSAx7v0CxymtM7p1WUyNkm\/view?usp=sharing\">Model de sol\u00b7licitud<\/a>).<\/span><\/p>\n<p class=\"western\" align=\"justify\"><span style=\"font-size: small;\"> &#8211; Certificat del <\/span><a href=\"https:\/\/web.gencat.cat\/ca\/generalitat\/com-ens-organitzem\/adreces-i-telefons\/detall-adreces-i-telefons?objectID=2570\"><span style=\"font-size: small;\"><b>Consell Catal\u00e0 de l\u2019Esport<\/b><\/span><\/a><span style=\"font-size: small;\">. L\u2019alumnat ha d\u2019obtenir aquest certificat quan figurin en el programa de tecnificaci\u00f3 (ARC) de la federaci\u00f3 catalana corresponent.<\/span><\/p>\n","protected":false},"excerpt":{"rendered":"<p>Estudis de m\u00fasica a) Alumnes que cursen estudis de m\u00fasica en un conservatori o en un centre professional Les mat\u00e8ries que es poden convalidar s\u00f3n: &#8211; M\u00fasica (mat\u00e8ria de 1r i 3r\u00a0d\u2019ESO). &#8211; Mat\u00e8ries optatives de 1r a 3r\u00a0d\u2019ESO (2 hores setmanals). &#8211; Una mat\u00e8ria optativa de 4t\u00a0d\u2019ESO (3 hores setmanals). Documentaci\u00f3 que cal presentar: [&hellip;]<\/p>\n","protected":false},"author":1,"featured_media":0,"parent":8713,"menu_order":0,"comment_status":"closed","ping_status":"closed","template":"","meta":{"site-sidebar-layout":"default","site-content-layout":"","ast-site-content-layout":"","site-content-style":"default","site-sidebar-style":"default","ast-global-header-display":"","ast-banner-title-visibility":"","ast-main-header-display":"","ast-hfb-above-header-display":"","ast-hfb-below-header-display":"","ast-hfb-mobile-header-display":"","site-post-title":"","ast-breadcrumbs-content":"","ast-featured-img":"","footer-sml-layout":"","theme-transparent-header-meta":"","adv-header-id-meta":"","stick-header-meta":"","header-above-stick-meta":"","header-main-stick-meta":"","header-below-stick-meta":"","astra-migrate-meta-layouts":"default","ast-page-background-enabled":"default","ast-page-background-meta":{"desktop":{"background-color":"var(--ast-global-color-4)","background-image":"","background-repeat":"repeat","background-position":"center center","background-size":"auto","background-attachment":"scroll","background-type":"","background-media":"","overlay-type":"","overlay-color":"","overlay-opacity":"","overlay-gradient":""},"tablet":{"background-color":"","background-image":"","background-repeat":"repeat","background-position":"center center","background-size":"auto","background-attachment":"scroll","background-type":"","background-media":"","overlay-type":"","overlay-color":"","overlay-opacity":"","overlay-gradient":""},"mobile":{"background-color":"","background-image":"","background-repeat":"repeat","background-position":"center center","background-size":"auto","background-attachment":"scroll","background-type":"","background-media":"","overlay-type":"","overlay-color":"","overlay-opacity":"","overlay-gradient":""}},"ast-content-background-meta":{"desktop":{"background-color":"var(--ast-global-color-5)","background-image":"","background-repeat":"repeat","background-position":"center center","background-size":"auto","background-attachment":"scroll","background-type":"","background-media":"","overlay-type":"","overlay-color":"","overlay-opacity":"","overlay-gradient":""},"tablet":{"background-color":"var(--ast-global-color-5)","background-image":"","background-repeat":"repeat","background-position":"center center","background-size":"auto","background-attachment":"scroll","background-type":"","background-media":"","overlay-type":"","overlay-color":"","overlay-opacity":"","overlay-gradient":""},"mobile":{"background-color":"var(--ast-global-color-5)","background-image":"","background-repeat":"repeat","background-position":"center center","background-size":"auto","background-attachment":"scroll","background-type":"","background-media":"","overlay-type":"","overlay-color":"","overlay-opacity":"","overlay-gradient":""}},"footnotes":""},"class_list":["post-8695","page","type-page","status-publish","hentry"],"post_mailing_queue_ids":[],"_links":{"self":[{"href":"https:\/\/agora.xtec.cat\/iescirvianum\/wp-json\/wp\/v2\/pages\/8695","targetHints":{"allow":["GET"]}}],"collection":[{"href":"https:\/\/agora.xtec.cat\/iescirvianum\/wp-json\/wp\/v2\/pages"}],"about":[{"href":"https:\/\/agora.xtec.cat\/iescirvianum\/wp-json\/wp\/v2\/types\/page"}],"author":[{"embeddable":true,"href":"https:\/\/agora.xtec.cat\/iescirvianum\/wp-json\/wp\/v2\/users\/1"}],"replies":[{"embeddable":true,"href":"https:\/\/agora.xtec.cat\/iescirvianum\/wp-json\/wp\/v2\/comments?post=8695"}],"version-history":[{"count":6,"href":"https:\/\/agora.xtec.cat\/iescirvianum\/wp-json\/wp\/v2\/pages\/8695\/revisions"}],"predecessor-version":[{"id":8718,"href":"https:\/\/agora.xtec.cat\/iescirvianum\/wp-json\/wp\/v2\/pages\/8695\/revisions\/8718"}],"up":[{"embeddable":true,"href":"https:\/\/agora.xtec.cat\/iescirvianum\/wp-json\/wp\/v2\/pages\/8713"}],"wp:attachment":[{"href":"https:\/\/agora.xtec.cat\/iescirvianum\/wp-json\/wp\/v2\/media?parent=8695"}],"curies":[{"name":"wp","href":"https:\/\/api.w.org\/{rel}","templated":true}]}}