{"id":7432,"date":"2023-03-10T18:34:31","date_gmt":"2023-03-10T17:34:31","guid":{"rendered":"https:\/\/agora.xtec.cat\/iescirvianum\/?page_id=7432"},"modified":"2023-03-16T17:15:59","modified_gmt":"2023-03-16T16:15:59","slug":"pfi-auxiliar-en-treballs-de-fusteria-i-installacio-de-mobles","status":"publish","type":"page","link":"https:\/\/agora.xtec.cat\/iescirvianum\/pfi-auxiliar-en-treballs-de-fusteria-i-installacio-de-mobles\/","title":{"rendered":"PFI Auxiliar en treballs de fusteria i instal\u00b7laci\u00f3 de mobles"},"content":{"rendered":"<h1 style=\"text-align: center;\"><em>\u25b6\u00a0<\/em><em>Comen\u00e7a el teu itinerari professional, el PTT t\u2019ho facilita! \u25c0<\/em><\/h1>\n<h2 style=\"text-align: center;\">\ud83d\udd34\u00a0Auxiliar en treballs de fusteria i instal\u00b7laci\u00f3 de mobles \ud83d\udd34<\/h2>\n<p>&nbsp;<\/p>\n<table class=\" alignleft\" style=\"height: 1706px; width: 99.9312%; border-collapse: collapse;\">\n<tbody>\n<tr style=\"height: 48px;\">\n<td style=\"width: 47.5028%; text-align: left; height: 48px;\">\n<h3>A qui s&#8217;adre\u00e7a? \ud83c\udfaf<\/h3>\n<\/td>\n<td style=\"width: 61.9036%; text-align: left; height: 48px;\">\n<h5>A nois i noies joves, d\u2019entre 16 i 21 anys, que no tenen el GESO (Graduat en Educaci\u00f3 Secund\u00e0ria Obligat\u00f2ria) i volen formar-se en una professi\u00f3<\/h5>\n<\/td>\n<\/tr>\n<tr style=\"height: 123px;\">\n<td style=\"width: 47.5028%; text-align: left; height: 123px;\">\n<h3>Que hi trobar\u00e0s? \ud83e\udd14<\/h3>\n<\/td>\n<td style=\"width: 61.9036%; text-align: left; height: 123px;\">\n<ul>\n<li>\n<h5>Assessorament i pla d\u2019atenci\u00f3 personalitzat<\/h5>\n<\/li>\n<li>\n<h5>Orientaci\u00f3 personal i recursos per a la inserci\u00f3 laboral i educativa<\/h5>\n<\/li>\n<li>\n<h5>Iniciaci\u00f3 en una professi\u00f3 de manera pr\u00e0ctica<\/h5>\n<\/li>\n<li>\n<h5>Un primer contacte amb el m\u00f3n laboral<\/h5>\n<\/li>\n<\/ul>\n<\/td>\n<\/tr>\n<tr style=\"height: 146px;\">\n<td style=\"width: 47.5028%; text-align: left; height: 146px;\">\n<h3>Quina formaci\u00f3 rebr\u00e0s? \ud83d\udcd4<\/h3>\n<\/td>\n<td style=\"width: 61.9036%; text-align: left; height: 146px;\">\n<ul>\n<li>\n<h5>M\u00f2duls de formaci\u00f3 professional en un perfil espec\u00edfic: T\u2019iniciar\u00e0s en les tasques corresponents a un primer nivell de qualificaci\u00f3.<\/h5>\n<\/li>\n<li>\n<h5>M\u00f2duls de formaci\u00f3 general: Obtindr\u00e0s recursos per desenvolupar-te millor personalment i professionalment i per continuar la teva formaci\u00f3. Cont\u00e9: Coneixement de l\u2019entorn, recerca de feina, t\u00e8cniques de comunicaci\u00f3 i matem\u00e0tiques aplicades.<\/h5>\n<\/li>\n<\/ul>\n<\/td>\n<\/tr>\n<tr style=\"height: 101px;\">\n<td style=\"width: 47.5028%; text-align: left; height: 101px;\">\n<h3>Qu\u00e8 s&#8217;obt\u00e9 en acabar el PTT? \ud83c\udf96<\/h3>\n<\/td>\n<td style=\"width: 61.9036%; text-align: left; height: 101px;\">\n<ul>\n<li>\n<h5>Obtens una certificaci\u00f3 de la formaci\u00f3 rebuda i de les compet\u00e8ncies professionals adquirides.<\/h5>\n<\/li>\n<li>\n<h5>Et facilita la realitzaci\u00f3 de les Proves d\u2019Acc\u00e9s al Cicles Formatius de Grau Mitj\u00e0 i l\u2019acc\u00e9s a un Centre de Formaci\u00f3 d\u2019Adults per treure\u2019t el Graduat en Secund\u00e0ria.<\/h5>\n<\/li>\n<\/ul>\n<\/td>\n<\/tr>\n<tr style=\"height: 32px;\">\n<td style=\"width: 47.5028%; text-align: left; height: 32px;\">\n<h3>Durada \u23f1<\/h3>\n<\/td>\n<td style=\"width: 61.9036%; text-align: left; height: 32px;\">\n<h5>Un any acad\u00e8mic. De setembre a juny. 1000 hores.<\/h5>\n<\/td>\n<\/tr>\n<tr style=\"height: 163px;\">\n<td style=\"width: 47.5028%; text-align: left; height: 163px;\">\n<h3>M\u00f2duls Formatius \u270f<\/h3>\n<\/td>\n<td style=\"width: 61.9036%; text-align: left; height: 163px;\">\n<ul>\n<li>\n<h5><strong>M\u00f2duls de formaci\u00f3 general.<\/strong><\/h5>\n<ul>\n<li>\n<h5>MFG1: Estrat\u00e8gies i eines de comunicaci\u00f3. 110 hores<\/h5>\n<\/li>\n<li>\n<h5>MFG2: Entorn social i territorial. 30 hores<\/h5>\n<\/li>\n<li>\n<h5>MFG3: Estrat\u00e8gies i eines matem\u00e0tiques. 110 hores<\/h5>\n<\/li>\n<li>\n<h5>MFG4: Incorporaci\u00f3 al m\u00f3n professional. 45 hores<\/h5>\n<\/li>\n<\/ul>\n<\/li>\n<li>\n<h5><strong>M\u00f2duls de formaci\u00f3 professional.<\/strong><\/h5>\n<ul>\n<li>\n<h5>3074. Operacions b\u00e0siques de mecanitzat de fusta i derivats. 160 hores<\/h5>\n<\/li>\n<li>\n<h5>3075. Instal\u00b7laci\u00f3 d\u2019elements de fusteria i moble. 130 hores<\/h5>\n<\/li>\n<\/ul>\n<\/li>\n<li>\n<h5><strong>M\u00f2duls de formaci\u00f3 professional espec\u00edfica del perfil professional<\/strong><\/h5>\n<ul>\n<li>\n<h5>MFPE017. Acabats b\u00e0sics de la fusta. 110 hores<\/h5>\n<\/li>\n<\/ul>\n<\/li>\n<li>\n<h5><strong>M\u00f2duls de formaci\u00f3 professional comuns a tots els perfils<\/strong><\/h5>\n<ul>\n<li>\n<h5>MFCT. Formaci\u00f3 en centres de treball. 180 hores<\/h5>\n<\/li>\n<li>\n<h5>MPI. Projecte integrat. 40 hores<\/h5>\n<\/li>\n<li>\n<h5>MPRL. Formaci\u00f3 b\u00e0sica en prevenci\u00f3 de riscos laborals. 35 hores<\/h5>\n<\/li>\n<\/ul>\n<\/li>\n<\/ul>\n<\/td>\n<\/tr>\n<tr style=\"height: 32px;\">\n<td style=\"width: 47.5028%; text-align: left; height: 32px;\">\n<h3>On som? \ud83c\udf10<\/h3>\n<\/td>\n<td style=\"width: 61.9036%; text-align: left; height: 32px;\">\n<h5>La formaci\u00f3 general i la formaci\u00f3 professional es far\u00e0 al CF La<\/h5>\n<h5>Cooperativa de Torell\u00f3 (C\/ Prat de la Riba, 17-19)<\/h5>\n<\/td>\n<\/tr>\n<tr style=\"height: 32px;\">\n<td style=\"width: 47.5028%; text-align: left; height: 32px;\">\n<h3>I qu\u00e8 puc fer quan acabi? \ud83c\udfc1<\/h3>\n<\/td>\n<td style=\"width: 61.9036%; text-align: left; height: 32px;\">\n<ul>\n<li>\n<h5>Treballar com auxiliar de fusteria i instal\u00b7laci\u00f3 de mobles en empreses del sector.<\/h5>\n<\/li>\n<li>\n<h5>Continuar la formaci\u00f3 i matricular-te a un cicle formatiu de grau mitj\u00e0 de la fam\u00edlia professional que t&#8217;agradi, si aproves la PACFGM (Prova d&#8217;Acc\u00e9s a Cicles Formatius de Grau Mitj\u00e0) o a un Centre de Formaci\u00f3 d\u2019Adults per treure\u2019t el Graduat en Secund\u00e0ria (GESO).<\/h5>\n<\/li>\n<\/ul>\n<\/td>\n<\/tr>\n<tr style=\"height: 16px;\">\n<td style=\"width: 47.5028%; text-align: left; height: 16px;\">\n<h3>Preinscripci\u00f3 i matr\u00edcula \ud83d\udcdd<\/h3>\n<\/td>\n<td style=\"width: 61.9036%; text-align: left; height: 16px;\">\n<h5>Preinscripci\u00f3: <a href=\"https:\/\/agora.xtec.cat\/iescirvianum\/secretaria\/preinscripcio\/programa-de-formacio-i-insercio\/\">https:\/\/agora.xtec.cat\/iescirvianum\/secretaria\/preinscripcio\/programa-de-formacio-i-insercio\/<\/a><\/h5>\n<h5>Matr\u00edcula: <a href=\"https:\/\/agora.xtec.cat\/iescirvianum\/secretaria\/matriculacio\/matriculacio-programa-de-formacio-i-insercio\/\">https:\/\/agora.xtec.cat\/iescirvianum\/secretaria\/matriculacio\/matriculacio-programa-de-formacio-i-insercio\/<\/a><\/h5>\n<\/td>\n<\/tr>\n<tr style=\"height: 16px;\">\n<td style=\"width: 47.5028%; text-align: left; height: 16px;\">\n<h3>Contacte \ud83d\udced<\/h3>\n<\/td>\n<td style=\"width: 61.9036%; text-align: left; height: 16px;\">\n<h5>Pla de Transici\u00f3 al Treball<\/h5>\n<h5>CF La Cooperativa<\/h5>\n<h5>Carrer Enric Prat de la Riba, 17-19<\/h5>\n<h5>08570-Torell\u00f3<\/h5>\n<h5>Tel\u00e8fon: 938505313<\/h5>\n<h5>mail: <a href=\"mailto:a8960026@xtec.cat\">a8960026<span class=\"\">@xtec.cat<\/span><\/a><\/h5>\n<\/td>\n<\/tr>\n<tr style=\"height: 32px;\">\n<td style=\"width: 47.5028%; text-align: left; height: 32px;\"><\/td>\n<td style=\"width: 61.9036%; text-align: left; height: 32px;\"><\/td>\n<\/tr>\n<\/tbody>\n<\/table>\n<p>&nbsp;<\/p>\n","protected":false},"excerpt":{"rendered":"<p>\u25b6\u00a0Comen\u00e7a el teu itinerari professional, el PTT t\u2019ho facilita! \u25c0 \ud83d\udd34\u00a0Auxiliar en treballs de fusteria i instal\u00b7laci\u00f3 de mobles \ud83d\udd34 &nbsp; A qui s&#8217;adre\u00e7a? \ud83c\udfaf A nois i noies joves, d\u2019entre 16 i 21 anys, que no tenen el GESO (Graduat en Educaci\u00f3 Secund\u00e0ria Obligat\u00f2ria) i volen formar-se en una professi\u00f3 Que hi trobar\u00e0s? \ud83e\udd14 [&hellip;]<\/p>\n","protected":false},"author":1,"featured_media":0,"parent":0,"menu_order":0,"comment_status":"closed","ping_status":"closed","template":"","meta":{"site-sidebar-layout":"default","site-content-layout":"","ast-site-content-layout":"","site-content-style":"default","site-sidebar-style":"default","ast-global-header-display":"","ast-banner-title-visibility":"","ast-main-header-display":"","ast-hfb-above-header-display":"","ast-hfb-below-header-display":"","ast-hfb-mobile-header-display":"","site-post-title":"","ast-breadcrumbs-content":"","ast-featured-img":"","footer-sml-layout":"","theme-transparent-header-meta":"","adv-header-id-meta":"","stick-header-meta":"","header-above-stick-meta":"","header-main-stick-meta":"","header-below-stick-meta":"","astra-migrate-meta-layouts":"default","ast-page-background-enabled":"default","ast-page-background-meta":{"desktop":{"background-color":"var(--ast-global-color-4)","background-image":"","background-repeat":"repeat","background-position":"center center","background-size":"auto","background-attachment":"scroll","background-type":"","background-media":"","overlay-type":"","overlay-color":"","overlay-opacity":"","overlay-gradient":""},"tablet":{"background-color":"","background-image":"","background-repeat":"repeat","background-position":"center center","background-size":"auto","background-attachment":"scroll","background-type":"","background-media":"","overlay-type":"","overlay-color":"","overlay-opacity":"","overlay-gradient":""},"mobile":{"background-color":"","background-image":"","background-repeat":"repeat","background-position":"center center","background-size":"auto","background-attachment":"scroll","background-type":"","background-media":"","overlay-type":"","overlay-color":"","overlay-opacity":"","overlay-gradient":""}},"ast-content-background-meta":{"desktop":{"background-color":"var(--ast-global-color-5)","background-image":"","background-repeat":"repeat","background-position":"center center","background-size":"auto","background-attachment":"scroll","background-type":"","background-media":"","overlay-type":"","overlay-color":"","overlay-opacity":"","overlay-gradient":""},"tablet":{"background-color":"var(--ast-global-color-5)","background-image":"","background-repeat":"repeat","background-position":"center center","background-size":"auto","background-attachment":"scroll","background-type":"","background-media":"","overlay-type":"","overlay-color":"","overlay-opacity":"","overlay-gradient":""},"mobile":{"background-color":"var(--ast-global-color-5)","background-image":"","background-repeat":"repeat","background-position":"center center","background-size":"auto","background-attachment":"scroll","background-type":"","background-media":"","overlay-type":"","overlay-color":"","overlay-opacity":"","overlay-gradient":""}},"footnotes":""},"class_list":["post-7432","page","type-page","status-publish","hentry"],"post_mailing_queue_ids":[],"_links":{"self":[{"href":"https:\/\/agora.xtec.cat\/iescirvianum\/wp-json\/wp\/v2\/pages\/7432","targetHints":{"allow":["GET"]}}],"collection":[{"href":"https:\/\/agora.xtec.cat\/iescirvianum\/wp-json\/wp\/v2\/pages"}],"about":[{"href":"https:\/\/agora.xtec.cat\/iescirvianum\/wp-json\/wp\/v2\/types\/page"}],"author":[{"embeddable":true,"href":"https:\/\/agora.xtec.cat\/iescirvianum\/wp-json\/wp\/v2\/users\/1"}],"replies":[{"embeddable":true,"href":"https:\/\/agora.xtec.cat\/iescirvianum\/wp-json\/wp\/v2\/comments?post=7432"}],"version-history":[{"count":4,"href":"https:\/\/agora.xtec.cat\/iescirvianum\/wp-json\/wp\/v2\/pages\/7432\/revisions"}],"predecessor-version":[{"id":7461,"href":"https:\/\/agora.xtec.cat\/iescirvianum\/wp-json\/wp\/v2\/pages\/7432\/revisions\/7461"}],"wp:attachment":[{"href":"https:\/\/agora.xtec.cat\/iescirvianum\/wp-json\/wp\/v2\/media?parent=7432"}],"curies":[{"name":"wp","href":"https:\/\/api.w.org\/{rel}","templated":true}]}}