{"id":7357,"date":"2023-02-13T21:52:59","date_gmt":"2023-02-13T20:52:59","guid":{"rendered":"https:\/\/agora.xtec.cat\/iescirvianum\/?page_id=7357"},"modified":"2023-02-13T22:05:24","modified_gmt":"2023-02-13T21:05:24","slug":"iddink","status":"publish","type":"page","link":"https:\/\/agora.xtec.cat\/iescirvianum\/iddink\/","title":{"rendered":"Iddink"},"content":{"rendered":"<h2>Vols saber m\u00e9s sobre els EcoBooks i Iddink??<\/h2>\n<h2>Us deixem informaci\u00f3 i alguns v\u00eddeos que us ajudaran a resoldre dubtes \ud83d\ude09<\/h2>\n<ul>\n<li>\n<h4><a href=\"https:\/\/vimeo.com\/729651331\">Breu v\u00eddeo explicatiu.<\/a><\/h4>\n<\/li>\n<li>\n<h4><a href=\"https:\/\/vimeo.com\/408418610\" target=\"_blank\" rel=\"noopener noreferrer\">Presentaci\u00f3 a pares i mares &#8211; complerta<\/a><\/h4>\n<\/li>\n<li>\n<h4><a href=\"https:\/\/vimeo.com\/418474411\" target=\"_blank\" rel=\"noopener noreferrer\">Presentaci\u00f3 a pares i mares &#8211; r\u00e1pida<\/a><\/h4>\n<\/li>\n<li>\n<h4><a href=\"https:\/\/vimeo.com\/424744075\" target=\"_blank\" rel=\"noopener noreferrer\">Presentaci\u00f3 a pares i mares &#8211; r\u00e1pida &#8211; versi\u00f3 Covid<\/a><\/h4>\n<\/li>\n<li>\n<h4><a href=\"https:\/\/vimeo.com\/431763068\" target=\"_blank\" rel=\"noopener noreferrer\">Com fer una comanda<\/a><\/h4>\n<\/li>\n<li>\n<h4><a href=\"https:\/\/vimeo.com\/427322849\" target=\"_blank\" rel=\"noopener noreferrer\">Com retornar els ecoBooks<\/a><\/h4>\n<\/li>\n<li>\n<h4><a href=\"https:\/\/vimeo.com\/425765096\" target=\"_blank\" rel=\"noopener noreferrer\">Qu\u00e8 \u00e9s Iddink digital?<\/a><\/h4>\n<\/li>\n<li>\n<h4><a href=\"https:\/\/vimeo.com\/425765070\" target=\"_blank\" rel=\"noopener noreferrer\">Com accedir a les meves llic\u00e8ncies digitals<\/a><\/h4>\n<\/li>\n<\/ul>\n<table style=\"border-collapse: collapse; width: 100%; height: 896px;\">\n<tbody>\n<tr style=\"height: 1019px;\">\n<td style=\"width: 50%; height: 896px;\"><img loading=\"lazy\" decoding=\"async\" class=\"aligncenter size-full wp-image-7360\" src=\"https:\/\/agora.xtec.cat\/iescirvianum\/wp-content\/uploads\/usu134\/2023\/02\/236_FLYER_23_page-0001.jpg\" alt=\"\" width=\"621\" height=\"875\" srcset=\"https:\/\/agora.xtec.cat\/iescirvianum\/wp-content\/uploads\/usu134\/2023\/02\/236_FLYER_23_page-0001.jpg 621w, https:\/\/agora.xtec.cat\/iescirvianum\/wp-content\/uploads\/usu134\/2023\/02\/236_FLYER_23_page-0001-213x300.jpg 213w\" sizes=\"auto, (max-width: 621px) 100vw, 621px\" \/><\/td>\n<td style=\"width: 50%; height: 896px;\"><img loading=\"lazy\" decoding=\"async\" class=\"aligncenter size-full wp-image-7361\" src=\"https:\/\/agora.xtec.cat\/iescirvianum\/wp-content\/uploads\/usu134\/2023\/02\/236_FLYER_23_page-0002.jpg\" alt=\"\" width=\"621\" height=\"875\" srcset=\"https:\/\/agora.xtec.cat\/iescirvianum\/wp-content\/uploads\/usu134\/2023\/02\/236_FLYER_23_page-0002.jpg 621w, https:\/\/agora.xtec.cat\/iescirvianum\/wp-content\/uploads\/usu134\/2023\/02\/236_FLYER_23_page-0002-213x300.jpg 213w\" sizes=\"auto, (max-width: 621px) 100vw, 621px\" \/><\/td>\n<\/tr>\n<\/tbody>\n<\/table>\n","protected":false},"excerpt":{"rendered":"<p>Vols saber m\u00e9s sobre els EcoBooks i Iddink?? Us deixem informaci\u00f3 i alguns v\u00eddeos que us ajudaran a resoldre dubtes \ud83d\ude09 Breu v\u00eddeo explicatiu. Presentaci\u00f3 a pares i mares &#8211; complerta Presentaci\u00f3 a pares i mares &#8211; r\u00e1pida Presentaci\u00f3 a pares i mares &#8211; r\u00e1pida &#8211; versi\u00f3 Covid Com fer una comanda Com retornar els [&hellip;]<\/p>\n","protected":false},"author":1,"featured_media":0,"parent":0,"menu_order":0,"comment_status":"closed","ping_status":"closed","template":"","meta":{"site-sidebar-layout":"default","site-content-layout":"","ast-site-content-layout":"","site-content-style":"default","site-sidebar-style":"default","ast-global-header-display":"","ast-banner-title-visibility":"","ast-main-header-display":"","ast-hfb-above-header-display":"","ast-hfb-below-header-display":"","ast-hfb-mobile-header-display":"","site-post-title":"","ast-breadcrumbs-content":"","ast-featured-img":"","footer-sml-layout":"","theme-transparent-header-meta":"","adv-header-id-meta":"","stick-header-meta":"","header-above-stick-meta":"","header-main-stick-meta":"","header-below-stick-meta":"","astra-migrate-meta-layouts":"default","ast-page-background-enabled":"default","ast-page-background-meta":{"desktop":{"background-color":"var(--ast-global-color-4)","background-image":"","background-repeat":"repeat","background-position":"center center","background-size":"auto","background-attachment":"scroll","background-type":"","background-media":"","overlay-type":"","overlay-color":"","overlay-opacity":"","overlay-gradient":""},"tablet":{"background-color":"","background-image":"","background-repeat":"repeat","background-position":"center center","background-size":"auto","background-attachment":"scroll","background-type":"","background-media":"","overlay-type":"","overlay-color":"","overlay-opacity":"","overlay-gradient":""},"mobile":{"background-color":"","background-image":"","background-repeat":"repeat","background-position":"center center","background-size":"auto","background-attachment":"scroll","background-type":"","background-media":"","overlay-type":"","overlay-color":"","overlay-opacity":"","overlay-gradient":""}},"ast-content-background-meta":{"desktop":{"background-color":"var(--ast-global-color-5)","background-image":"","background-repeat":"repeat","background-position":"center center","background-size":"auto","background-attachment":"scroll","background-type":"","background-media":"","overlay-type":"","overlay-color":"","overlay-opacity":"","overlay-gradient":""},"tablet":{"background-color":"var(--ast-global-color-5)","background-image":"","background-repeat":"repeat","background-position":"center center","background-size":"auto","background-attachment":"scroll","background-type":"","background-media":"","overlay-type":"","overlay-color":"","overlay-opacity":"","overlay-gradient":""},"mobile":{"background-color":"var(--ast-global-color-5)","background-image":"","background-repeat":"repeat","background-position":"center center","background-size":"auto","background-attachment":"scroll","background-type":"","background-media":"","overlay-type":"","overlay-color":"","overlay-opacity":"","overlay-gradient":""}},"footnotes":""},"class_list":["post-7357","page","type-page","status-publish","hentry"],"post_mailing_queue_ids":[],"_links":{"self":[{"href":"https:\/\/agora.xtec.cat\/iescirvianum\/wp-json\/wp\/v2\/pages\/7357","targetHints":{"allow":["GET"]}}],"collection":[{"href":"https:\/\/agora.xtec.cat\/iescirvianum\/wp-json\/wp\/v2\/pages"}],"about":[{"href":"https:\/\/agora.xtec.cat\/iescirvianum\/wp-json\/wp\/v2\/types\/page"}],"author":[{"embeddable":true,"href":"https:\/\/agora.xtec.cat\/iescirvianum\/wp-json\/wp\/v2\/users\/1"}],"replies":[{"embeddable":true,"href":"https:\/\/agora.xtec.cat\/iescirvianum\/wp-json\/wp\/v2\/comments?post=7357"}],"version-history":[{"count":3,"href":"https:\/\/agora.xtec.cat\/iescirvianum\/wp-json\/wp\/v2\/pages\/7357\/revisions"}],"predecessor-version":[{"id":7367,"href":"https:\/\/agora.xtec.cat\/iescirvianum\/wp-json\/wp\/v2\/pages\/7357\/revisions\/7367"}],"wp:attachment":[{"href":"https:\/\/agora.xtec.cat\/iescirvianum\/wp-json\/wp\/v2\/media?parent=7357"}],"curies":[{"name":"wp","href":"https:\/\/api.w.org\/{rel}","templated":true}]}}