{"id":6582,"date":"2022-03-09T13:32:21","date_gmt":"2022-03-09T12:32:21","guid":{"rendered":"https:\/\/agora.xtec.cat\/iescirvianum\/?page_id=6582"},"modified":"2022-03-09T13:36:13","modified_gmt":"2022-03-09T12:36:13","slug":"enquesta-deskcohort","status":"publish","type":"page","link":"https:\/\/agora.xtec.cat\/iescirvianum\/enquesta-deskcohort\/","title":{"rendered":"Enquesta Deskcohort"},"content":{"rendered":"<p><img loading=\"lazy\" decoding=\"async\" class=\"aligncenter size-full wp-image-6588\" src=\"https:\/\/agora.xtec.cat\/iescirvianum\/wp-content\/uploads\/usu134\/2022\/03\/deskcohort_logo.jpg\" alt=\"\" width=\"1200\" height=\"150\" srcset=\"https:\/\/agora.xtec.cat\/iescirvianum\/wp-content\/uploads\/usu134\/2022\/03\/deskcohort_logo.jpg 1200w, https:\/\/agora.xtec.cat\/iescirvianum\/wp-content\/uploads\/usu134\/2022\/03\/deskcohort_logo-300x38.jpg 300w, https:\/\/agora.xtec.cat\/iescirvianum\/wp-content\/uploads\/usu134\/2022\/03\/deskcohort_logo-1024x128.jpg 1024w, https:\/\/agora.xtec.cat\/iescirvianum\/wp-content\/uploads\/usu134\/2022\/03\/deskcohort_logo-768x96.jpg 768w\" sizes=\"auto, (max-width: 1200px) 100vw, 1200px\" \/><\/p>\n<p>Benvolgudes fam\u00edlies,<\/p>\n<p>Des de la Universitat de Vic &#8211; Universitat Central de Catalunya, amb el suport del Departament d&#8217;Educaci\u00f3, inicien la segona onada del projecte\u00a0<strong>Deskcohort<\/strong>\u00a0(la primera es va realitzar el curs 2019-20). Aquesta enquesta tracta sobre q\u00fcestions relacionades amb l&#8217;adolesc\u00e8ncia i la salut. Ens demanen la col\u00b7laboraci\u00f3 als centres de secund\u00e0ria de la Catalunya central.<\/p>\n<p>Consisteix en una enquesta telem\u00e0tica que s&#8217;administra a l&#8217;alumnat de\u00a0<b>2n d&#8217;ESO, 4t d&#8217;ESO, Cicle Formatiu de Grau B\u00e0sic, 2n de Batxillerat, i darrer curs dels Cicles Formatius de Grau Mitj\u00e0<\/b>. L&#8217;enquesta \u00e9s passada directament per personal de la UVic.<\/p>\n<p>La participaci\u00f3 \u00e9s\u00a0<strong>volunt\u00e0ria<\/strong>, i encara que accepteu ara, sempre podeu donar el vostre fill\/a de baixa de l&#8217;enquesta.<\/p>\n<p>Us adjuntem el\u00a0<strong>full de consentiment<\/strong>\u00a0de les fam\u00edlies. En cas que autoritzeu que els vostres fills\/es hi participin, caldria entregar el full signat als tutors\/es abans del\u00a0<strong>15 de desembre<\/strong>\u00a0(des de tutoria, s&#8217;ha entregat el full en paper a tot l&#8217;alumnat).<\/p>\n<p>Moltes gr\u00e0cies per la vostra atenci\u00f3.<\/p>\n<p>A continuaci\u00f3 podeu descarregar m\u00e9s informaci\u00f3 sobre el projecte i a corresponent <strong>autoritzaci\u00f3<\/strong> que caldria signar en format <a href=\"https:\/\/agora.xtec.cat\/iescirvianum\/wp-content\/uploads\/usu134\/2022\/03\/consentiment_desk_cohort_families_2na_onada-3.docx\" target=\"_blank\" rel=\"noopener\">.docx<\/a> i en <a href=\"https:\/\/agora.xtec.cat\/iescirvianum\/wp-content\/uploads\/usu134\/2022\/03\/Consentiment-Deskcohort-pdf.pdf\" target=\"_blank\" rel=\"noopener\">pdf.<\/a><\/p>\n<table class=\" aligncenter\" style=\"border-collapse: collapse; width: 27.8022%; height: 158px;\">\n<tbody>\n<tr>\n<td style=\"width: 56.0424%;\"><a href=\"https:\/\/agora.xtec.cat\/iescirvianum\/wp-content\/uploads\/usu134\/2022\/03\/consentiment_desk_cohort_families_2na_onada-3.docx\"><img loading=\"lazy\" decoding=\"async\" class=\"aligncenter wp-image-6586 size-thumbnail\" src=\"https:\/\/agora.xtec.cat\/iescirvianum\/wp-content\/uploads\/usu134\/2022\/03\/word-150x150.png\" alt=\"\" width=\"150\" height=\"150\" srcset=\"https:\/\/agora.xtec.cat\/iescirvianum\/wp-content\/uploads\/usu134\/2022\/03\/word-150x150.png 150w, https:\/\/agora.xtec.cat\/iescirvianum\/wp-content\/uploads\/usu134\/2022\/03\/word-300x300.png 300w, https:\/\/agora.xtec.cat\/iescirvianum\/wp-content\/uploads\/usu134\/2022\/03\/word-768x768.png 768w, https:\/\/agora.xtec.cat\/iescirvianum\/wp-content\/uploads\/usu134\/2022\/03\/word.png 920w\" sizes=\"auto, (max-width: 150px) 100vw, 150px\" \/><\/a><\/td>\n<td style=\"width: 74.5824%;\"><a href=\"https:\/\/agora.xtec.cat\/iescirvianum\/wp-content\/uploads\/usu134\/2022\/03\/Consentiment-Deskcohort-pdf.pdf\"><img loading=\"lazy\" decoding=\"async\" class=\"aligncenter wp-image-6585 size-thumbnail\" src=\"https:\/\/agora.xtec.cat\/iescirvianum\/wp-content\/uploads\/usu134\/2022\/03\/pdf-150x150.png\" alt=\"\" width=\"150\" height=\"150\" \/><\/a><\/td>\n<\/tr>\n<\/tbody>\n<\/table>\n","protected":false},"excerpt":{"rendered":"<p>Benvolgudes fam\u00edlies, Des de la Universitat de Vic &#8211; Universitat Central de Catalunya, amb el suport del Departament d&#8217;Educaci\u00f3, inicien la segona onada del projecte\u00a0Deskcohort\u00a0(la primera es va realitzar el curs 2019-20). Aquesta enquesta tracta sobre q\u00fcestions relacionades amb l&#8217;adolesc\u00e8ncia i la salut. Ens demanen la col\u00b7laboraci\u00f3 als centres de secund\u00e0ria de la Catalunya central. [&hellip;]<\/p>\n","protected":false},"author":1,"featured_media":0,"parent":0,"menu_order":0,"comment_status":"closed","ping_status":"closed","template":"","meta":{"site-sidebar-layout":"default","site-content-layout":"","ast-site-content-layout":"","site-content-style":"default","site-sidebar-style":"default","ast-global-header-display":"","ast-banner-title-visibility":"","ast-main-header-display":"","ast-hfb-above-header-display":"","ast-hfb-below-header-display":"","ast-hfb-mobile-header-display":"","site-post-title":"","ast-breadcrumbs-content":"","ast-featured-img":"","footer-sml-layout":"","theme-transparent-header-meta":"","adv-header-id-meta":"","stick-header-meta":"","header-above-stick-meta":"","header-main-stick-meta":"","header-below-stick-meta":"","astra-migrate-meta-layouts":"default","ast-page-background-enabled":"default","ast-page-background-meta":{"desktop":{"background-color":"var(--ast-global-color-4)","background-image":"","background-repeat":"repeat","background-position":"center center","background-size":"auto","background-attachment":"scroll","background-type":"","background-media":"","overlay-type":"","overlay-color":"","overlay-opacity":"","overlay-gradient":""},"tablet":{"background-color":"","background-image":"","background-repeat":"repeat","background-position":"center center","background-size":"auto","background-attachment":"scroll","background-type":"","background-media":"","overlay-type":"","overlay-color":"","overlay-opacity":"","overlay-gradient":""},"mobile":{"background-color":"","background-image":"","background-repeat":"repeat","background-position":"center center","background-size":"auto","background-attachment":"scroll","background-type":"","background-media":"","overlay-type":"","overlay-color":"","overlay-opacity":"","overlay-gradient":""}},"ast-content-background-meta":{"desktop":{"background-color":"var(--ast-global-color-5)","background-image":"","background-repeat":"repeat","background-position":"center center","background-size":"auto","background-attachment":"scroll","background-type":"","background-media":"","overlay-type":"","overlay-color":"","overlay-opacity":"","overlay-gradient":""},"tablet":{"background-color":"var(--ast-global-color-5)","background-image":"","background-repeat":"repeat","background-position":"center center","background-size":"auto","background-attachment":"scroll","background-type":"","background-media":"","overlay-type":"","overlay-color":"","overlay-opacity":"","overlay-gradient":""},"mobile":{"background-color":"var(--ast-global-color-5)","background-image":"","background-repeat":"repeat","background-position":"center center","background-size":"auto","background-attachment":"scroll","background-type":"","background-media":"","overlay-type":"","overlay-color":"","overlay-opacity":"","overlay-gradient":""}},"footnotes":""},"class_list":["post-6582","page","type-page","status-publish","hentry"],"post_mailing_queue_ids":[],"_links":{"self":[{"href":"https:\/\/agora.xtec.cat\/iescirvianum\/wp-json\/wp\/v2\/pages\/6582","targetHints":{"allow":["GET"]}}],"collection":[{"href":"https:\/\/agora.xtec.cat\/iescirvianum\/wp-json\/wp\/v2\/pages"}],"about":[{"href":"https:\/\/agora.xtec.cat\/iescirvianum\/wp-json\/wp\/v2\/types\/page"}],"author":[{"embeddable":true,"href":"https:\/\/agora.xtec.cat\/iescirvianum\/wp-json\/wp\/v2\/users\/1"}],"replies":[{"embeddable":true,"href":"https:\/\/agora.xtec.cat\/iescirvianum\/wp-json\/wp\/v2\/comments?post=6582"}],"version-history":[{"count":3,"href":"https:\/\/agora.xtec.cat\/iescirvianum\/wp-json\/wp\/v2\/pages\/6582\/revisions"}],"predecessor-version":[{"id":6592,"href":"https:\/\/agora.xtec.cat\/iescirvianum\/wp-json\/wp\/v2\/pages\/6582\/revisions\/6592"}],"wp:attachment":[{"href":"https:\/\/agora.xtec.cat\/iescirvianum\/wp-json\/wp\/v2\/media?parent=6582"}],"curies":[{"name":"wp","href":"https:\/\/api.w.org\/{rel}","templated":true}]}}