{"id":575,"date":"2017-02-06T11:36:37","date_gmt":"2017-02-06T10:36:37","guid":{"rendered":"http:\/\/agora.xtec.cat\/iescirvianum\/?page_id=575"},"modified":"2025-07-23T09:22:24","modified_gmt":"2025-07-23T07:22:24","slug":"ampa","status":"publish","type":"page","link":"https:\/\/agora.xtec.cat\/iescirvianum\/ampa\/","title":{"rendered":"AFA"},"content":{"rendered":"<div><\/div>\n<div><\/div>\n<div style=\"align: center; line-height: 0px; border: 3px solid red; border-radius: 5px;\"><\/div>\n<div><\/div>\n<p style=\"text-align: center;\"><a href=\"https:\/\/agora.xtec.cat\/iescirvianum\/wp-content\/uploads\/usu134\/2025\/07\/Captura-de-pantalla-2025-07-23-a-les-8.46.32.png\"><img loading=\"lazy\" decoding=\"async\" class=\"alignnone size-full wp-image-8581\" src=\"https:\/\/agora.xtec.cat\/iescirvianum\/wp-content\/uploads\/usu134\/2025\/07\/Captura-de-pantalla-2025-07-23-a-les-8.46.32.png\" alt=\"\" width=\"163\" height=\"159\" \/><\/a><\/p>\n<p><strong>Qu\u00e8 \u00e9s l\u2019Associaci\u00f3 de Fam\u00edlies (AFA)?<\/strong><\/p>\n<p>L&#8217;Associaci\u00f3 de Fam\u00edlies de l\u2019Institut Cirvianum \u00e9s un col\u00b7lectiu de fam\u00edlies que treballen conjuntament amb l&#8217;equip educatiu per millorar la qualitat de l&#8217;educaci\u00f3 i crear un ambient positiu i col\u00b7laboratiu per als nostres fills i filles.<\/p>\n<p>A l\u2019AFA, volem ser un canal de comunicaci\u00f3 obert entre les fam\u00edlies i el centre. El nostre objectiu \u00e9s fomentar la implicaci\u00f3 de tots els membres de la comunitat educativa per aconseguir una educaci\u00f3 de qualitat i un entorn d&#8217;aprenentatge enriquidor.<br \/>\nEl Nou Logotip i Canvi de Nomenclatura<\/p>\n<p>Aquest any, l\u2019AFA ha estrenat un nou logotip. Aquest canvi forma part de la decisi\u00f3 que es va prendre aquest curs de substituir el nom d&#8217;AMPA (Associaci\u00f3 de Mares i Pares d\u2019Alumnes) per AFA (Associaci\u00f3 de Fam\u00edlies d\u2019Alumnes). Aquest canvi de nomenclatura t\u00e9 com a objectiu donar cabuda a tota la diversitat de fam\u00edlies que formen part de la nostra escola i de la nostra societat. A la vegada, vam voler renovar la imatge de l\u2019associaci\u00f3 perqu\u00e8 sigui m\u00e9s representativa de la nostra comunitat.<\/p>\n<p><strong>Qui som?<\/strong><\/p>\n<p>Els MEMBRES de la Junta de l\u2019AFA pel curs 2025-2026<\/p>\n<ul>\n<li>Presidenta: Biana Resina<\/li>\n<li>Tesoreria: Irene Serrano<\/li>\n<li>Secretaria: Eva Ferrer<\/li>\n<li>Vocals que formen part de diferents comissions: Elisabeth Cazorla, Anna Pous, Marc Fontser\u00e8, M\u00baAngles Arias, Gemma Serra i Elisabet Corrius.<\/li>\n<\/ul>\n<p>Pel curs 2025-2026 esperem comtar amb tu, i per aix\u00f2 us animem a participar. Qualsevol tipus de col\u00b7laboraci\u00f3 ser\u00e0 benvinguda, sempre tenint en compte el millor per als nostres fills\/es.<br \/>\nPer contactar amb L\u2019AFA: <strong>afa@cirvianum@cat<\/strong><\/p>\n<p><strong>Per qu\u00e8 \u00e9s important formar part de l\u2019AFA?<\/strong><br \/>\nSer membre de l\u2019AFA et permet:<br \/>\n&#8211; Estar al dia de tot el que passa al centre: Participar en les decisions que afecten els nostres fills i filles.<br \/>\n&#8211; Col\u00b7laborar en iniciatives educatives i socials: T\u2019ajudem a involucrar-te en prendre decisions en projectes i esdeveniments que beneficien els alumnes.<br \/>\n&#8211; Mantenir un di\u00e0leg constant amb l\u2019equip directiu: Fomentem la comunicaci\u00f3 fluida entre fam\u00edlies i direcci\u00f3 per garantir el millor per als nostres fills.<\/p>\n<p><strong>Com pots participar?<\/strong><br \/>\nA l&#8217;AFA, creiem que cada fam\u00edlia t\u00e9 alguna cosa valuosa per aportar. Podries participar de diverses maneres:<br \/>\nAssistint a les reunions de la Junta: Ens reunim de forma ordin\u00e0ria una vegada al mest. \u00c9s el moment per discutir temes importants i plantejar iniciatives.<\/p>\n<p>Participar a l&#8217;Assemblea General de l\u2019AFA: En aquesta assemblea, presentem la mem\u00f2ria del curs anterior, l\u2019estat de comptes i el pressupost per al curs actual. A m\u00e9s, \u00e9s un bon espai per con\u00e8ixer altres fam\u00edlies i aportar les teves idees.<br \/>\nDonant suport a la presa de decisions: La teva opini\u00f3 \u00e9s imprescindible per organitzar i realitzar diverses projectes i iniciatives al llarg del curs.<\/p>\n<p><strong>Quines activitats subvencionem?<\/strong><br \/>\nA l&#8217;AFA estem compromesos amb el desenvolupament dels nostres fills i filles. Per aix\u00f2, subvencionem diverses activitats i projectes que beneficien tota la comunitat educativa:<\/p>\n<ul>\n<li>Festa de les Arts: Col\u00b7laborem en aquesta activitat cultural tan important.<\/li>\n<li>Premi de Treballs de Recerca de Batxillerat: Amb un import de 500\u20ac per categoria. Regals per a les excel\u00b7l\u00e8ncies:<\/li>\n<li>Finan\u00e7ament de premis per als alumnes amb millor rendiment acad\u00e8mic.<\/li>\n<li>Activitat de piscina per als alumnes de 1r d\u2019ESO.<\/li>\n<li>Festes de graduaci\u00f3 dels alumnes de 4t d&#8217;ESO i de comiat dels alumnes de 2n de Batxillerat.<\/li>\n<li>Financem els regals de les excel\u00b7l\u00e8ncies que es donen cada any a finals de curs.<\/li>\n<li>Material did\u00e0ctic per als departaments del centre (Enquadernadora, material per als laboratoris, ordinadors, METEO, rentacaps, .. etc.).<\/li>\n<\/ul>\n<p><strong>Com puc inscriure\u2019m?<\/strong><\/p>\n<p><strong>Inscriure\u2019s a l\u2019AFA \u00e9s molt senzill<\/strong>! Envia\u2019ns un email a <strong>afa@cirvianum.cat<\/strong>. Totes les fam\u00edlies s\u00f3n benvingudes a participar!<br \/>\nParticipa i fes la difer\u00e8ncia!<\/p>\n<p>La teva implicaci\u00f3 \u00e9s essencial per garantir que els nostres fills i filles rebin el millor suport durant la seva etapa educativa. La Junta de l&#8217;AFA et convida a participar en totes les iniciatives que organitzem i, a aportar les teves idees per fer de l\u2019Institut un lloc millor per a tothom. Qualsevol tipus de col\u00b7laboraci\u00f3 ser\u00e0 sempre benvinguda.<\/p>\n<p>Us deixem un enlla\u00e7 a la presentaci\u00f3 que es va mostrar a l&#8217;\u00faltima assamblea de l&#8217;AFA. Creiem que resumeix molt b\u00e9 tot el que l&#8217;Associ\u00f3 de Fam\u00edlies estem fent durant el curs. Esperem que ho trobeu interessant.<\/p>\n<p><strong><a href=\"https:\/\/agora.xtec.cat\/iescirvianum\/wp-content\/uploads\/usu134\/2025\/07\/Assemblea-24-25.pptx\">Assemblea 24-25<\/a><\/strong><\/p>\n<p>&nbsp;<\/p>\n","protected":false},"excerpt":{"rendered":"<p>Qu\u00e8 \u00e9s l\u2019Associaci\u00f3 de Fam\u00edlies (AFA)? L&#8217;Associaci\u00f3 de Fam\u00edlies de l\u2019Institut Cirvianum \u00e9s un col\u00b7lectiu de fam\u00edlies que treballen conjuntament amb l&#8217;equip educatiu per millorar la qualitat de l&#8217;educaci\u00f3 i crear un ambient positiu i col\u00b7laboratiu per als nostres fills i filles. A l\u2019AFA, volem ser un canal de comunicaci\u00f3 obert entre les fam\u00edlies i [&hellip;]<\/p>\n","protected":false},"author":1,"featured_media":0,"parent":0,"menu_order":0,"comment_status":"closed","ping_status":"closed","template":"","meta":{"site-sidebar-layout":"default","site-content-layout":"","ast-site-content-layout":"","site-content-style":"default","site-sidebar-style":"default","ast-global-header-display":"","ast-banner-title-visibility":"","ast-main-header-display":"","ast-hfb-above-header-display":"","ast-hfb-below-header-display":"","ast-hfb-mobile-header-display":"","site-post-title":"","ast-breadcrumbs-content":"","ast-featured-img":"","footer-sml-layout":"","theme-transparent-header-meta":"","adv-header-id-meta":"","stick-header-meta":"","header-above-stick-meta":"","header-main-stick-meta":"","header-below-stick-meta":"","astra-migrate-meta-layouts":"default","ast-page-background-enabled":"default","ast-page-background-meta":{"desktop":{"background-color":"var(--ast-global-color-4)","background-image":"","background-repeat":"repeat","background-position":"center center","background-size":"auto","background-attachment":"scroll","background-type":"","background-media":"","overlay-type":"","overlay-color":"","overlay-opacity":"","overlay-gradient":""},"tablet":{"background-color":"","background-image":"","background-repeat":"repeat","background-position":"center center","background-size":"auto","background-attachment":"scroll","background-type":"","background-media":"","overlay-type":"","overlay-color":"","overlay-opacity":"","overlay-gradient":""},"mobile":{"background-color":"","background-image":"","background-repeat":"repeat","background-position":"center center","background-size":"auto","background-attachment":"scroll","background-type":"","background-media":"","overlay-type":"","overlay-color":"","overlay-opacity":"","overlay-gradient":""}},"ast-content-background-meta":{"desktop":{"background-color":"var(--ast-global-color-5)","background-image":"","background-repeat":"repeat","background-position":"center center","background-size":"auto","background-attachment":"scroll","background-type":"","background-media":"","overlay-type":"","overlay-color":"","overlay-opacity":"","overlay-gradient":""},"tablet":{"background-color":"var(--ast-global-color-5)","background-image":"","background-repeat":"repeat","background-position":"center center","background-size":"auto","background-attachment":"scroll","background-type":"","background-media":"","overlay-type":"","overlay-color":"","overlay-opacity":"","overlay-gradient":""},"mobile":{"background-color":"var(--ast-global-color-5)","background-image":"","background-repeat":"repeat","background-position":"center center","background-size":"auto","background-attachment":"scroll","background-type":"","background-media":"","overlay-type":"","overlay-color":"","overlay-opacity":"","overlay-gradient":""}},"footnotes":""},"class_list":["post-575","page","type-page","status-publish","hentry"],"post_mailing_queue_ids":[],"_links":{"self":[{"href":"https:\/\/agora.xtec.cat\/iescirvianum\/wp-json\/wp\/v2\/pages\/575","targetHints":{"allow":["GET"]}}],"collection":[{"href":"https:\/\/agora.xtec.cat\/iescirvianum\/wp-json\/wp\/v2\/pages"}],"about":[{"href":"https:\/\/agora.xtec.cat\/iescirvianum\/wp-json\/wp\/v2\/types\/page"}],"author":[{"embeddable":true,"href":"https:\/\/agora.xtec.cat\/iescirvianum\/wp-json\/wp\/v2\/users\/1"}],"replies":[{"embeddable":true,"href":"https:\/\/agora.xtec.cat\/iescirvianum\/wp-json\/wp\/v2\/comments?post=575"}],"version-history":[{"count":6,"href":"https:\/\/agora.xtec.cat\/iescirvianum\/wp-json\/wp\/v2\/pages\/575\/revisions"}],"predecessor-version":[{"id":8586,"href":"https:\/\/agora.xtec.cat\/iescirvianum\/wp-json\/wp\/v2\/pages\/575\/revisions\/8586"}],"wp:attachment":[{"href":"https:\/\/agora.xtec.cat\/iescirvianum\/wp-json\/wp\/v2\/media?parent=575"}],"curies":[{"name":"wp","href":"https:\/\/api.w.org\/{rel}","templated":true}]}}