{"id":5552,"date":"2021-05-20T14:22:28","date_gmt":"2021-05-20T12:22:28","guid":{"rendered":"https:\/\/agora.xtec.cat\/iescirvianum\/?page_id=5552"},"modified":"2025-03-25T17:28:40","modified_gmt":"2025-03-25T16:28:40","slug":"batxillerat","status":"publish","type":"page","link":"https:\/\/agora.xtec.cat\/iescirvianum\/estudis\/batxillerat\/","title":{"rendered":"Batxillerat"},"content":{"rendered":"<h5><img loading=\"lazy\" decoding=\"async\" class=\"aligncenter size-full wp-image-8222\" src=\"https:\/\/agora.xtec.cat\/iescirvianum\/wp-content\/uploads\/usu134\/2024\/09\/Batxillerat_dreta-1.png\" alt=\"\" width=\"610\" height=\"250\" srcset=\"https:\/\/agora.xtec.cat\/iescirvianum\/wp-content\/uploads\/usu134\/2024\/09\/Batxillerat_dreta-1.png 610w, https:\/\/agora.xtec.cat\/iescirvianum\/wp-content\/uploads\/usu134\/2024\/09\/Batxillerat_dreta-1-300x123.png 300w\" sizes=\"auto, (max-width: 610px) 100vw, 610px\" \/><\/h5>\n<h5 style=\"color: #000080; font-size: 2em;\"><span style=\"color: #000080;\"><strong>Introducci\u00f3<\/strong><\/span><\/h5>\n<p style=\"color: #000000; font-size: 1.2em; text-align: justify;\">El batxillerat forma part de l&#8217;educaci\u00f3 secund\u00e0ria postobligat\u00f2ria i es distribueix en dos cursos acad\u00e8mics. Es desenvolupa en diverses modalitats, s&#8217;organitza de manera oberta i flexible i, si cal, en vies diferents dins de cada modalitat, per tal d&#8217;oferir un itinerari personalitzat a l&#8217;alumnat d&#8217;acord amb les seves perspectives i interessos de formaci\u00f3.<\/p>\n<p style=\"color: #000000; font-size: 1.2em; text-align: justify;\">El batxillerat \u00e9s l&#8217;etapa que es cursa normalment entre els 16 i els 18 anys, tot i que \u00e9s oberta a persones de qualsevol edat, ja sigui de manera presencial o telem\u00e0tica a trav\u00e9s de l&#8217;Institut Obert de Catalunya (IOC). \u00c9s un cicle format per dos cursos de trenta hores lectives setmanals.<br \/>\nEl batxillerat prepara els i les alumnes per a la seva incorporaci\u00f3 a estudis posteriors, tant professionals com universitaris, i per a l&#8217;acc\u00e9s al m\u00f3n laboral.<\/p>\n<h5 style=\"color: #000080; font-size: 2em;\"><span style=\"color: #000080;\"><strong>Modalitats<\/strong><\/span><\/h5>\n<p style=\"color: #000000; font-size: 1.2em; text-align: justify;\"><strong>A l&#8217;Institut Cirvi\u00e0num de Torell\u00f3<\/strong>, es pot escollir entre tres modalitats de batxillerat: <a href=\"https:\/\/sites.google.com\/cirvianum.cat\/batxillerat-itineraris-2527\"><strong>arts, ci\u00e8ncies i tecnologia, i humanitats i <\/strong><strong>ci\u00e8ncies socials<\/strong><\/a>.<\/p>\n<p style=\"color: #000000; font-size: 1.2em; text-align: justify;\">El curr\u00edculum de batxillerat consta d&#8217;una part comuna (les mat\u00e8ries comunes) i una part diversificada (la mat\u00e8ria comuna d&#8217;opci\u00f3, les mat\u00e8ries de modalitat, les mat\u00e8ries espec\u00edfiques i el treball de recerca). A m\u00e9s, els alumnes tenen assignada una hora setmanal de tutoria.<\/p>\n<p style=\"color: #000000; font-size: 1.2em; text-align: justify;\">En cada curs, de les trenta hores lectives setmanals, catorze es dediquen a les mat\u00e8ries comunes i la tutoria, i les setze restants, a la part diversificada.<\/p>\n<div id='gallery-1' class='gallery galleryid-5552 gallery-columns-3 gallery-size-large'><figure class='gallery-item'>\n\t\t\t<div class='gallery-icon landscape'>\n\t\t\t\t<img loading=\"lazy\" decoding=\"async\" width=\"565\" height=\"424\" src=\"https:\/\/agora.xtec.cat\/iescirvianum\/wp-content\/uploads\/usu134\/2021\/05\/art.jpg\" class=\"attachment-large size-large\" alt=\"\" aria-describedby=\"gallery-1-5572\" srcset=\"https:\/\/agora.xtec.cat\/iescirvianum\/wp-content\/uploads\/usu134\/2021\/05\/art.jpg 565w, https:\/\/agora.xtec.cat\/iescirvianum\/wp-content\/uploads\/usu134\/2021\/05\/art-300x225.jpg 300w, https:\/\/agora.xtec.cat\/iescirvianum\/wp-content\/uploads\/usu134\/2021\/05\/art-200x150.jpg 200w\" sizes=\"auto, (max-width: 565px) 100vw, 565px\" \/>\n\t\t\t<\/div>\n\t\t\t\t<figcaption class='wp-caption-text gallery-caption' id='gallery-1-5572'>\n\t\t\t\tArts\n\t\t\t\t<\/figcaption><\/figure><figure class='gallery-item'>\n\t\t\t<div class='gallery-icon landscape'>\n\t\t\t\t<img loading=\"lazy\" decoding=\"async\" width=\"565\" height=\"424\" src=\"https:\/\/agora.xtec.cat\/iescirvianum\/wp-content\/uploads\/usu134\/2021\/05\/ciencies-tecnologia.png\" class=\"attachment-large size-large\" alt=\"\" aria-describedby=\"gallery-1-5573\" srcset=\"https:\/\/agora.xtec.cat\/iescirvianum\/wp-content\/uploads\/usu134\/2021\/05\/ciencies-tecnologia.png 565w, https:\/\/agora.xtec.cat\/iescirvianum\/wp-content\/uploads\/usu134\/2021\/05\/ciencies-tecnologia-300x225.png 300w, https:\/\/agora.xtec.cat\/iescirvianum\/wp-content\/uploads\/usu134\/2021\/05\/ciencies-tecnologia-200x150.png 200w\" sizes=\"auto, (max-width: 565px) 100vw, 565px\" \/>\n\t\t\t<\/div>\n\t\t\t\t<figcaption class='wp-caption-text gallery-caption' id='gallery-1-5573'>\n\t\t\t\tCi\u00e8ncies i Tecnologia\n\t\t\t\t<\/figcaption><\/figure><figure class='gallery-item'>\n\t\t\t<div class='gallery-icon landscape'>\n\t\t\t\t<img loading=\"lazy\" decoding=\"async\" width=\"565\" height=\"424\" src=\"https:\/\/agora.xtec.cat\/iescirvianum\/wp-content\/uploads\/usu134\/2021\/05\/humanitats.jpg\" class=\"attachment-large size-large\" alt=\"\" aria-describedby=\"gallery-1-5571\" srcset=\"https:\/\/agora.xtec.cat\/iescirvianum\/wp-content\/uploads\/usu134\/2021\/05\/humanitats.jpg 565w, https:\/\/agora.xtec.cat\/iescirvianum\/wp-content\/uploads\/usu134\/2021\/05\/humanitats-300x225.jpg 300w, https:\/\/agora.xtec.cat\/iescirvianum\/wp-content\/uploads\/usu134\/2021\/05\/humanitats-200x150.jpg 200w\" sizes=\"auto, (max-width: 565px) 100vw, 565px\" \/>\n\t\t\t<\/div>\n\t\t\t\t<figcaption class='wp-caption-text gallery-caption' id='gallery-1-5571'>\n\t\t\t\tHumanitats i ci\u00e8ncies socials\n\t\t\t\t<\/figcaption><\/figure>\n\t\t<\/div>\n\n<h5 style=\"color: #000080; font-size: 2em;\"><span style=\"color: #000080;\"><strong>Acc\u00e9s:<\/strong><\/span><\/h5>\n<p style=\"color: #000000; font-size: 1.2em; text-align: justify;\">Per accedir al batxillerat cal tenir algun dels t\u00edtols seg\u00fcents:<\/p>\n<ul style=\"color: #000000; font-size: 1.2em; text-align: justify;\">\n<li>Graduat en educaci\u00f3 secund\u00e0ria obligat\u00f2ria (GESO), t\u00e8cnic d\u2019un cicle formatiu de grau mitj\u00e0 o t\u00e8cnic superior<br \/>\nd\u2019un cicle formatiu de grau superior (en aquests casos es pot demanar la convalidaci\u00f3 de mat\u00e8ries espec\u00edfiques i del treball de recerca),<\/li>\n<li>haver cursat estudis de sistemes educatius estrangers que hagin estat homologats al t\u00edtol de GESO o al t\u00edtol de t\u00e8cnic. L&#8217;homologaci\u00f3 s&#8217;acredita mitjan\u00e7ant la credencial corresponent o b\u00e9, si aquesta encara est\u00e0 en tr\u00e0mit,<br \/>\npresentant el &#8220;Volant per a la inscripci\u00f3 condicional en centres educatius&#8221;.<\/li>\n<\/ul>\n<p style=\"color: #000000; font-size: 1.2em; text-align: justify;\">Per accedir per primera vegada en un centre sufragat amb fons p\u00fablics per cursar batxillerat cal formalitzar la preinscripci\u00f3 en el termini fixat.<\/p>\n<p style=\"color: #000000; font-size: 1.2em; text-align: justify;\">Tamb\u00e9 s&#8217;ha de presentar la sol\u00b7licitud de preinscripci\u00f3 per poder accedir al batxillerat si s&#8217;est\u00e0 cursant o s&#8217;ha cursat un cicle formatiu, encara que s&#8217;imparteixi en el mateix centre o aula on s&#8217;est\u00e0 matriculat.<\/p>\n<p style=\"color: #000000; font-size: 1.2em; text-align: justify;\">Aquest estudi \u00e9s gratu\u00eft en els centres dependents del Departament d&#8217;Educaci\u00f3. Per a la resta de centres, consulteu l&#8217;import en el centre corresponent.<\/p>\n<h5><\/h5>\n<h4><span style=\"color: #000080;\"><span style=\"font-size: 32px;\">Itineraris de Batxillerat que s&#8217;ofereixen al Cirvi\u00e0num<\/span><\/span><\/h4>\n<p><a href=\"https:\/\/sites.google.com\/cirvianum.cat\/batxillerat-itineraris-2527\"><img loading=\"lazy\" decoding=\"async\" class=\"aligncenter wp-image-8369\" src=\"https:\/\/agora.xtec.cat\/iescirvianum\/wp-content\/uploads\/usu134\/2025\/03\/SitesItnineraris.jpg\" alt=\"\" width=\"835\" height=\"356\" \/><\/a><\/p>\n<h5 style=\"color: #000080; font-size: 2em;\"><span style=\"color: #000080;\"><strong>Continu\u00eftat<\/strong><\/span><\/h5>\n<p style=\"color: #000000; font-size: 1.2em; text-align: justify;\">Amb el t\u00edtol de batxillerat es pot accedir :<\/p>\n<ul style=\"color: #000000; font-size: 1.2em; text-align: justify;\">\n<li>a la universitat (un cop aprovades les proves d&#8217;acc\u00e9s);<\/li>\n<li>a un cicle formatiu de grau superior de formaci\u00f3 professional o a un cicle formatiu de grau superior d&#8217;arts<br \/>\npl\u00e0stiques i disseny;<\/li>\n<li>a un cicle formatiu de grau superior d\u2019ensenyaments esportius, si es tenen els requisits d\u2019acc\u00e9s;<\/li>\n<li>als ensenyaments superiors art\u00edstics (un cop superada una prova espec\u00edfica d&#8217;acc\u00e9s), i<\/li>\n<li>al m\u00f3n laboral&#8230;.<\/li>\n<\/ul>\n<h5 dir=\"ltr\" data-placeholder=\"Traducci\u00f3\"><\/h5>\n<h5 dir=\"ltr\" style=\"text-align: left;\" data-placeholder=\"Traducci\u00f3\"><\/h5>\n<h5 dir=\"ltr\" data-placeholder=\"Traducci\u00f3\"><\/h5>\n<h5 dir=\"ltr\" data-placeholder=\"Traducci\u00f3\"><\/h5>\n<p>&nbsp;<\/p>\n","protected":false},"excerpt":{"rendered":"<p>Introducci\u00f3 El batxillerat forma part de l&#8217;educaci\u00f3 secund\u00e0ria postobligat\u00f2ria i es distribueix en dos cursos acad\u00e8mics. Es desenvolupa en diverses modalitats, s&#8217;organitza de manera oberta i flexible i, si cal, en vies diferents dins de cada modalitat, per tal d&#8217;oferir un itinerari personalitzat a l&#8217;alumnat d&#8217;acord amb les seves perspectives i interessos de formaci\u00f3. El [&hellip;]<\/p>\n","protected":false},"author":1,"featured_media":0,"parent":195,"menu_order":4,"comment_status":"closed","ping_status":"closed","template":"page-templates\/side-menu.php","meta":{"site-sidebar-layout":"default","site-content-layout":"","ast-site-content-layout":"","site-content-style":"default","site-sidebar-style":"default","ast-global-header-display":"","ast-banner-title-visibility":"","ast-main-header-display":"","ast-hfb-above-header-display":"","ast-hfb-below-header-display":"","ast-hfb-mobile-header-display":"","site-post-title":"","ast-breadcrumbs-content":"","ast-featured-img":"","footer-sml-layout":"","theme-transparent-header-meta":"","adv-header-id-meta":"","stick-header-meta":"","header-above-stick-meta":"","header-main-stick-meta":"","header-below-stick-meta":"","astra-migrate-meta-layouts":"default","ast-page-background-enabled":"default","ast-page-background-meta":{"desktop":{"background-color":"var(--ast-global-color-4)","background-image":"","background-repeat":"repeat","background-position":"center center","background-size":"auto","background-attachment":"scroll","background-type":"","background-media":"","overlay-type":"","overlay-color":"","overlay-opacity":"","overlay-gradient":""},"tablet":{"background-color":"","background-image":"","background-repeat":"repeat","background-position":"center center","background-size":"auto","background-attachment":"scroll","background-type":"","background-media":"","overlay-type":"","overlay-color":"","overlay-opacity":"","overlay-gradient":""},"mobile":{"background-color":"","background-image":"","background-repeat":"repeat","background-position":"center center","background-size":"auto","background-attachment":"scroll","background-type":"","background-media":"","overlay-type":"","overlay-color":"","overlay-opacity":"","overlay-gradient":""}},"ast-content-background-meta":{"desktop":{"background-color":"var(--ast-global-color-5)","background-image":"","background-repeat":"repeat","background-position":"center center","background-size":"auto","background-attachment":"scroll","background-type":"","background-media":"","overlay-type":"","overlay-color":"","overlay-opacity":"","overlay-gradient":""},"tablet":{"background-color":"var(--ast-global-color-5)","background-image":"","background-repeat":"repeat","background-position":"center center","background-size":"auto","background-attachment":"scroll","background-type":"","background-media":"","overlay-type":"","overlay-color":"","overlay-opacity":"","overlay-gradient":""},"mobile":{"background-color":"var(--ast-global-color-5)","background-image":"","background-repeat":"repeat","background-position":"center center","background-size":"auto","background-attachment":"scroll","background-type":"","background-media":"","overlay-type":"","overlay-color":"","overlay-opacity":"","overlay-gradient":""}},"footnotes":""},"class_list":["post-5552","page","type-page","status-publish","hentry"],"post_mailing_queue_ids":[],"_links":{"self":[{"href":"https:\/\/agora.xtec.cat\/iescirvianum\/wp-json\/wp\/v2\/pages\/5552","targetHints":{"allow":["GET"]}}],"collection":[{"href":"https:\/\/agora.xtec.cat\/iescirvianum\/wp-json\/wp\/v2\/pages"}],"about":[{"href":"https:\/\/agora.xtec.cat\/iescirvianum\/wp-json\/wp\/v2\/types\/page"}],"author":[{"embeddable":true,"href":"https:\/\/agora.xtec.cat\/iescirvianum\/wp-json\/wp\/v2\/users\/1"}],"replies":[{"embeddable":true,"href":"https:\/\/agora.xtec.cat\/iescirvianum\/wp-json\/wp\/v2\/comments?post=5552"}],"version-history":[{"count":6,"href":"https:\/\/agora.xtec.cat\/iescirvianum\/wp-json\/wp\/v2\/pages\/5552\/revisions"}],"predecessor-version":[{"id":8371,"href":"https:\/\/agora.xtec.cat\/iescirvianum\/wp-json\/wp\/v2\/pages\/5552\/revisions\/8371"}],"up":[{"embeddable":true,"href":"https:\/\/agora.xtec.cat\/iescirvianum\/wp-json\/wp\/v2\/pages\/195"}],"wp:attachment":[{"href":"https:\/\/agora.xtec.cat\/iescirvianum\/wp-json\/wp\/v2\/media?parent=5552"}],"curies":[{"name":"wp","href":"https:\/\/api.w.org\/{rel}","templated":true}]}}