{"id":5550,"date":"2021-05-20T14:14:49","date_gmt":"2021-05-20T12:14:49","guid":{"rendered":"https:\/\/agora.xtec.cat\/iescirvianum\/?page_id=5550"},"modified":"2021-09-01T16:36:00","modified_gmt":"2021-09-01T14:36:00","slug":"eso","status":"publish","type":"page","link":"https:\/\/agora.xtec.cat\/iescirvianum\/estudis\/eso\/","title":{"rendered":"ESO"},"content":{"rendered":"<p>L\u2019Institut Cirvi\u00e0num pertany a la xarxa de centres educatius p\u00fablics del Departament d\u2019Ensenyament de la Generalitat de Catalunya. Els nostres <strong>objectius educatius<\/strong> s\u00f3n tres:<\/p>\n<ol>\n<li>Formar alumnes amb excel\u00b7l\u00e8ncia i equitat.<\/li>\n<li>Mantenir un ambient que permeti l\u2019assoliment de les compet\u00e8ncies en un marc de cohesi\u00f3 social.<\/li>\n<li>Reduir l\u2019absentisme i l\u2019abandonament escolar.<\/li>\n<\/ol>\n<p>En conseq\u00fc\u00e8ncia, l\u2019ESO es basa en els seg\u00fcents <strong>principis d\u2019organitzaci\u00f3 pedag\u00f2gica<\/strong>:<\/p>\n<ul>\n<li>Les pr\u00e0ctiques educatives inclusives.<\/li>\n<li>El desenvolupament de les capacitats dels alumnes que els permetin la plena integraci\u00f3 social i laboral i la seva incorporaci\u00f3 als estudis superiors.<\/li>\n<li>La incentivaci\u00f3 de l\u2019esfor\u00e7 individual i grupal.<\/li>\n<li>L\u2019esperit cr\u00edtic i el respecte davant la diversitat d\u2019opcions i pensaments.<\/li>\n<li>El comprom\u00eds amb la llengua i la cultura catalanes.<\/li>\n<li>La conviv\u00e8ncia basada en la solidaritat, la toler\u00e0ncia i el di\u00e0leg.<\/li>\n<li>La defensa dels drets humans, la igualtat de g\u00e8nere i la pau.<\/li>\n<li>El respecte per l\u2019entorn mediambiental.<\/li>\n<\/ul>\n<p>Dos els eixos del centre s\u00f3n l\u2019acci\u00f3 tutorial i l\u2019orientaci\u00f3 acad\u00e8mica i laboral. L\u2019<strong>acci\u00f3 tutorial<\/strong> es desenvolupa en diverses facetes: la coordinaci\u00f3 entre prim\u00e0ria i secund\u00e0ria, el seguiment tutorial (tutor de grup i tutories individualitzades), la comunicaci\u00f3 amb les fam\u00edlies, el pla d\u2019acci\u00f3 tutorial, l\u2019atenci\u00f3 psicopedag\u00f2gica, i els programes de conviv\u00e8ncia i mediaci\u00f3 escolar. Tamb\u00e9 es promou <strong>l\u2019orientaci\u00f3 acad\u00e8mica i laboral <\/strong>al llarg de la secund\u00e0ria, amb diferents xerrades i activitats, mitjan\u00e7ant els consells orientadors, i en contacte amb les fam\u00edlies, per valorar les opcions m\u00e9s adequades per a cada persona.<\/p>\n<p>S\u2019utilitza la plataforma <strong>iEduca<\/strong> com a eina de comunicaci\u00f3 amb les fam\u00edlies (control d\u2019assist\u00e8ncia de l\u2019alumnat, calendari d\u2019activitats, pagament de sortides, registre de l\u2019acci\u00f3 tutorial i seguiment de l\u2019alumnat al llarg de la seva escolaritzaci\u00f3 al centre, etc.).<\/p>\n<p>Durant el curs al Cirvi\u00e0num trobar\u00e0s\u2026<\/p>\n<ul>\n<li>Horari continuat de les 8:10 h a les 14:45 h.<\/li>\n<li>Possibilitat de cursar franc\u00e8s durant tota la secund\u00e0ria i 1r de Batxillerat.<\/li>\n<li>Oferta de totes les assignatures optatives i de modalitat que proposa el Departament d\u2019Educaci\u00f3.<\/li>\n<li>Treball per projectes dins del marc de les assignatures optatives.<\/li>\n<li>Implantaci\u00f3 d\u2019eines TIC (chromebooks, pissarres digitals, llibres i recursos digitals).<\/li>\n<li>Atenci\u00f3 individualitzada i especialitzada pel Departament d\u2019Orientaci\u00f3 per a les necessitats espec\u00edfiques.<\/li>\n<\/ul>\n<p>I quins <strong>projectes<\/strong> portem a terme?<\/p>\n<ul>\n<li>Projecte de Qualitat i Millora cont\u00ednua.<\/li>\n<li>Projecte de Lectura di\u00e0ria.<\/li>\n<li>Preparaci\u00f3 ex\u00e0mens DELF (Franc\u00e8s).<\/li>\n<li>Mediaci\u00f3 Escolar.<\/li>\n<li>Reconeixement de l\u2019Excel\u00b7l\u00e8ncia.<\/li>\n<li>Projecte \u00d2pera (en col\u00b7laboraci\u00f3 amb el Liceu).<\/li>\n<li>Equip de prevenci\u00f3 de Bullying.<\/li>\n<li>Escola verda.<\/li>\n<li>Projecte Pati(R)evoluci\u00f3 (amb l\u2019assessorament de l\u2019entitat SEO Bird Life).<\/li>\n<li>Projecte Lila (coeducaci\u00f3 i igualtat de g\u00e8nere).<\/li>\n<li>Refor\u00e7 escolar.<\/li>\n<li>Punt Jove.<\/li>\n<\/ul>\n<p>.<\/p>\n","protected":false},"excerpt":{"rendered":"<p>L\u2019Institut Cirvi\u00e0num pertany a la xarxa de centres educatius p\u00fablics del Departament d\u2019Ensenyament de la Generalitat de Catalunya. Els nostres objectius educatius s\u00f3n tres: Formar alumnes amb excel\u00b7l\u00e8ncia i equitat. Mantenir un ambient que permeti l\u2019assoliment de les compet\u00e8ncies en un marc de cohesi\u00f3 social. Reduir l\u2019absentisme i l\u2019abandonament escolar. En conseq\u00fc\u00e8ncia, l\u2019ESO es basa [&hellip;]<\/p>\n","protected":false},"author":1,"featured_media":0,"parent":195,"menu_order":3,"comment_status":"closed","ping_status":"closed","template":"page-templates\/side-menu.php","meta":{"site-sidebar-layout":"default","site-content-layout":"","ast-site-content-layout":"","site-content-style":"default","site-sidebar-style":"default","ast-global-header-display":"","ast-banner-title-visibility":"","ast-main-header-display":"","ast-hfb-above-header-display":"","ast-hfb-below-header-display":"","ast-hfb-mobile-header-display":"","site-post-title":"","ast-breadcrumbs-content":"","ast-featured-img":"","footer-sml-layout":"","theme-transparent-header-meta":"","adv-header-id-meta":"","stick-header-meta":"","header-above-stick-meta":"","header-main-stick-meta":"","header-below-stick-meta":"","astra-migrate-meta-layouts":"default","ast-page-background-enabled":"default","ast-page-background-meta":{"desktop":{"background-color":"var(--ast-global-color-4)","background-image":"","background-repeat":"repeat","background-position":"center center","background-size":"auto","background-attachment":"scroll","background-type":"","background-media":"","overlay-type":"","overlay-color":"","overlay-opacity":"","overlay-gradient":""},"tablet":{"background-color":"","background-image":"","background-repeat":"repeat","background-position":"center center","background-size":"auto","background-attachment":"scroll","background-type":"","background-media":"","overlay-type":"","overlay-color":"","overlay-opacity":"","overlay-gradient":""},"mobile":{"background-color":"","background-image":"","background-repeat":"repeat","background-position":"center center","background-size":"auto","background-attachment":"scroll","background-type":"","background-media":"","overlay-type":"","overlay-color":"","overlay-opacity":"","overlay-gradient":""}},"ast-content-background-meta":{"desktop":{"background-color":"var(--ast-global-color-5)","background-image":"","background-repeat":"repeat","background-position":"center center","background-size":"auto","background-attachment":"scroll","background-type":"","background-media":"","overlay-type":"","overlay-color":"","overlay-opacity":"","overlay-gradient":""},"tablet":{"background-color":"var(--ast-global-color-5)","background-image":"","background-repeat":"repeat","background-position":"center center","background-size":"auto","background-attachment":"scroll","background-type":"","background-media":"","overlay-type":"","overlay-color":"","overlay-opacity":"","overlay-gradient":""},"mobile":{"background-color":"var(--ast-global-color-5)","background-image":"","background-repeat":"repeat","background-position":"center center","background-size":"auto","background-attachment":"scroll","background-type":"","background-media":"","overlay-type":"","overlay-color":"","overlay-opacity":"","overlay-gradient":""}},"footnotes":""},"class_list":["post-5550","page","type-page","status-publish","hentry"],"post_mailing_queue_ids":[],"_links":{"self":[{"href":"https:\/\/agora.xtec.cat\/iescirvianum\/wp-json\/wp\/v2\/pages\/5550","targetHints":{"allow":["GET"]}}],"collection":[{"href":"https:\/\/agora.xtec.cat\/iescirvianum\/wp-json\/wp\/v2\/pages"}],"about":[{"href":"https:\/\/agora.xtec.cat\/iescirvianum\/wp-json\/wp\/v2\/types\/page"}],"author":[{"embeddable":true,"href":"https:\/\/agora.xtec.cat\/iescirvianum\/wp-json\/wp\/v2\/users\/1"}],"replies":[{"embeddable":true,"href":"https:\/\/agora.xtec.cat\/iescirvianum\/wp-json\/wp\/v2\/comments?post=5550"}],"version-history":[{"count":3,"href":"https:\/\/agora.xtec.cat\/iescirvianum\/wp-json\/wp\/v2\/pages\/5550\/revisions"}],"predecessor-version":[{"id":5836,"href":"https:\/\/agora.xtec.cat\/iescirvianum\/wp-json\/wp\/v2\/pages\/5550\/revisions\/5836"}],"up":[{"embeddable":true,"href":"https:\/\/agora.xtec.cat\/iescirvianum\/wp-json\/wp\/v2\/pages\/195"}],"wp:attachment":[{"href":"https:\/\/agora.xtec.cat\/iescirvianum\/wp-json\/wp\/v2\/media?parent=5550"}],"curies":[{"name":"wp","href":"https:\/\/api.w.org\/{rel}","templated":true}]}}