{"id":5501,"date":"2021-05-19T19:56:19","date_gmt":"2021-05-19T17:56:19","guid":{"rendered":"https:\/\/agora.xtec.cat\/iescirvianum\/?page_id=5501"},"modified":"2022-04-28T17:40:49","modified_gmt":"2022-04-28T15:40:49","slug":"cfb-informatica-doficina","status":"publish","type":"page","link":"https:\/\/agora.xtec.cat\/iescirvianum\/estudis\/cicles-formatius\/cfb-informatica-doficina\/","title":{"rendered":"CFB Inform\u00e0tica d&#8217;Oficina"},"content":{"rendered":"<p>En el link de la imatge trobar\u00e0s un document resum dels cicles d&#8217;inform\u00e0tica.<\/p>\n<p><img loading=\"lazy\" decoding=\"async\" class=\"aligncenter size-full wp-image-5502\" src=\"https:\/\/agora.xtec.cat\/iescirvianum\/wp-content\/uploads\/usu134\/2021\/05\/Titol-FPB-1.jpg\" alt=\"\" width=\"1000\" height=\"200\" srcset=\"https:\/\/agora.xtec.cat\/iescirvianum\/wp-content\/uploads\/usu134\/2021\/05\/Titol-FPB-1.jpg 1000w, https:\/\/agora.xtec.cat\/iescirvianum\/wp-content\/uploads\/usu134\/2021\/05\/Titol-FPB-1-300x60.jpg 300w, https:\/\/agora.xtec.cat\/iescirvianum\/wp-content\/uploads\/usu134\/2021\/05\/Titol-FPB-1-768x154.jpg 768w\" sizes=\"auto, (max-width: 1000px) 100vw, 1000px\" \/><\/p>\n<h5 dir=\"ltr\" data-placeholder=\"Traducci\u00f3\"><span style=\"color: #000080; font-size: 2em;\">A partir del curs 21-22 el nostre institut impartir\u00e0 el cicle formatiu de grau b\u00e0sic d&#8217;inform\u00e0tica d&#8217;oficina.<\/span><\/h5>\n<h5><\/h5>\n<h5 style=\"color: #000080; font-size: 2em;\"><span style=\"color: #000080;\"><strong>Introducci\u00f3:<\/strong><\/span><\/h5>\n<p style=\"color: #000000; font-size: 1.2em; text-align: justify;\">Els cicles formatius de grau b\u00e0sic complementen l\u2019oferta formativa de la formaci\u00f3 professional, conjuntament amb els cicles formatius de grau mitj\u00e0 i de grau superior. L\u2019educaci\u00f3 prim\u00e0ria, l\u2019educaci\u00f3 secund\u00e0ria obligat\u00f2ria\u00a0 i els cicles formatius de grau b\u00e0sic constitueixen l\u2019educaci\u00f3 b\u00e0sica.<\/p>\n<p style=\"color: #000000; font-size: 1.2em; text-align: justify;\">La superaci\u00f3 de la totalitat dels \u00e0mbits inclosos en un cicle formatiu de grau b\u00e0sic permet l&#8217;obtenci\u00f3 del t\u00edtol de Graduat en Educaci\u00f3 Secund\u00e0ria Obligat\u00f2ria i del t\u00edtol de t\u00e8cnic b\u00e0sic en l\u2019especialitat corresponent, que acredita les compet\u00e8ncies professionals adquirides.<\/p>\n<h5 style=\"color: #000080; font-size: 2em;\"><span style=\"color: #000080;\"><strong>Perfil alumnat:<\/strong><\/span><\/h5>\n<ul style=\"color: #000000; font-size: 1.2em; text-align: justify;\">\n<li>Alumnat que mostri, o hagi mostrat, inter\u00e8s i motivaci\u00f3 per una formaci\u00f3 relacionada amb el m\u00f3n de la inform\u00e0tica amb l&#8217;objectiu de, un cop assolit el cicle formatiu, continuar l&#8217;itinerari amb l&#8217;acc\u00e9s a grau mitj\u00e0 de sistemes microinform\u00e0tics i xarxes.<\/li>\n<li>Alumnat en qui s&#8217;hagi detectat <u>possibilitats<\/u> <u>d&#8217;aprenentatge<\/u> i d&#8217;assolir les compet\u00e8ncies de l&#8217;etapa educativa en un entorn caracteritzat per uns aprenentatges eminentment pr\u00e0ctics vinculats al m\u00f3n professional<\/li>\n<\/ul>\n<h5 style=\"color: #000080; font-size: 2em;\"><span style=\"color: #000080;\"><strong>Requisits d&#8217;acc\u00e9s a CFGB:<\/strong><\/span><\/h5>\n<p style=\"color: #000000; font-size: 1.2em; text-align: justify;\">Caldr\u00e0 complir amb els requisits:<\/p>\n<ul style=\"color: #000000; font-size: 1.2em; text-align: justify;\">\n<li>Requerir\u00e0 tenir quinze anys, o complir-los durant l&#8217;any natural en curs.<\/li>\n<li>Haver cursat el tercer curs d&#8217;educaci\u00f3 secund\u00e0ria obligat\u00f2ria o, excepcionalment, haver cursat el segon curs.<\/li>\n<li>Que l&#8217;equip docent hagi proposat la incorporaci\u00f3 de l&#8217;alumne o alumna a un cicle formatiu de grau b\u00e0sic mitjan\u00e7ant el consell orientador.<\/li>\n<\/ul>\n<h5 style=\"color: #000080; font-size: 2em;\"><span style=\"color: #000080;\"><strong>Perfil professional:<\/strong><\/span><\/h5>\n<p style=\"color: #000000; font-size: 1.2em; text-align: justify;\">Aquest professional exerceix la seva activitat per compte d&#8217;altri en empreses dedicades a la comercialitzaci\u00f3, muntatge, manteniment i reparaci\u00f3 de sistemes microinform\u00e0tics, equips el\u00e8ctrics o electr\u00f2nics i en empreses que utilitzin sistemes inform\u00e0tics, per a la seva gesti\u00f3.<\/p>\n<h5 style=\"color: #000080; font-size: 2em;\"><span style=\"color: #000080;\"><strong>Compet\u00e8ncia general:<\/strong><\/span><\/h5>\n<p style=\"color: #000000; font-size: 1.2em; text-align: justify;\">La compet\u00e8ncia general d&#8217;aquest t\u00edtol consisteix en realitzar operacions auxiliars de muntatge i manteniment de sistemes microinform\u00e0tics, perif\u00e8rics i xarxes de comunicaci\u00f3 de dades, i de tractament, reproducci\u00f3 i arxiu de documents, operand amb la qualitat indicada, observant les normes de prevenci\u00f3 de riscos laborals i protecci\u00f3 mediambiental corresponents i comunicant-se de forma oral i escrita en llengua castellana i, si escau en la llengua cooficial pr\u00f2pia aix\u00ed com en llengua anglesa.<\/p>\n<h5 style=\"color: #000080; font-size: 2em;\"><span style=\"color: #000080;\"><strong>\u00c0mbit professional de treball:<\/strong><\/span><\/h5>\n<p style=\"color: #000000; font-size: 1.2em; text-align: justify;\">Aquest professional exercir\u00e0 l\u2019activitat principalment en empreses del sector serveis que es dediquin a la comercialitzaci\u00f3, el muntatge i la reparaci\u00f3 d\u2019equips, xarxes i serveis microinform\u00e0tics en general, com a part del suport inform\u00e0tic de l\u2019organitzaci\u00f3 o en entitats de qualsevol grand\u00e0ria i sector productiu que utilitzen sistemes microinform\u00e0tics i xarxes de dades per a la seva gesti\u00f3.<\/p>\n<h5 dir=\"ltr\" data-placeholder=\"Traducci\u00f3\"><span style=\"color: #000080;\"><strong><span style=\"font-size: 2em;\">Sortides professionals:<\/span><\/strong><\/span><\/h5>\n<p style=\"color: #000000; font-size: 1.2em; text-align: justify;\">Al mercat laboral podr\u00e0s treballar com a:<\/p>\n<ul style=\"color: #000000; font-size: 1.2em;\">\n<li><span style=\"font-family: inherit; font-size: 1em;\">Ajudant de muntador de sistemes microinform\u00e0tics.<\/span><\/li>\n<li><span class=\"JsGRdQ\">Ajudant de manteniment de sistemes inform\u00e0tics.<\/span><\/li>\n<li><span class=\"JsGRdQ\">Ajudant d&#8217;instal\u00b7lador de sistemes inform\u00e0tics.<\/span><\/li>\n<li><span class=\"JsGRdQ\">Ajudant d&#8217;instal\u00b7lador de sistemes per a transmissi\u00f3 de dades.<\/span><\/li>\n<li><span class=\"JsGRdQ\">Auxiliar d&#8217;oficina.<\/span><\/li>\n<li><span class=\"JsGRdQ\">Auxiliar de servicis generals.<\/span><\/li>\n<li><span class=\"JsGRdQ\">Enregistrador-verificador de dades.<\/span><\/li>\n<li><span class=\"JsGRdQ\">Auxiliar de digitalitzaci\u00f3.<\/span><\/li>\n<li><span class=\"JsGRdQ\">Operador documental.<\/span><\/li>\n<\/ul>\n<h5 dir=\"ltr\" style=\"text-align: left;\" data-placeholder=\"Traducci\u00f3\"><span style=\"color: #000080; font-size: 1.2em;\"><a href=\"https:\/\/drive.google.com\/file\/d\/1GY4naCU___2Nz5fGoquOWKRiGOd3qfeP\/view?usp=sharing\" target=\"_blank\" rel=\"noopener noreferrer\">Tr\u00edptic<\/a>.<\/span><\/h5>\n<h5 dir=\"ltr\" data-placeholder=\"Traducci\u00f3\"><\/h5>\n<h5 dir=\"ltr\" data-placeholder=\"Traducci\u00f3\"><span style=\"color: #000080; font-size: 1.2em;\"><a href=\"https:\/\/agora.xtec.cat\/iescirvianum\/cicles-formatius\/cfb-informatica-doficina\/curriculum-fpb-informatica-doficina\/\">Enlla\u00e7 al Curr\u00edculum<\/a>.<\/span><\/h5>\n<p>&nbsp;<\/p>\n","protected":false},"excerpt":{"rendered":"<p>En el link de la imatge trobar\u00e0s un document resum dels cicles d&#8217;inform\u00e0tica. A partir del curs 21-22 el nostre institut impartir\u00e0 el cicle formatiu de grau b\u00e0sic d&#8217;inform\u00e0tica d&#8217;oficina. Introducci\u00f3: Els cicles formatius de grau b\u00e0sic complementen l\u2019oferta formativa de la formaci\u00f3 professional, conjuntament amb els cicles formatius de grau mitj\u00e0 i de grau [&hellip;]<\/p>\n","protected":false},"author":1,"featured_media":0,"parent":4390,"menu_order":10,"comment_status":"closed","ping_status":"closed","template":"page-templates\/side-menu.php","meta":{"site-sidebar-layout":"default","site-content-layout":"","ast-site-content-layout":"","site-content-style":"default","site-sidebar-style":"default","ast-global-header-display":"","ast-banner-title-visibility":"","ast-main-header-display":"","ast-hfb-above-header-display":"","ast-hfb-below-header-display":"","ast-hfb-mobile-header-display":"","site-post-title":"","ast-breadcrumbs-content":"","ast-featured-img":"","footer-sml-layout":"","theme-transparent-header-meta":"","adv-header-id-meta":"","stick-header-meta":"","header-above-stick-meta":"","header-main-stick-meta":"","header-below-stick-meta":"","astra-migrate-meta-layouts":"default","ast-page-background-enabled":"default","ast-page-background-meta":{"desktop":{"background-color":"var(--ast-global-color-4)","background-image":"","background-repeat":"repeat","background-position":"center center","background-size":"auto","background-attachment":"scroll","background-type":"","background-media":"","overlay-type":"","overlay-color":"","overlay-opacity":"","overlay-gradient":""},"tablet":{"background-color":"","background-image":"","background-repeat":"repeat","background-position":"center center","background-size":"auto","background-attachment":"scroll","background-type":"","background-media":"","overlay-type":"","overlay-color":"","overlay-opacity":"","overlay-gradient":""},"mobile":{"background-color":"","background-image":"","background-repeat":"repeat","background-position":"center center","background-size":"auto","background-attachment":"scroll","background-type":"","background-media":"","overlay-type":"","overlay-color":"","overlay-opacity":"","overlay-gradient":""}},"ast-content-background-meta":{"desktop":{"background-color":"var(--ast-global-color-5)","background-image":"","background-repeat":"repeat","background-position":"center center","background-size":"auto","background-attachment":"scroll","background-type":"","background-media":"","overlay-type":"","overlay-color":"","overlay-opacity":"","overlay-gradient":""},"tablet":{"background-color":"var(--ast-global-color-5)","background-image":"","background-repeat":"repeat","background-position":"center center","background-size":"auto","background-attachment":"scroll","background-type":"","background-media":"","overlay-type":"","overlay-color":"","overlay-opacity":"","overlay-gradient":""},"mobile":{"background-color":"var(--ast-global-color-5)","background-image":"","background-repeat":"repeat","background-position":"center center","background-size":"auto","background-attachment":"scroll","background-type":"","background-media":"","overlay-type":"","overlay-color":"","overlay-opacity":"","overlay-gradient":""}},"footnotes":""},"class_list":["post-5501","page","type-page","status-publish","hentry"],"post_mailing_queue_ids":[],"_links":{"self":[{"href":"https:\/\/agora.xtec.cat\/iescirvianum\/wp-json\/wp\/v2\/pages\/5501","targetHints":{"allow":["GET"]}}],"collection":[{"href":"https:\/\/agora.xtec.cat\/iescirvianum\/wp-json\/wp\/v2\/pages"}],"about":[{"href":"https:\/\/agora.xtec.cat\/iescirvianum\/wp-json\/wp\/v2\/types\/page"}],"author":[{"embeddable":true,"href":"https:\/\/agora.xtec.cat\/iescirvianum\/wp-json\/wp\/v2\/users\/1"}],"replies":[{"embeddable":true,"href":"https:\/\/agora.xtec.cat\/iescirvianum\/wp-json\/wp\/v2\/comments?post=5501"}],"version-history":[{"count":3,"href":"https:\/\/agora.xtec.cat\/iescirvianum\/wp-json\/wp\/v2\/pages\/5501\/revisions"}],"predecessor-version":[{"id":6871,"href":"https:\/\/agora.xtec.cat\/iescirvianum\/wp-json\/wp\/v2\/pages\/5501\/revisions\/6871"}],"up":[{"embeddable":true,"href":"https:\/\/agora.xtec.cat\/iescirvianum\/wp-json\/wp\/v2\/pages\/4390"}],"wp:attachment":[{"href":"https:\/\/agora.xtec.cat\/iescirvianum\/wp-json\/wp\/v2\/media?parent=5501"}],"curies":[{"name":"wp","href":"https:\/\/api.w.org\/{rel}","templated":true}]}}