{"id":5239,"date":"2021-04-15T16:24:42","date_gmt":"2021-04-15T14:24:42","guid":{"rendered":"https:\/\/agora.xtec.cat\/iescirvianum\/?page_id=5239"},"modified":"2021-10-21T20:14:11","modified_gmt":"2021-10-21T18:14:11","slug":"assessorament-i-reconeixement","status":"publish","type":"page","link":"https:\/\/agora.xtec.cat\/iescirvianum\/assessorament-i-reconeixement\/","title":{"rendered":"Servei d&#8217;Assessorament i Reconeixement"},"content":{"rendered":"<p><img loading=\"lazy\" decoding=\"async\" class=\"aligncenter size-full wp-image-5991\" src=\"https:\/\/agora.xtec.cat\/iescirvianum\/wp-content\/uploads\/usu134\/2021\/10\/banner_ar.jpg\" alt=\"\" width=\"1920\" height=\"400\" srcset=\"https:\/\/agora.xtec.cat\/iescirvianum\/wp-content\/uploads\/usu134\/2021\/10\/banner_ar.jpg 1920w, https:\/\/agora.xtec.cat\/iescirvianum\/wp-content\/uploads\/usu134\/2021\/10\/banner_ar-300x63.jpg 300w, https:\/\/agora.xtec.cat\/iescirvianum\/wp-content\/uploads\/usu134\/2021\/10\/banner_ar-1024x213.jpg 1024w, https:\/\/agora.xtec.cat\/iescirvianum\/wp-content\/uploads\/usu134\/2021\/10\/banner_ar-768x160.jpg 768w, https:\/\/agora.xtec.cat\/iescirvianum\/wp-content\/uploads\/usu134\/2021\/10\/banner_ar-1536x320.jpg 1536w\" sizes=\"auto, (max-width: 1920px) 100vw, 1920px\" \/><\/p>\n<h1 style=\"text-align: center;\">CURS 21-22<\/h1>\n<table style=\"border-collapse: collapse; width: 92.9003%; margin: auto;\">\n<tbody>\n<tr>\n<td style=\"width: 67.7686%;\">\n<h5 style=\"text-align: justify;\">Comprom\u00eds de qualitat en la prestaci\u00f3 del servei d\u2019assessorament en la formaci\u00f3 professional del sistema educatiu i del servei de reconeixement acad\u00e8mic dels aprenentatges assolits mitjan\u00e7ant l\u2019experi\u00e8ncia laboral o en activitats socials.<\/h5>\n<\/td>\n<td style=\"width: 30.6016%;\"><a href=\"https:\/\/agora.xtec.cat\/iescirvianum\/wp-content\/uploads\/usu134\/2021\/10\/Carta-compromis_AssFP.pdf\"><img loading=\"lazy\" decoding=\"async\" class=\"aligncenter wp-image-5982 size-thumbnail\" src=\"https:\/\/agora.xtec.cat\/iescirvianum\/wp-content\/uploads\/usu134\/2021\/10\/Letter-icon-by-ahlangraphic-1-150x150.jpg\" alt=\"\" width=\"150\" height=\"150\" \/><\/a><\/td>\n<\/tr>\n<\/tbody>\n<\/table>\n<p>&nbsp;<\/p>\n<p>&nbsp;<\/p>\n<table style=\"border: hidden; width: 100%;\">\n<tbody>\n<tr style=\"border: hidden;\">\n<td style=\"width: 50%;\"><img loading=\"lazy\" decoding=\"async\" class=\"aligncenter wp-image-5986\" style=\"padding: 7px;\" src=\"https:\/\/agora.xtec.cat\/iescirvianum\/wp-content\/uploads\/usu134\/2021\/10\/Aanagrama-assessorament--150x150.jpg\" alt=\"\" width=\"220\" height=\"220\" srcset=\"https:\/\/agora.xtec.cat\/iescirvianum\/wp-content\/uploads\/usu134\/2021\/10\/Aanagrama-assessorament--150x150.jpg 150w, https:\/\/agora.xtec.cat\/iescirvianum\/wp-content\/uploads\/usu134\/2021\/10\/Aanagrama-assessorament--300x300.jpg 300w, https:\/\/agora.xtec.cat\/iescirvianum\/wp-content\/uploads\/usu134\/2021\/10\/Aanagrama-assessorament--1024x1024.jpg 1024w, https:\/\/agora.xtec.cat\/iescirvianum\/wp-content\/uploads\/usu134\/2021\/10\/Aanagrama-assessorament--768x768.jpg 768w, https:\/\/agora.xtec.cat\/iescirvianum\/wp-content\/uploads\/usu134\/2021\/10\/Aanagrama-assessorament-.jpg 1080w\" sizes=\"auto, (max-width: 220px) 100vw, 220px\" \/><\/td>\n<td style=\"width: 50%;\"><img loading=\"lazy\" decoding=\"async\" class=\"aligncenter wp-image-5987\" style=\"padding: 7px;\" src=\"https:\/\/agora.xtec.cat\/iescirvianum\/wp-content\/uploads\/usu134\/2021\/10\/Anagrama-reconeixement--150x150.jpg\" alt=\"\" width=\"220\" height=\"220\" srcset=\"https:\/\/agora.xtec.cat\/iescirvianum\/wp-content\/uploads\/usu134\/2021\/10\/Anagrama-reconeixement--150x150.jpg 150w, https:\/\/agora.xtec.cat\/iescirvianum\/wp-content\/uploads\/usu134\/2021\/10\/Anagrama-reconeixement--300x300.jpg 300w, https:\/\/agora.xtec.cat\/iescirvianum\/wp-content\/uploads\/usu134\/2021\/10\/Anagrama-reconeixement--1024x1024.jpg 1024w, https:\/\/agora.xtec.cat\/iescirvianum\/wp-content\/uploads\/usu134\/2021\/10\/Anagrama-reconeixement--768x769.jpg 768w, https:\/\/agora.xtec.cat\/iescirvianum\/wp-content\/uploads\/usu134\/2021\/10\/Anagrama-reconeixement-.jpg 1079w\" sizes=\"auto, (max-width: 220px) 100vw, 220px\" \/><\/td>\n<\/tr>\n<tr style=\"padding: 5px;\">\n<td style=\"width: 50%;\">&nbsp;<\/p>\n<p style=\"text-align: left; padding: 4px;\">Servei que presta el centre educatiu, a sol\u00b7licitud de la persona interessada, de forma personalitzada, que consisteix en la identificaci\u00f3 i l\u2019an\u00e0lisi detallat de les capacitats i expectatives professionals, i la identificaci\u00f3 i valoraci\u00f3 de les ofertes formatives amb les seves variants, i que conclou amb l\u2019elaboraci\u00f3 i lliurament de l\u2019informe d\u2019assessorament. L\u2019informe d\u2019assessorament \u00e9s un requisit previ per a la inscripci\u00f3 en el procediment de Reconeixement acad\u00e8mic dels aprenentatges assolits mitjan\u00e7ant l\u2019experi\u00e8ncia laboral o en activitats socials.<\/p>\n<ul>\n<li style=\"text-align: left;\"><a href=\"https:\/\/agora.xtec.cat\/iescirvianum\/wp-content\/uploads\/usu134\/2021\/10\/informacio-_calendari_assessorament.pdf\">Informaci\u00f3 &amp; calendari sobre el Servei d&#8217;Assessorament<\/a><\/li>\n<li style=\"text-align: left;\"><a href=\"https:\/\/agora.xtec.cat\/iescirvianum\/wp-content\/uploads\/usu134\/2021\/10\/Solicitud_servei_assessorament.pdf\">Full sol\u00b7licitud al Servei d&#8217;Assessorament<\/a><\/li>\n<\/ul>\n<\/td>\n<td style=\"width: 50%; text-align: center;\">\n<h3>INICI DEL PROGRAMA: FEBRER 2022<\/h3>\n<\/td>\n<\/tr>\n<\/tbody>\n<\/table>\n","protected":false},"excerpt":{"rendered":"<p>CURS 21-22 Comprom\u00eds de qualitat en la prestaci\u00f3 del servei d\u2019assessorament en la formaci\u00f3 professional del sistema educatiu i del servei de reconeixement acad\u00e8mic dels aprenentatges assolits mitjan\u00e7ant l\u2019experi\u00e8ncia laboral o en activitats socials. &nbsp; &nbsp; &nbsp; Servei que presta el centre educatiu, a sol\u00b7licitud de la persona interessada, de forma personalitzada, que consisteix en [&hellip;]<\/p>\n","protected":false},"author":1,"featured_media":0,"parent":0,"menu_order":0,"comment_status":"closed","ping_status":"closed","template":"","meta":{"site-sidebar-layout":"default","site-content-layout":"","ast-site-content-layout":"","site-content-style":"default","site-sidebar-style":"default","ast-global-header-display":"","ast-banner-title-visibility":"","ast-main-header-display":"","ast-hfb-above-header-display":"","ast-hfb-below-header-display":"","ast-hfb-mobile-header-display":"","site-post-title":"","ast-breadcrumbs-content":"","ast-featured-img":"","footer-sml-layout":"","theme-transparent-header-meta":"","adv-header-id-meta":"","stick-header-meta":"","header-above-stick-meta":"","header-main-stick-meta":"","header-below-stick-meta":"","astra-migrate-meta-layouts":"default","ast-page-background-enabled":"default","ast-page-background-meta":{"desktop":{"background-color":"var(--ast-global-color-4)","background-image":"","background-repeat":"repeat","background-position":"center center","background-size":"auto","background-attachment":"scroll","background-type":"","background-media":"","overlay-type":"","overlay-color":"","overlay-opacity":"","overlay-gradient":""},"tablet":{"background-color":"","background-image":"","background-repeat":"repeat","background-position":"center center","background-size":"auto","background-attachment":"scroll","background-type":"","background-media":"","overlay-type":"","overlay-color":"","overlay-opacity":"","overlay-gradient":""},"mobile":{"background-color":"","background-image":"","background-repeat":"repeat","background-position":"center center","background-size":"auto","background-attachment":"scroll","background-type":"","background-media":"","overlay-type":"","overlay-color":"","overlay-opacity":"","overlay-gradient":""}},"ast-content-background-meta":{"desktop":{"background-color":"var(--ast-global-color-5)","background-image":"","background-repeat":"repeat","background-position":"center center","background-size":"auto","background-attachment":"scroll","background-type":"","background-media":"","overlay-type":"","overlay-color":"","overlay-opacity":"","overlay-gradient":""},"tablet":{"background-color":"var(--ast-global-color-5)","background-image":"","background-repeat":"repeat","background-position":"center center","background-size":"auto","background-attachment":"scroll","background-type":"","background-media":"","overlay-type":"","overlay-color":"","overlay-opacity":"","overlay-gradient":""},"mobile":{"background-color":"var(--ast-global-color-5)","background-image":"","background-repeat":"repeat","background-position":"center center","background-size":"auto","background-attachment":"scroll","background-type":"","background-media":"","overlay-type":"","overlay-color":"","overlay-opacity":"","overlay-gradient":""}},"footnotes":""},"class_list":["post-5239","page","type-page","status-publish","hentry"],"post_mailing_queue_ids":[],"_links":{"self":[{"href":"https:\/\/agora.xtec.cat\/iescirvianum\/wp-json\/wp\/v2\/pages\/5239","targetHints":{"allow":["GET"]}}],"collection":[{"href":"https:\/\/agora.xtec.cat\/iescirvianum\/wp-json\/wp\/v2\/pages"}],"about":[{"href":"https:\/\/agora.xtec.cat\/iescirvianum\/wp-json\/wp\/v2\/types\/page"}],"author":[{"embeddable":true,"href":"https:\/\/agora.xtec.cat\/iescirvianum\/wp-json\/wp\/v2\/users\/1"}],"replies":[{"embeddable":true,"href":"https:\/\/agora.xtec.cat\/iescirvianum\/wp-json\/wp\/v2\/comments?post=5239"}],"version-history":[{"count":3,"href":"https:\/\/agora.xtec.cat\/iescirvianum\/wp-json\/wp\/v2\/pages\/5239\/revisions"}],"predecessor-version":[{"id":5999,"href":"https:\/\/agora.xtec.cat\/iescirvianum\/wp-json\/wp\/v2\/pages\/5239\/revisions\/5999"}],"wp:attachment":[{"href":"https:\/\/agora.xtec.cat\/iescirvianum\/wp-json\/wp\/v2\/media?parent=5239"}],"curies":[{"name":"wp","href":"https:\/\/api.w.org\/{rel}","templated":true}]}}