{"id":5234,"date":"2021-04-15T16:13:00","date_gmt":"2021-04-15T14:13:00","guid":{"rendered":"https:\/\/agora.xtec.cat\/iescirvianum\/?page_id=5234"},"modified":"2025-05-16T12:42:54","modified_gmt":"2025-05-16T10:42:54","slug":"matriculacio-programa-de-formacio-i-insercio","status":"publish","type":"page","link":"https:\/\/agora.xtec.cat\/iescirvianum\/secretaria\/matriculacio\/matriculacio-programa-de-formacio-i-insercio\/","title":{"rendered":"Matriculaci\u00f3 Programa de Formaci\u00f3 i Inserci\u00f3"},"content":{"rendered":"<p><strong>DOCUMENTACI\u00d3 IMPRESCINDIBLE<br \/>\n<\/strong><\/p>\n<div><\/div>\n<ul>\n<li><a href=\"https:\/\/drive.google.com\/file\/d\/1SpA-X6bpUB8hEpu9IKH73D83_04y7kkL\/view?usp=sharing\">Autoritzacions<\/a> (PDF)<\/li>\n<li><a href=\"https:\/\/drive.google.com\/file\/d\/1Ryz1fpIxYFcSpLpIRL-mOJ6MxfkUjW8G\/view?usp=sharing\">Carta de comprom\u00eds educatiu &#8211; menors d&#8217;edat<\/a> (PDF)<\/li>\n<li><a href=\"https:\/\/drive.google.com\/file\/d\/1JOd8ggH2OnpQ_FUfIbcIAbq-Uf_nDKuv\/view?usp=sharing\">Normativa sobre de l\u2019\u00fas del m\u00f2bil dins l\u2019Institut<\/a> (PDF)<\/li>\n<li><a href=\"https:\/\/drive.google.com\/file\/d\/1H-ntsW3Fz3QIWFlyErkRDc72AoYbFlW0\/view?usp=sharing\">Comprom\u00eds acceptaci\u00f3 dual PFI Fusteria<\/a> (PDF)<\/li>\n<li><a href=\"https:\/\/drive.google.com\/file\/d\/10INWtlE3QggS34YjHyqF_oGQJoAxzj4c\/view?usp=sharing\">Comprom\u00eds acceptaci\u00f3 dual PFI Vendes<\/a> (PDF)<\/li>\n<li>Fotografia de l\u2019alumne, tipus carnet &#8211; nom\u00e9s del rostre i amb el fons el m\u00e9s neutre possible. El format ha de ser JPG.<\/li>\n<li>Fotografia de la targeta sanit\u00e0ria (JPG)<\/li>\n<li><strong>Historial acad\u00e8mic<\/strong> que us ha de proporcionar el centre on heu cursat el vostre \u00faltim curs de l\u2019ESO.<\/li>\n<\/ul>\n<p>Tota la documentaci\u00f3 s\u2019ha d\u2019enviar a <strong>ciclesformatius@cirvianum.cat<\/strong>, posant a l\u2019assumpte el nom de l\u2019alumne o alumna.<\/p>\n","protected":false},"excerpt":{"rendered":"<p>DOCUMENTACI\u00d3 IMPRESCINDIBLE Autoritzacions (PDF) Carta de comprom\u00eds educatiu &#8211; menors d&#8217;edat (PDF) Normativa sobre de l\u2019\u00fas del m\u00f2bil dins l\u2019Institut (PDF) Comprom\u00eds acceptaci\u00f3 dual PFI Fusteria (PDF) Comprom\u00eds acceptaci\u00f3 dual PFI Vendes (PDF) Fotografia de l\u2019alumne, tipus carnet &#8211; nom\u00e9s del rostre i amb el fons el m\u00e9s neutre possible. El format ha de ser [&hellip;]<\/p>\n","protected":false},"author":1,"featured_media":0,"parent":5161,"menu_order":50,"comment_status":"closed","ping_status":"closed","template":"page-templates\/side-menu.php","meta":{"site-sidebar-layout":"default","site-content-layout":"","ast-site-content-layout":"","site-content-style":"default","site-sidebar-style":"default","ast-global-header-display":"","ast-banner-title-visibility":"","ast-main-header-display":"","ast-hfb-above-header-display":"","ast-hfb-below-header-display":"","ast-hfb-mobile-header-display":"","site-post-title":"","ast-breadcrumbs-content":"","ast-featured-img":"","footer-sml-layout":"","theme-transparent-header-meta":"","adv-header-id-meta":"","stick-header-meta":"","header-above-stick-meta":"","header-main-stick-meta":"","header-below-stick-meta":"","astra-migrate-meta-layouts":"default","ast-page-background-enabled":"default","ast-page-background-meta":{"desktop":{"background-color":"var(--ast-global-color-4)","background-image":"","background-repeat":"repeat","background-position":"center center","background-size":"auto","background-attachment":"scroll","background-type":"","background-media":"","overlay-type":"","overlay-color":"","overlay-opacity":"","overlay-gradient":""},"tablet":{"background-color":"","background-image":"","background-repeat":"repeat","background-position":"center center","background-size":"auto","background-attachment":"scroll","background-type":"","background-media":"","overlay-type":"","overlay-color":"","overlay-opacity":"","overlay-gradient":""},"mobile":{"background-color":"","background-image":"","background-repeat":"repeat","background-position":"center center","background-size":"auto","background-attachment":"scroll","background-type":"","background-media":"","overlay-type":"","overlay-color":"","overlay-opacity":"","overlay-gradient":""}},"ast-content-background-meta":{"desktop":{"background-color":"var(--ast-global-color-5)","background-image":"","background-repeat":"repeat","background-position":"center center","background-size":"auto","background-attachment":"scroll","background-type":"","background-media":"","overlay-type":"","overlay-color":"","overlay-opacity":"","overlay-gradient":""},"tablet":{"background-color":"var(--ast-global-color-5)","background-image":"","background-repeat":"repeat","background-position":"center center","background-size":"auto","background-attachment":"scroll","background-type":"","background-media":"","overlay-type":"","overlay-color":"","overlay-opacity":"","overlay-gradient":""},"mobile":{"background-color":"var(--ast-global-color-5)","background-image":"","background-repeat":"repeat","background-position":"center center","background-size":"auto","background-attachment":"scroll","background-type":"","background-media":"","overlay-type":"","overlay-color":"","overlay-opacity":"","overlay-gradient":""}},"footnotes":""},"class_list":["post-5234","page","type-page","status-publish","hentry"],"post_mailing_queue_ids":[],"_links":{"self":[{"href":"https:\/\/agora.xtec.cat\/iescirvianum\/wp-json\/wp\/v2\/pages\/5234","targetHints":{"allow":["GET"]}}],"collection":[{"href":"https:\/\/agora.xtec.cat\/iescirvianum\/wp-json\/wp\/v2\/pages"}],"about":[{"href":"https:\/\/agora.xtec.cat\/iescirvianum\/wp-json\/wp\/v2\/types\/page"}],"author":[{"embeddable":true,"href":"https:\/\/agora.xtec.cat\/iescirvianum\/wp-json\/wp\/v2\/users\/1"}],"replies":[{"embeddable":true,"href":"https:\/\/agora.xtec.cat\/iescirvianum\/wp-json\/wp\/v2\/comments?post=5234"}],"version-history":[{"count":6,"href":"https:\/\/agora.xtec.cat\/iescirvianum\/wp-json\/wp\/v2\/pages\/5234\/revisions"}],"predecessor-version":[{"id":8452,"href":"https:\/\/agora.xtec.cat\/iescirvianum\/wp-json\/wp\/v2\/pages\/5234\/revisions\/8452"}],"up":[{"embeddable":true,"href":"https:\/\/agora.xtec.cat\/iescirvianum\/wp-json\/wp\/v2\/pages\/5161"}],"wp:attachment":[{"href":"https:\/\/agora.xtec.cat\/iescirvianum\/wp-json\/wp\/v2\/media?parent=5234"}],"curies":[{"name":"wp","href":"https:\/\/api.w.org\/{rel}","templated":true}]}}