{"id":5229,"date":"2021-04-15T16:08:25","date_gmt":"2021-04-15T14:08:25","guid":{"rendered":"https:\/\/agora.xtec.cat\/iescirvianum\/?page_id=5229"},"modified":"2026-04-08T11:43:45","modified_gmt":"2026-04-08T09:43:45","slug":"preinscripcio-fp-basica-dinformatica-doficina","status":"publish","type":"page","link":"https:\/\/agora.xtec.cat\/iescirvianum\/secretaria\/preinscripcio\/preinscripcio-fp-basica-dinformatica-doficina\/","title":{"rendered":"Preinscripci\u00f3 CF Grau B\u00e0sic (Inform\u00e0tica d&#8217;Oficina)"},"content":{"rendered":"<h2 class=\"basic_title col-sm-12 pd-10\">Documentaci\u00f3<\/h2>\n<p style=\"font-family: 'Helvetica Neue', Helvetica, Helvetica, Arial, sans-serif; font-size: 16px;\"><span style=\"font-family: inherit; font-size: 1em;\">Les\u00a0<a href=\"https:\/\/tramits.gencat.cat\/ca\/tramits\/tramits-temes\/preinscripcio-fp-gb\"><span style=\"text-decoration: underline;\">sol\u00b7licituds de preinscripci\u00f3<\/span><\/a>\u00a0es presentaran\u00a0<\/span>nom\u00e9s per internet.<\/p>\n<p>Pots consultar m\u00e9s informaci\u00f3 en la <a href=\"https:\/\/preinscripcio.gencat.cat\/ca\/estudis\/fp-basica\/inici\/\">web del departament<\/a><\/p>\n<h2 class=\"subtitle\"><a href=\"https:\/\/drive.google.com\/file\/d\/1ghx2wm43KBzPeW4933PvUjm0-m3nQWbw\/view?usp=sharing\"><span style=\"text-decoration: underline;\">Consell Orientador<\/span><\/a><\/h2>\n<ul>\n<li><strong>El\u00a0<a href=\"https:\/\/documents.espai.educacio.gencat.cat\/FormularisModels\/CentresDocumentacioAcademica\/A936.pdf\">consell orientador<\/a> en qu\u00e8 es recull la proposta de l&#8217;equip docent. NO S&#8217;ACCEPTAR\u00c0 CAP CONSELL ORIENTADOR SENSE LES SIGNATURES REQUERIDES, tampoc incomplets o amb manca d&#8217;informaci\u00f3 del centre de proced\u00e8ncia o de l&#8217;alumnat pel que es sol\u00b7licita pla\u00e7a. <\/strong>Recordeu que aquest document s&#8217;ha d&#8217;ajuntar a la preinscripci\u00f3.<\/li>\n<\/ul>\n<h2 class=\"basic_title col-sm-12 pd-10\"><span style=\"text-decoration: underline;\"><a href=\"https:\/\/preinscripcio.gencat.cat\/ca\/estudis\/fp-basica\/informat\/prepara-documentacio\/\">Documentaci\u00f3 identificativa<\/a><\/span><\/h2>\n<div class=\"col-xs-12 columna_esquerra\">\n<div class=\"cos_bloc basic_text_peq pd-15 link-dotted\">\n<ul>\n<li><strong>DNI, NIE, passaport o document d&#8217;identitat d&#8217;un pa\u00eds membre de l&#8217;alumne o l&#8217;alumna.<\/strong><\/li>\n<li><strong>Llibre de fam\u00edlia o altres documents relatius a la filiaci\u00f3<\/strong>.<br \/>\nQuan l&#8217;alumne estigui en situaci\u00f3 d&#8217;acolliment, el document que cal aportar \u00e9s la\u00a0<strong>resoluci\u00f3 d&#8217;acolliment del Departament de Drets Socials<\/strong>.<\/li>\n<li><strong>DNI del pare, la mare o el tutor o la tutora de l&#8217;alumne<\/strong>.<br \/>\nSi el sol\u00b7licitant \u00e9s estranger, necessitar\u00e0 la\u00a0<strong>targeta de resid\u00e8ncia<\/strong>\u00a0on consta el\u00a0<strong>NIE<\/strong>\u00a0o el\u00a0<strong>passaport<\/strong>, i si \u00e9s estranger d&#8217;un pa\u00eds membre de la Uni\u00f3 Europea li caldr\u00e0 adjuntar el\u00a0<strong>document d&#8217;identitat del pa\u00eds d&#8217;origen<\/strong>.<br \/>\nDe manera excepcional, es poden acreditar les dades d&#8217;identificaci\u00f3 o de filiaci\u00f3 de l&#8217;alumnat estranger amb el document d&#8217;identitat, el llibre de fam\u00edlia del pa\u00eds d&#8217;origen o la documentaci\u00f3 alternativa que la persona pugui aportar. El director o la directora del centre educatiu corresponent valorar\u00e0 i examinar\u00e0 la documentaci\u00f3 presentada.<\/li>\n<\/ul>\n<h2 class=\"subtitle\"><span style=\"text-decoration: underline;\"><a href=\"https:\/\/preinscripcio.gencat.cat\/ca\/estudis\/fp-basica\/informat\/prepara-documentacio\/\">Documentaci\u00f3 acreditativa de criteris<\/a><\/span><\/h2>\n<div class=\"basic_text_peq col-xs-12\">\n<div class=\"pd-15x link-dotted\">\n<ul>\n<li><strong>Proximitat del domicili habitual<\/strong>. Quan el domicili habitual que s&#8217;al\u00b7lega no coincideix amb el del DNI, amb el de la targeta de resid\u00e8ncia on consta el NIE o es tracta de persones estrangeres sense NIE, s&#8217;acredita amb el certificat o volant municipal de conviv\u00e8ncia de l&#8217;alumne\/a, on ha de constar que conviu amb la persona sol\u00b7licitant.<\/li>\n<li><strong>Renda anual de la unitat familiar<\/strong>. Documentaci\u00f3 acreditativa de ser beneficiari\/\u00e0ria de la prestaci\u00f3 econ\u00f2mica de la renda garantida de ciutadania.<\/li>\n<li><strong>Discapacitat de l&#8217;alumne\/a, pare o mare, tutor\/a o germans<\/strong>. Targeta acreditativa vigent de la discapacitat. En el cas dels pensionistes de la Seguretat Social que tenen reconeguda una pensi\u00f3 d&#8217;incapacitat permanent de grau total, absoluta o de gran invalidesa i els de les classes passives que tenen reconeguda una pensi\u00f3 de jubilaci\u00f3 o de retir per incapacitat permanent per al servei o inutilitat, cal adjuntar el document acreditatiu de ser beneficiari\/\u00e0ria d&#8217;aquest tipus de pensi\u00f3.<\/li>\n<li><strong>Fam\u00edlia nombrosa o fam\u00edlia monoparental<\/strong>. T\u00edtol vigent de fam\u00edlia nombrosa o monoparental.<\/li>\n<li><strong>Situaci\u00f3 d&#8217;acolliment familiar<\/strong>.\u00a0Resoluci\u00f3 d&#8217;acolliment del Departament de Drets Socials.<\/li>\n<li><strong>Condici\u00f3 de v\u00edctima de viol\u00e8ncia de g\u00e8nere o de terrorisme<\/strong>. La condici\u00f3 de v\u00edctima de viol\u00e8ncia de g\u00e8nere s&#8217;acredita per qualsevol dels mitjans establerts a l&#8217;article 23 de la Llei org\u00e0nica 1\/2004 de 28 de desembre, de mesures de protecci\u00f3 integral contra la viol\u00e8ncia de g\u00e8nere. La condici\u00f3 de v\u00edctima de terrorisme s&#8217;acredita amb certificat que emet la Subdirecci\u00f3 General de Suport a V\u00edctimes del Terrorisme del Ministeri de l&#8217;Interior.<\/li>\n<\/ul>\n<\/div>\n<\/div>\n<\/div>\n<\/div>\n<table style=\"height: 320px; width: 47.7057%;\" width=\"666\">\n<tbody>\n<tr style=\"height: 39px;\">\n<td style=\"text-align: center; height: 39px; width: 97.971%;\" colspan=\"2\"><strong>CALENDARI DE PREINSCRIPCI\u00d3 I MATR\u00cdCULA &#8211; CF. GRAU B\u00c0SIC<\/strong><\/td>\n<\/tr>\n<tr style=\"height: 33px;\">\n<td style=\"width: 63.1884%; height: 33px;\">Publicaci\u00f3 de l&#8217;oferta inicial<\/td>\n<td style=\"width: 34.7826%; height: 33px;\">30 d&#8217;abril de 2026<\/td>\n<\/tr>\n<tr style=\"height: 31px;\">\n<td style=\"height: 31px; width: 63.1884%;\">Presentaci\u00f3 de sol\u00b7licituds de preinscripci\u00f3<\/td>\n<td style=\"height: 31px; width: 34.7826%;\">Del 4 al 13 de maig de 2026<\/td>\n<\/tr>\n<tr>\n<td style=\"width: 63.1884%;\">\u00daltim dia per presentar documentaci\u00f3<\/td>\n<td style=\"width: 34.7826%;\">14 de maig de 2026<\/td>\n<\/tr>\n<tr style=\"height: 31px;\">\n<td style=\"height: 31px; width: 63.1884%;\">Llista de sol\u00b7licitud amb la puntuaci\u00f3 provisional<\/td>\n<td style=\"height: 31px; width: 34.7826%;\">28 de maig de 2026<\/td>\n<\/tr>\n<tr style=\"height: 31px;\">\n<td style=\"height: 31px; width: 63.1884%;\">Presentaci\u00f3 de reclamacions<\/td>\n<td style=\"height: 31px; width: 34.7826%;\">Del 28 de maig al 2 de juny de 2026<\/td>\n<\/tr>\n<tr style=\"height: 31px;\">\n<td style=\"height: 31px; width: 63.1884%;\">Sorteig per resoldre les sol\u00b7licituds de preinscripci\u00f3 empatades en punts<\/td>\n<td style=\"height: 31px; width: 34.7826%;\">8 de juny de 2026<\/td>\n<\/tr>\n<tr style=\"height: 31px;\">\n<td style=\"height: 31px; width: 63.1884%;\">Llista ordenada, un cop resoltes les reclamacions<\/td>\n<td style=\"height: 31px; width: 34.7826%;\">8 de juny de 2026<\/td>\n<\/tr>\n<tr>\n<td style=\"width: 63.1884%;\">Llista ordenada definitiva<\/td>\n<td style=\"width: 34.7826%;\">12 de juny de 2026<\/td>\n<\/tr>\n<tr style=\"height: 31px;\">\n<td style=\"height: 31px; width: 63.1884%;\">Publicaci\u00f3 de l&#8217;oferta final de places<\/td>\n<td style=\"height: 31px; width: 34.7826%;\">26 de juny de 2026<\/td>\n<\/tr>\n<tr style=\"height: 31px;\">\n<td style=\"height: 31px; width: 63.1884%;\">Llista d&#8217;alumnes admesos i llista d&#8217;espera<\/td>\n<td style=\"height: 31px; width: 34.7826%;\">26 de juny de 2026<\/td>\n<\/tr>\n<tr style=\"height: 31px;\">\n<td style=\"height: 31px; width: 63.1884%;\">Per\u00edode de matriculaci\u00f3<\/td>\n<td style=\"height: 31px; width: 34.7826%;\">Del 29 de juny al 3 de juliol de 2026<\/td>\n<\/tr>\n<\/tbody>\n<\/table>\n<ul>\n<li><span style=\"color: #ff0000;\">CODI DE CENTRE 08058404<\/span><\/li>\n<li><a href=\"https:\/\/preinscripcio.gencat.cat\/ca\/estudis\/fp-basica\/preinscriute\/\">Sol\u00b7licitud de preinscripci\u00f3<\/a><\/li>\n<li><a href=\"https:\/\/documents.espai.educacio.gencat.cat\/FormularisModels\/CentresDocumentacioAcademica\/A936.pdf\">Consell Orientador<\/a><\/li>\n<li><a href=\"https:\/\/preinscripcio.gencat.cat\/ca\/estudis\/fp-basica\/informat\/\">Instruccions per fer la preinscripci\u00f3<\/a><\/li>\n<li><a href=\"https:\/\/preinscripcio.gencat.cat\/ca\/estudis\/fp-basica\/informat\/prepara-documentacio\/\">Documentaci\u00f3 imprescindible<\/a><\/li>\n<li><a href=\"https:\/\/agora.xtec.cat\/iescirvianum\/secretaria\/llistes-proces-preinscripcio-i-matricula\/\">Llistes<\/a><\/li>\n<li><a href=\"https:\/\/agora.xtec.cat\/iescirvianum\/secretaria\/matriculacio\/matriculacio-fp-basica-dinformatica-doficina\/\">Matriculaci\u00f3<\/a><\/li>\n<\/ul>\n","protected":false},"excerpt":{"rendered":"<p>Documentaci\u00f3 Les\u00a0sol\u00b7licituds de preinscripci\u00f3\u00a0es presentaran\u00a0nom\u00e9s per internet. Pots consultar m\u00e9s informaci\u00f3 en la web del departament Consell Orientador El\u00a0consell orientador en qu\u00e8 es recull la proposta de l&#8217;equip docent. NO S&#8217;ACCEPTAR\u00c0 CAP CONSELL ORIENTADOR SENSE LES SIGNATURES REQUERIDES, tampoc incomplets o amb manca d&#8217;informaci\u00f3 del centre de proced\u00e8ncia o de l&#8217;alumnat pel que es sol\u00b7licita [&hellip;]<\/p>\n","protected":false},"author":1,"featured_media":0,"parent":5139,"menu_order":60,"comment_status":"closed","ping_status":"closed","template":"page-templates\/side-menu.php","meta":{"site-sidebar-layout":"default","site-content-layout":"","ast-site-content-layout":"","site-content-style":"default","site-sidebar-style":"default","ast-global-header-display":"","ast-banner-title-visibility":"","ast-main-header-display":"","ast-hfb-above-header-display":"","ast-hfb-below-header-display":"","ast-hfb-mobile-header-display":"","site-post-title":"","ast-breadcrumbs-content":"","ast-featured-img":"","footer-sml-layout":"","theme-transparent-header-meta":"","adv-header-id-meta":"","stick-header-meta":"","header-above-stick-meta":"","header-main-stick-meta":"","header-below-stick-meta":"","astra-migrate-meta-layouts":"default","ast-page-background-enabled":"default","ast-page-background-meta":{"desktop":{"background-color":"var(--ast-global-color-4)","background-image":"","background-repeat":"repeat","background-position":"center center","background-size":"auto","background-attachment":"scroll","background-type":"","background-media":"","overlay-type":"","overlay-color":"","overlay-opacity":"","overlay-gradient":""},"tablet":{"background-color":"","background-image":"","background-repeat":"repeat","background-position":"center center","background-size":"auto","background-attachment":"scroll","background-type":"","background-media":"","overlay-type":"","overlay-color":"","overlay-opacity":"","overlay-gradient":""},"mobile":{"background-color":"","background-image":"","background-repeat":"repeat","background-position":"center center","background-size":"auto","background-attachment":"scroll","background-type":"","background-media":"","overlay-type":"","overlay-color":"","overlay-opacity":"","overlay-gradient":""}},"ast-content-background-meta":{"desktop":{"background-color":"var(--ast-global-color-5)","background-image":"","background-repeat":"repeat","background-position":"center center","background-size":"auto","background-attachment":"scroll","background-type":"","background-media":"","overlay-type":"","overlay-color":"","overlay-opacity":"","overlay-gradient":""},"tablet":{"background-color":"var(--ast-global-color-5)","background-image":"","background-repeat":"repeat","background-position":"center center","background-size":"auto","background-attachment":"scroll","background-type":"","background-media":"","overlay-type":"","overlay-color":"","overlay-opacity":"","overlay-gradient":""},"mobile":{"background-color":"var(--ast-global-color-5)","background-image":"","background-repeat":"repeat","background-position":"center center","background-size":"auto","background-attachment":"scroll","background-type":"","background-media":"","overlay-type":"","overlay-color":"","overlay-opacity":"","overlay-gradient":""}},"footnotes":""},"class_list":["post-5229","page","type-page","status-publish","hentry"],"post_mailing_queue_ids":[],"_links":{"self":[{"href":"https:\/\/agora.xtec.cat\/iescirvianum\/wp-json\/wp\/v2\/pages\/5229","targetHints":{"allow":["GET"]}}],"collection":[{"href":"https:\/\/agora.xtec.cat\/iescirvianum\/wp-json\/wp\/v2\/pages"}],"about":[{"href":"https:\/\/agora.xtec.cat\/iescirvianum\/wp-json\/wp\/v2\/types\/page"}],"author":[{"embeddable":true,"href":"https:\/\/agora.xtec.cat\/iescirvianum\/wp-json\/wp\/v2\/users\/1"}],"replies":[{"embeddable":true,"href":"https:\/\/agora.xtec.cat\/iescirvianum\/wp-json\/wp\/v2\/comments?post=5229"}],"version-history":[{"count":8,"href":"https:\/\/agora.xtec.cat\/iescirvianum\/wp-json\/wp\/v2\/pages\/5229\/revisions"}],"predecessor-version":[{"id":8753,"href":"https:\/\/agora.xtec.cat\/iescirvianum\/wp-json\/wp\/v2\/pages\/5229\/revisions\/8753"}],"up":[{"embeddable":true,"href":"https:\/\/agora.xtec.cat\/iescirvianum\/wp-json\/wp\/v2\/pages\/5139"}],"wp:attachment":[{"href":"https:\/\/agora.xtec.cat\/iescirvianum\/wp-json\/wp\/v2\/media?parent=5229"}],"curies":[{"name":"wp","href":"https:\/\/api.w.org\/{rel}","templated":true}]}}