{"id":5169,"date":"2021-04-14T16:30:59","date_gmt":"2021-04-14T14:30:59","guid":{"rendered":"https:\/\/agora.xtec.cat\/iescirvianum\/?page_id=5169"},"modified":"2024-07-16T09:17:16","modified_gmt":"2024-07-16T07:17:16","slug":"matriculacio-cf-grau-superior","status":"publish","type":"page","link":"https:\/\/agora.xtec.cat\/iescirvianum\/secretaria\/matriculacio\/matriculacio-cf-grau-superior\/","title":{"rendered":"Matriculaci\u00f3 de CF Grau Superior"},"content":{"rendered":"<p>&nbsp;<\/p>\n<p>Documentaci\u00f3 imprescindible per confirmar la pla\u00e7a<\/p>\n<ul>\n<li><span style=\"color: #000000;\">Pagament de les taxes &#8211; <a href=\"https:\/\/drive.google.com\/file\/d\/1av8Xl4PM2PrGPRtwx5UMMmncGmdqvlqM\/view?usp=share_link\">Instruccions per realitzar el pagament de les taxes<\/a> <\/span><\/li>\n<li><a style=\"color: #2795b6;\" href=\"https:\/\/drive.google.com\/file\/d\/1Ymm7mwnrRjHYWp3n7D_iS9wXHGzYmlBs\/view?usp=sharing\">Comprom\u00eds d&#8217;acceptaci\u00f3 formaci\u00f3 en alternan\u00e7a<\/a><\/li>\n<li><a href=\"https:\/\/drive.google.com\/file\/d\/1_Q7R0HlPaCDQPXkSJqSzB6djfxCII9Oo\/view?usp=sharing\">Comprom\u00eds educatiu<\/a><\/li>\n<\/ul>\n<p>Els alumnes que esteu a la llista d&#8217;espera haureu d&#8217;esperar a que passi el termini de matriculaci\u00f3 dels admesos. En cas que s&#8217;alliberin places, anirem contactant amb vosaltres per estricte ordre de llista i la documentaci\u00f3 que haureu d&#8217;aportar ser\u00e0 la que s&#8217;especifica en aquest lloc web.<\/p>\n<p>&nbsp;<\/p>\n<p>&nbsp;<\/p>\n","protected":false},"excerpt":{"rendered":"<p>&nbsp; Documentaci\u00f3 imprescindible per confirmar la pla\u00e7a Pagament de les taxes &#8211; Instruccions per realitzar el pagament de les taxes Comprom\u00eds d&#8217;acceptaci\u00f3 formaci\u00f3 en alternan\u00e7a Comprom\u00eds educatiu Els alumnes que esteu a la llista d&#8217;espera haureu d&#8217;esperar a que passi el termini de matriculaci\u00f3 dels admesos. En cas que s&#8217;alliberin places, anirem contactant amb vosaltres [&hellip;]<\/p>\n","protected":false},"author":1,"featured_media":0,"parent":5161,"menu_order":40,"comment_status":"closed","ping_status":"closed","template":"page-templates\/side-menu.php","meta":{"site-sidebar-layout":"default","site-content-layout":"","ast-site-content-layout":"","site-content-style":"default","site-sidebar-style":"default","ast-global-header-display":"","ast-banner-title-visibility":"","ast-main-header-display":"","ast-hfb-above-header-display":"","ast-hfb-below-header-display":"","ast-hfb-mobile-header-display":"","site-post-title":"","ast-breadcrumbs-content":"","ast-featured-img":"","footer-sml-layout":"","theme-transparent-header-meta":"","adv-header-id-meta":"","stick-header-meta":"","header-above-stick-meta":"","header-main-stick-meta":"","header-below-stick-meta":"","astra-migrate-meta-layouts":"default","ast-page-background-enabled":"default","ast-page-background-meta":{"desktop":{"background-color":"var(--ast-global-color-4)","background-image":"","background-repeat":"repeat","background-position":"center center","background-size":"auto","background-attachment":"scroll","background-type":"","background-media":"","overlay-type":"","overlay-color":"","overlay-opacity":"","overlay-gradient":""},"tablet":{"background-color":"","background-image":"","background-repeat":"repeat","background-position":"center center","background-size":"auto","background-attachment":"scroll","background-type":"","background-media":"","overlay-type":"","overlay-color":"","overlay-opacity":"","overlay-gradient":""},"mobile":{"background-color":"","background-image":"","background-repeat":"repeat","background-position":"center center","background-size":"auto","background-attachment":"scroll","background-type":"","background-media":"","overlay-type":"","overlay-color":"","overlay-opacity":"","overlay-gradient":""}},"ast-content-background-meta":{"desktop":{"background-color":"var(--ast-global-color-5)","background-image":"","background-repeat":"repeat","background-position":"center center","background-size":"auto","background-attachment":"scroll","background-type":"","background-media":"","overlay-type":"","overlay-color":"","overlay-opacity":"","overlay-gradient":""},"tablet":{"background-color":"var(--ast-global-color-5)","background-image":"","background-repeat":"repeat","background-position":"center center","background-size":"auto","background-attachment":"scroll","background-type":"","background-media":"","overlay-type":"","overlay-color":"","overlay-opacity":"","overlay-gradient":""},"mobile":{"background-color":"var(--ast-global-color-5)","background-image":"","background-repeat":"repeat","background-position":"center center","background-size":"auto","background-attachment":"scroll","background-type":"","background-media":"","overlay-type":"","overlay-color":"","overlay-opacity":"","overlay-gradient":""}},"footnotes":""},"class_list":["post-5169","page","type-page","status-publish","hentry"],"post_mailing_queue_ids":[],"_links":{"self":[{"href":"https:\/\/agora.xtec.cat\/iescirvianum\/wp-json\/wp\/v2\/pages\/5169","targetHints":{"allow":["GET"]}}],"collection":[{"href":"https:\/\/agora.xtec.cat\/iescirvianum\/wp-json\/wp\/v2\/pages"}],"about":[{"href":"https:\/\/agora.xtec.cat\/iescirvianum\/wp-json\/wp\/v2\/types\/page"}],"author":[{"embeddable":true,"href":"https:\/\/agora.xtec.cat\/iescirvianum\/wp-json\/wp\/v2\/users\/1"}],"replies":[{"embeddable":true,"href":"https:\/\/agora.xtec.cat\/iescirvianum\/wp-json\/wp\/v2\/comments?post=5169"}],"version-history":[{"count":5,"href":"https:\/\/agora.xtec.cat\/iescirvianum\/wp-json\/wp\/v2\/pages\/5169\/revisions"}],"predecessor-version":[{"id":8179,"href":"https:\/\/agora.xtec.cat\/iescirvianum\/wp-json\/wp\/v2\/pages\/5169\/revisions\/8179"}],"up":[{"embeddable":true,"href":"https:\/\/agora.xtec.cat\/iescirvianum\/wp-json\/wp\/v2\/pages\/5161"}],"wp:attachment":[{"href":"https:\/\/agora.xtec.cat\/iescirvianum\/wp-json\/wp\/v2\/media?parent=5169"}],"curies":[{"name":"wp","href":"https:\/\/api.w.org\/{rel}","templated":true}]}}