{"id":5167,"date":"2021-04-14T16:30:27","date_gmt":"2021-04-14T14:30:27","guid":{"rendered":"https:\/\/agora.xtec.cat\/iescirvianum\/?page_id=5167"},"modified":"2025-07-10T13:31:42","modified_gmt":"2025-07-10T11:31:42","slug":"matriculacio-cf-grau-mitja","status":"publish","type":"page","link":"https:\/\/agora.xtec.cat\/iescirvianum\/secretaria\/matriculacio\/matriculacio-cf-grau-mitja\/","title":{"rendered":"Matriculaci\u00f3 de CF Grau Mitj\u00e0"},"content":{"rendered":"<p>&nbsp;<\/p>\n<p><strong><span style=\"color: #00ccff;\">DOCUMENTACI\u00d3<\/span><\/strong><\/p>\n<p>Documents <strong>imprescindibles<\/strong> per a la matriculaci\u00f3 que heu d&#8217;enviar per correu electr\u00f2nic <span style=\"text-decoration: underline;\"><strong>ciclesformatius@cirvianum.cat<\/strong><\/span><\/p>\n<ul>\n<li><a href=\"https:\/\/drive.google.com\/file\/d\/1aJORAvv7uuF_SJeAZ4bsD91bFJMtrJoE\/view?usp=sharing\">Autoritzacions (PDF)<\/a><\/li>\n<li><a href=\"https:\/\/drive.google.com\/file\/d\/16Glc8cS_gLkfXC2XjIYvwCa-lqCnvn11\/view?usp=sharing\">Carta de comprom\u00eds (PDF)<\/a><\/li>\n<li><a href=\"https:\/\/drive.google.com\/file\/d\/1hK-T7BCZkfJGzdtbh8qzX6_HoBsHpFYY\/view?usp=sharing\">Acceptaci\u00f3 de la formaci\u00f3 en DUAL &#8211; Perruqueria i Cosm\u00e8tica Capil\u00b7lar (PDF)<\/a><\/li>\n<li><a href=\"https:\/\/drive.google.com\/file\/d\/1W3Zz8UXr2AN_KMGuZ1FT_skwFYJIsCOL\/view?usp=sharing\">Acceptaci\u00f3 de la formaci\u00f3 en DUAL &#8211; Sistemes Microinform\u00e0tics i Xarxes (PDF)<\/a><\/li>\n<li><a href=\"https:\/\/drive.google.com\/file\/d\/1fxpw2GgCkkGSrn9F8j60D2YjkOYOwYu4\/view?usp=sharing\">Normativa sobre de l&#8217;\u00fas del m\u00f2bil dins l&#8217;Institut.<\/a><\/li>\n<li>Fotografia del DNI \/ NIE de l&#8217;alumne o alumna (JPG)<\/li>\n<li>Fotografia de l&#8217;alumne o alumna (JPG)<\/li>\n<li>Fotografia de la targeta sanit\u00e0ria (JPG)<\/li>\n<li>PCC &#8211; Resguard del pagament<\/li>\n<li>SMX &#8211; Resguard del pagament<\/li>\n<li>ES07 2100 0053 6102 0060 2549 (si sou clients de La Caixa \u00e9s possible que us demani el codi 0644889 per fer la transfer\u00e8ncia a tercers).<\/li>\n<li>Butllet\u00ed de notes o qualificacions de final de curs on apareix la nota final d&#8217;ESO o l&#8217;Historial acad\u00e8mic. (nom\u00e9s els que accedeixin per aquesta via) (PDF)<\/li>\n<\/ul>\n","protected":false},"excerpt":{"rendered":"<p>&nbsp; DOCUMENTACI\u00d3 Documents imprescindibles per a la matriculaci\u00f3 que heu d&#8217;enviar per correu electr\u00f2nic ciclesformatius@cirvianum.cat Autoritzacions (PDF) Carta de comprom\u00eds (PDF) Acceptaci\u00f3 de la formaci\u00f3 en DUAL &#8211; Perruqueria i Cosm\u00e8tica Capil\u00b7lar (PDF) Acceptaci\u00f3 de la formaci\u00f3 en DUAL &#8211; Sistemes Microinform\u00e0tics i Xarxes (PDF) Normativa sobre de l&#8217;\u00fas del m\u00f2bil dins l&#8217;Institut. Fotografia del [&hellip;]<\/p>\n","protected":false},"author":1,"featured_media":0,"parent":5161,"menu_order":30,"comment_status":"closed","ping_status":"closed","template":"page-templates\/side-menu.php","meta":{"site-sidebar-layout":"default","site-content-layout":"","ast-site-content-layout":"","site-content-style":"default","site-sidebar-style":"default","ast-global-header-display":"","ast-banner-title-visibility":"","ast-main-header-display":"","ast-hfb-above-header-display":"","ast-hfb-below-header-display":"","ast-hfb-mobile-header-display":"","site-post-title":"","ast-breadcrumbs-content":"","ast-featured-img":"","footer-sml-layout":"","theme-transparent-header-meta":"","adv-header-id-meta":"","stick-header-meta":"","header-above-stick-meta":"","header-main-stick-meta":"","header-below-stick-meta":"","astra-migrate-meta-layouts":"default","ast-page-background-enabled":"default","ast-page-background-meta":{"desktop":{"background-color":"var(--ast-global-color-4)","background-image":"","background-repeat":"repeat","background-position":"center center","background-size":"auto","background-attachment":"scroll","background-type":"","background-media":"","overlay-type":"","overlay-color":"","overlay-opacity":"","overlay-gradient":""},"tablet":{"background-color":"","background-image":"","background-repeat":"repeat","background-position":"center center","background-size":"auto","background-attachment":"scroll","background-type":"","background-media":"","overlay-type":"","overlay-color":"","overlay-opacity":"","overlay-gradient":""},"mobile":{"background-color":"","background-image":"","background-repeat":"repeat","background-position":"center center","background-size":"auto","background-attachment":"scroll","background-type":"","background-media":"","overlay-type":"","overlay-color":"","overlay-opacity":"","overlay-gradient":""}},"ast-content-background-meta":{"desktop":{"background-color":"var(--ast-global-color-5)","background-image":"","background-repeat":"repeat","background-position":"center center","background-size":"auto","background-attachment":"scroll","background-type":"","background-media":"","overlay-type":"","overlay-color":"","overlay-opacity":"","overlay-gradient":""},"tablet":{"background-color":"var(--ast-global-color-5)","background-image":"","background-repeat":"repeat","background-position":"center center","background-size":"auto","background-attachment":"scroll","background-type":"","background-media":"","overlay-type":"","overlay-color":"","overlay-opacity":"","overlay-gradient":""},"mobile":{"background-color":"var(--ast-global-color-5)","background-image":"","background-repeat":"repeat","background-position":"center center","background-size":"auto","background-attachment":"scroll","background-type":"","background-media":"","overlay-type":"","overlay-color":"","overlay-opacity":"","overlay-gradient":""}},"footnotes":""},"class_list":["post-5167","page","type-page","status-publish","hentry"],"post_mailing_queue_ids":[],"_links":{"self":[{"href":"https:\/\/agora.xtec.cat\/iescirvianum\/wp-json\/wp\/v2\/pages\/5167","targetHints":{"allow":["GET"]}}],"collection":[{"href":"https:\/\/agora.xtec.cat\/iescirvianum\/wp-json\/wp\/v2\/pages"}],"about":[{"href":"https:\/\/agora.xtec.cat\/iescirvianum\/wp-json\/wp\/v2\/types\/page"}],"author":[{"embeddable":true,"href":"https:\/\/agora.xtec.cat\/iescirvianum\/wp-json\/wp\/v2\/users\/1"}],"replies":[{"embeddable":true,"href":"https:\/\/agora.xtec.cat\/iescirvianum\/wp-json\/wp\/v2\/comments?post=5167"}],"version-history":[{"count":7,"href":"https:\/\/agora.xtec.cat\/iescirvianum\/wp-json\/wp\/v2\/pages\/5167\/revisions"}],"predecessor-version":[{"id":8577,"href":"https:\/\/agora.xtec.cat\/iescirvianum\/wp-json\/wp\/v2\/pages\/5167\/revisions\/8577"}],"up":[{"embeddable":true,"href":"https:\/\/agora.xtec.cat\/iescirvianum\/wp-json\/wp\/v2\/pages\/5161"}],"wp:attachment":[{"href":"https:\/\/agora.xtec.cat\/iescirvianum\/wp-json\/wp\/v2\/media?parent=5167"}],"curies":[{"name":"wp","href":"https:\/\/api.w.org\/{rel}","templated":true}]}}