{"id":5165,"date":"2021-04-14T16:30:02","date_gmt":"2021-04-14T14:30:02","guid":{"rendered":"https:\/\/agora.xtec.cat\/iescirvianum\/?page_id=5165"},"modified":"2026-02-06T08:52:40","modified_gmt":"2026-02-06T07:52:40","slug":"matriculacio-batxillerat","status":"publish","type":"page","link":"https:\/\/agora.xtec.cat\/iescirvianum\/secretaria\/matriculacio\/matriculacio-batxillerat\/","title":{"rendered":"Matriculaci\u00f3 de Batxillerat"},"content":{"rendered":"<p>MATRICULACI\u00d3<span style=\"color: #ff0000;\">&#8230;&#8230;&#8230;&#8230;&#8230;&#8230;&#8230;&#8230;&#8230;..<\/span><\/p>\n<p><strong>DOCUMENTACI\u00d3<span style=\"color: #ff0000;\"> IMPRESCINDIBLE<\/span> PER FORMALITZAR LA MATR\u00cdCULA<\/strong><\/p>\n<p>A tots els alumnes ADMESOS se\u2019ls envia un correu electr\u00f2nic des de Batxillerat Secretaria Acad\u00e8mica on s\u2019explica el procediment a seguir per formalitzar la matr\u00edcula. Vigileu el correu brossa.<\/p>\n<p>S\u2019ha d\u2019enviar TOTA la documentaci\u00f3\u00a0<strong>en format PDF,\u00a0<\/strong>com a resposta al correu electr\u00f2nic.<\/p>\n<p>Enviar <strong>TOTA<\/strong> la documentaci\u00f3 a <strong>batxillerat@cirvianum.cat <span style=\"text-decoration: underline;\">posant a l&#8217;assumpte el nom de l&#8217;alumne o alumna<\/span><\/strong>. La documentaci\u00f3 s&#8217;ha d&#8217;enviar <strong>en format PDF<\/strong><\/p>\n<ul>\n<li>DNI (davant i darrere) de l&#8217;alumne\/a<\/li>\n<li>DNI (davant i darrere) dels tutors legals. Recordeu que \u00e9s un requisit imprescindible per apar\u00e8ixer a l&#8217;expedient del vostre fill o filla.<\/li>\n<li>Targeta sanit\u00e0ria<\/li>\n<li>Fotografia de l&#8217;alumne\/a &#8211; tipus carnet &#8211; nom\u00e9s del rostre i amb el fons el m\u00e9s neutre possible. El format ha de ser JPG<\/li>\n<li><a href=\"https:\/\/drive.google.com\/file\/d\/1FGCFQQ-5Tc-Tw0PZBbF1xytQ1_wVIfsJ\/view?usp=sharing\">Autoritzacions<\/a>. Document que heu de descarregar, emplenar i signar.<\/li>\n<li><a href=\"https:\/\/drive.google.com\/file\/d\/1TwFaPU4doW7Y9HpavulXZDcIjoS5YEmB\/view?usp=sharing\">Carta de comprom\u00eds educatiu<\/a>. Document que heu de descarregar, emplenar i signar.<\/li>\n<li><a href=\"https:\/\/drive.google.com\/file\/d\/1i6-3m4KXaVhpdXaXHPS33qJqRnfnfAzl\/view?usp=sharing\">Comprom\u00eds amb la normativa d&#8217;\u00fas del m\u00f2bil<\/a> dins l&#8217;Institut. Document que heu de descarregar, emplenar i signar.<\/li>\n<li>Itinerari que voleu cursar. Document que heu de descarregar i emplenar. Els alumnes que han fet 4t d&#8217;ESO a l&#8217;Institut Cirvi\u00e0num NO l&#8217;han d&#8217;enviar.<\/li>\n<li>Els alumnes que fan el <span style=\"text-decoration: underline;\">batxillerat art\u00edstic<\/span> han de pagar 50\u20ac en concepte de material i tallers. Heu de fer una transfer\u00e8ncia al n\u00famero de compte de l&#8217;Institut ES07 2100 0053 6102 0060 2549 i enviar el resguard de la transfer\u00e8ncia amb la resta de documentaci\u00f3.<\/li>\n<li><strong>Informe de qualificacions de l&#8217;avaluaci\u00f3 final ordin\u00e0ria (butllet\u00ed de notes)<\/strong>. Aquest document el podeu enviar durant el mes de juliol. Ha d&#8217;anar signat i segellat pel centre on heu cursat 4t d&#8217;ESO i ha d&#8217;apar\u00e8ixer la qualificaci\u00f3 <u>final d&#8217;etapa<\/u>. Els alumnes que han fet 4t d&#8217;ESO a l&#8217;Institut Cirvi\u00e0num NO l&#8217;han d&#8217;enviar.<\/li>\n<\/ul>\n<p>Cient\u00edfic &#8211; Itinerari de <span style=\"text-decoration: underline;\">PRIMER<\/span> de Batxillerat (PDF)<\/p>\n<p>Human\u00edstic &#8211; Itinerari de <span style=\"text-decoration: underline;\">PRIMER<\/span> de Batxillerat (PDF)<\/p>\n<p>&nbsp;<\/p>\n<h5>TRANSPORT ESCOLAR D&#8217;ALUMNES DE NOVA INCORPORACI\u00d3 EL CURS 26-27<strong> (empadronats a Or\u00eds o Sant Vicen\u00e7 de Torell\u00f3)<\/strong><\/h5>\n<ul>\n<li style=\"list-style-type: none;\">\n<ul>\n<li style=\"list-style-type: none;\">\n<ul>\n<li><strong>TERMINI<\/strong> <strong>del &#8230;&#8230;&#8230;&#8230;&#8230;&#8230;&#8230;&#8230; &#8211; (ambd\u00f3s inclosos)<\/strong>\n<ul>\n<li>De <strong>NOVA<\/strong> incorporaci\u00f3 &#8211; tots els alumnes que comencen a l&#8217;Institut Cirvi\u00e0num o que tenint dret no l&#8217;havien sol\u00b7licitat anteriorment.<\/li>\n<li>Heu de fer la sol\u00b7licitud a trav\u00e9s d&#8217;aquest <a href=\"https:\/\/ajutsescolars.ccosona.cat\/\">enlla\u00e7<\/a>.<\/li>\n<li>Recordeu que heu de disposar de certificat digital autoritzat (FNMT, tCat, Cl@ve, <a href=\"https:\/\/www.idcatmobil.cat\/\">IdCAt M\u00f2bil<\/a>, etc.)<\/li>\n<li>Instruccions<\/li>\n<li><strong>Horaris<\/strong>:<a href=\"https:\/\/drive.google.com\/file\/d\/1f9qhZL-1LKp8dBz7XH_67PC_2pabiOpz\/view?usp=sharing\"> \u00a0Ruta Or\u00eds-Sant Vicen\u00e7\u00a0<\/a><\/li>\n<\/ul>\n<\/li>\n<\/ul>\n<\/li>\n<\/ul>\n<\/li>\n<\/ul>\n<p>&nbsp;<\/p>\n<p>&nbsp;<\/p>\n","protected":false},"excerpt":{"rendered":"<p>MATRICULACI\u00d3&#8230;&#8230;&#8230;&#8230;&#8230;&#8230;&#8230;&#8230;&#8230;.. DOCUMENTACI\u00d3 IMPRESCINDIBLE PER FORMALITZAR LA MATR\u00cdCULA A tots els alumnes ADMESOS se\u2019ls envia un correu electr\u00f2nic des de Batxillerat Secretaria Acad\u00e8mica on s\u2019explica el procediment a seguir per formalitzar la matr\u00edcula. Vigileu el correu brossa. S\u2019ha d\u2019enviar TOTA la documentaci\u00f3\u00a0en format PDF,\u00a0com a resposta al correu electr\u00f2nic. Enviar TOTA la documentaci\u00f3 a batxillerat@cirvianum.cat posant [&hellip;]<\/p>\n","protected":false},"author":1,"featured_media":0,"parent":5161,"menu_order":20,"comment_status":"closed","ping_status":"closed","template":"page-templates\/side-menu.php","meta":{"site-sidebar-layout":"default","site-content-layout":"","ast-site-content-layout":"","site-content-style":"default","site-sidebar-style":"default","ast-global-header-display":"","ast-banner-title-visibility":"","ast-main-header-display":"","ast-hfb-above-header-display":"","ast-hfb-below-header-display":"","ast-hfb-mobile-header-display":"","site-post-title":"","ast-breadcrumbs-content":"","ast-featured-img":"","footer-sml-layout":"","theme-transparent-header-meta":"","adv-header-id-meta":"","stick-header-meta":"","header-above-stick-meta":"","header-main-stick-meta":"","header-below-stick-meta":"","astra-migrate-meta-layouts":"default","ast-page-background-enabled":"default","ast-page-background-meta":{"desktop":{"background-color":"var(--ast-global-color-4)","background-image":"","background-repeat":"repeat","background-position":"center center","background-size":"auto","background-attachment":"scroll","background-type":"","background-media":"","overlay-type":"","overlay-color":"","overlay-opacity":"","overlay-gradient":""},"tablet":{"background-color":"","background-image":"","background-repeat":"repeat","background-position":"center center","background-size":"auto","background-attachment":"scroll","background-type":"","background-media":"","overlay-type":"","overlay-color":"","overlay-opacity":"","overlay-gradient":""},"mobile":{"background-color":"","background-image":"","background-repeat":"repeat","background-position":"center center","background-size":"auto","background-attachment":"scroll","background-type":"","background-media":"","overlay-type":"","overlay-color":"","overlay-opacity":"","overlay-gradient":""}},"ast-content-background-meta":{"desktop":{"background-color":"var(--ast-global-color-5)","background-image":"","background-repeat":"repeat","background-position":"center center","background-size":"auto","background-attachment":"scroll","background-type":"","background-media":"","overlay-type":"","overlay-color":"","overlay-opacity":"","overlay-gradient":""},"tablet":{"background-color":"var(--ast-global-color-5)","background-image":"","background-repeat":"repeat","background-position":"center center","background-size":"auto","background-attachment":"scroll","background-type":"","background-media":"","overlay-type":"","overlay-color":"","overlay-opacity":"","overlay-gradient":""},"mobile":{"background-color":"var(--ast-global-color-5)","background-image":"","background-repeat":"repeat","background-position":"center center","background-size":"auto","background-attachment":"scroll","background-type":"","background-media":"","overlay-type":"","overlay-color":"","overlay-opacity":"","overlay-gradient":""}},"footnotes":""},"class_list":["post-5165","page","type-page","status-publish","hentry"],"post_mailing_queue_ids":[],"_links":{"self":[{"href":"https:\/\/agora.xtec.cat\/iescirvianum\/wp-json\/wp\/v2\/pages\/5165","targetHints":{"allow":["GET"]}}],"collection":[{"href":"https:\/\/agora.xtec.cat\/iescirvianum\/wp-json\/wp\/v2\/pages"}],"about":[{"href":"https:\/\/agora.xtec.cat\/iescirvianum\/wp-json\/wp\/v2\/types\/page"}],"author":[{"embeddable":true,"href":"https:\/\/agora.xtec.cat\/iescirvianum\/wp-json\/wp\/v2\/users\/1"}],"replies":[{"embeddable":true,"href":"https:\/\/agora.xtec.cat\/iescirvianum\/wp-json\/wp\/v2\/comments?post=5165"}],"version-history":[{"count":7,"href":"https:\/\/agora.xtec.cat\/iescirvianum\/wp-json\/wp\/v2\/pages\/5165\/revisions"}],"predecessor-version":[{"id":8811,"href":"https:\/\/agora.xtec.cat\/iescirvianum\/wp-json\/wp\/v2\/pages\/5165\/revisions\/8811"}],"up":[{"embeddable":true,"href":"https:\/\/agora.xtec.cat\/iescirvianum\/wp-json\/wp\/v2\/pages\/5161"}],"wp:attachment":[{"href":"https:\/\/agora.xtec.cat\/iescirvianum\/wp-json\/wp\/v2\/media?parent=5165"}],"curies":[{"name":"wp","href":"https:\/\/api.w.org\/{rel}","templated":true}]}}