{"id":5163,"date":"2021-04-14T16:29:36","date_gmt":"2021-04-14T14:29:36","guid":{"rendered":"https:\/\/agora.xtec.cat\/iescirvianum\/?page_id=5163"},"modified":"2026-04-22T14:11:16","modified_gmt":"2026-04-22T12:11:16","slug":"matriculacio-eso","status":"publish","type":"page","link":"https:\/\/agora.xtec.cat\/iescirvianum\/secretaria\/matriculacio\/matriculacio-eso\/","title":{"rendered":"Matriculaci\u00f3 d&#8217;ESO"},"content":{"rendered":"<p>MATRICULACI\u00d3<strong><span style=\"color: #ff0000;\"> del 22 al 30 de JUNY<\/span><\/strong><\/p>\n<p><strong>DOCUMENTACI\u00d3 <span style=\"color: #ff0000;\">IMPRESCINDIBLE<\/span> PER FORMALITZAR LA MATR\u00cdCULA<\/strong><\/p>\n<p>A tots els alumnes ADMESOS se&#8217;ls ha enviat un correu electr\u00f2nic des d&#8217;ESO Secretaria Acad\u00e8mica on s&#8217;explica el procediment a seguir per formalitzar la matr\u00edcula. Vigileu el correu brossa.<\/p>\n<p>S&#8217;ha d&#8217;enviar TOTA la documentaci\u00f3\u00a0<strong>en format PDF, <\/strong>com a resposta al correu electr\u00f2nic.<\/p>\n<ul>\n<li>DNI (davant i darrere) de l&#8217;alumne\/a<\/li>\n<li>DNI (davant i darrere) dels tutors legals &#8211; Si no l&#8217;heu enviat encara. El tutor legal que no presenti el seu DNI no podr\u00e0 apar\u00e8ixer a l&#8217;expedient de l&#8217;alumne\/a.<\/li>\n<li>Targeta sanit\u00e0ria.<\/li>\n<li>C\u00f2pia del carnet de vacunacions.<\/li>\n<li>Fotografia de l&#8217;alumne\/a &#8211; tipus carnet &#8211; nom\u00e9s del rostre i amb el fons el m\u00e9s neutre possible. El format ha de ser JPG.<\/li>\n<li><a href=\"https:\/\/drive.google.com\/file\/d\/1N_SfcXt0yE7FOJ0Pgyr4WUbLpEjKxU6M\/view?usp=sharing\">Autoritzacions.<\/a> Document que heu de descarregar, emplenar i signar.<\/li>\n<li><a href=\"https:\/\/drive.google.com\/file\/d\/16Glc8cS_gLkfXC2XjIYvwCa-lqCnvn11\/view?usp=sharing\">Carta de comprom\u00eds.<\/a> Document que heu de descarregar, emplenar i signar.<\/li>\n<li><a href=\"https:\/\/drive.google.com\/file\/d\/1K0pcd41GHgT_d0UMxEB_eWxGZByFT8gy\/view?usp=sharing\">Comprom\u00eds amb la normativa d&#8217;\u00fas del m\u00f2bil<\/a> dins l&#8217;Institut. Document que heu de descarregar, emplenar i signar.<\/li>\n<\/ul>\n<p>Si teniu qualsevol consulta podeu contactar amb nosaltres a trav\u00e9s del correu electr\u00f2nic <strong>eso@cirvianum.cat posant a l\u2019assumpte el nom de l\u2019alumne o alumna <\/strong>o al tel\u00e8fon 938594841<\/p>\n<h5><\/h5>\n<h5><span style=\"text-decoration: underline;\"><span style=\"color: #00ccff; text-decoration: underline;\">TRANSPORT ESCOLAR D&#8217;ALUMNES DE NOVA INCORPORACI\u00d3 EL CURS 26-27<\/span><\/span><strong> (empadronats a Or\u00eds o Sant Vicen\u00e7 de Torell\u00f3)<\/strong><\/h5>\n<ul>\n<li><strong>TERMINI<\/strong> <strong>del 18 DE MAIG AL 30 DE JUNY &#8211; (ambd\u00f3s inclosos)<\/strong>\n<ul>\n<li>De <strong>NOVA<\/strong> incorporaci\u00f3 &#8211; tots els alumnes que comencen a l&#8217;Institut Cirvi\u00e0num o que tenint dret no l&#8217;havien sol\u00b7licitat anteriorment.<\/li>\n<li>Heu de fer la sol\u00b7licitud a trav\u00e9s d&#8217;aquest <a href=\"https:\/\/ajutsescolars.ccosona.cat\/\">enlla\u00e7<\/a>.<\/li>\n<li>Recordeu que heu de disposar de certificat digital autoritzat (FNMT, tCat, Cl@ve, <a href=\"https:\/\/www.idcatmobil.cat\/\">IdCAt M\u00f2bil<\/a>, etc.)<\/li>\n<li>Instruccions<\/li>\n<li><strong>Horaris<\/strong>:<a href=\"https:\/\/drive.google.com\/file\/d\/1f9qhZL-1LKp8dBz7XH_67PC_2pabiOpz\/view?usp=sharing\"> \u00a0Ruta Or\u00eds-Sant Vicen\u00e7\u00a0<\/a><\/li>\n<\/ul>\n<\/li>\n<\/ul>\n<h5><a href=\"https:\/\/drive.google.com\/file\/d\/1kZQi9RtTejoe97Mg_EaJEjjyyaahHnaU\/view?usp=sharing\"><span style=\"text-decoration: underline;\"><span style=\"color: #00ccff; text-decoration: underline;\">CONVOCAT\u00d2RIA D&#8217;AJUTS DE LLIBRES, MATERIAL I ACTIVITAS 26-27<\/span><\/span><\/a><\/h5>\n<p>Les sol\u00b7licituds es podran presentar per Internet\u00a0<b>a trav\u00e9s de la web del Consorci<\/b>\u00a0<b><a id=\"m_-8215929534437833034OWA504d2b05-1311-40fc-621b-d22f01c715b5\" href=\"https:\/\/experta.spaiinnova.com\/p785\/web\/catalogoAsuntos.do?opcion=5&amp;palabrasBusqueda=&amp;lineasPagina=100&amp;pagina=1&amp;entidad=082981&amp;idioma=2\" target=\"_blank\" rel=\"noreferrer noopener\" data-saferedirecturl=\"https:\/\/www.google.com\/url?q=https:\/\/experta.spaiinnova.com\/p785\/web\/catalogoAsuntos.do?opcion%3D5%26palabrasBusqueda%3D%26lineasPagina%3D100%26pagina%3D1%26entidad%3D082981%26idioma%3D2&amp;source=gmail&amp;ust=1776926818134000&amp;usg=AOvVaw0XxyZ0Nf9ARR8XN41gHx2F\"><u>Expert@ Monitor Expedientes Documentos<\/u><\/a><\/b>, o b\u00e9 presencialment a les Oficines del Consorci de Serveis Socials d\u2019Osona,\u00a0<b>Edifici Audit\u00f2rium \u2013 C\/ Mol\u00ed d\u2019en Saborit, n\u00ba 2, 1er pis, Porta 3 \u2013 08500 Vic.<\/b><\/p>\n<p>El termini per a presentar la sol\u00b7licitud ser\u00e0 del\u00a0<b>&#8230;&#8230;&#8230;&#8230;&#8230;&#8230;&#8230;&#8230;&#8230;&#8230;&#8230;&#8230;&#8230;&#8230;&#8230;&#8230;&#8230;<\/b>, ambd\u00f3s inclosos.<\/p>\n<p>&nbsp;<\/p>\n","protected":false},"excerpt":{"rendered":"<p>MATRICULACI\u00d3 del 22 al 30 de JUNY DOCUMENTACI\u00d3 IMPRESCINDIBLE PER FORMALITZAR LA MATR\u00cdCULA A tots els alumnes ADMESOS se&#8217;ls ha enviat un correu electr\u00f2nic des d&#8217;ESO Secretaria Acad\u00e8mica on s&#8217;explica el procediment a seguir per formalitzar la matr\u00edcula. Vigileu el correu brossa. S&#8217;ha d&#8217;enviar TOTA la documentaci\u00f3\u00a0en format PDF, com a resposta al correu electr\u00f2nic. [&hellip;]<\/p>\n","protected":false},"author":1,"featured_media":0,"parent":5161,"menu_order":10,"comment_status":"closed","ping_status":"closed","template":"","meta":{"site-sidebar-layout":"default","site-content-layout":"","ast-site-content-layout":"default","site-content-style":"default","site-sidebar-style":"default","ast-global-header-display":"","ast-banner-title-visibility":"","ast-main-header-display":"","ast-hfb-above-header-display":"","ast-hfb-below-header-display":"","ast-hfb-mobile-header-display":"","site-post-title":"","ast-breadcrumbs-content":"","ast-featured-img":"","footer-sml-layout":"","theme-transparent-header-meta":"default","adv-header-id-meta":"","stick-header-meta":"","header-above-stick-meta":"","header-main-stick-meta":"","header-below-stick-meta":"","astra-migrate-meta-layouts":"set","ast-page-background-enabled":"default","ast-page-background-meta":{"desktop":{"background-color":"var(--ast-global-color-4)","background-image":"","background-repeat":"repeat","background-position":"center center","background-size":"auto","background-attachment":"scroll","background-type":"","background-media":"","overlay-type":"","overlay-color":"","overlay-opacity":"","overlay-gradient":""},"tablet":{"background-color":"","background-image":"","background-repeat":"repeat","background-position":"center center","background-size":"auto","background-attachment":"scroll","background-type":"","background-media":"","overlay-type":"","overlay-color":"","overlay-opacity":"","overlay-gradient":""},"mobile":{"background-color":"","background-image":"","background-repeat":"repeat","background-position":"center center","background-size":"auto","background-attachment":"scroll","background-type":"","background-media":"","overlay-type":"","overlay-color":"","overlay-opacity":"","overlay-gradient":""}},"ast-content-background-meta":{"desktop":{"background-color":"var(--ast-global-color-5)","background-image":"","background-repeat":"repeat","background-position":"center center","background-size":"auto","background-attachment":"scroll","background-type":"","background-media":"","overlay-type":"","overlay-color":"","overlay-opacity":"","overlay-gradient":""},"tablet":{"background-color":"var(--ast-global-color-5)","background-image":"","background-repeat":"repeat","background-position":"center center","background-size":"auto","background-attachment":"scroll","background-type":"","background-media":"","overlay-type":"","overlay-color":"","overlay-opacity":"","overlay-gradient":""},"mobile":{"background-color":"var(--ast-global-color-5)","background-image":"","background-repeat":"repeat","background-position":"center center","background-size":"auto","background-attachment":"scroll","background-type":"","background-media":"","overlay-type":"","overlay-color":"","overlay-opacity":"","overlay-gradient":""}},"footnotes":""},"class_list":["post-5163","page","type-page","status-publish","hentry"],"post_mailing_queue_ids":[],"_links":{"self":[{"href":"https:\/\/agora.xtec.cat\/iescirvianum\/wp-json\/wp\/v2\/pages\/5163","targetHints":{"allow":["GET"]}}],"collection":[{"href":"https:\/\/agora.xtec.cat\/iescirvianum\/wp-json\/wp\/v2\/pages"}],"about":[{"href":"https:\/\/agora.xtec.cat\/iescirvianum\/wp-json\/wp\/v2\/types\/page"}],"author":[{"embeddable":true,"href":"https:\/\/agora.xtec.cat\/iescirvianum\/wp-json\/wp\/v2\/users\/1"}],"replies":[{"embeddable":true,"href":"https:\/\/agora.xtec.cat\/iescirvianum\/wp-json\/wp\/v2\/comments?post=5163"}],"version-history":[{"count":7,"href":"https:\/\/agora.xtec.cat\/iescirvianum\/wp-json\/wp\/v2\/pages\/5163\/revisions"}],"predecessor-version":[{"id":8810,"href":"https:\/\/agora.xtec.cat\/iescirvianum\/wp-json\/wp\/v2\/pages\/5163\/revisions\/8810"}],"up":[{"embeddable":true,"href":"https:\/\/agora.xtec.cat\/iescirvianum\/wp-json\/wp\/v2\/pages\/5161"}],"wp:attachment":[{"href":"https:\/\/agora.xtec.cat\/iescirvianum\/wp-json\/wp\/v2\/media?parent=5163"}],"curies":[{"name":"wp","href":"https:\/\/api.w.org\/{rel}","templated":true}]}}