{"id":5161,"date":"2021-04-14T16:28:46","date_gmt":"2021-04-14T14:28:46","guid":{"rendered":"https:\/\/agora.xtec.cat\/iescirvianum\/?page_id=5161"},"modified":"2021-05-06T12:08:56","modified_gmt":"2021-05-06T10:08:56","slug":"matriculacio","status":"publish","type":"page","link":"https:\/\/agora.xtec.cat\/iescirvianum\/secretaria\/matriculacio\/","title":{"rendered":"Matriculaci\u00f3"},"content":{"rendered":"<ul>\n<li><a href=\"https:\/\/agora.xtec.cat\/iescirvianum\/secretaria\/matriculacio\/matriculacio-eso\/\">ESO<\/a><\/li>\n<li><a href=\"https:\/\/agora.xtec.cat\/iescirvianum\/secretaria\/matriculacio\/matriculacio-batxillerat\/\">Batxillerat<\/a><\/li>\n<li>C<a href=\"https:\/\/agora.xtec.cat\/iescirvianum\/secretaria\/matriculacio\/matriculacio-fp-basica-dinformatica-doficina\/\">F Grau B\u00e0sica (Inform\u00e0tica d&#8217;oficina)<\/a><\/li>\n<li><a href=\"https:\/\/agora.xtec.cat\/iescirvianum\/secretaria\/matriculacio\/matriculacio-cf-grau-mitja\/\">CF Grau Mitj\u00e0<\/a><\/li>\n<li><a href=\"https:\/\/agora.xtec.cat\/iescirvianum\/secretaria\/matriculacio\/matriculacio-cf-grau-superior\/\">CF Grau Superior<\/a><\/li>\n<li><a href=\"https:\/\/agora.xtec.cat\/iescirvianum\/secretaria\/matriculacio\/matriculacio-programa-de-formacio-i-insercio\/\">Programa de Formaci\u00f3 i Inserci\u00f3<\/a><\/li>\n<\/ul>\n","protected":false},"excerpt":{"rendered":"<p>ESO Batxillerat CF Grau B\u00e0sica (Inform\u00e0tica d&#8217;oficina) CF Grau Mitj\u00e0 CF Grau Superior Programa de Formaci\u00f3 i Inserci\u00f3<\/p>\n","protected":false},"author":1,"featured_media":0,"parent":81,"menu_order":50,"comment_status":"closed","ping_status":"closed","template":"page-templates\/side-menu.php","meta":{"site-sidebar-layout":"default","site-content-layout":"","ast-site-content-layout":"","site-content-style":"default","site-sidebar-style":"default","ast-global-header-display":"","ast-banner-title-visibility":"","ast-main-header-display":"","ast-hfb-above-header-display":"","ast-hfb-below-header-display":"","ast-hfb-mobile-header-display":"","site-post-title":"","ast-breadcrumbs-content":"","ast-featured-img":"","footer-sml-layout":"","theme-transparent-header-meta":"","adv-header-id-meta":"","stick-header-meta":"","header-above-stick-meta":"","header-main-stick-meta":"","header-below-stick-meta":"","astra-migrate-meta-layouts":"default","ast-page-background-enabled":"default","ast-page-background-meta":{"desktop":{"background-color":"var(--ast-global-color-4)","background-image":"","background-repeat":"repeat","background-position":"center center","background-size":"auto","background-attachment":"scroll","background-type":"","background-media":"","overlay-type":"","overlay-color":"","overlay-opacity":"","overlay-gradient":""},"tablet":{"background-color":"","background-image":"","background-repeat":"repeat","background-position":"center center","background-size":"auto","background-attachment":"scroll","background-type":"","background-media":"","overlay-type":"","overlay-color":"","overlay-opacity":"","overlay-gradient":""},"mobile":{"background-color":"","background-image":"","background-repeat":"repeat","background-position":"center center","background-size":"auto","background-attachment":"scroll","background-type":"","background-media":"","overlay-type":"","overlay-color":"","overlay-opacity":"","overlay-gradient":""}},"ast-content-background-meta":{"desktop":{"background-color":"var(--ast-global-color-5)","background-image":"","background-repeat":"repeat","background-position":"center center","background-size":"auto","background-attachment":"scroll","background-type":"","background-media":"","overlay-type":"","overlay-color":"","overlay-opacity":"","overlay-gradient":""},"tablet":{"background-color":"var(--ast-global-color-5)","background-image":"","background-repeat":"repeat","background-position":"center center","background-size":"auto","background-attachment":"scroll","background-type":"","background-media":"","overlay-type":"","overlay-color":"","overlay-opacity":"","overlay-gradient":""},"mobile":{"background-color":"var(--ast-global-color-5)","background-image":"","background-repeat":"repeat","background-position":"center center","background-size":"auto","background-attachment":"scroll","background-type":"","background-media":"","overlay-type":"","overlay-color":"","overlay-opacity":"","overlay-gradient":""}},"footnotes":""},"class_list":["post-5161","page","type-page","status-publish","hentry"],"post_mailing_queue_ids":[],"_links":{"self":[{"href":"https:\/\/agora.xtec.cat\/iescirvianum\/wp-json\/wp\/v2\/pages\/5161","targetHints":{"allow":["GET"]}}],"collection":[{"href":"https:\/\/agora.xtec.cat\/iescirvianum\/wp-json\/wp\/v2\/pages"}],"about":[{"href":"https:\/\/agora.xtec.cat\/iescirvianum\/wp-json\/wp\/v2\/types\/page"}],"author":[{"embeddable":true,"href":"https:\/\/agora.xtec.cat\/iescirvianum\/wp-json\/wp\/v2\/users\/1"}],"replies":[{"embeddable":true,"href":"https:\/\/agora.xtec.cat\/iescirvianum\/wp-json\/wp\/v2\/comments?post=5161"}],"version-history":[{"count":3,"href":"https:\/\/agora.xtec.cat\/iescirvianum\/wp-json\/wp\/v2\/pages\/5161\/revisions"}],"predecessor-version":[{"id":5402,"href":"https:\/\/agora.xtec.cat\/iescirvianum\/wp-json\/wp\/v2\/pages\/5161\/revisions\/5402"}],"up":[{"embeddable":true,"href":"https:\/\/agora.xtec.cat\/iescirvianum\/wp-json\/wp\/v2\/pages\/81"}],"wp:attachment":[{"href":"https:\/\/agora.xtec.cat\/iescirvianum\/wp-json\/wp\/v2\/media?parent=5161"}],"curies":[{"name":"wp","href":"https:\/\/api.w.org\/{rel}","templated":true}]}}