{"id":5151,"date":"2021-04-14T16:25:44","date_gmt":"2021-04-14T14:25:44","guid":{"rendered":"https:\/\/agora.xtec.cat\/iescirvianum\/?page_id=5151"},"modified":"2026-04-23T10:10:21","modified_gmt":"2026-04-23T08:10:21","slug":"llistes-proces-preinscripcio-i-matricula","status":"publish","type":"page","link":"https:\/\/agora.xtec.cat\/iescirvianum\/secretaria\/llistes-proces-preinscripcio-i-matricula\/","title":{"rendered":"Llistes proc\u00e9s preinscripci\u00f3 i matr\u00edcula"},"content":{"rendered":"<ul>\n<li><a href=\"https:\/\/agora.xtec.cat\/iescirvianum\/secretaria\/preinscripcio\/preinscripcioeso\/\">ESO<\/a>\n<ul>\n<li><a href=\"https:\/\/drive.google.com\/file\/d\/1eYoQMOQ869dG3BHNzYEZz9IhT-xeDEH7\/view?usp=sharing\">Oferta Inicial<\/a><\/li>\n<li><a href=\"https:\/\/drive.google.com\/file\/d\/1AdeVTe8OAj58XP9qBkiYzktmL_OZMsQm\/view?usp=sharing\">Llista de les sol\u00b7licituds de preinscripci\u00f3 al centre amb la puntuaci\u00f3 provisional<\/a><\/li>\n<li><a href=\"https:\/\/drive.google.com\/file\/d\/1AdeVTe8OAj58XP9qBkiYzktmL_OZMsQm\/view?usp=sharing\">Llista de les sol\u00b7licituds de preinscripci\u00f3 al centre amb la puntuaci\u00f3, un cop resoltes les reclamacions<\/a><\/li>\n<li>Llista ordenada de les sol\u00b7licituds de preinscripci\u00f3<\/li>\n<li>Oferta definitiva<\/li>\n<li>Llista d&#8217;alumnes admesos\u00a0 \u00a0&#8211; <span style=\"color: #ff0000;\">IMPORTANT<\/span> &#8211; <strong>Rebreu un correu electr\u00f2nic\u00a0 <span style=\"color: #ff0000;\">VIGILEU EL CORREU BROSSA.<\/span><\/strong><\/li>\n<li>Llista d&#8217;espera<\/li>\n<\/ul>\n<\/li>\n<\/ul>\n<ul>\n<li><a href=\"https:\/\/agora.xtec.cat\/iescirvianum\/secretaria\/preinscripcio\/preinscripciobatxillerat\/\">Batxillerat<\/a>\n<ul>\n<li style=\"list-style-type: none;\">\n<ul>\n<li><a href=\"https:\/\/drive.google.com\/file\/d\/12tsaDWmvWmjZqdIumZfXZFcZsmgehueR\/view?usp=sharing\">Oferta inicial<\/a><\/li>\n<li>Llista de les sol\u00b7licituds de preinscripci\u00f3 al centre amb la puntuaci\u00f3 provisional<\/li>\n<li>Llista de les sol\u00b7licituds de preinscripci\u00f3 al centre amb la puntuaci\u00f3, un cop resoltes les reclamacions<\/li>\n<li>Llista ordenada de les sol\u00b7licituds de preinscripci\u00f3<strong><span style=\"color: #ff0000;\"><br \/>\n<\/span><\/strong><\/li>\n<li>Llista d&#8217;alumnes admesos\u00a0 &#8211;<span style=\"color: #ff0000;\"> IMPORTANT<\/span> &#8211; <strong>Rebreu un correu electr\u00f2nic\u00a0 <span style=\"color: #ff0000;\">VIGILEU EL CORREU BROSSA.<\/span><\/strong><\/li>\n<li>Llista d&#8217;espera<\/li>\n<\/ul>\n<\/li>\n<\/ul>\n<\/li>\n<\/ul>\n<p>&nbsp;<\/p>\n<ul>\n<li><a href=\"https:\/\/agora.xtec.cat\/iescirvianum\/secretaria\/preinscripcio\/preinscripcio-fp-basica-dinformatica-doficina\/\">CF Grau B\u00e0sic<\/a>\n<ul>\n<li>Llista de les sol\u00b7licituds de preinscripci\u00f3 al centre amb puntuaci\u00f3 provisional<\/li>\n<li>Llista ordenada un cop resoltes les reclamacions<\/li>\n<li>Llista d&#8217;alumnes admesos<\/li>\n<\/ul>\n<\/li>\n<\/ul>\n<p>&nbsp;<\/p>\n<p>&nbsp;<\/p>\n<ul>\n<li><a href=\"https:\/\/agora.xtec.cat\/iescirvianum\/secretaria\/preinscripcio\/preinscripcio-cf-grau-mitja\/\">CF Grau Mitj\u00e0<\/a>\n<ul>\n<li>Llista amb la puntuaci\u00f3 provisional<\/li>\n<li>Llista amb el barem un cop resoltes les reclamacions<\/li>\n<li>Llista primera tanda d&#8217;assignacions <span style=\"color: #ff0000;\"><strong>IMPORTANT<\/strong>:<strong><span style=\"color: #000000;\"> rebreu un correu amb <\/span><\/strong>instruccions de matr\u00edcula<\/span><\/li>\n<li>Llista segona tanda d&#8217;assignacions <span style=\"color: #ff0000;\"><strong>IMPORTANT<\/strong>:<\/span><strong> rebreu un correu amb <\/strong><span style=\"color: #ff0000;\">instruccions de matr\u00edcula<\/span><\/li>\n<li>Llista tercera tanda d&#8217;assignacions <strong>IMPORTANT<\/strong>:<strong> rebreu un correu amb <\/strong>instruccions de matr\u00edcula<\/li>\n<li>Publicaci\u00f3 de vacants<\/li>\n<li>Llista de sol\u00b7licituds amb la puntuaci\u00f3 validada<\/li>\n<li>Llista d&#8217;assignacions<\/li>\n<\/ul>\n<\/li>\n<\/ul>\n<ul>\n<li><a href=\"https:\/\/agora.xtec.cat\/iescirvianum\/secretaria\/preinscripcio\/preinscripcio-cf-grau-superior\/\">CF Grau Superior<\/a>\n<ul>\n<li>Llista amb la puntuaci\u00f3 provisional<\/li>\n<li>Llista amb la puntuaci\u00f3, un cop resoltes les reclamacions<\/li>\n<li>Llista primera tanda d&#8217;assignacions <span style=\"color: #ff0000;\"><strong>IMPORTANT<\/strong>:<\/span><strong> rebreu un correu amb <\/strong><span style=\"color: #ff0000;\">instruccions de matr\u00edcula<\/span><\/li>\n<li>Publicaci\u00f3 de vacants<\/li>\n<li>Llista de sol\u00b7licituds amb la puntuaci\u00f3 validada<\/li>\n<li>Llista d&#8217;assignacions<\/li>\n<\/ul>\n<\/li>\n<\/ul>\n<ul>\n<li><a href=\"https:\/\/agora.xtec.cat\/iescirvianum\/wp-admin\/post.php?post=5149&amp;action=edit\">PFI<\/a>\n<ul>\n<li>Llista amb la puntuaci\u00f3 provisional<\/li>\n<li>Llista amb la puntuaci\u00f3 definitiva, un cop resoltes les reclamacions<\/li>\n<li>Llista ordenada<\/li>\n<li>Llista d&#8217;alumnes admesos<\/li>\n<li>Llista d&#8217;espera<\/li>\n<\/ul>\n<\/li>\n<\/ul>\n","protected":false},"excerpt":{"rendered":"<p>ESO Oferta Inicial Llista de les sol\u00b7licituds de preinscripci\u00f3 al centre amb la puntuaci\u00f3 provisional Llista de les sol\u00b7licituds de preinscripci\u00f3 al centre amb la puntuaci\u00f3, un cop resoltes les reclamacions Llista ordenada de les sol\u00b7licituds de preinscripci\u00f3 Oferta definitiva Llista d&#8217;alumnes admesos\u00a0 \u00a0&#8211; IMPORTANT &#8211; Rebreu un correu electr\u00f2nic\u00a0 VIGILEU EL CORREU BROSSA. Llista [&hellip;]<\/p>\n","protected":false},"author":1,"featured_media":0,"parent":81,"menu_order":40,"comment_status":"closed","ping_status":"closed","template":"","meta":{"site-sidebar-layout":"default","site-content-layout":"","ast-site-content-layout":"default","site-content-style":"default","site-sidebar-style":"default","ast-global-header-display":"","ast-banner-title-visibility":"","ast-main-header-display":"","ast-hfb-above-header-display":"","ast-hfb-below-header-display":"","ast-hfb-mobile-header-display":"","site-post-title":"","ast-breadcrumbs-content":"","ast-featured-img":"","footer-sml-layout":"","theme-transparent-header-meta":"default","adv-header-id-meta":"","stick-header-meta":"","header-above-stick-meta":"","header-main-stick-meta":"","header-below-stick-meta":"","astra-migrate-meta-layouts":"set","ast-page-background-enabled":"default","ast-page-background-meta":{"desktop":{"background-color":"var(--ast-global-color-4)","background-image":"","background-repeat":"repeat","background-position":"center center","background-size":"auto","background-attachment":"scroll","background-type":"","background-media":"","overlay-type":"","overlay-color":"","overlay-opacity":"","overlay-gradient":""},"tablet":{"background-color":"","background-image":"","background-repeat":"repeat","background-position":"center center","background-size":"auto","background-attachment":"scroll","background-type":"","background-media":"","overlay-type":"","overlay-color":"","overlay-opacity":"","overlay-gradient":""},"mobile":{"background-color":"","background-image":"","background-repeat":"repeat","background-position":"center center","background-size":"auto","background-attachment":"scroll","background-type":"","background-media":"","overlay-type":"","overlay-color":"","overlay-opacity":"","overlay-gradient":""}},"ast-content-background-meta":{"desktop":{"background-color":"var(--ast-global-color-5)","background-image":"","background-repeat":"repeat","background-position":"center center","background-size":"auto","background-attachment":"scroll","background-type":"","background-media":"","overlay-type":"","overlay-color":"","overlay-opacity":"","overlay-gradient":""},"tablet":{"background-color":"var(--ast-global-color-5)","background-image":"","background-repeat":"repeat","background-position":"center center","background-size":"auto","background-attachment":"scroll","background-type":"","background-media":"","overlay-type":"","overlay-color":"","overlay-opacity":"","overlay-gradient":""},"mobile":{"background-color":"var(--ast-global-color-5)","background-image":"","background-repeat":"repeat","background-position":"center center","background-size":"auto","background-attachment":"scroll","background-type":"","background-media":"","overlay-type":"","overlay-color":"","overlay-opacity":"","overlay-gradient":""}},"footnotes":""},"class_list":["post-5151","page","type-page","status-publish","hentry"],"post_mailing_queue_ids":[],"_links":{"self":[{"href":"https:\/\/agora.xtec.cat\/iescirvianum\/wp-json\/wp\/v2\/pages\/5151","targetHints":{"allow":["GET"]}}],"collection":[{"href":"https:\/\/agora.xtec.cat\/iescirvianum\/wp-json\/wp\/v2\/pages"}],"about":[{"href":"https:\/\/agora.xtec.cat\/iescirvianum\/wp-json\/wp\/v2\/types\/page"}],"author":[{"embeddable":true,"href":"https:\/\/agora.xtec.cat\/iescirvianum\/wp-json\/wp\/v2\/users\/1"}],"replies":[{"embeddable":true,"href":"https:\/\/agora.xtec.cat\/iescirvianum\/wp-json\/wp\/v2\/comments?post=5151"}],"version-history":[{"count":7,"href":"https:\/\/agora.xtec.cat\/iescirvianum\/wp-json\/wp\/v2\/pages\/5151\/revisions"}],"predecessor-version":[{"id":8813,"href":"https:\/\/agora.xtec.cat\/iescirvianum\/wp-json\/wp\/v2\/pages\/5151\/revisions\/8813"}],"up":[{"embeddable":true,"href":"https:\/\/agora.xtec.cat\/iescirvianum\/wp-json\/wp\/v2\/pages\/81"}],"wp:attachment":[{"href":"https:\/\/agora.xtec.cat\/iescirvianum\/wp-json\/wp\/v2\/media?parent=5151"}],"curies":[{"name":"wp","href":"https:\/\/api.w.org\/{rel}","templated":true}]}}