{"id":5149,"date":"2021-04-14T16:24:13","date_gmt":"2021-04-14T14:24:13","guid":{"rendered":"https:\/\/agora.xtec.cat\/iescirvianum\/?page_id=5149"},"modified":"2026-04-08T12:20:15","modified_gmt":"2026-04-08T10:20:15","slug":"programa-de-formacio-i-insercio","status":"publish","type":"page","link":"https:\/\/agora.xtec.cat\/iescirvianum\/secretaria\/preinscripcio\/programa-de-formacio-i-insercio\/","title":{"rendered":"Preinscripci\u00f3 al Programa de Formaci\u00f3 i Inserci\u00f3"},"content":{"rendered":"<h3><strong><a style=\"color: #2795b6;\" href=\"https:\/\/preinscripcio.gencat.cat\/ca\/estudis\/pfi\/inici\/\">\u00a0 \u00a0 \u00a0 \u00a0 \u00a0 \u00a0 \u00a0 \u00a0 \u00a0 \u00a0 \u00a0 \u00a0INFORMACI\u00d3 GENERAL (aqu\u00ed)<\/a><\/strong><\/h3>\n<h4>Auxiliar en Treballs de Fusteria i Instal\u00b7laci\u00f3 de Mobles (PFI FS01)<\/h4>\n<h4>Auxiliar de Vendes, Oficina i Atenci\u00f3 al P\u00fablic (PFI CM01)<\/h4>\n<table style=\"height: 335px; width: 49.2986%;\" width=\"625\">\n<tbody>\n<tr style=\"height: 32px;\">\n<td style=\"text-align: center; height: 32px; width: 673.817px;\" colspan=\"2\"><strong>CALENDARI DE PREINSCRIPCI\u00d3 I MATR\u00cdCULA &#8211; PFI<\/strong><\/td>\n<\/tr>\n<tr style=\"height: 32px;\">\n<td style=\"height: 32px; width: 389.75px;\">Presentaci\u00f3 de sol\u00b7licituds de preinscripci\u00f3<\/td>\n<td style=\"height: 32px; width: 282.067px;\">Del 4 al 13 de maig de 2026<\/td>\n<\/tr>\n<tr style=\"height: 32px;\">\n<td style=\"height: 32px; width: 389.75px;\">Entrevistes d&#8217;orientaci\u00f3 i valoraci\u00f3 &#8211; organitzades pel centre<\/td>\n<td style=\"height: 32px; width: 282.067px;\">Del 4 al 26 de maig de 2026<\/td>\n<\/tr>\n<tr style=\"height: 13px;\">\n<td style=\"height: 13px; width: 389.75px;\"><span style=\"color: #000000;\">Llista amb la puntuaci\u00f3 provisional\u00a0 <\/span><\/td>\n<td style=\"height: 13px; width: 282.067px;\">28 de maig de 2026<\/td>\n<\/tr>\n<tr style=\"height: 32px;\">\n<td style=\"height: 32px; width: 389.75px;\">Presentaci\u00f3 de reclamacions<\/td>\n<td style=\"height: 32px; width: 282.067px;\">Del 28 de maig al 3 de juny de 2026<\/td>\n<\/tr>\n<tr style=\"height: 32px;\">\n<td style=\"height: 32px; width: 389.75px;\"><span style=\"color: #000000;\">Llista amb la puntuaci\u00f3, un cop resoltes les reclamacions<br \/>\n<\/span><\/td>\n<td style=\"height: 32px; width: 282.067px;\">8 de juny de 2026<\/td>\n<\/tr>\n<tr style=\"height: 32px;\">\n<td style=\"height: 32px; width: 389.75px;\">Sorteig per resoldre les sol\u00b7licituds empatades en punts<\/td>\n<td style=\"height: 32px; width: 282.067px;\">8 de juny de 2026<\/td>\n<\/tr>\n<tr style=\"height: 32px;\">\n<td style=\"height: 32px; width: 389.75px;\">Llista ordenada<\/td>\n<td style=\"height: 32px; width: 282.067px;\">11 de juny de 2026<\/td>\n<\/tr>\n<tr style=\"height: 32px;\">\n<td style=\"height: 32px; width: 389.75px;\">Ampliaci\u00f3 de peticions de preinscripci\u00f3 per a alumnes sense pla\u00e7a assignada a cap centre<\/td>\n<td style=\"height: 32px; width: 282.067px;\">Del 25 al 29 de juny de 2026<\/td>\n<\/tr>\n<tr style=\"height: 33px;\">\n<td style=\"width: 389.75px; height: 33px;\">Llista d&#8217;alumnes admesos i llista d&#8217;espera<\/td>\n<td style=\"width: 282.067px; height: 33px;\">3 de juliol de 2026<\/td>\n<\/tr>\n<tr style=\"height: 33px;\">\n<td style=\"width: 389.75px; height: 33px;\">Per\u00edode de matriculaci\u00f3<\/td>\n<td style=\"width: 282.067px; height: 33px;\">Del 6 al 10 de juliol de 2026<\/td>\n<\/tr>\n<\/tbody>\n<\/table>\n<p style=\"text-align: left;\">Oferta inicial de places &#8211; 30 d&#8217;abril de 2026<\/p>\n<p>Oferta final de places &#8211; 3 de juliol de 2026<\/p>\n<p>Les\u00a0<a href=\"https:\/\/tramits.gencat.cat\/ca\/tramits\/tramits-temes\/preinscripcio-pfi\">sol\u00b7licituds de preinscripci\u00f3<\/a> es presentaran\u00a0nom\u00e9s per internet.<\/p>\n<p><a href=\"https:\/\/preinscripcio.gencat.cat\/ca\/estudis\/pfi\/informat\/criteris-assignacio\/\">CRITERIS D&#8217;ASSIGNACI\u00d3 DE PLA\u00c7A<\/a><\/p>\n<h6><a href=\"https:\/\/drive.google.com\/file\/d\/1oXnXNSmsOwc3zFs5VhYdPGbKiR-u4X4z\/view?usp=sharing\"><strong>Preinscrits<\/strong><\/a><\/h6>\n<h4>On adre\u00e7ar-se?<\/h4>\n<p>Pla de Transici\u00f3 al Treball (PTT) Torell\u00f3<\/p>\n<p>Carrer Enric Prat de la Riba, 17-19<\/p>\n<p>Tel\u00e8fon 93.850.53.13<\/p>\n<p>Correu electr\u00f2nic: a8960026@xtec.cat<\/p>\n<ul>\n<li><span style=\"font-family: inherit; font-size: 1em;\">Llistes<\/span><\/li>\n<\/ul>\n","protected":false},"excerpt":{"rendered":"<p>\u00a0 \u00a0 \u00a0 \u00a0 \u00a0 \u00a0 \u00a0 \u00a0 \u00a0 \u00a0 \u00a0 \u00a0INFORMACI\u00d3 GENERAL (aqu\u00ed) Auxiliar en Treballs de Fusteria i Instal\u00b7laci\u00f3 de Mobles (PFI FS01) Auxiliar de Vendes, Oficina i Atenci\u00f3 al P\u00fablic (PFI CM01) CALENDARI DE PREINSCRIPCI\u00d3 I MATR\u00cdCULA &#8211; PFI Presentaci\u00f3 de sol\u00b7licituds de preinscripci\u00f3 Del 4 al 13 de maig de 2026 [&hellip;]<\/p>\n","protected":false},"author":1,"featured_media":0,"parent":5139,"menu_order":50,"comment_status":"closed","ping_status":"closed","template":"page-templates\/side-menu.php","meta":{"site-sidebar-layout":"default","site-content-layout":"","ast-site-content-layout":"","site-content-style":"default","site-sidebar-style":"default","ast-global-header-display":"","ast-banner-title-visibility":"","ast-main-header-display":"","ast-hfb-above-header-display":"","ast-hfb-below-header-display":"","ast-hfb-mobile-header-display":"","site-post-title":"","ast-breadcrumbs-content":"","ast-featured-img":"","footer-sml-layout":"","theme-transparent-header-meta":"","adv-header-id-meta":"","stick-header-meta":"","header-above-stick-meta":"","header-main-stick-meta":"","header-below-stick-meta":"","astra-migrate-meta-layouts":"default","ast-page-background-enabled":"default","ast-page-background-meta":{"desktop":{"background-color":"var(--ast-global-color-4)","background-image":"","background-repeat":"repeat","background-position":"center center","background-size":"auto","background-attachment":"scroll","background-type":"","background-media":"","overlay-type":"","overlay-color":"","overlay-opacity":"","overlay-gradient":""},"tablet":{"background-color":"","background-image":"","background-repeat":"repeat","background-position":"center center","background-size":"auto","background-attachment":"scroll","background-type":"","background-media":"","overlay-type":"","overlay-color":"","overlay-opacity":"","overlay-gradient":""},"mobile":{"background-color":"","background-image":"","background-repeat":"repeat","background-position":"center center","background-size":"auto","background-attachment":"scroll","background-type":"","background-media":"","overlay-type":"","overlay-color":"","overlay-opacity":"","overlay-gradient":""}},"ast-content-background-meta":{"desktop":{"background-color":"var(--ast-global-color-5)","background-image":"","background-repeat":"repeat","background-position":"center center","background-size":"auto","background-attachment":"scroll","background-type":"","background-media":"","overlay-type":"","overlay-color":"","overlay-opacity":"","overlay-gradient":""},"tablet":{"background-color":"var(--ast-global-color-5)","background-image":"","background-repeat":"repeat","background-position":"center center","background-size":"auto","background-attachment":"scroll","background-type":"","background-media":"","overlay-type":"","overlay-color":"","overlay-opacity":"","overlay-gradient":""},"mobile":{"background-color":"var(--ast-global-color-5)","background-image":"","background-repeat":"repeat","background-position":"center center","background-size":"auto","background-attachment":"scroll","background-type":"","background-media":"","overlay-type":"","overlay-color":"","overlay-opacity":"","overlay-gradient":""}},"footnotes":""},"class_list":["post-5149","page","type-page","status-publish","hentry"],"post_mailing_queue_ids":[],"_links":{"self":[{"href":"https:\/\/agora.xtec.cat\/iescirvianum\/wp-json\/wp\/v2\/pages\/5149","targetHints":{"allow":["GET"]}}],"collection":[{"href":"https:\/\/agora.xtec.cat\/iescirvianum\/wp-json\/wp\/v2\/pages"}],"about":[{"href":"https:\/\/agora.xtec.cat\/iescirvianum\/wp-json\/wp\/v2\/types\/page"}],"author":[{"embeddable":true,"href":"https:\/\/agora.xtec.cat\/iescirvianum\/wp-json\/wp\/v2\/users\/1"}],"replies":[{"embeddable":true,"href":"https:\/\/agora.xtec.cat\/iescirvianum\/wp-json\/wp\/v2\/comments?post=5149"}],"version-history":[{"count":7,"href":"https:\/\/agora.xtec.cat\/iescirvianum\/wp-json\/wp\/v2\/pages\/5149\/revisions"}],"predecessor-version":[{"id":8762,"href":"https:\/\/agora.xtec.cat\/iescirvianum\/wp-json\/wp\/v2\/pages\/5149\/revisions\/8762"}],"up":[{"embeddable":true,"href":"https:\/\/agora.xtec.cat\/iescirvianum\/wp-json\/wp\/v2\/pages\/5139"}],"wp:attachment":[{"href":"https:\/\/agora.xtec.cat\/iescirvianum\/wp-json\/wp\/v2\/media?parent=5149"}],"curies":[{"name":"wp","href":"https:\/\/api.w.org\/{rel}","templated":true}]}}