{"id":5147,"date":"2021-04-14T16:23:47","date_gmt":"2021-04-14T14:23:47","guid":{"rendered":"https:\/\/agora.xtec.cat\/iescirvianum\/?page_id=5147"},"modified":"2026-04-08T12:09:23","modified_gmt":"2026-04-08T10:09:23","slug":"preinscripcio-cf-grau-superior","status":"publish","type":"page","link":"https:\/\/agora.xtec.cat\/iescirvianum\/secretaria\/preinscripcio\/preinscripcio-cf-grau-superior\/","title":{"rendered":"Preinscripci\u00f3 CF Grau Superior"},"content":{"rendered":"<p><span style=\"color: #ff0000;\">CODI DE CENTRE 08058404<\/span><\/p>\n<table style=\"height: 482px; width: 58.1413%;\" width=\"679\">\n<tbody>\n<tr style=\"height: 31px;\">\n<td style=\"text-align: center; height: 31px; width: 116.535%;\" colspan=\"2\"><strong>CALENDARI DE PREINSCRIPCI\u00d3 I MATR\u00cdCULA &#8211; CF GRAU SUPERIOR<\/strong><\/td>\n<\/tr>\n<tr style=\"height: 31px;\">\n<td style=\"height: 31px; width: 61.8527%;\">Presentaci\u00f3 de sol\u00b7licituds de preinscripci\u00f3<\/td>\n<td style=\"height: 31px; width: 54.6821%;\">Del 26 de maig a l&#8217;1 de juny de 2026<\/td>\n<\/tr>\n<tr>\n<td style=\"width: 61.8527%;\">\u00daltim dia per adjuntar documentaci\u00f3<\/td>\n<td style=\"width: 54.6821%;\">2 de juny de 2026<\/td>\n<\/tr>\n<tr>\n<td style=\"width: 61.8527%;\">Publicaci\u00f3 de la llista amb la puntuaci\u00f3 provisional<\/td>\n<td style=\"width: 54.6821%;\">29 de juny de 2026<\/td>\n<\/tr>\n<tr>\n<td style=\"width: 61.8527%;\">Presentaci\u00f3 de reclamacions<\/td>\n<td style=\"width: 54.6821%;\">Del 29 de juny al 2 de juliol de 2026<\/td>\n<\/tr>\n<tr>\n<td style=\"width: 61.8527%;\">Publicaci\u00f3 de llistes amb el barem un cop resoltes les reclamacions<\/td>\n<td style=\"width: 54.6821%;\">7 de juliol de 2026<\/td>\n<\/tr>\n<tr>\n<td style=\"width: 61.8527%;\">\u00a0Publicaci\u00f3 de la primera tanda d&#8217;assignacions<\/td>\n<td style=\"width: 54.6821%;\">10 de juliol de 2026<\/td>\n<\/tr>\n<tr>\n<td style=\"width: 61.8527%;\">Per\u00edode de matr\u00edcula\/ren\u00fancia de la primera tanda d&#8217;assignacions. <span style=\"color: #ff0000;\"><strong>Aquest pas l&#8217;ha de realitzar l&#8217;alumnat interessat<\/strong><\/span><\/td>\n<td style=\"width: 54.6821%;\">Del 10 al 14 de juliol de 2026<\/td>\n<\/tr>\n<tr>\n<td style=\"width: 61.8527%;\">Publicaci\u00f3 de la segona tanda d&#8217;assignacions<\/td>\n<td style=\"width: 54.6821%;\">24 de juliol de 2026<\/td>\n<\/tr>\n<tr>\n<td style=\"width: 61.8527%;\">Per\u00edode de matr\u00edcula\/ren\u00fancia\u00a0 de la segona tanda d&#8217;assignacions. <span style=\"color: #ff0000;\"><strong>Aquest pas l&#8217;ha de realitzar l&#8217;alumnat interessat<\/strong><\/span><\/td>\n<td style=\"width: 54.6821%;\">Del 24 al 28 de juliol de 2026<\/td>\n<\/tr>\n<\/tbody>\n<\/table>\n<ul>\n<li>Oferta inicial de places &#8211; 22 de maig de 2026<\/li>\n<li>Oferta final de places &#8211; 10 de juliol de 2026<\/li>\n<li>Instruccions per fer la preinscripci\u00f3<\/li>\n<li><a href=\"https:\/\/preinscripcio.gencat.cat\/ca\/estudis\/fp-grau-superior\/informat\/calendari\/\">Enlla\u00e7 a preinscripci\u00f3<\/a><\/li>\n<li><a href=\"https:\/\/preinscripcio.gencat.cat\/ca\/estudis\/fp-grau-superior\/preinscriute\/seguiment-sollicitud\/\">Seguiment de les sol\u00b7licituds<\/a><\/li>\n<li><a href=\"https:\/\/agora.xtec.cat\/iescirvianum\/secretaria\/llistes-proces-preinscripcio-i-matricula\/\">Llistes<\/a><\/li>\n<li><a href=\"https:\/\/agora.xtec.cat\/iescirvianum\/secretaria\/matriculacio\/matriculacio-cf-grau-superior\/\">Matriculaci\u00f3<\/a><\/li>\n<\/ul>\n","protected":false},"excerpt":{"rendered":"<p>CODI DE CENTRE 08058404 CALENDARI DE PREINSCRIPCI\u00d3 I MATR\u00cdCULA &#8211; CF GRAU SUPERIOR Presentaci\u00f3 de sol\u00b7licituds de preinscripci\u00f3 Del 26 de maig a l&#8217;1 de juny de 2026 \u00daltim dia per adjuntar documentaci\u00f3 2 de juny de 2026 Publicaci\u00f3 de la llista amb la puntuaci\u00f3 provisional 29 de juny de 2026 Presentaci\u00f3 de reclamacions Del [&hellip;]<\/p>\n","protected":false},"author":1,"featured_media":0,"parent":5139,"menu_order":40,"comment_status":"closed","ping_status":"closed","template":"page-templates\/side-menu.php","meta":{"site-sidebar-layout":"default","site-content-layout":"","ast-site-content-layout":"","site-content-style":"default","site-sidebar-style":"default","ast-global-header-display":"","ast-banner-title-visibility":"","ast-main-header-display":"","ast-hfb-above-header-display":"","ast-hfb-below-header-display":"","ast-hfb-mobile-header-display":"","site-post-title":"","ast-breadcrumbs-content":"","ast-featured-img":"","footer-sml-layout":"","theme-transparent-header-meta":"","adv-header-id-meta":"","stick-header-meta":"","header-above-stick-meta":"","header-main-stick-meta":"","header-below-stick-meta":"","astra-migrate-meta-layouts":"default","ast-page-background-enabled":"default","ast-page-background-meta":{"desktop":{"background-color":"var(--ast-global-color-4)","background-image":"","background-repeat":"repeat","background-position":"center center","background-size":"auto","background-attachment":"scroll","background-type":"","background-media":"","overlay-type":"","overlay-color":"","overlay-opacity":"","overlay-gradient":""},"tablet":{"background-color":"","background-image":"","background-repeat":"repeat","background-position":"center center","background-size":"auto","background-attachment":"scroll","background-type":"","background-media":"","overlay-type":"","overlay-color":"","overlay-opacity":"","overlay-gradient":""},"mobile":{"background-color":"","background-image":"","background-repeat":"repeat","background-position":"center center","background-size":"auto","background-attachment":"scroll","background-type":"","background-media":"","overlay-type":"","overlay-color":"","overlay-opacity":"","overlay-gradient":""}},"ast-content-background-meta":{"desktop":{"background-color":"var(--ast-global-color-5)","background-image":"","background-repeat":"repeat","background-position":"center center","background-size":"auto","background-attachment":"scroll","background-type":"","background-media":"","overlay-type":"","overlay-color":"","overlay-opacity":"","overlay-gradient":""},"tablet":{"background-color":"var(--ast-global-color-5)","background-image":"","background-repeat":"repeat","background-position":"center center","background-size":"auto","background-attachment":"scroll","background-type":"","background-media":"","overlay-type":"","overlay-color":"","overlay-opacity":"","overlay-gradient":""},"mobile":{"background-color":"var(--ast-global-color-5)","background-image":"","background-repeat":"repeat","background-position":"center center","background-size":"auto","background-attachment":"scroll","background-type":"","background-media":"","overlay-type":"","overlay-color":"","overlay-opacity":"","overlay-gradient":""}},"footnotes":""},"class_list":["post-5147","page","type-page","status-publish","hentry"],"post_mailing_queue_ids":[],"_links":{"self":[{"href":"https:\/\/agora.xtec.cat\/iescirvianum\/wp-json\/wp\/v2\/pages\/5147","targetHints":{"allow":["GET"]}}],"collection":[{"href":"https:\/\/agora.xtec.cat\/iescirvianum\/wp-json\/wp\/v2\/pages"}],"about":[{"href":"https:\/\/agora.xtec.cat\/iescirvianum\/wp-json\/wp\/v2\/types\/page"}],"author":[{"embeddable":true,"href":"https:\/\/agora.xtec.cat\/iescirvianum\/wp-json\/wp\/v2\/users\/1"}],"replies":[{"embeddable":true,"href":"https:\/\/agora.xtec.cat\/iescirvianum\/wp-json\/wp\/v2\/comments?post=5147"}],"version-history":[{"count":7,"href":"https:\/\/agora.xtec.cat\/iescirvianum\/wp-json\/wp\/v2\/pages\/5147\/revisions"}],"predecessor-version":[{"id":8761,"href":"https:\/\/agora.xtec.cat\/iescirvianum\/wp-json\/wp\/v2\/pages\/5147\/revisions\/8761"}],"up":[{"embeddable":true,"href":"https:\/\/agora.xtec.cat\/iescirvianum\/wp-json\/wp\/v2\/pages\/5139"}],"wp:attachment":[{"href":"https:\/\/agora.xtec.cat\/iescirvianum\/wp-json\/wp\/v2\/media?parent=5147"}],"curies":[{"name":"wp","href":"https:\/\/api.w.org\/{rel}","templated":true}]}}