{"id":5145,"date":"2021-04-14T16:23:20","date_gmt":"2021-04-14T14:23:20","guid":{"rendered":"https:\/\/agora.xtec.cat\/iescirvianum\/?page_id=5145"},"modified":"2026-04-08T12:03:53","modified_gmt":"2026-04-08T10:03:53","slug":"preinscripcio-cf-grau-mitja","status":"publish","type":"page","link":"https:\/\/agora.xtec.cat\/iescirvianum\/secretaria\/preinscripcio\/preinscripcio-cf-grau-mitja\/","title":{"rendered":"Preinscripci\u00f3 de CF Grau Mitj\u00e0"},"content":{"rendered":"<p><span style=\"color: #ff0000;\">CODI DE CENTRE 08058404<\/span><\/p>\n<table style=\"width: 71.5806%; height: 458px;\" width=\"573\">\n<tbody>\n<tr style=\"height: 60px;\">\n<td style=\"text-align: center; width: 158.417%; height: 60px;\" colspan=\"2\" width=\"573\"><strong>CALENDARI DE PREINSCRIPCI\u00d3 I MATR\u00cdCULA &#8211; CF GRAU MITJ\u00c0<\/strong><\/td>\n<\/tr>\n<tr style=\"height: 34px;\">\n<td style=\"width: 57.36%; height: 34px;\">Presentaci\u00f3 de sol\u00b7licituds de preinscripci\u00f3<\/td>\n<td style=\"width: 101.057%; height: 34px;\">Del 26 de maig a l&#8217;1 de juny de 2026<\/td>\n<\/tr>\n<tr style=\"height: 43px;\">\n<td style=\"width: 57.36%; height: 43px;\">\u00daltim dia per adjuntar documentaci\u00f3<\/td>\n<td style=\"width: 101.057%; height: 43px;\">2 de juny de 2026<\/td>\n<\/tr>\n<tr style=\"height: 40px;\">\n<td style=\"width: 57.36%; height: 40px;\">Publicaci\u00f3 de la llista amb la puntuaci\u00f3 provisional<\/td>\n<td style=\"width: 101.057%; height: 40px;\">29 de juny de 2026<\/td>\n<\/tr>\n<tr style=\"height: 37px;\">\n<td style=\"width: 57.36%; height: 37px;\">Presentaci\u00f3 de reclamacions<\/td>\n<td style=\"width: 101.057%; height: 37px;\">Del 29 de juny al 2 de juliol de 2026<\/td>\n<\/tr>\n<tr style=\"height: 48px;\">\n<td style=\"width: 57.36%; height: 48px;\">Publicaci\u00f3 de llistes amb el barem un cop resoltes les reclamacions<\/td>\n<td style=\"width: 101.057%; height: 48px;\">7 de juliol de 2026<\/td>\n<\/tr>\n<tr style=\"height: 40px;\">\n<td style=\"width: 57.36%; height: 40px;\">\u00a0Publicaci\u00f3 de la primera tanda d&#8217;assignacions<\/td>\n<td style=\"width: 101.057%; height: 40px;\">10 de juliol de 2026<\/td>\n<\/tr>\n<tr style=\"height: 59px;\">\n<td style=\"width: 57.36%; height: 59px;\">Per\u00edode de matr\u00edcula\/ren\u00fancia de la primera tanda d&#8217;assignacions.<span style=\"color: #ff0000;\"> <strong>Aquest pas l&#8217;ha de realitzar l&#8217;alumnat interessat<\/strong><\/span><\/td>\n<td style=\"width: 101.057%; height: 59px;\">Del 10 al 14 de juliol de 2026<\/td>\n<\/tr>\n<tr style=\"height: 34px;\">\n<td style=\"width: 57.36%; height: 34px;\">Publicaci\u00f3 de la segona tanda d&#8217;assignacions<\/td>\n<td style=\"width: 101.057%; height: 34px;\">24 de juliol de 2026<\/td>\n<\/tr>\n<tr style=\"height: 63px;\">\n<td style=\"width: 57.36%; height: 63px;\">Per\u00edode de matr\u00edcula\/ren\u00fancia\u00a0 de la segona tanda d&#8217;assignacions. <span style=\"color: #ff0000;\"><strong>Aquest pas l&#8217;ha de realitzar l&#8217;alumnat interessat<\/strong><\/span><\/td>\n<td style=\"width: 101.057%; height: 63px;\">Del 24 al 28 de juliol de 2026<\/td>\n<\/tr>\n<\/tbody>\n<\/table>\n<ul>\n<li>Oferta inicial de places &#8211; 22 de maig de 2026<\/li>\n<li>Oferta final de places &#8211; 10 de juliol de 2026<\/li>\n<li><a href=\"https:\/\/preinscripcio.gencat.cat\/ca\/estudis\/fp-grau-mitja\/inici\/\">Instruccions per fer la preinscripci\u00f3<\/a><\/li>\n<li><a href=\"https:\/\/preinscripcio.gencat.cat\/ca\/estudis\/fp-grau-mitja\/preinscriute\/seguiment-sollicitud\/\">Seguiment de les sol\u00b7licituds<\/a><\/li>\n<li><a href=\"https:\/\/agora.xtec.cat\/iescirvianum\/secretaria\/llistes-proces-preinscripcio-i-matricula\/\">Llistes<\/a><\/li>\n<li><a href=\"https:\/\/agora.xtec.cat\/iescirvianum\/secretaria\/matriculacio\/matriculacio-cf-grau-mitja\/\">Matriculaci\u00f3<\/a><\/li>\n<\/ul>\n","protected":false},"excerpt":{"rendered":"<p>CODI DE CENTRE 08058404 CALENDARI DE PREINSCRIPCI\u00d3 I MATR\u00cdCULA &#8211; CF GRAU MITJ\u00c0 Presentaci\u00f3 de sol\u00b7licituds de preinscripci\u00f3 Del 26 de maig a l&#8217;1 de juny de 2026 \u00daltim dia per adjuntar documentaci\u00f3 2 de juny de 2026 Publicaci\u00f3 de la llista amb la puntuaci\u00f3 provisional 29 de juny de 2026 Presentaci\u00f3 de reclamacions Del [&hellip;]<\/p>\n","protected":false},"author":1,"featured_media":0,"parent":5139,"menu_order":30,"comment_status":"closed","ping_status":"closed","template":"page-templates\/side-menu.php","meta":{"site-sidebar-layout":"default","site-content-layout":"","ast-site-content-layout":"","site-content-style":"default","site-sidebar-style":"default","ast-global-header-display":"","ast-banner-title-visibility":"","ast-main-header-display":"","ast-hfb-above-header-display":"","ast-hfb-below-header-display":"","ast-hfb-mobile-header-display":"","site-post-title":"","ast-breadcrumbs-content":"","ast-featured-img":"","footer-sml-layout":"","theme-transparent-header-meta":"","adv-header-id-meta":"","stick-header-meta":"","header-above-stick-meta":"","header-main-stick-meta":"","header-below-stick-meta":"","astra-migrate-meta-layouts":"default","ast-page-background-enabled":"default","ast-page-background-meta":{"desktop":{"background-color":"var(--ast-global-color-4)","background-image":"","background-repeat":"repeat","background-position":"center center","background-size":"auto","background-attachment":"scroll","background-type":"","background-media":"","overlay-type":"","overlay-color":"","overlay-opacity":"","overlay-gradient":""},"tablet":{"background-color":"","background-image":"","background-repeat":"repeat","background-position":"center center","background-size":"auto","background-attachment":"scroll","background-type":"","background-media":"","overlay-type":"","overlay-color":"","overlay-opacity":"","overlay-gradient":""},"mobile":{"background-color":"","background-image":"","background-repeat":"repeat","background-position":"center center","background-size":"auto","background-attachment":"scroll","background-type":"","background-media":"","overlay-type":"","overlay-color":"","overlay-opacity":"","overlay-gradient":""}},"ast-content-background-meta":{"desktop":{"background-color":"var(--ast-global-color-5)","background-image":"","background-repeat":"repeat","background-position":"center center","background-size":"auto","background-attachment":"scroll","background-type":"","background-media":"","overlay-type":"","overlay-color":"","overlay-opacity":"","overlay-gradient":""},"tablet":{"background-color":"var(--ast-global-color-5)","background-image":"","background-repeat":"repeat","background-position":"center center","background-size":"auto","background-attachment":"scroll","background-type":"","background-media":"","overlay-type":"","overlay-color":"","overlay-opacity":"","overlay-gradient":""},"mobile":{"background-color":"var(--ast-global-color-5)","background-image":"","background-repeat":"repeat","background-position":"center center","background-size":"auto","background-attachment":"scroll","background-type":"","background-media":"","overlay-type":"","overlay-color":"","overlay-opacity":"","overlay-gradient":""}},"footnotes":""},"class_list":["post-5145","page","type-page","status-publish","hentry"],"post_mailing_queue_ids":[],"_links":{"self":[{"href":"https:\/\/agora.xtec.cat\/iescirvianum\/wp-json\/wp\/v2\/pages\/5145","targetHints":{"allow":["GET"]}}],"collection":[{"href":"https:\/\/agora.xtec.cat\/iescirvianum\/wp-json\/wp\/v2\/pages"}],"about":[{"href":"https:\/\/agora.xtec.cat\/iescirvianum\/wp-json\/wp\/v2\/types\/page"}],"author":[{"embeddable":true,"href":"https:\/\/agora.xtec.cat\/iescirvianum\/wp-json\/wp\/v2\/users\/1"}],"replies":[{"embeddable":true,"href":"https:\/\/agora.xtec.cat\/iescirvianum\/wp-json\/wp\/v2\/comments?post=5145"}],"version-history":[{"count":6,"href":"https:\/\/agora.xtec.cat\/iescirvianum\/wp-json\/wp\/v2\/pages\/5145\/revisions"}],"predecessor-version":[{"id":8757,"href":"https:\/\/agora.xtec.cat\/iescirvianum\/wp-json\/wp\/v2\/pages\/5145\/revisions\/8757"}],"up":[{"embeddable":true,"href":"https:\/\/agora.xtec.cat\/iescirvianum\/wp-json\/wp\/v2\/pages\/5139"}],"wp:attachment":[{"href":"https:\/\/agora.xtec.cat\/iescirvianum\/wp-json\/wp\/v2\/media?parent=5145"}],"curies":[{"name":"wp","href":"https:\/\/api.w.org\/{rel}","templated":true}]}}