{"id":5141,"date":"2021-04-14T16:22:03","date_gmt":"2021-04-14T14:22:03","guid":{"rendered":"https:\/\/agora.xtec.cat\/iescirvianum\/?page_id=5141"},"modified":"2026-04-15T12:37:13","modified_gmt":"2026-04-15T10:37:13","slug":"preinscripcioeso","status":"publish","type":"page","link":"https:\/\/agora.xtec.cat\/iescirvianum\/secretaria\/preinscripcio\/preinscripcioeso\/","title":{"rendered":"Preinscripci\u00f3 d&#8217;ESO"},"content":{"rendered":"<h4 style=\"text-align: left;\">\u00a0 \u00a0 \u00a0 \u00a0 \u00a0 \u00a0 \u00a0 \u00a0 \u00a0 \u00a0 \u00a0 \u00a0 \u00a0 \u00a0 \u00a0 \u00a0 \u00a0 \u00a0 \u00a0 08058404 codi de centre<\/h4>\n<h3><\/h3>\n<table style=\"width: 60.8987%; height: 485px;\" width=\"537\">\n<tbody>\n<tr style=\"height: 33px;\">\n<td style=\"text-align: center; width: 144.039%; height: 33px;\" colspan=\"2\" width=\"537\">\n<h4><strong>CALENDARI DE PREINSCRIPCI\u00d3 I MATR\u00cdCULA &#8211;\u00a0 ESO<\/strong><\/h4>\n<\/td>\n<\/tr>\n<tr style=\"height: 33px;\">\n<td style=\"width: 51.9781%; height: 33px;\"><a href=\"https:\/\/preinscripcio.gencat.cat\/ca\/estudis\/eso\/preinscriute\/sollicitud\/\">Presentaci\u00f3 de sol\u00b7licituds de preinscripci\u00f3<\/a><\/td>\n<td style=\"width: 92.0606%; height: 33px;\">del 6 al 18 de mar\u00e7 de 2026<\/td>\n<\/tr>\n<tr style=\"height: 33px;\">\n<td style=\"width: 51.9781%; height: 33px;\">\u00daltim dia per adjuntar documentaci\u00f3<\/td>\n<td style=\"width: 92.0606%; height: 33px;\">19 de mar\u00e7 de 2026<\/td>\n<\/tr>\n<tr style=\"height: 33px;\">\n<td style=\"width: 51.9781%; height: 33px;\"><a href=\"https:\/\/drive.google.com\/file\/d\/1AdeVTe8OAj58XP9qBkiYzktmL_OZMsQm\/view?usp=sharing\">Llista amb el barem provisional<\/a><\/td>\n<td style=\"width: 92.0606%; height: 33px;\">15 d&#8217;abril de 2026<\/td>\n<\/tr>\n<tr style=\"height: 33px;\">\n<td style=\"width: 51.9781%; height: 33px;\">Presentaci\u00f3 de reclamacions<\/td>\n<td style=\"width: 92.0606%; height: 33px;\">del 15 al 20 d&#8217;abril de 2026<\/td>\n<\/tr>\n<tr style=\"height: 33px;\">\n<td style=\"width: 51.9781%; height: 33px;\">Llista amb el barem, resoltes les reclamacions<\/td>\n<td style=\"width: 92.0606%; height: 33px;\">23 d&#8217;abril de 2026<\/td>\n<\/tr>\n<tr style=\"height: 33px;\">\n<td style=\"width: 51.9781%; height: 33px;\">Sorteig per desempat<\/td>\n<td style=\"width: 92.0606%; height: 33px;\">28 d&#8217;abril de 2026<\/td>\n<\/tr>\n<tr style=\"height: 33px;\">\n<td style=\"width: 51.9781%; height: 33px;\">Llista ordenada<\/td>\n<td style=\"width: 92.0606%; height: 33px;\">29 d&#8217;abril de 2026<\/td>\n<\/tr>\n<tr style=\"height: 33px;\">\n<td style=\"width: 51.9781%; height: 33px;\">Publicaci\u00f3 oferta definitiva de places<\/td>\n<td style=\"width: 92.0606%; height: 33px;\">10 de juny de 2026<\/td>\n<\/tr>\n<tr style=\"height: 33px;\">\n<td style=\"width: 51.9781%; height: 33px;\">Llista d&#8217;alumnes admesos i la llista d&#8217;espera<\/td>\n<td style=\"width: 92.0606%; height: 33px;\">10 de juny de 2026<\/td>\n<\/tr>\n<tr style=\"height: 33px;\">\n<td style=\"width: 51.9781%; height: 33px;\"><span style=\"color: #339966;\">Per\u00edode de matriculaci\u00f3<\/span><\/td>\n<td style=\"width: 92.0606%; height: 33px;\">del 22 al 30 juny de 2026<\/td>\n<\/tr>\n<tr style=\"height: 33px;\">\n<td style=\"width: 51.9781%; height: 33px;\">Gesti\u00f3 de la llista d&#8217;espera<\/td>\n<td style=\"width: 92.0606%; height: 33px;\">de l&#8217;1 de juliol al 4 de setembre de 2026<\/td>\n<\/tr>\n<\/tbody>\n<\/table>\n<h4><span style=\"color: #000000;\">CODI DE CENTRE\u00a0 08058404<\/span><\/h4>\n<p><a href=\"https:\/\/drive.google.com\/file\/d\/1eYoQMOQ869dG3BHNzYEZz9IhT-xeDEH7\/view?usp=sharing\">Oferta inicial de places &#8211; 3 de mar\u00e7 de 2026<\/a><\/p>\n<p>Oferta definitiva de places &#8211; 10 de juny de 2026<\/p>\n<ul>\n<li><a style=\"color: #2795b6;\" href=\"https:\/\/preinscripcio.gencat.cat\/ca\/estudis\/eso\/informat\/criteris-assignacio\/#bloc1\">CRITERIS D&#8217;ASSIGNACI\u00d3 DE PLA\u00c7A<\/a><\/li>\n<li><a href=\"https:\/\/preinscripcio.gencat.cat\/ca\/estudis\/primaria\/preinscriute\/seguiment-sollicitud\/llista-sollicituds-puntuacio\/\">Com consultar la llista de sol\u00b7licituds amb la puntuaci\u00f3 provisional.<\/a><\/li>\n<li><a href=\"https:\/\/preinscripcio.gencat.cat\/ca\/estudis\/eso\/preinscriute\/seguiment-sollicitud\/llista-sollicituds-puntuacio\/\">Fer el seguiment de la sol\u00b7licitud de preinscripci\u00f3.<\/a><\/li>\n<li><a href=\"https:\/\/consent.youtube.com\/m?continue=https:\/\/www.youtube.com\/watch%3Fv%3DY1HTJ25ueeY%26feature%3Dyoutu.be%26cbrd%3D1&amp;gl=ES&amp;m=0&amp;pc=yt&amp;cm=2&amp;hl=ca&amp;src=1\">V\u00eddeo de com presentar una reclamaci\u00f3 a la llista de la puntuaci\u00f3 provisional<\/a><\/li>\n<li><a href=\"https:\/\/agora.xtec.cat\/iescirvianum\/secretaria\/llistes-proces-preinscripcio-i-matricula\/\">Llistes<\/a><\/li>\n<li><a href=\"https:\/\/agora.xtec.cat\/iescirvianum\/secretaria\/matriculacio\/matriculacio-eso\/\">Matriculaci\u00f3<\/a><\/li>\n<\/ul>\n","protected":false},"excerpt":{"rendered":"<p>\u00a0 \u00a0 \u00a0 \u00a0 \u00a0 \u00a0 \u00a0 \u00a0 \u00a0 \u00a0 \u00a0 \u00a0 \u00a0 \u00a0 \u00a0 \u00a0 \u00a0 \u00a0 \u00a0 08058404 codi de centre CALENDARI DE PREINSCRIPCI\u00d3 I MATR\u00cdCULA &#8211;\u00a0 ESO Presentaci\u00f3 de sol\u00b7licituds de preinscripci\u00f3 del 6 al 18 de mar\u00e7 de 2026 \u00daltim dia per adjuntar documentaci\u00f3 19 de mar\u00e7 de 2026 Llista amb [&hellip;]<\/p>\n","protected":false},"author":1,"featured_media":0,"parent":5139,"menu_order":10,"comment_status":"closed","ping_status":"closed","template":"","meta":{"site-sidebar-layout":"default","site-content-layout":"","ast-site-content-layout":"default","site-content-style":"default","site-sidebar-style":"default","ast-global-header-display":"","ast-banner-title-visibility":"","ast-main-header-display":"","ast-hfb-above-header-display":"","ast-hfb-below-header-display":"","ast-hfb-mobile-header-display":"","site-post-title":"","ast-breadcrumbs-content":"","ast-featured-img":"","footer-sml-layout":"","theme-transparent-header-meta":"default","adv-header-id-meta":"","stick-header-meta":"","header-above-stick-meta":"","header-main-stick-meta":"","header-below-stick-meta":"","astra-migrate-meta-layouts":"set","ast-page-background-enabled":"default","ast-page-background-meta":{"desktop":{"background-color":"var(--ast-global-color-4)","background-image":"","background-repeat":"repeat","background-position":"center center","background-size":"auto","background-attachment":"scroll","background-type":"","background-media":"","overlay-type":"","overlay-color":"","overlay-opacity":"","overlay-gradient":""},"tablet":{"background-color":"","background-image":"","background-repeat":"repeat","background-position":"center center","background-size":"auto","background-attachment":"scroll","background-type":"","background-media":"","overlay-type":"","overlay-color":"","overlay-opacity":"","overlay-gradient":""},"mobile":{"background-color":"","background-image":"","background-repeat":"repeat","background-position":"center center","background-size":"auto","background-attachment":"scroll","background-type":"","background-media":"","overlay-type":"","overlay-color":"","overlay-opacity":"","overlay-gradient":""}},"ast-content-background-meta":{"desktop":{"background-color":"var(--ast-global-color-5)","background-image":"","background-repeat":"repeat","background-position":"center center","background-size":"auto","background-attachment":"scroll","background-type":"","background-media":"","overlay-type":"","overlay-color":"","overlay-opacity":"","overlay-gradient":""},"tablet":{"background-color":"var(--ast-global-color-5)","background-image":"","background-repeat":"repeat","background-position":"center center","background-size":"auto","background-attachment":"scroll","background-type":"","background-media":"","overlay-type":"","overlay-color":"","overlay-opacity":"","overlay-gradient":""},"mobile":{"background-color":"var(--ast-global-color-5)","background-image":"","background-repeat":"repeat","background-position":"center center","background-size":"auto","background-attachment":"scroll","background-type":"","background-media":"","overlay-type":"","overlay-color":"","overlay-opacity":"","overlay-gradient":""}},"footnotes":""},"class_list":["post-5141","page","type-page","status-publish","hentry"],"post_mailing_queue_ids":[],"_links":{"self":[{"href":"https:\/\/agora.xtec.cat\/iescirvianum\/wp-json\/wp\/v2\/pages\/5141","targetHints":{"allow":["GET"]}}],"collection":[{"href":"https:\/\/agora.xtec.cat\/iescirvianum\/wp-json\/wp\/v2\/pages"}],"about":[{"href":"https:\/\/agora.xtec.cat\/iescirvianum\/wp-json\/wp\/v2\/types\/page"}],"author":[{"embeddable":true,"href":"https:\/\/agora.xtec.cat\/iescirvianum\/wp-json\/wp\/v2\/users\/1"}],"replies":[{"embeddable":true,"href":"https:\/\/agora.xtec.cat\/iescirvianum\/wp-json\/wp\/v2\/comments?post=5141"}],"version-history":[{"count":7,"href":"https:\/\/agora.xtec.cat\/iescirvianum\/wp-json\/wp\/v2\/pages\/5141\/revisions"}],"predecessor-version":[{"id":8794,"href":"https:\/\/agora.xtec.cat\/iescirvianum\/wp-json\/wp\/v2\/pages\/5141\/revisions\/8794"}],"up":[{"embeddable":true,"href":"https:\/\/agora.xtec.cat\/iescirvianum\/wp-json\/wp\/v2\/pages\/5139"}],"wp:attachment":[{"href":"https:\/\/agora.xtec.cat\/iescirvianum\/wp-json\/wp\/v2\/media?parent=5141"}],"curies":[{"name":"wp","href":"https:\/\/api.w.org\/{rel}","templated":true}]}}