{"id":5020,"date":"2021-04-06T15:53:15","date_gmt":"2021-04-06T13:53:15","guid":{"rendered":"https:\/\/agora.xtec.cat\/iescirvianum\/?page_id=5020"},"modified":"2021-04-07T16:27:30","modified_gmt":"2021-04-07T14:27:30","slug":"jornades-speed-meeting-informatica-i-comunicacions","status":"publish","type":"page","link":"https:\/\/agora.xtec.cat\/iescirvianum\/estudis\/fp-dual\/jornades\/jornades-speed-meeting-informatica-i-comunicacions\/","title":{"rendered":"Jornades Speed Meeting Inform\u00e0tica i Comunicacions"},"content":{"rendered":"<p><a href=\"https:\/\/agora.xtec.cat\/iescirvianum\/wp-content\/uploads\/usu134\/2021\/04\/BannerSpeedMeeting-1.jpg\"><img loading=\"lazy\" decoding=\"async\" class=\"aligncenter size-full wp-image-5023\" src=\"https:\/\/agora.xtec.cat\/iescirvianum\/wp-content\/uploads\/usu134\/2021\/04\/BannerSpeedMeeting-1.jpg\" alt=\"\" width=\"1000\" height=\"200\" srcset=\"https:\/\/agora.xtec.cat\/iescirvianum\/wp-content\/uploads\/usu134\/2021\/04\/BannerSpeedMeeting-1.jpg 1000w, https:\/\/agora.xtec.cat\/iescirvianum\/wp-content\/uploads\/usu134\/2021\/04\/BannerSpeedMeeting-1-300x60.jpg 300w, https:\/\/agora.xtec.cat\/iescirvianum\/wp-content\/uploads\/usu134\/2021\/04\/BannerSpeedMeeting-1-768x154.jpg 768w\" sizes=\"auto, (max-width: 1000px) 100vw, 1000px\" \/><\/a><\/p>\n<div id='gallery-1' class='gallery galleryid-5020 gallery-columns-3 gallery-size-medium'><figure class='gallery-item'>\n\t\t\t<div class='gallery-icon landscape'>\n\t\t\t\t<img loading=\"lazy\" decoding=\"async\" width=\"300\" height=\"51\" src=\"https:\/\/agora.xtec.cat\/iescirvianum\/wp-content\/uploads\/usu134\/2021\/01\/gene-300x51.jpg\" class=\"attachment-medium size-medium\" alt=\"\" srcset=\"https:\/\/agora.xtec.cat\/iescirvianum\/wp-content\/uploads\/usu134\/2021\/01\/gene-300x51.jpg 300w, https:\/\/agora.xtec.cat\/iescirvianum\/wp-content\/uploads\/usu134\/2021\/01\/gene.jpg 754w\" sizes=\"auto, (max-width: 300px) 100vw, 300px\" \/>\n\t\t\t<\/div><\/figure><figure class='gallery-item'>\n\t\t\t<div class='gallery-icon landscape'>\n\t\t\t\t<img loading=\"lazy\" decoding=\"async\" width=\"300\" height=\"82\" src=\"https:\/\/agora.xtec.cat\/iescirvianum\/wp-content\/uploads\/usu134\/2021\/01\/spanya-300x82.png\" class=\"attachment-medium size-medium\" alt=\"\" srcset=\"https:\/\/agora.xtec.cat\/iescirvianum\/wp-content\/uploads\/usu134\/2021\/01\/spanya-300x82.png 300w, https:\/\/agora.xtec.cat\/iescirvianum\/wp-content\/uploads\/usu134\/2021\/01\/spanya.png 678w\" sizes=\"auto, (max-width: 300px) 100vw, 300px\" \/>\n\t\t\t<\/div><\/figure><figure class='gallery-item'>\n\t\t\t<div class='gallery-icon landscape'>\n\t\t\t\t<img loading=\"lazy\" decoding=\"async\" width=\"300\" height=\"59\" src=\"https:\/\/agora.xtec.cat\/iescirvianum\/wp-content\/uploads\/usu134\/2021\/01\/FSE-300x59.png\" class=\"attachment-medium size-medium\" alt=\"\" srcset=\"https:\/\/agora.xtec.cat\/iescirvianum\/wp-content\/uploads\/usu134\/2021\/01\/FSE-300x59.png 300w, https:\/\/agora.xtec.cat\/iescirvianum\/wp-content\/uploads\/usu134\/2021\/01\/FSE.png 476w\" sizes=\"auto, (max-width: 300px) 100vw, 300px\" \/>\n\t\t\t<\/div><\/figure>\n\t\t<\/div>\n\n<p><img loading=\"lazy\" decoding=\"async\" class=\"aligncenter size-full wp-image-4392\" src=\"https:\/\/agora.xtec.cat\/iescirvianum\/wp-content\/uploads\/usu134\/2020\/12\/BannerCiclesFormatiusCirvianum.jpg\" alt=\"\" width=\"1000\" height=\"200\" srcset=\"https:\/\/agora.xtec.cat\/iescirvianum\/wp-content\/uploads\/usu134\/2020\/12\/BannerCiclesFormatiusCirvianum.jpg 1000w, https:\/\/agora.xtec.cat\/iescirvianum\/wp-content\/uploads\/usu134\/2020\/12\/BannerCiclesFormatiusCirvianum-300x60.jpg 300w, https:\/\/agora.xtec.cat\/iescirvianum\/wp-content\/uploads\/usu134\/2020\/12\/BannerCiclesFormatiusCirvianum-768x154.jpg 768w\" sizes=\"auto, (max-width: 1000px) 100vw, 1000px\" \/><\/p>\n<section id=\"h.78f238f024d21f57_3\" class=\"yaqOZd\">\n<div class=\"mYVXT\">\n<div class=\"LS81yb VICjCf\" tabindex=\"-1\">\n<div class=\"hJDwNd-AhqUyc-uQSCkd purZT-AhqUyc-II5mzb pSzOP-AhqUyc-qWD73c JNdkSc\">\n<div class=\"JNdkSc-SmKAyb\">\n<div class=\"\">\n<div class=\"oKdM2c Kzv0Me\">\n<div id=\"h.78f238f024d21f57_0\" class=\"hJDwNd-AhqUyc-uQSCkd jXK9ad D2fZ2 OjCsFc wHaque GNzUNc\">\n<div class=\"jXK9ad-SmKAyb\">\n<div class=\"tyJCtd mGzaTb baZpAe\">\n<p class=\"CDt4Ke zfr3Q\" dir=\"ltr\" style=\"text-align: justify;\">Una <strong>Speed<\/strong> <strong>Meeting<\/strong> o <strong>Speed<\/strong> <strong>Networking<\/strong>, \u00e9s una cita o entrevista r\u00e0pida utilitzada en els \u00e0mbits empresarials.<\/p>\n<p class=\"CDt4Ke zfr3Q\" dir=\"ltr\" style=\"text-align: justify;\">Es tracta de dur a terme una primera trobada d&#8217;una durada curta entre empresa i alumne amb l&#8217;objectiu d&#8217;establir un primer contacte i donar-se a con\u00e8ixer. D&#8217;aquesta manera l&#8217;empresa pot fer una preselecci\u00f3 dels possibles candidats i per tant captar talent.<\/p>\n<\/div>\n<\/div>\n<\/div>\n<\/div>\n<\/div>\n<section id=\"h.4f7e85e0b980a273_0\" class=\"yaqOZd\">\n<div class=\"mYVXT\">\n<div class=\"LS81yb VICjCf\" tabindex=\"-1\">\n<div class=\"hJDwNd-AhqUyc-zQtlcf purZT-AhqUyc-II5mzb pSzOP-AhqUyc-qWD73c JNdkSc\">\n<div class=\"JNdkSc-SmKAyb\">\n<div class=\"\">\n<div class=\"oKdM2c Kzv0Me\">\n<div id=\"h.4f7e85e0b980a273_6\" class=\"hJDwNd-AhqUyc-zQtlcf jXK9ad D2fZ2 OjCsFc wHaque GNzUNc\">\n<div class=\"jXK9ad-SmKAyb\">\n<div class=\"tyJCtd mGzaTb baZpAe\">\n<table style=\"border-style: none; border-color: #fffff; background-color: #fffff;\">\n<tbody>\n<tr>\n<td style=\"border-style: none; border-color: #ffffff; background-color: #ffffff;\"><a href=\"https:\/\/agora.xtec.cat\/iescirvianum\/wp-content\/uploads\/usu134\/2021\/04\/cal.png\"><img loading=\"lazy\" decoding=\"async\" class=\"wp-image-5052 alignleft\" src=\"https:\/\/agora.xtec.cat\/iescirvianum\/wp-content\/uploads\/usu134\/2021\/04\/cal.png\" alt=\"\" width=\"62\" height=\"60\" srcset=\"https:\/\/agora.xtec.cat\/iescirvianum\/wp-content\/uploads\/usu134\/2021\/04\/cal.png 350w, https:\/\/agora.xtec.cat\/iescirvianum\/wp-content\/uploads\/usu134\/2021\/04\/cal-300x291.png 300w\" sizes=\"auto, (max-width: 62px) 100vw, 62px\" \/><\/a><\/td>\n<td style=\"border-style: none; border-color: #ffffff; background-color: #ffffff;\">\n<h2 id=\"h.wxfjso39yzs9\" class=\"CDt4Ke zfr3Q JYVBee\" dir=\"ltr\">Calendari<\/h2>\n<\/td>\n<\/tr>\n<\/tbody>\n<\/table>\n<table>\n<tbody>\n<tr>\n<td style=\"width: 93px;\">\n<p id=\"h.c1t9bcpv9fyb\" class=\"CDt4Ke zfr3Q JYVBee\" dir=\"ltr\"><a href=\"https:\/\/agora.xtec.cat\/iescirvianum\/wp-content\/uploads\/usu134\/2021\/04\/inscripcio.jpg\"><img loading=\"lazy\" decoding=\"async\" class=\"aligncenter wp-image-5057 size-full\" src=\"https:\/\/agora.xtec.cat\/iescirvianum\/wp-content\/uploads\/usu134\/2021\/04\/inscripcio.jpg\" alt=\"\" width=\"640\" height=\"480\" srcset=\"https:\/\/agora.xtec.cat\/iescirvianum\/wp-content\/uploads\/usu134\/2021\/04\/inscripcio.jpg 640w, https:\/\/agora.xtec.cat\/iescirvianum\/wp-content\/uploads\/usu134\/2021\/04\/inscripcio-300x225.jpg 300w, https:\/\/agora.xtec.cat\/iescirvianum\/wp-content\/uploads\/usu134\/2021\/04\/inscripcio-200x150.jpg 200w\" sizes=\"auto, (max-width: 640px) 100vw, 640px\" \/><\/a><\/p>\n<\/td>\n<td style=\"width: 460px;\"><strong>Inscripci\u00f3 a la jornada (2 setmanes)<br \/>\n<\/strong><\/p>\n<p style=\"text-align: justify;\">Completa el formulari d&#8217;inscripci\u00f3 per la jornada de DAW \/ SMX. Les dades que inseriu, seran visibles \u00fanicament pels alumnes candidats a DUAL i que assistiran a la jornada.<\/p>\n<\/td>\n<td style=\"width: 146px;\">del 6 al 18 d&#8217;abril<\/td>\n<\/tr>\n<tr>\n<td style=\"width: 93px;\"><a href=\"https:\/\/agora.xtec.cat\/iescirvianum\/wp-content\/uploads\/usu134\/2021\/04\/matching.jpg\"><img loading=\"lazy\" decoding=\"async\" class=\"aligncenter wp-image-5058 size-full\" src=\"https:\/\/agora.xtec.cat\/iescirvianum\/wp-content\/uploads\/usu134\/2021\/04\/matching.jpg\" alt=\"\" width=\"398\" height=\"386\" srcset=\"https:\/\/agora.xtec.cat\/iescirvianum\/wp-content\/uploads\/usu134\/2021\/04\/matching.jpg 398w, https:\/\/agora.xtec.cat\/iescirvianum\/wp-content\/uploads\/usu134\/2021\/04\/matching-300x291.jpg 300w\" sizes=\"auto, (max-width: 398px) 100vw, 398px\" \/><\/a><\/td>\n<td style=\"width: 460px;\"><strong>Matching o Preselecci\u00f3 (1 setmana)<br \/>\n<\/strong><\/p>\n<p style=\"text-align: justify;\">Durant aquest per\u00edode podreu visualitzar la informaci\u00f3 que us proporcionaran els alumnes. Us farem arribar una url amb aquesta informaci\u00f3 i podreu fer una preselecci\u00f3 de candidats per la jornada. Amb les vostres prefer\u00e8ncies, us prepararem candidats per la jornada.<\/p>\n<\/td>\n<td style=\"width: 146px;\">del 19 al 25 d&#8217;abril<\/td>\n<\/tr>\n<tr>\n<td style=\"width: 93px; text-align: right;\">&nbsp;<\/p>\n<p><a href=\"https:\/\/agora.xtec.cat\/iescirvianum\/wp-content\/uploads\/usu134\/2021\/04\/dawinscripcio.jpg\" rel=\"https:\/\/docs.google.com\/forms\/d\/e\/1FAIpQLSdFU9l9rx76Ac0tS80OGHoI1xDWwQgF6d4ne2kcVDidhJwC4A\/viewform\"><img loading=\"lazy\" decoding=\"async\" class=\"aligncenter wp-image-5054 size-full\" src=\"https:\/\/agora.xtec.cat\/iescirvianum\/wp-content\/uploads\/usu134\/2021\/04\/dawinscripcio.jpg\" alt=\"\" width=\"500\" height=\"300\" srcset=\"https:\/\/agora.xtec.cat\/iescirvianum\/wp-content\/uploads\/usu134\/2021\/04\/dawinscripcio.jpg 500w, https:\/\/agora.xtec.cat\/iescirvianum\/wp-content\/uploads\/usu134\/2021\/04\/dawinscripcio-300x180.jpg 300w\" sizes=\"auto, (max-width: 500px) 100vw, 500px\" \/><\/a><\/td>\n<td style=\"width: 460px;\"><strong>Jornada Speed Meeting pel CFGS Desenvolupament d&#8217;Aplicacions Web<\/strong><\/p>\n<p>Entrevistes de 10 minuts amb 5 alumnes seleccionats.<\/td>\n<td style=\"width: 146px;\"><strong>27 d&#8217;abril<\/strong><\/p>\n<p><strong>\ud83d\udd5b 17:00<br \/>\n<\/strong><\/td>\n<\/tr>\n<tr>\n<td style=\"width: 93px; text-align: center;\"><strong>\u00a0<\/strong><\/p>\n<p><a href=\"https:\/\/agora.xtec.cat\/iescirvianum\/wp-content\/uploads\/usu134\/2021\/04\/smxinscripcio.jpg\" rel=\"https:\/\/docs.google.com\/forms\/d\/e\/1FAIpQLSfMBpcHibFKhbAewTbNtCQOE3QmryCyk1FdeaSTnv5SK3YqzQ\/viewform\"><img loading=\"lazy\" decoding=\"async\" class=\"aligncenter wp-image-5060 size-full\" src=\"https:\/\/agora.xtec.cat\/iescirvianum\/wp-content\/uploads\/usu134\/2021\/04\/smxinscripcio.jpg\" alt=\"\" width=\"500\" height=\"300\" srcset=\"https:\/\/agora.xtec.cat\/iescirvianum\/wp-content\/uploads\/usu134\/2021\/04\/smxinscripcio.jpg 500w, https:\/\/agora.xtec.cat\/iescirvianum\/wp-content\/uploads\/usu134\/2021\/04\/smxinscripcio-300x180.jpg 300w\" sizes=\"auto, (max-width: 500px) 100vw, 500px\" \/><\/a><strong><br \/>\n<\/strong><\/td>\n<td style=\"width: 460px;\"><strong>Jornada Speed Meeting pel CFGM Sistemes Microinform\u00e0tics i Xarxes<br \/>\n<\/strong>Entrevistes de 10 minuts amb m\u00e0xim 5 alumnes seleccionats.<\/td>\n<td style=\"width: 146px;\"><strong>28 d&#8217;abril<\/strong><\/p>\n<p><strong> \ud83d\udd5b 17:00<br \/>\n<\/strong><\/td>\n<\/tr>\n<tr>\n<td style=\"width: 93px;\"><a href=\"https:\/\/agora.xtec.cat\/iescirvianum\/wp-content\/uploads\/usu134\/2021\/04\/entrevista.jpg\"><img loading=\"lazy\" decoding=\"async\" class=\"aligncenter wp-image-5055 size-full\" src=\"https:\/\/agora.xtec.cat\/iescirvianum\/wp-content\/uploads\/usu134\/2021\/04\/entrevista.jpg\" alt=\"\" width=\"456\" height=\"285\" srcset=\"https:\/\/agora.xtec.cat\/iescirvianum\/wp-content\/uploads\/usu134\/2021\/04\/entrevista.jpg 456w, https:\/\/agora.xtec.cat\/iescirvianum\/wp-content\/uploads\/usu134\/2021\/04\/entrevista-300x188.jpg 300w\" sizes=\"auto, (max-width: 456px) 100vw, 456px\" \/><\/a><\/td>\n<td style=\"width: 460px;\"><strong>Entrevistes individuals (2 setmanes)<br \/>\n<\/strong><\/p>\n<p style=\"text-align: justify;\">Dels candidats que m\u00e9s us han cridat l&#8217;atenci\u00f3, podreu fer entrevistes personals per aprofundir i con\u00e8ixer-los millor.<\/p>\n<\/td>\n<td style=\"width: 146px;\">del 3 al 16 de maig<\/td>\n<\/tr>\n<tr>\n<td style=\"width: 93px;\"><a href=\"https:\/\/agora.xtec.cat\/iescirvianum\/wp-content\/uploads\/usu134\/2021\/04\/condicions.jpg\"><img loading=\"lazy\" decoding=\"async\" class=\"aligncenter wp-image-5053 size-full\" src=\"https:\/\/agora.xtec.cat\/iescirvianum\/wp-content\/uploads\/usu134\/2021\/04\/condicions.jpg\" alt=\"\" width=\"398\" height=\"386\" srcset=\"https:\/\/agora.xtec.cat\/iescirvianum\/wp-content\/uploads\/usu134\/2021\/04\/condicions.jpg 398w, https:\/\/agora.xtec.cat\/iescirvianum\/wp-content\/uploads\/usu134\/2021\/04\/condicions-300x291.jpg 300w\" sizes=\"auto, (max-width: 398px) 100vw, 398px\" \/><\/a><\/td>\n<td style=\"width: 460px;\"><strong>Concretar condicions de l&#8217;estada (1 setmana)<br \/>\n<\/strong><\/p>\n<p style=\"text-align: justify;\">Modalitat (beca o contracte), per\u00edodes, horari, vacances, remuneraci\u00f3 i creaci\u00f3 de la comissi\u00f3 de seguiment de l&#8217;acord.<\/p>\n<\/td>\n<td style=\"width: 146px;\">del 17 al 23 de maig<\/td>\n<\/tr>\n<tr>\n<td style=\"width: 93px;\"><a href=\"https:\/\/agora.xtec.cat\/iescirvianum\/wp-content\/uploads\/usu134\/2021\/04\/acord.jpg\"><img loading=\"lazy\" decoding=\"async\" class=\"aligncenter wp-image-5051 size-full\" src=\"https:\/\/agora.xtec.cat\/iescirvianum\/wp-content\/uploads\/usu134\/2021\/04\/acord.jpg\" alt=\"\" width=\"691\" height=\"720\" srcset=\"https:\/\/agora.xtec.cat\/iescirvianum\/wp-content\/uploads\/usu134\/2021\/04\/acord.jpg 691w, https:\/\/agora.xtec.cat\/iescirvianum\/wp-content\/uploads\/usu134\/2021\/04\/acord-288x300.jpg 288w\" sizes=\"auto, (max-width: 691px) 100vw, 691px\" \/><\/a><\/td>\n<td style=\"width: 460px;\"><strong>Generaci\u00f3 dels acords formatius (1 setmana)<br \/>\n<\/strong><\/p>\n<p style=\"text-align: justify;\">Generarem la documentaci\u00f3 per poder iniciar l&#8217;estada (en alguns casos necessitem autoritzaci\u00f3 i hem d&#8217;esperar)<\/p>\n<\/td>\n<td style=\"width: 146px;\">del 24 al 31 de maig<\/td>\n<\/tr>\n<tr>\n<td style=\"width: 93px;\"><a href=\"https:\/\/agora.xtec.cat\/iescirvianum\/wp-content\/uploads\/usu134\/2021\/04\/persona.jpg\"><img loading=\"lazy\" decoding=\"async\" class=\"aligncenter wp-image-5059 size-full\" src=\"https:\/\/agora.xtec.cat\/iescirvianum\/wp-content\/uploads\/usu134\/2021\/04\/persona.jpg\" alt=\"\" width=\"691\" height=\"720\" srcset=\"https:\/\/agora.xtec.cat\/iescirvianum\/wp-content\/uploads\/usu134\/2021\/04\/persona.jpg 691w, https:\/\/agora.xtec.cat\/iescirvianum\/wp-content\/uploads\/usu134\/2021\/04\/persona-288x300.jpg 288w\" sizes=\"auto, (max-width: 691px) 100vw, 691px\" \/><\/a><\/td>\n<td style=\"width: 460px;\"><strong>Inici de l&#8217;estada formativa en format FCT (1 mes)<br \/>\n<\/strong><\/p>\n<p style=\"text-align: justify;\">L&#8217;alumne\/a ja no t\u00e9 classe i pot comen\u00e7ar el per\u00edode d&#8217;adaptaci\u00f3 d&#8217;entre 80 i 100 hores a dedicaci\u00f3 completa (8 hores\/dia).<\/p>\n<\/td>\n<td style=\"width: 146px;\">1 de juny<\/td>\n<\/tr>\n<tr>\n<td style=\"width: 93px;\"><img decoding=\"async\" id=\"logo_entity\" src=\"https:\/\/agora.xtec.cat\/fpdual\/wp-content\/uploads\/usu1832\/2018\/06\/DUAL_alta.jpg\" \/><\/td>\n<td style=\"width: 460px;\"><strong>Canvi a modalitat DUAL<\/strong><\/p>\n<p style=\"text-align: justify;\">Un cop finalitzat el per\u00edode d&#8217;adaptaci\u00f3, canviem a dual en modalitat beca o contracte.<\/p>\n<\/td>\n<td style=\"width: 146px;\">1 de juliol<\/td>\n<\/tr>\n<\/tbody>\n<\/table>\n<\/div>\n<\/div>\n<\/div>\n<\/div>\n<\/div>\n<\/div>\n<\/div>\n<\/div>\n<\/div>\n<\/section>\n<div class=\"\">\n<div class=\"oKdM2c Kzv0Me\">\n<div id=\"h.78f238f024d21f57_0\" class=\"hJDwNd-AhqUyc-uQSCkd jXK9ad D2fZ2 OjCsFc wHaque GNzUNc\">\n<div class=\"jXK9ad-SmKAyb\">\n<div class=\"tyJCtd mGzaTb baZpAe\">\n<h2 dir=\"ltr\"><\/h2>\n<h2 id=\"h.c1t9bcpv9fyb\" class=\"CDt4Ke zfr3Q JYVBee\" dir=\"ltr\"><img loading=\"lazy\" decoding=\"async\" class=\"wp-image-4053 alignnone\" src=\"https:\/\/agora.xtec.cat\/iescirvianum\/wp-content\/uploads\/usu134\/2020\/09\/Titol-DAW-1.jpg\" alt=\"\" width=\"350\" height=\"70\" srcset=\"https:\/\/agora.xtec.cat\/iescirvianum\/wp-content\/uploads\/usu134\/2020\/09\/Titol-DAW-1.jpg 1000w, https:\/\/agora.xtec.cat\/iescirvianum\/wp-content\/uploads\/usu134\/2020\/09\/Titol-DAW-1-300x60.jpg 300w, https:\/\/agora.xtec.cat\/iescirvianum\/wp-content\/uploads\/usu134\/2020\/09\/Titol-DAW-1-768x154.jpg 768w\" sizes=\"auto, (max-width: 350px) 100vw, 350px\" \/><\/h2>\n<h4><img loading=\"lazy\" decoding=\"async\" class=\"\" src=\"https:\/\/cdn.pixabay.com\/photo\/2016\/03\/31\/19\/13\/information-1294813__340.png\" srcset=\"https:\/\/cdn.pixabay.com\/photo\/2016\/03\/31\/19\/13\/information-1294813__340.png 1x, https:\/\/cdn.pixabay.com\/photo\/2016\/03\/31\/19\/13\/information-1294813__480.png 2x\" alt=\"Informaci\u00f3n, Icono, Ayuda, Info, Mark\" width=\"50\" height=\"50\" \/> Informaci\u00f3:<\/h4>\n<p><strong><span style=\"color: #000080; font-size: 1.5em;\">Dimarts 27 d&#8217;abril de 2021 a les 17:00<\/span><\/strong><\/p>\n<\/div>\n<\/div>\n<div class=\"tyJCtd mGzaTb baZpAe\">\n<h2 id=\"h.c1t9bcpv9fyb\" class=\"CDt4Ke zfr3Q JYVBee\" dir=\"ltr\"><a href=\"https:\/\/forms.gle\/CLf8dFxwo2S7zNcj8\" target=\"_blank\" rel=\"noopener noreferrer\"><img loading=\"lazy\" decoding=\"async\" class=\"alignleft wp-image-5033\" src=\"https:\/\/agora.xtec.cat\/iescirvianum\/wp-content\/uploads\/usu134\/2021\/04\/inscriu-te.png\" alt=\"\" width=\"148\" height=\"77\" srcset=\"https:\/\/agora.xtec.cat\/iescirvianum\/wp-content\/uploads\/usu134\/2021\/04\/inscriu-te.png 312w, https:\/\/agora.xtec.cat\/iescirvianum\/wp-content\/uploads\/usu134\/2021\/04\/inscriu-te-300x156.png 300w\" sizes=\"auto, (max-width: 148px) 100vw, 148px\" \/><\/a><\/h2>\n<p>&nbsp;<\/p>\n<\/div>\n<\/div>\n<\/div>\n<\/div>\n<\/div>\n<\/div>\n<\/div>\n<p>&nbsp;<\/p>\n<div class=\"LS81yb VICjCf\" tabindex=\"-1\">\n<div class=\"hJDwNd-AhqUyc-uQSCkd purZT-AhqUyc-II5mzb pSzOP-AhqUyc-qWD73c JNdkSc\">\n<div class=\"JNdkSc-SmKAyb\">\n<div class=\"\">\n<div class=\"oKdM2c Kzv0Me\">\n<div id=\"h.78f238f024d21f57_0\" class=\"hJDwNd-AhqUyc-uQSCkd jXK9ad D2fZ2 OjCsFc wHaque GNzUNc\">\n<div class=\"tyJCtd mGzaTb baZpAe\">\n<h2 dir=\"ltr\"><img loading=\"lazy\" decoding=\"async\" class=\"wp-image-4052 alignnone\" src=\"https:\/\/agora.xtec.cat\/iescirvianum\/wp-content\/uploads\/usu134\/2020\/09\/Titol-SMX-1.jpg\" alt=\"\" width=\"350\" height=\"70\" srcset=\"https:\/\/agora.xtec.cat\/iescirvianum\/wp-content\/uploads\/usu134\/2020\/09\/Titol-SMX-1.jpg 1000w, https:\/\/agora.xtec.cat\/iescirvianum\/wp-content\/uploads\/usu134\/2020\/09\/Titol-SMX-1-300x60.jpg 300w, https:\/\/agora.xtec.cat\/iescirvianum\/wp-content\/uploads\/usu134\/2020\/09\/Titol-SMX-1-768x154.jpg 768w\" sizes=\"auto, (max-width: 350px) 100vw, 350px\" \/><\/h2>\n<h4><img loading=\"lazy\" decoding=\"async\" class=\"\" src=\"https:\/\/cdn.pixabay.com\/photo\/2016\/03\/31\/19\/13\/information-1294813__340.png\" srcset=\"https:\/\/cdn.pixabay.com\/photo\/2016\/03\/31\/19\/13\/information-1294813__340.png 1x, https:\/\/cdn.pixabay.com\/photo\/2016\/03\/31\/19\/13\/information-1294813__480.png 2x\" alt=\"Informaci\u00f3n, Icono, Ayuda, Info, Mark\" width=\"50\" height=\"50\" \/> Informaci\u00f3:<\/h4>\n<p><span style=\"color: #000080; font-size: 1.5em;\"><strong>Dimecres 28 d&#8217;abril de 2021 a les 17:00<\/strong><\/span><\/p>\n<\/div>\n<\/div>\n<\/div>\n<\/div>\n<\/div>\n<\/div>\n<\/div>\n<\/div>\n<\/section>\n<div class=\"IFuOkc\">\n<h2 id=\"h.c1t9bcpv9fyb\" class=\"CDt4Ke zfr3Q JYVBee\" dir=\"ltr\"><a href=\"https:\/\/forms.gle\/DhPnhdzUt3UsmHVMA\" target=\"_blank\" rel=\"noopener noreferrer\"><img loading=\"lazy\" decoding=\"async\" class=\" wp-image-5033 alignleft\" src=\"https:\/\/agora.xtec.cat\/iescirvianum\/wp-content\/uploads\/usu134\/2021\/04\/inscriu-te.png\" alt=\"\" width=\"148\" height=\"77\" srcset=\"https:\/\/agora.xtec.cat\/iescirvianum\/wp-content\/uploads\/usu134\/2021\/04\/inscriu-te.png 312w, https:\/\/agora.xtec.cat\/iescirvianum\/wp-content\/uploads\/usu134\/2021\/04\/inscriu-te-300x156.png 300w\" sizes=\"auto, (max-width: 148px) 100vw, 148px\" \/><\/a><\/h2>\n<p>&nbsp;<\/p>\n<\/div>\n<div><\/div>\n<section id=\"h.68472202117d768d_0\" class=\"yaqOZd\">\n<div class=\"mYVXT\">\n<div class=\"LS81yb VICjCf\" tabindex=\"-1\">\n<div class=\"hJDwNd-AhqUyc-wNfPc purZT-AhqUyc-II5mzb pSzOP-AhqUyc-wNfPc JNdkSc\">\n<div class=\"JNdkSc-SmKAyb\">\n<div class=\"\">\n<div class=\"oKdM2c Kzv0Me\">\n<div id=\"h.68472202117d768d_9\" class=\"hJDwNd-AhqUyc-wNfPc pSzOP-AhqUyc-wNfPc jXK9ad D2fZ2 OjCsFc wHaque\">\n<div class=\"jXK9ad-SmKAyb\">\n<div class=\"tyJCtd baZpAe\">\n<div class=\"t3iYD\"><\/div>\n<\/div>\n<\/div>\n<\/div>\n<\/div>\n<\/div>\n<\/div>\n<\/div>\n<\/div>\n<\/div>\n<\/section>\n<p>&nbsp;<\/p>\n<p><strong>Per m\u00e9s informaci\u00f3 us podeu adre\u00e7ar a <\/strong><a href=\"mailto:fpdual@cirvianum.cat\"><strong>fpdual<\/strong><span class=\"\"><strong>@cirvianum.cat<\/strong><\/span><\/a><\/p>\n<p>&nbsp;<\/p>\n","protected":false},"excerpt":{"rendered":"<p>Una Speed Meeting o Speed Networking, \u00e9s una cita o entrevista r\u00e0pida utilitzada en els \u00e0mbits empresarials. Es tracta de dur a terme una primera trobada d&#8217;una durada curta entre empresa i alumne amb l&#8217;objectiu d&#8217;establir un primer contacte i donar-se a con\u00e8ixer. D&#8217;aquesta manera l&#8217;empresa pot fer una preselecci\u00f3 dels possibles candidats i per [&hellip;]<\/p>\n","protected":false},"author":1,"featured_media":0,"parent":4306,"menu_order":50,"comment_status":"closed","ping_status":"closed","template":"page-templates\/side-menu.php","meta":{"site-sidebar-layout":"default","site-content-layout":"","ast-site-content-layout":"","site-content-style":"default","site-sidebar-style":"default","ast-global-header-display":"","ast-banner-title-visibility":"","ast-main-header-display":"","ast-hfb-above-header-display":"","ast-hfb-below-header-display":"","ast-hfb-mobile-header-display":"","site-post-title":"","ast-breadcrumbs-content":"","ast-featured-img":"","footer-sml-layout":"","theme-transparent-header-meta":"","adv-header-id-meta":"","stick-header-meta":"","header-above-stick-meta":"","header-main-stick-meta":"","header-below-stick-meta":"","astra-migrate-meta-layouts":"default","ast-page-background-enabled":"default","ast-page-background-meta":{"desktop":{"background-color":"var(--ast-global-color-4)","background-image":"","background-repeat":"repeat","background-position":"center center","background-size":"auto","background-attachment":"scroll","background-type":"","background-media":"","overlay-type":"","overlay-color":"","overlay-opacity":"","overlay-gradient":""},"tablet":{"background-color":"","background-image":"","background-repeat":"repeat","background-position":"center center","background-size":"auto","background-attachment":"scroll","background-type":"","background-media":"","overlay-type":"","overlay-color":"","overlay-opacity":"","overlay-gradient":""},"mobile":{"background-color":"","background-image":"","background-repeat":"repeat","background-position":"center center","background-size":"auto","background-attachment":"scroll","background-type":"","background-media":"","overlay-type":"","overlay-color":"","overlay-opacity":"","overlay-gradient":""}},"ast-content-background-meta":{"desktop":{"background-color":"var(--ast-global-color-5)","background-image":"","background-repeat":"repeat","background-position":"center center","background-size":"auto","background-attachment":"scroll","background-type":"","background-media":"","overlay-type":"","overlay-color":"","overlay-opacity":"","overlay-gradient":""},"tablet":{"background-color":"var(--ast-global-color-5)","background-image":"","background-repeat":"repeat","background-position":"center center","background-size":"auto","background-attachment":"scroll","background-type":"","background-media":"","overlay-type":"","overlay-color":"","overlay-opacity":"","overlay-gradient":""},"mobile":{"background-color":"var(--ast-global-color-5)","background-image":"","background-repeat":"repeat","background-position":"center center","background-size":"auto","background-attachment":"scroll","background-type":"","background-media":"","overlay-type":"","overlay-color":"","overlay-opacity":"","overlay-gradient":""}},"footnotes":""},"class_list":["post-5020","page","type-page","status-publish","hentry"],"post_mailing_queue_ids":[],"_links":{"self":[{"href":"https:\/\/agora.xtec.cat\/iescirvianum\/wp-json\/wp\/v2\/pages\/5020","targetHints":{"allow":["GET"]}}],"collection":[{"href":"https:\/\/agora.xtec.cat\/iescirvianum\/wp-json\/wp\/v2\/pages"}],"about":[{"href":"https:\/\/agora.xtec.cat\/iescirvianum\/wp-json\/wp\/v2\/types\/page"}],"author":[{"embeddable":true,"href":"https:\/\/agora.xtec.cat\/iescirvianum\/wp-json\/wp\/v2\/users\/1"}],"replies":[{"embeddable":true,"href":"https:\/\/agora.xtec.cat\/iescirvianum\/wp-json\/wp\/v2\/comments?post=5020"}],"version-history":[{"count":4,"href":"https:\/\/agora.xtec.cat\/iescirvianum\/wp-json\/wp\/v2\/pages\/5020\/revisions"}],"predecessor-version":[{"id":5072,"href":"https:\/\/agora.xtec.cat\/iescirvianum\/wp-json\/wp\/v2\/pages\/5020\/revisions\/5072"}],"up":[{"embeddable":true,"href":"https:\/\/agora.xtec.cat\/iescirvianum\/wp-json\/wp\/v2\/pages\/4306"}],"wp:attachment":[{"href":"https:\/\/agora.xtec.cat\/iescirvianum\/wp-json\/wp\/v2\/media?parent=5020"}],"curies":[{"name":"wp","href":"https:\/\/api.w.org\/{rel}","templated":true}]}}