{"id":4941,"date":"2021-03-08T18:17:41","date_gmt":"2021-03-08T17:17:41","guid":{"rendered":"https:\/\/agora.xtec.cat\/iescirvianum\/?page_id=4941"},"modified":"2021-03-08T18:17:46","modified_gmt":"2021-03-08T17:17:46","slug":"llibres-iddink","status":"publish","type":"page","link":"https:\/\/agora.xtec.cat\/iescirvianum\/llibres-iddink\/","title":{"rendered":"Llibres Iddink"},"content":{"rendered":"<p><a href=\"https:\/\/drive.google.com\/file\/d\/1Al5Lv5tF68k7Q8htukLwbsoCljb7YzXw\/view?usp=sharing\" target=\"_blank\" rel=\"noopener noreferrer\"><img loading=\"lazy\" decoding=\"async\" class=\"aligncenter wp-image-4942 size-full\" src=\"https:\/\/agora.xtec.cat\/iescirvianum\/wp-content\/uploads\/usu134\/2021\/03\/iddink1.jpg\" alt=\"\" width=\"845\" height=\"595\" srcset=\"https:\/\/agora.xtec.cat\/iescirvianum\/wp-content\/uploads\/usu134\/2021\/03\/iddink1.jpg 845w, https:\/\/agora.xtec.cat\/iescirvianum\/wp-content\/uploads\/usu134\/2021\/03\/iddink1-300x211.jpg 300w, https:\/\/agora.xtec.cat\/iescirvianum\/wp-content\/uploads\/usu134\/2021\/03\/iddink1-768x541.jpg 768w\" sizes=\"auto, (max-width: 845px) 100vw, 845px\" \/><\/a><\/p>\n<p><img loading=\"lazy\" decoding=\"async\" class=\"aligncenter size-full wp-image-4943\" src=\"https:\/\/agora.xtec.cat\/iescirvianum\/wp-content\/uploads\/usu134\/2021\/03\/iddink2.jpg\" alt=\"\" width=\"844\" height=\"593\" srcset=\"https:\/\/agora.xtec.cat\/iescirvianum\/wp-content\/uploads\/usu134\/2021\/03\/iddink2.jpg 844w, https:\/\/agora.xtec.cat\/iescirvianum\/wp-content\/uploads\/usu134\/2021\/03\/iddink2-300x211.jpg 300w, https:\/\/agora.xtec.cat\/iescirvianum\/wp-content\/uploads\/usu134\/2021\/03\/iddink2-768x540.jpg 768w\" sizes=\"auto, (max-width: 844px) 100vw, 844px\" \/><\/p>\n<ul>\n<li><a href=\"https:\/\/vimeo.com\/408418610\" target=\"_blank\" rel=\"noopener noreferrer\">Presentaci\u00f3 a pares i mares &#8211; complerta<\/a><\/li>\n<li><a href=\"https:\/\/vimeo.com\/418474411\" target=\"_blank\" rel=\"noopener noreferrer\">Presentaci\u00f3 a pares i mares &#8211; r\u00e1pida<\/a><\/li>\n<li><a href=\"https:\/\/vimeo.com\/424744075\" target=\"_blank\" rel=\"noopener noreferrer\">Presentaci\u00f3 a pares i mares &#8211; r\u00e1pida &#8211; versi\u00f3 Covid<\/a><\/li>\n<li><a href=\"https:\/\/vimeo.com\/431763068\" target=\"_blank\" rel=\"noopener noreferrer\">Com fer una comanda<\/a><\/li>\n<li><a href=\"https:\/\/vimeo.com\/427322849\" target=\"_blank\" rel=\"noopener noreferrer\">Com retornar els ecoBooks<\/a><\/li>\n<li><a href=\"https:\/\/vimeo.com\/425765096\" target=\"_blank\" rel=\"noopener noreferrer\">Qu\u00e8 \u00e9s Iddink digital?<\/a><\/li>\n<li><a href=\"https:\/\/vimeo.com\/425765070\" target=\"_blank\" rel=\"noopener noreferrer\">Com accedir a les meves llic\u00e8ncies digitals<\/a><\/li>\n<\/ul>\n","protected":false},"excerpt":{"rendered":"<p>Presentaci\u00f3 a pares i mares &#8211; complerta Presentaci\u00f3 a pares i mares &#8211; r\u00e1pida Presentaci\u00f3 a pares i mares &#8211; r\u00e1pida &#8211; versi\u00f3 Covid Com fer una comanda Com retornar els ecoBooks Qu\u00e8 \u00e9s Iddink digital? Com accedir a les meves llic\u00e8ncies digitals<\/p>\n","protected":false},"author":1,"featured_media":0,"parent":0,"menu_order":0,"comment_status":"closed","ping_status":"closed","template":"","meta":{"site-sidebar-layout":"default","site-content-layout":"","ast-site-content-layout":"","site-content-style":"default","site-sidebar-style":"default","ast-global-header-display":"","ast-banner-title-visibility":"","ast-main-header-display":"","ast-hfb-above-header-display":"","ast-hfb-below-header-display":"","ast-hfb-mobile-header-display":"","site-post-title":"","ast-breadcrumbs-content":"","ast-featured-img":"","footer-sml-layout":"","theme-transparent-header-meta":"","adv-header-id-meta":"","stick-header-meta":"","header-above-stick-meta":"","header-main-stick-meta":"","header-below-stick-meta":"","astra-migrate-meta-layouts":"default","ast-page-background-enabled":"default","ast-page-background-meta":{"desktop":{"background-color":"var(--ast-global-color-4)","background-image":"","background-repeat":"repeat","background-position":"center center","background-size":"auto","background-attachment":"scroll","background-type":"","background-media":"","overlay-type":"","overlay-color":"","overlay-opacity":"","overlay-gradient":""},"tablet":{"background-color":"","background-image":"","background-repeat":"repeat","background-position":"center center","background-size":"auto","background-attachment":"scroll","background-type":"","background-media":"","overlay-type":"","overlay-color":"","overlay-opacity":"","overlay-gradient":""},"mobile":{"background-color":"","background-image":"","background-repeat":"repeat","background-position":"center center","background-size":"auto","background-attachment":"scroll","background-type":"","background-media":"","overlay-type":"","overlay-color":"","overlay-opacity":"","overlay-gradient":""}},"ast-content-background-meta":{"desktop":{"background-color":"var(--ast-global-color-5)","background-image":"","background-repeat":"repeat","background-position":"center center","background-size":"auto","background-attachment":"scroll","background-type":"","background-media":"","overlay-type":"","overlay-color":"","overlay-opacity":"","overlay-gradient":""},"tablet":{"background-color":"var(--ast-global-color-5)","background-image":"","background-repeat":"repeat","background-position":"center center","background-size":"auto","background-attachment":"scroll","background-type":"","background-media":"","overlay-type":"","overlay-color":"","overlay-opacity":"","overlay-gradient":""},"mobile":{"background-color":"var(--ast-global-color-5)","background-image":"","background-repeat":"repeat","background-position":"center center","background-size":"auto","background-attachment":"scroll","background-type":"","background-media":"","overlay-type":"","overlay-color":"","overlay-opacity":"","overlay-gradient":""}},"footnotes":""},"class_list":["post-4941","page","type-page","status-publish","hentry"],"post_mailing_queue_ids":[],"_links":{"self":[{"href":"https:\/\/agora.xtec.cat\/iescirvianum\/wp-json\/wp\/v2\/pages\/4941","targetHints":{"allow":["GET"]}}],"collection":[{"href":"https:\/\/agora.xtec.cat\/iescirvianum\/wp-json\/wp\/v2\/pages"}],"about":[{"href":"https:\/\/agora.xtec.cat\/iescirvianum\/wp-json\/wp\/v2\/types\/page"}],"author":[{"embeddable":true,"href":"https:\/\/agora.xtec.cat\/iescirvianum\/wp-json\/wp\/v2\/users\/1"}],"replies":[{"embeddable":true,"href":"https:\/\/agora.xtec.cat\/iescirvianum\/wp-json\/wp\/v2\/comments?post=4941"}],"version-history":[{"count":2,"href":"https:\/\/agora.xtec.cat\/iescirvianum\/wp-json\/wp\/v2\/pages\/4941\/revisions"}],"predecessor-version":[{"id":7368,"href":"https:\/\/agora.xtec.cat\/iescirvianum\/wp-json\/wp\/v2\/pages\/4941\/revisions\/7368"}],"wp:attachment":[{"href":"https:\/\/agora.xtec.cat\/iescirvianum\/wp-json\/wp\/v2\/media?parent=4941"}],"curies":[{"name":"wp","href":"https:\/\/api.w.org\/{rel}","templated":true}]}}