{"id":49,"date":"2014-09-17T16:55:55","date_gmt":"2014-09-17T16:55:55","guid":{"rendered":"http:\/\/agora.xtec.cat\/iescirvianum\/?page_id=49"},"modified":"2026-02-17T13:34:54","modified_gmt":"2026-02-17T12:34:54","slug":"normes-dorganitzacio-i-funcionament","status":"publish","type":"page","link":"https:\/\/agora.xtec.cat\/iescirvianum\/linstitut\/normes-dorganitzacio-i-funcionament\/","title":{"rendered":"Documents Centre"},"content":{"rendered":"<ul>\n<li style=\"list-style-type: none;\">\n<ul>\n<li>Normes d&#8217;Organitzaci\u00f3 i Funcionament de Centre (NOFC)\n<ul>\n<li><a href=\"https:\/\/drive.google.com\/file\/d\/1rv5XR_M7LmbLOXGxv28iGTsYu29mudww\/view?usp=sharing\" target=\"_blank\" rel=\"noopener\">ESO, Batxillerat i Cicles Formatius<\/a><\/li>\n<li><a href=\"https:\/\/drive.google.com\/file\/d\/1RV3fjElveC1Gx_h1Lx-jz9ZNFibJy80i\/view?usp=drive_link\" target=\"_blank\" rel=\"noopener\">Programa de Formaci\u00f3 i Inserci\u00f3 (PFI-PTT)<\/a><\/li>\n<\/ul>\n<\/li>\n<li><a href=\"https:\/\/drive.google.com\/file\/d\/1F2BLvPziQtgNCm6MvExzoRbsjOluPUi4\/view?usp=drive_link\" target=\"_blank\" rel=\"noopener noreferrer\">Projecte Eductiu de Centre (PEC)<\/a><\/li>\n<li><a href=\"https:\/\/docs.google.com\/document\/d\/1X3yTjr0X_IX-ETpv9DloZx4M3Eh2g2_tHJNN2ne0GOo\/edit?usp=share_link\" target=\"_blank\" rel=\"noopener noreferrer\">Projecte Ling\u00fc\u00edstic Escolar (PLE).<\/a><\/li>\n<li><a href=\"https:\/\/docs.google.com\/document\/d\/1b1s_v2lCsIwVKkJh80SkI1AjkecU7kH5N-VltN3xE4E\/edit?usp=share_link\" target=\"_blank\" rel=\"noopener noreferrer\">Tecnologies per a l\u2019Aprenentatge i el Coneixement (pla TAC)<\/a><\/li>\n<li><a href=\"https:\/\/docs.google.com\/document\/d\/1h1gOeWm63LkvvitNqrBwMA0uFMfA5dOXOkpphc2-yGI\/edit?usp=share_link\" target=\"_blank\" rel=\"noopener noreferrer\">Pla de conviv\u00e8ncia<\/a><\/li>\n<li><a href=\"https:\/\/docs.google.com\/document\/d\/1UlKjK7bAvK1IN26pueivkhuA47q6z-MZ2BuugOoxg0c\/edit?usp=share_link\" target=\"_blank\" rel=\"noopener noreferrer\">Projecte de direcci\u00f3<\/a><\/li>\n<li><a href=\"https:\/\/drive.google.com\/file\/d\/1V2o9A75TyXWxl9xVEMkkM6MAL9XQKk3O\/view?usp=drive_link\" target=\"_blank\" rel=\"noopener noreferrer\">PGA<\/a><\/li>\n<li><a href=\"https:\/\/docs.google.com\/document\/d\/1MBlUX1bFytaefZ2WdSAm-iCw3K5PE373gFxGL8uCN1Y\/edit?usp=share_link\" target=\"_blank\" rel=\"noopener noreferrer\">Carta comprom\u00eds educatiu<\/a><\/li>\n<\/ul>\n<\/li>\n<\/ul>\n<p><strong>Pla acci\u00f3 tutorial<\/strong><\/p>\n<ul>\n<li style=\"list-style-type: none;\">\n<ul>\n<li><a href=\"https:\/\/docs.google.com\/document\/d\/1UnOQ0MuJsBHw2G_qdyDFwdLHUXPM2cgRXcPao16c16s\/edit?usp=sharing\" target=\"_blank\" rel=\"noopener noreferrer\">Pla d&#8217;acci\u00f3 tutorial 1r ESO<\/a><\/li>\n<li><a href=\"https:\/\/docs.google.com\/document\/d\/1XhbHdUQrIS_MKL_NUvBOnADirjUR6abxZBaUW7CBqT4\/edit?usp=sharing\" target=\"_blank\" rel=\"noopener noreferrer\">Pla d&#8217;acci\u00f3 tutorial 2n ESO<\/a><\/li>\n<li><a href=\"https:\/\/docs.google.com\/document\/d\/1SuiLOyKz8dO2XalTkY-yNUdQGqwx7s8P2O7kPZmqSFs\/edit?usp=share_link\" target=\"_blank\" rel=\"noopener noreferrer\">Pla d&#8217;acci\u00f3 tutorial 3r ESO<\/a><\/li>\n<li><a href=\"https:\/\/docs.google.com\/document\/d\/1k4_lIzT-cZLygM-p2fhulnM72f7_dWBYk2g889sjqcM\/edit?usp=share_link\" target=\"_blank\" rel=\"noopener noreferrer\">Pla d&#8217;acci\u00f3 tutorial 4t ESO<\/a><\/li>\n<li><a href=\"https:\/\/docs.google.com\/document\/d\/15VuMeAM8lhbfWXqi_xyFdJ99ba9fMMzcX_yQess2Wo0\/edit?usp=share_link\" target=\"_blank\" rel=\"noopener noreferrer\">Pla d&#8217;acci\u00f3 tutorial Batxillerat<\/a><\/li>\n<li><a href=\"https:\/\/docs.google.com\/document\/d\/1lruMaOaVqi5yPajEN4kcKjRfLzeegVrK7eUlr-gGScg\/edit?usp=share_link\" target=\"_blank\" rel=\"noopener noreferrer\">Pla d&#8217;acci\u00f3 tutorial Cicles Formatius<\/a><\/li>\n<\/ul>\n<\/li>\n<\/ul>\n<p><!--\n<strong><span data-mce-type=\"bookmark\" style=\"display: inline-block; width: 0px; overflow: hidden; line-height: 0;\" class=\"mce_SELRES_start\"><\/span>Obertura Curs 21-22<\/strong>\n\n\n<ul>\n \t\n\n<li style=\"list-style-type: none;\">\n\n\n<ul>\n \t\n\n<li style=\"list-style-type: none;\">\n\n\n<ul>\n \t\n\n<li style=\"list-style-type: none;\">\n\n\n<ul>\n \t\n\n<li><span data-mce-type=\"bookmark\" style=\"display: inline-block; width: 0px; overflow: hidden; line-height: 0;\" class=\"mce_SELRES_start\"><\/span><a href=\"https:\/\/drive.google.com\/file\/d\/1WwrslMwBQFN0FH-XzCGSV8MfS2qigMY6\/view?usp=sharing\">Pla d'obertura de l'Institut en fase 2 de desescalada<\/a><\/li>\n\n\n \t\n\n<li><a href=\"https:\/\/drive.google.com\/file\/d\/16xJ38MB8MU9F6XGSZzpBNLySDb7TUgX8\/view?usp=sharing\" target=\"_blank\" rel=\"noopener noreferrer\">Pla d\u2019organitzaci\u00f3 per a l\u2019obertura al setembre (curs 2020-2021)<\/a><\/li>\n\n\n \t\n\n<li><a href=\"https:\/\/drive.google.com\/file\/d\/1SqzAw7NHALlFTOq6MQ3YY4qNJ6ak2FyE\/view?usp=sharing\">Pla d'obertura de centre (2021-22)<\/a><\/li>\n\n\n--><\/p>\n","protected":false},"excerpt":{"rendered":"<p>Normes d&#8217;Organitzaci\u00f3 i Funcionament de Centre (NOFC) ESO, Batxillerat i Cicles Formatius Programa de Formaci\u00f3 i Inserci\u00f3 (PFI-PTT) Projecte Eductiu de Centre (PEC) Projecte Ling\u00fc\u00edstic Escolar (PLE). Tecnologies per a l\u2019Aprenentatge i el Coneixement (pla TAC) Pla de conviv\u00e8ncia Projecte de direcci\u00f3 PGA Carta comprom\u00eds educatiu Pla acci\u00f3 tutorial Pla d&#8217;acci\u00f3 tutorial 1r ESO Pla [&hellip;]<\/p>\n","protected":false},"author":1,"featured_media":0,"parent":19,"menu_order":60,"comment_status":"closed","ping_status":"closed","template":"page-templates\/side-menu.php","meta":{"site-sidebar-layout":"default","site-content-layout":"","ast-site-content-layout":"","site-content-style":"default","site-sidebar-style":"default","ast-global-header-display":"","ast-banner-title-visibility":"","ast-main-header-display":"","ast-hfb-above-header-display":"","ast-hfb-below-header-display":"","ast-hfb-mobile-header-display":"","site-post-title":"","ast-breadcrumbs-content":"","ast-featured-img":"","footer-sml-layout":"","theme-transparent-header-meta":"","adv-header-id-meta":"","stick-header-meta":"","header-above-stick-meta":"","header-main-stick-meta":"","header-below-stick-meta":"","astra-migrate-meta-layouts":"default","ast-page-background-enabled":"default","ast-page-background-meta":{"desktop":{"background-color":"var(--ast-global-color-4)","background-image":"","background-repeat":"repeat","background-position":"center center","background-size":"auto","background-attachment":"scroll","background-type":"","background-media":"","overlay-type":"","overlay-color":"","overlay-opacity":"","overlay-gradient":""},"tablet":{"background-color":"","background-image":"","background-repeat":"repeat","background-position":"center center","background-size":"auto","background-attachment":"scroll","background-type":"","background-media":"","overlay-type":"","overlay-color":"","overlay-opacity":"","overlay-gradient":""},"mobile":{"background-color":"","background-image":"","background-repeat":"repeat","background-position":"center center","background-size":"auto","background-attachment":"scroll","background-type":"","background-media":"","overlay-type":"","overlay-color":"","overlay-opacity":"","overlay-gradient":""}},"ast-content-background-meta":{"desktop":{"background-color":"var(--ast-global-color-5)","background-image":"","background-repeat":"repeat","background-position":"center center","background-size":"auto","background-attachment":"scroll","background-type":"","background-media":"","overlay-type":"","overlay-color":"","overlay-opacity":"","overlay-gradient":""},"tablet":{"background-color":"var(--ast-global-color-5)","background-image":"","background-repeat":"repeat","background-position":"center center","background-size":"auto","background-attachment":"scroll","background-type":"","background-media":"","overlay-type":"","overlay-color":"","overlay-opacity":"","overlay-gradient":""},"mobile":{"background-color":"var(--ast-global-color-5)","background-image":"","background-repeat":"repeat","background-position":"center center","background-size":"auto","background-attachment":"scroll","background-type":"","background-media":"","overlay-type":"","overlay-color":"","overlay-opacity":"","overlay-gradient":""}},"footnotes":""},"class_list":["post-49","page","type-page","status-publish","hentry"],"post_mailing_queue_ids":[],"_links":{"self":[{"href":"https:\/\/agora.xtec.cat\/iescirvianum\/wp-json\/wp\/v2\/pages\/49","targetHints":{"allow":["GET"]}}],"collection":[{"href":"https:\/\/agora.xtec.cat\/iescirvianum\/wp-json\/wp\/v2\/pages"}],"about":[{"href":"https:\/\/agora.xtec.cat\/iescirvianum\/wp-json\/wp\/v2\/types\/page"}],"author":[{"embeddable":true,"href":"https:\/\/agora.xtec.cat\/iescirvianum\/wp-json\/wp\/v2\/users\/1"}],"replies":[{"embeddable":true,"href":"https:\/\/agora.xtec.cat\/iescirvianum\/wp-json\/wp\/v2\/comments?post=49"}],"version-history":[{"count":6,"href":"https:\/\/agora.xtec.cat\/iescirvianum\/wp-json\/wp\/v2\/pages\/49\/revisions"}],"predecessor-version":[{"id":8633,"href":"https:\/\/agora.xtec.cat\/iescirvianum\/wp-json\/wp\/v2\/pages\/49\/revisions\/8633"}],"up":[{"embeddable":true,"href":"https:\/\/agora.xtec.cat\/iescirvianum\/wp-json\/wp\/v2\/pages\/19"}],"wp:attachment":[{"href":"https:\/\/agora.xtec.cat\/iescirvianum\/wp-json\/wp\/v2\/media?parent=49"}],"curies":[{"name":"wp","href":"https:\/\/api.w.org\/{rel}","templated":true}]}}