{"id":4845,"date":"2021-02-23T16:10:22","date_gmt":"2021-02-23T15:10:22","guid":{"rendered":"https:\/\/agora.xtec.cat\/iescirvianum\/?page_id=4845"},"modified":"2021-02-24T21:53:22","modified_gmt":"2021-02-24T20:53:22","slug":"casos-exit-fp-dual","status":"publish","type":"page","link":"https:\/\/agora.xtec.cat\/iescirvianum\/estudis\/fp-dual\/casos-exit-fp-dual\/","title":{"rendered":"Casos d&#8217;\u00e8xit FP DUAL"},"content":{"rendered":"<p><img loading=\"lazy\" decoding=\"async\" class=\"aligncenter size-full wp-image-4851\" src=\"https:\/\/agora.xtec.cat\/iescirvianum\/wp-content\/uploads\/usu134\/2021\/02\/BannerCasosFPDUAL.jpg\" alt=\"\" width=\"1000\" height=\"200\" srcset=\"https:\/\/agora.xtec.cat\/iescirvianum\/wp-content\/uploads\/usu134\/2021\/02\/BannerCasosFPDUAL.jpg 1000w, https:\/\/agora.xtec.cat\/iescirvianum\/wp-content\/uploads\/usu134\/2021\/02\/BannerCasosFPDUAL-300x60.jpg 300w, https:\/\/agora.xtec.cat\/iescirvianum\/wp-content\/uploads\/usu134\/2021\/02\/BannerCasosFPDUAL-768x154.jpg 768w\" sizes=\"auto, (max-width: 1000px) 100vw, 1000px\" \/><\/p>\n<div id='gallery-1' class='gallery galleryid-4845 gallery-columns-3 gallery-size-medium'><figure class='gallery-item'>\n\t\t\t<div class='gallery-icon landscape'>\n\t\t\t\t<img loading=\"lazy\" decoding=\"async\" width=\"300\" height=\"51\" src=\"https:\/\/agora.xtec.cat\/iescirvianum\/wp-content\/uploads\/usu134\/2021\/01\/gene-300x51.jpg\" class=\"attachment-medium size-medium\" alt=\"\" srcset=\"https:\/\/agora.xtec.cat\/iescirvianum\/wp-content\/uploads\/usu134\/2021\/01\/gene-300x51.jpg 300w, https:\/\/agora.xtec.cat\/iescirvianum\/wp-content\/uploads\/usu134\/2021\/01\/gene.jpg 754w\" sizes=\"auto, (max-width: 300px) 100vw, 300px\" \/>\n\t\t\t<\/div><\/figure><figure class='gallery-item'>\n\t\t\t<div class='gallery-icon landscape'>\n\t\t\t\t<img loading=\"lazy\" decoding=\"async\" width=\"300\" height=\"82\" src=\"https:\/\/agora.xtec.cat\/iescirvianum\/wp-content\/uploads\/usu134\/2021\/01\/spanya-300x82.png\" class=\"attachment-medium size-medium\" alt=\"\" srcset=\"https:\/\/agora.xtec.cat\/iescirvianum\/wp-content\/uploads\/usu134\/2021\/01\/spanya-300x82.png 300w, https:\/\/agora.xtec.cat\/iescirvianum\/wp-content\/uploads\/usu134\/2021\/01\/spanya.png 678w\" sizes=\"auto, (max-width: 300px) 100vw, 300px\" \/>\n\t\t\t<\/div><\/figure><figure class='gallery-item'>\n\t\t\t<div class='gallery-icon landscape'>\n\t\t\t\t<img loading=\"lazy\" decoding=\"async\" width=\"300\" height=\"59\" src=\"https:\/\/agora.xtec.cat\/iescirvianum\/wp-content\/uploads\/usu134\/2021\/01\/FSE-300x59.png\" class=\"attachment-medium size-medium\" alt=\"\" srcset=\"https:\/\/agora.xtec.cat\/iescirvianum\/wp-content\/uploads\/usu134\/2021\/01\/FSE-300x59.png 300w, https:\/\/agora.xtec.cat\/iescirvianum\/wp-content\/uploads\/usu134\/2021\/01\/FSE.png 476w\" sizes=\"auto, (max-width: 300px) 100vw, 300px\" \/>\n\t\t\t<\/div><\/figure>\n\t\t<\/div>\n\n<p>Si encara no coneixes b\u00e9 que \u00e9s l&#8217;FP DUAL o tens algun dubte sobre perqu\u00e8 escollir aquesta modalitat formativa, et presentem aqu\u00ed diversos testimonis d&#8217;alumnes dels cicles formatius de l&#8217;Institut Cirvi\u00e0num de Torell\u00f3, i empreses que col\u00b7laboren activament i participen de la modalitat formativa de l&#8217;FP DUAL.<\/p>\n<p>&nbsp;<\/p>\n<p><img loading=\"lazy\" decoding=\"async\" class=\"wp-image-4053 alignnone\" src=\"https:\/\/agora.xtec.cat\/iescirvianum\/wp-content\/uploads\/usu134\/2020\/09\/Titol-DAW-1.jpg\" alt=\"\" width=\"400\" height=\"80\" srcset=\"https:\/\/agora.xtec.cat\/iescirvianum\/wp-content\/uploads\/usu134\/2020\/09\/Titol-DAW-1.jpg 1000w, https:\/\/agora.xtec.cat\/iescirvianum\/wp-content\/uploads\/usu134\/2020\/09\/Titol-DAW-1-300x60.jpg 300w, https:\/\/agora.xtec.cat\/iescirvianum\/wp-content\/uploads\/usu134\/2020\/09\/Titol-DAW-1-768x154.jpg 768w\" sizes=\"auto, (max-width: 400px) 100vw, 400px\" \/><\/p>\n<p><strong>Izan S\u00e1nchez<\/strong> alumne del <strong>CFGS de DAW.<\/strong> Est\u00e0 cursant la FP DUAL a l&#8217;empresa <strong><a href=\"https:\/\/www.ciclick.net\/\">Ciclick<\/a><\/strong>, especialitzada en el disseny i creaci\u00f3 de p\u00e0gines web i app&#8217;s per a m\u00f2bils. Segons ens comenta l&#8217;Izan,<em> &#8220;l&#8217;FP Dual \u00e9s l&#8217;oportunitat d&#8217;entrar a una empresa i al m\u00f3n laboral&#8221;.<\/em><\/p>\n<p>El seu responsable l&#8217;<strong>Antoni Arrebola<\/strong>, ens explica la relaci\u00f3 empresa-alumne dins el context de la FP DUAL.<\/p>\n<p><iframe loading=\"lazy\" src=\"https:\/\/www.youtube.com\/embed\/f2pgpubXdDE\" width=\"560\" height=\"315\" frameborder=\"0\"><\/iframe><\/p>\n<p><img loading=\"lazy\" decoding=\"async\" class=\"wp-image-4052 alignnone\" src=\"https:\/\/agora.xtec.cat\/iescirvianum\/wp-content\/uploads\/usu134\/2020\/09\/Titol-SMX-1.jpg\" alt=\"\" width=\"400\" height=\"80\" srcset=\"https:\/\/agora.xtec.cat\/iescirvianum\/wp-content\/uploads\/usu134\/2020\/09\/Titol-SMX-1.jpg 1000w, https:\/\/agora.xtec.cat\/iescirvianum\/wp-content\/uploads\/usu134\/2020\/09\/Titol-SMX-1-300x60.jpg 300w, https:\/\/agora.xtec.cat\/iescirvianum\/wp-content\/uploads\/usu134\/2020\/09\/Titol-SMX-1-768x154.jpg 768w\" sizes=\"auto, (max-width: 400px) 100vw, 400px\" \/><\/p>\n<p>En <strong>Ra\u00fcl Soneira<\/strong>, alumne del <strong>CFGM de SMX<\/strong> i que cursa l&#8217;FP DUAL a l&#8217;empresa <strong><a href=\"https:\/\/ntl-trans.com\/\">Victransa<\/a><\/strong> ens explica que <em>&#8220;l&#8217;FP DUAL significa poder estudiar i treballar a la vegada&#8221;<\/em>. Victransa \u00e9s una empresa especialitzada en el transport, manipulaci\u00f3 i emmagatzematge de mercaderies, disposant de personal especialitzat i qualificat per desenvolupar programes log\u00edstics integrals.<\/p>\n<p><strong>Elisabet Costa<\/strong>, responsable de RRHH ens explica que l&#8217;FP DUAL els ha ajudat a resoldre la necessitat de tindre suport t\u00e8cnic a nivell intern i que en un futur es convertir\u00e0 en una vacant al departament d&#8217;inform\u00e0tica.<\/p>\n<p><iframe loading=\"lazy\" src=\"https:\/\/www.youtube.com\/embed\/byUBrmqFNtU\" width=\"560\" height=\"315\" frameborder=\"0\"><\/iframe><\/p>\n<p><strong>Duna Bou<\/strong> \u00e9s alumna del <strong>CFGM de SMX<\/strong>, i\u00a0 est\u00e0 cursant l&#8217;FP DUAL a l&#8217;empresa <strong><a href=\"https:\/\/www.ticges.com\/\">Ticges<\/a><\/strong>, botiga especialitzada en productes d&#8217;inform\u00e0tica, telefonia m\u00f2bil, perif\u00e8rics i complements. Afirma que per ella l&#8217;FP DUAL <em>&#8220;\u00e9s una oportunitat per treballar i estudiar a la vegada una cosa que t&#8217;agrada&#8221;.<\/em><\/p>\n<p><strong>Miquel Alemany<\/strong>, gerent de l&#8217;empresa, veu l&#8217;FP DUAL amb bons ulls i ens diu que l&#8217;FP DUAL <em>&#8220;\u00e9s comen\u00e7ar una relaci\u00f3 laboral amb unes condicions favorables per tots&#8221;<\/em>.<\/p>\n<p><iframe loading=\"lazy\" src=\"https:\/\/www.youtube.com\/embed\/3J_7pgmoHI0\" width=\"560\" height=\"315\" frameborder=\"0\"><\/iframe><\/p>\n<p>&nbsp;<\/p>\n<p><img loading=\"lazy\" decoding=\"async\" class=\"wp-image-4054 alignnone\" src=\"https:\/\/agora.xtec.cat\/iescirvianum\/wp-content\/uploads\/usu134\/2020\/09\/Titol-PCC-1.jpg\" alt=\"\" width=\"400\" height=\"80\" srcset=\"https:\/\/agora.xtec.cat\/iescirvianum\/wp-content\/uploads\/usu134\/2020\/09\/Titol-PCC-1.jpg 1000w, https:\/\/agora.xtec.cat\/iescirvianum\/wp-content\/uploads\/usu134\/2020\/09\/Titol-PCC-1-300x60.jpg 300w, https:\/\/agora.xtec.cat\/iescirvianum\/wp-content\/uploads\/usu134\/2020\/09\/Titol-PCC-1-768x154.jpg 768w\" sizes=\"auto, (max-width: 400px) 100vw, 400px\" \/><\/p>\n<p><strong>Maribel Garz\u00f3n<\/strong>, alumna del <strong>CFGM de PCC, <\/strong>la qual cursa l&#8217;FP DUAL a l&#8217;empresa <strong><a href=\"https:\/\/www.mcarmestilistes.com\/\">MK Estilistes<\/a><\/strong>, centre de perruqueria, est\u00e8tica i salut. Per ella <em>&#8220;l&#8217;FP DUAL \u00e9s un pas per introduir-se an el m\u00f3n laboral&#8221;<\/em>.<\/p>\n<p><strong>M\u00aa Carme Molas<\/strong>, la responsable i gerent del sal\u00f3 de perruqueria. Ens explica diversos beneficis de l&#8217;FP DUAL i diu que<em> &#8220;l&#8217;FP DUAL s\u00f3n m\u00e9s hores de formaci\u00f3 pr\u00e0ctica que a la nostra feina \u00e9s molt important&#8221;<\/em>.<\/p>\n<p><iframe loading=\"lazy\" src=\"https:\/\/www.youtube.com\/embed\/-dvovDdz_ic\" width=\"560\" height=\"315\" frameborder=\"0\"><\/iframe><\/p>\n<p>&nbsp;<\/p>\n<p>Aquests reportatges, han estat gravats durant el mes de gener de 2021 seguint totes les mesures de seguretat i prevenci\u00f3 de la COVID.<\/p>\n","protected":false},"excerpt":{"rendered":"<p>Si encara no coneixes b\u00e9 que \u00e9s l&#8217;FP DUAL o tens algun dubte sobre perqu\u00e8 escollir aquesta modalitat formativa, et presentem aqu\u00ed diversos testimonis d&#8217;alumnes dels cicles formatius de l&#8217;Institut Cirvi\u00e0num de Torell\u00f3, i empreses que col\u00b7laboren activament i participen de la modalitat formativa de l&#8217;FP DUAL. &nbsp; Izan S\u00e1nchez alumne del CFGS de DAW. [&hellip;]<\/p>\n","protected":false},"author":1,"featured_media":0,"parent":4220,"menu_order":12,"comment_status":"closed","ping_status":"closed","template":"page-templates\/side-menu.php","meta":{"site-sidebar-layout":"default","site-content-layout":"","ast-site-content-layout":"","site-content-style":"default","site-sidebar-style":"default","ast-global-header-display":"","ast-banner-title-visibility":"","ast-main-header-display":"","ast-hfb-above-header-display":"","ast-hfb-below-header-display":"","ast-hfb-mobile-header-display":"","site-post-title":"","ast-breadcrumbs-content":"","ast-featured-img":"","footer-sml-layout":"","theme-transparent-header-meta":"","adv-header-id-meta":"","stick-header-meta":"","header-above-stick-meta":"","header-main-stick-meta":"","header-below-stick-meta":"","astra-migrate-meta-layouts":"default","ast-page-background-enabled":"default","ast-page-background-meta":{"desktop":{"background-color":"var(--ast-global-color-4)","background-image":"","background-repeat":"repeat","background-position":"center center","background-size":"auto","background-attachment":"scroll","background-type":"","background-media":"","overlay-type":"","overlay-color":"","overlay-opacity":"","overlay-gradient":""},"tablet":{"background-color":"","background-image":"","background-repeat":"repeat","background-position":"center center","background-size":"auto","background-attachment":"scroll","background-type":"","background-media":"","overlay-type":"","overlay-color":"","overlay-opacity":"","overlay-gradient":""},"mobile":{"background-color":"","background-image":"","background-repeat":"repeat","background-position":"center center","background-size":"auto","background-attachment":"scroll","background-type":"","background-media":"","overlay-type":"","overlay-color":"","overlay-opacity":"","overlay-gradient":""}},"ast-content-background-meta":{"desktop":{"background-color":"var(--ast-global-color-5)","background-image":"","background-repeat":"repeat","background-position":"center center","background-size":"auto","background-attachment":"scroll","background-type":"","background-media":"","overlay-type":"","overlay-color":"","overlay-opacity":"","overlay-gradient":""},"tablet":{"background-color":"var(--ast-global-color-5)","background-image":"","background-repeat":"repeat","background-position":"center center","background-size":"auto","background-attachment":"scroll","background-type":"","background-media":"","overlay-type":"","overlay-color":"","overlay-opacity":"","overlay-gradient":""},"mobile":{"background-color":"var(--ast-global-color-5)","background-image":"","background-repeat":"repeat","background-position":"center center","background-size":"auto","background-attachment":"scroll","background-type":"","background-media":"","overlay-type":"","overlay-color":"","overlay-opacity":"","overlay-gradient":""}},"footnotes":""},"class_list":["post-4845","page","type-page","status-publish","hentry"],"post_mailing_queue_ids":[],"_links":{"self":[{"href":"https:\/\/agora.xtec.cat\/iescirvianum\/wp-json\/wp\/v2\/pages\/4845","targetHints":{"allow":["GET"]}}],"collection":[{"href":"https:\/\/agora.xtec.cat\/iescirvianum\/wp-json\/wp\/v2\/pages"}],"about":[{"href":"https:\/\/agora.xtec.cat\/iescirvianum\/wp-json\/wp\/v2\/types\/page"}],"author":[{"embeddable":true,"href":"https:\/\/agora.xtec.cat\/iescirvianum\/wp-json\/wp\/v2\/users\/1"}],"replies":[{"embeddable":true,"href":"https:\/\/agora.xtec.cat\/iescirvianum\/wp-json\/wp\/v2\/comments?post=4845"}],"version-history":[{"count":5,"href":"https:\/\/agora.xtec.cat\/iescirvianum\/wp-json\/wp\/v2\/pages\/4845\/revisions"}],"predecessor-version":[{"id":4866,"href":"https:\/\/agora.xtec.cat\/iescirvianum\/wp-json\/wp\/v2\/pages\/4845\/revisions\/4866"}],"up":[{"embeddable":true,"href":"https:\/\/agora.xtec.cat\/iescirvianum\/wp-json\/wp\/v2\/pages\/4220"}],"wp:attachment":[{"href":"https:\/\/agora.xtec.cat\/iescirvianum\/wp-json\/wp\/v2\/media?parent=4845"}],"curies":[{"name":"wp","href":"https:\/\/api.w.org\/{rel}","templated":true}]}}