{"id":46,"date":"2014-09-17T16:53:45","date_gmt":"2014-09-17T16:53:45","guid":{"rendered":"http:\/\/agora.xtec.cat\/iescirvianum\/?page_id=46"},"modified":"2026-02-27T13:44:48","modified_gmt":"2026-02-27T12:44:48","slug":"organigrama","status":"publish","type":"page","link":"https:\/\/agora.xtec.cat\/iescirvianum\/linstitut\/organigrama\/","title":{"rendered":"Equip Directiu"},"content":{"rendered":"<p><!--\n<iframe loading=\"lazy\" src=\"https:\/\/docs.google.com\/document\/d\/1lrfDKCXUb9o-jyK9D3XbDe7x_C2brI7bPdZOMhS4av4\/pub?embedded=true\" width=\"800\" height=\"400\"><span data-mce-type=\"bookmark\" style=\"display: inline-block; width: 0px; overflow: hidden; line-height: 0;\" class=\"mce_SELRES_start\"><\/span><span data-mce-type=\"bookmark\" style=\"display: inline-block; width: 0px; overflow: hidden; line-height: 0;\" class=\"mce_SELRES_start\"><\/span><\/iframe>\n--><\/p>\n<table style=\"border-collapse: collapse; width: 40.3191%; height: 108px; margin: auto;\" border=\"1\">\n<tbody>\n<tr style=\"height: 18px;\">\n<td style=\"width: 15.4601%; height: 18px; background-color: #434ad1; text-align: left;\"><span style=\"color: #ffffff;\">Directora<\/span><\/td>\n<td style=\"width: 21.4905%; height: 18px; background-color: #c4c6ef;\">Isabel Sirerol Marlet<\/td>\n<\/tr>\n<tr style=\"height: 18px;\">\n<td style=\"width: 15.4601%; height: 18px; background-color: #434ad1;\"><span style=\"color: #ffffff;\">Secret\u00e0ria<\/span><\/td>\n<td style=\"width: 21.4905%; height: 18px; background-color: #c4c6ef;\">S\u00edlvia Par\u00e9s Gaset<\/td>\n<\/tr>\n<tr style=\"height: 18px;\">\n<td style=\"width: 15.4601%; height: 18px; background-color: #434ad1;\"><span style=\"color: #ffffff;\">Cap d&#8217;estudis<\/span><\/td>\n<td style=\"width: 21.4905%; height: 18px; background-color: #c4c6ef;\">Montserrat Carrera Gonz\u00e1lez<\/td>\n<\/tr>\n<tr style=\"height: 18px;\">\n<td style=\"width: 15.4601%; height: 18px; background-color: #434ad1;\"><span style=\"color: #ffffff;\">Cap d&#8217;estudis FP<\/span><\/td>\n<td style=\"width: 21.4905%; height: 18px; background-color: #c4c6ef;\">Toni Fernandez Bosch<\/td>\n<\/tr>\n<tr style=\"height: 18px;\">\n<td style=\"width: 15.4601%; height: 18px; background-color: #434ad1;\"><span style=\"color: #ffffff;\">Coordinador pedag\u00f2gic<\/span><\/td>\n<td style=\"width: 21.4905%; height: 18px; background-color: #c4c6ef;\">Marina Mascarella Vilageliu<\/td>\n<\/tr>\n<\/tbody>\n<\/table>\n","protected":false},"excerpt":{"rendered":"<p>Directora Isabel Sirerol Marlet Secret\u00e0ria S\u00edlvia Par\u00e9s Gaset Cap d&#8217;estudis Montserrat Carrera Gonz\u00e1lez Cap d&#8217;estudis FP Toni Fernandez Bosch Coordinador pedag\u00f2gic Marina Mascarella Vilageliu<\/p>\n","protected":false},"author":1,"featured_media":0,"parent":19,"menu_order":50,"comment_status":"closed","ping_status":"closed","template":"page-templates\/side-menu.php","meta":{"site-sidebar-layout":"default","site-content-layout":"","ast-site-content-layout":"","site-content-style":"default","site-sidebar-style":"default","ast-global-header-display":"","ast-banner-title-visibility":"","ast-main-header-display":"","ast-hfb-above-header-display":"","ast-hfb-below-header-display":"","ast-hfb-mobile-header-display":"","site-post-title":"","ast-breadcrumbs-content":"","ast-featured-img":"","footer-sml-layout":"","theme-transparent-header-meta":"","adv-header-id-meta":"","stick-header-meta":"","header-above-stick-meta":"","header-main-stick-meta":"","header-below-stick-meta":"","astra-migrate-meta-layouts":"default","ast-page-background-enabled":"default","ast-page-background-meta":{"desktop":{"background-color":"var(--ast-global-color-4)","background-image":"","background-repeat":"repeat","background-position":"center center","background-size":"auto","background-attachment":"scroll","background-type":"","background-media":"","overlay-type":"","overlay-color":"","overlay-opacity":"","overlay-gradient":""},"tablet":{"background-color":"","background-image":"","background-repeat":"repeat","background-position":"center center","background-size":"auto","background-attachment":"scroll","background-type":"","background-media":"","overlay-type":"","overlay-color":"","overlay-opacity":"","overlay-gradient":""},"mobile":{"background-color":"","background-image":"","background-repeat":"repeat","background-position":"center center","background-size":"auto","background-attachment":"scroll","background-type":"","background-media":"","overlay-type":"","overlay-color":"","overlay-opacity":"","overlay-gradient":""}},"ast-content-background-meta":{"desktop":{"background-color":"var(--ast-global-color-5)","background-image":"","background-repeat":"repeat","background-position":"center center","background-size":"auto","background-attachment":"scroll","background-type":"","background-media":"","overlay-type":"","overlay-color":"","overlay-opacity":"","overlay-gradient":""},"tablet":{"background-color":"var(--ast-global-color-5)","background-image":"","background-repeat":"repeat","background-position":"center center","background-size":"auto","background-attachment":"scroll","background-type":"","background-media":"","overlay-type":"","overlay-color":"","overlay-opacity":"","overlay-gradient":""},"mobile":{"background-color":"var(--ast-global-color-5)","background-image":"","background-repeat":"repeat","background-position":"center center","background-size":"auto","background-attachment":"scroll","background-type":"","background-media":"","overlay-type":"","overlay-color":"","overlay-opacity":"","overlay-gradient":""}},"footnotes":""},"class_list":["post-46","page","type-page","status-publish","hentry"],"post_mailing_queue_ids":[],"_links":{"self":[{"href":"https:\/\/agora.xtec.cat\/iescirvianum\/wp-json\/wp\/v2\/pages\/46","targetHints":{"allow":["GET"]}}],"collection":[{"href":"https:\/\/agora.xtec.cat\/iescirvianum\/wp-json\/wp\/v2\/pages"}],"about":[{"href":"https:\/\/agora.xtec.cat\/iescirvianum\/wp-json\/wp\/v2\/types\/page"}],"author":[{"embeddable":true,"href":"https:\/\/agora.xtec.cat\/iescirvianum\/wp-json\/wp\/v2\/users\/1"}],"replies":[{"embeddable":true,"href":"https:\/\/agora.xtec.cat\/iescirvianum\/wp-json\/wp\/v2\/comments?post=46"}],"version-history":[{"count":7,"href":"https:\/\/agora.xtec.cat\/iescirvianum\/wp-json\/wp\/v2\/pages\/46\/revisions"}],"predecessor-version":[{"id":8686,"href":"https:\/\/agora.xtec.cat\/iescirvianum\/wp-json\/wp\/v2\/pages\/46\/revisions\/8686"}],"up":[{"embeddable":true,"href":"https:\/\/agora.xtec.cat\/iescirvianum\/wp-json\/wp\/v2\/pages\/19"}],"wp:attachment":[{"href":"https:\/\/agora.xtec.cat\/iescirvianum\/wp-json\/wp\/v2\/media?parent=46"}],"curies":[{"name":"wp","href":"https:\/\/api.w.org\/{rel}","templated":true}]}}