{"id":4507,"date":"2020-12-20T19:11:55","date_gmt":"2020-12-20T18:11:55","guid":{"rendered":"https:\/\/agora.xtec.cat\/iescirvianum\/?page_id=4507"},"modified":"2021-05-20T20:08:16","modified_gmt":"2021-05-20T18:08:16","slug":"cfgs-desenvolupament-daplicacions-web","status":"publish","type":"page","link":"https:\/\/agora.xtec.cat\/iescirvianum\/estudis\/cicles-formatius\/cfgs-desenvolupament-daplicacions-web\/","title":{"rendered":"CFGS Desenvolupament d&#8217;aplicacions web"},"content":{"rendered":"<p>&nbsp;<\/p>\n<p>En el link de la imatge trobar\u00e0s un document resum dels cicles d&#8217;inform\u00e0tica.<a href=\"https:\/\/drive.google.com\/a\/cirvianum.cat\/file\/d\/0B9ZlxqwfmE59Rmg2dXZqM0ctTHM\/view?usp=sharing\" target=\"_blank\" rel=\"noopener noreferrer\"><img loading=\"lazy\" decoding=\"async\" class=\"aligncenter wp-image-4053\" src=\"https:\/\/agora.xtec.cat\/iescirvianum\/wp-content\/uploads\/usu134\/2020\/09\/Titol-DAW-1.jpg\" alt=\"\" width=\"1000\" height=\"200\" srcset=\"https:\/\/agora.xtec.cat\/iescirvianum\/wp-content\/uploads\/usu134\/2020\/09\/Titol-DAW-1.jpg 1000w, https:\/\/agora.xtec.cat\/iescirvianum\/wp-content\/uploads\/usu134\/2020\/09\/Titol-DAW-1-300x60.jpg 300w, https:\/\/agora.xtec.cat\/iescirvianum\/wp-content\/uploads\/usu134\/2020\/09\/Titol-DAW-1-768x154.jpg 768w\" sizes=\"auto, (max-width: 1000px) 100vw, 1000px\" \/><\/a><\/p>\n<p>&nbsp;<\/p>\n<h5 dir=\"ltr\" data-placeholder=\"Traducci\u00f3\"><span style=\"color: #000080; font-size: 2em;\">Des del BOE, de l&#8217;abril del 2011 que el nostre institut imparteix aquest cicle.<\/span><\/h5>\n<h5 style=\"color: #000080; font-size: 2em;\"><span style=\"color: #000080;\"><strong>Acc\u00e9s:<\/strong><\/span><\/h5>\n<ol style=\"color: #000000; font-size: 1.2em;\">\n<li>Tenen prefer\u00e8ncia per accedir a aquest cicle, en centres p\u00fablics o en centres privats que el tinguin concertat, els alumnes que hagin cursat la modalitat de batxillerat.<\/li>\n<li>El t\u00edtol de t\u00e8cnic o t\u00e8cnica superior en desenvolupament d\u2019aplicacions web permet l\u2019acc\u00e9s directe per cursar qualsevol altre cicle formatiu de grau superior, en les condicions d\u2019admissi\u00f3 que s\u2019estableixin.<\/li>\n<li>El t\u00edtol de t\u00e8cnic o t\u00e8cnica superior en desenvolupament d\u2019aplicacions web permet l\u2019acc\u00e9s directe als ensenyaments conduents als t\u00edtols universitaris de grau en les condicions que s\u2019estableixin.<\/li>\n<\/ol>\n<h5 style=\"color: #000080; font-size: 2em;\"><span style=\"color: #000080;\"><strong>Perfil professional:<\/strong><\/span><\/h5>\n<p style=\"color: #000000; font-size: 1.2em;\">El perfil professional del t\u00edtol de t\u00e8cnic o t\u00e8cnica superior en desenvolupament d\u2019aplicacions web queda determinat per la compet\u00e8ncia general, les compet\u00e8ncies professionals, personals i socials i les capacitats clau que s\u2019han d\u2019adquirir, i per la relaci\u00f3 de qualificacions del Cat\u00e0leg de qualificacions professionals de Catalunya incloses en el t\u00edtol.<\/p>\n<h5 style=\"color: #000080; font-size: 2em;\"><span style=\"color: #000080;\"><strong>Compet\u00e8ncia general:<\/strong><\/span><\/h5>\n<p style=\"color: #000000; font-size: 1.2em;\"><strong>La compet\u00e8ncia general d&#8217;aquest t\u00edtol consisteix a desenvolupar, implantar i mantenir aplicacions web, amb independ\u00e8ncia del model emprat i utilitzant tecnologies espec\u00edfiques del costat client o servidor, garantint-ne l\u2019acc\u00e9s a les dades de forma segura i complint els criteris d\u2019accessibilitat, usabilitat i qualitat exigits pels est\u00e0ndards establerts.<\/strong><\/p>\n<h5 style=\"color: #000080; font-size: 2em;\"><span style=\"color: #000080;\"><strong>\u00c0mbit professional de treball:<\/strong><\/span><\/h5>\n<p style=\"color: #000000; font-size: 1.2em; text-align: justify;\">Aquest o aquesta professional exerceix l\u2019activitat en empreses o entitats p\u00fabliques o privades tant per compte d\u2019altri com per compte propi, exercint el seu treball en l\u2019\u00e0rea de desenvolupament d\u2019aplicacions inform\u00e0tiques relacionades amb entorns web (intranet, extranet i internet).<\/p>\n<h5 dir=\"ltr\" data-placeholder=\"Traducci\u00f3\"><span style=\"color: #000080;\"><strong><span style=\"font-size: 2em;\">Sortides professionals:<\/span><\/strong><\/span><\/h5>\n<ol style=\"list-style-type: lower-alpha; color: #000000; font-size: 1.2em;\">\n<li>Programador web.<\/li>\n<li>Programador multim\u00e8dia.<\/li>\n<li>Desenvolupador d\u2019aplicacions en entorns web.<\/li>\n<\/ol>\n<h5 dir=\"ltr\" style=\"text-align: left;\" data-placeholder=\"Traducci\u00f3\"><span style=\"color: #000080; font-size: 1.2em;\"><a href=\"https:\/\/drive.google.com\/file\/d\/1aeUoCfPq2OkmlCBCGWLjIdiB-yvlGKk5\/view?usp=sharing\" target=\"_blank\" rel=\"noopener noreferrer\">Fullet\u00f3.<\/a><\/span><\/h5>\n<p><a href=\"https:\/\/drive.google.com\/file\/d\/1aeUoCfPq2OkmlCBCGWLjIdiB-yvlGKk5\/view?usp=sharing\" target=\"_blank\" rel=\"noopener noreferrer\"><img loading=\"lazy\" decoding=\"async\" class=\"aligncenter wp-image-4408\" src=\"https:\/\/agora.xtec.cat\/iescirvianum\/wp-content\/uploads\/usu134\/2020\/12\/DAW-DUAL.png\" alt=\"\" width=\"596\" height=\"844\" srcset=\"https:\/\/agora.xtec.cat\/iescirvianum\/wp-content\/uploads\/usu134\/2020\/12\/DAW-DUAL.png 1414w, https:\/\/agora.xtec.cat\/iescirvianum\/wp-content\/uploads\/usu134\/2020\/12\/DAW-DUAL-212x300.png 212w, https:\/\/agora.xtec.cat\/iescirvianum\/wp-content\/uploads\/usu134\/2020\/12\/DAW-DUAL-768x1086.png 768w, https:\/\/agora.xtec.cat\/iescirvianum\/wp-content\/uploads\/usu134\/2020\/12\/DAW-DUAL-724x1024.png 724w\" sizes=\"auto, (max-width: 596px) 100vw, 596px\" \/><\/a><\/p>\n<h5 dir=\"ltr\" data-placeholder=\"Traducci\u00f3\"><a href=\"https:\/\/drive.google.com\/a\/cirvianum.cat\/file\/d\/0B9ZlxqwfmE59Rmg2dXZqM0ctTHM\/view?usp=sharing\" target=\"_blank\" rel=\"noopener noreferrer\"><span style=\"color: #000080; font-size: 1.2em;\">Presentaci\u00f3.<\/span><\/a><\/h5>\n<p style=\"text-align: center;\"><iframe loading=\"lazy\" src=\"https:\/\/www.youtube.com\/embed\/fPAgUFjXxoE\" width=\"560\" height=\"315\" frameborder=\"0\"><\/iframe><\/p>\n<p>&nbsp;<\/p>\n<div id='gallery-1' class='gallery galleryid-4507 gallery-columns-3 gallery-size-medium'><figure class='gallery-item'>\n\t\t\t<div class='gallery-icon landscape'>\n\t\t\t\t<img loading=\"lazy\" decoding=\"async\" width=\"300\" height=\"51\" src=\"https:\/\/agora.xtec.cat\/iescirvianum\/wp-content\/uploads\/usu134\/2021\/01\/gene-300x51.jpg\" class=\"attachment-medium size-medium\" alt=\"\" srcset=\"https:\/\/agora.xtec.cat\/iescirvianum\/wp-content\/uploads\/usu134\/2021\/01\/gene-300x51.jpg 300w, https:\/\/agora.xtec.cat\/iescirvianum\/wp-content\/uploads\/usu134\/2021\/01\/gene.jpg 754w\" sizes=\"auto, (max-width: 300px) 100vw, 300px\" \/>\n\t\t\t<\/div><\/figure><figure class='gallery-item'>\n\t\t\t<div class='gallery-icon landscape'>\n\t\t\t\t<img loading=\"lazy\" decoding=\"async\" width=\"300\" height=\"82\" src=\"https:\/\/agora.xtec.cat\/iescirvianum\/wp-content\/uploads\/usu134\/2021\/01\/spanya-300x82.png\" class=\"attachment-medium size-medium\" alt=\"\" srcset=\"https:\/\/agora.xtec.cat\/iescirvianum\/wp-content\/uploads\/usu134\/2021\/01\/spanya-300x82.png 300w, https:\/\/agora.xtec.cat\/iescirvianum\/wp-content\/uploads\/usu134\/2021\/01\/spanya.png 678w\" sizes=\"auto, (max-width: 300px) 100vw, 300px\" \/>\n\t\t\t<\/div><\/figure><figure class='gallery-item'>\n\t\t\t<div class='gallery-icon landscape'>\n\t\t\t\t<img loading=\"lazy\" decoding=\"async\" width=\"300\" height=\"59\" src=\"https:\/\/agora.xtec.cat\/iescirvianum\/wp-content\/uploads\/usu134\/2021\/01\/FSE-300x59.png\" class=\"attachment-medium size-medium\" alt=\"\" srcset=\"https:\/\/agora.xtec.cat\/iescirvianum\/wp-content\/uploads\/usu134\/2021\/01\/FSE-300x59.png 300w, https:\/\/agora.xtec.cat\/iescirvianum\/wp-content\/uploads\/usu134\/2021\/01\/FSE.png 476w\" sizes=\"auto, (max-width: 300px) 100vw, 300px\" \/>\n\t\t\t<\/div><\/figure>\n\t\t<\/div>\n\n","protected":false},"excerpt":{"rendered":"<p>&nbsp; En el link de la imatge trobar\u00e0s un document resum dels cicles d&#8217;inform\u00e0tica. &nbsp; Des del BOE, de l&#8217;abril del 2011 que el nostre institut imparteix aquest cicle. Acc\u00e9s: Tenen prefer\u00e8ncia per accedir a aquest cicle, en centres p\u00fablics o en centres privats que el tinguin concertat, els alumnes que hagin cursat la modalitat [&hellip;]<\/p>\n","protected":false},"author":1,"featured_media":0,"parent":4390,"menu_order":40,"comment_status":"closed","ping_status":"closed","template":"page-templates\/side-menu.php","meta":{"site-sidebar-layout":"default","site-content-layout":"","ast-site-content-layout":"","site-content-style":"default","site-sidebar-style":"default","ast-global-header-display":"","ast-banner-title-visibility":"","ast-main-header-display":"","ast-hfb-above-header-display":"","ast-hfb-below-header-display":"","ast-hfb-mobile-header-display":"","site-post-title":"","ast-breadcrumbs-content":"","ast-featured-img":"","footer-sml-layout":"","theme-transparent-header-meta":"","adv-header-id-meta":"","stick-header-meta":"","header-above-stick-meta":"","header-main-stick-meta":"","header-below-stick-meta":"","astra-migrate-meta-layouts":"default","ast-page-background-enabled":"default","ast-page-background-meta":{"desktop":{"background-color":"var(--ast-global-color-4)","background-image":"","background-repeat":"repeat","background-position":"center center","background-size":"auto","background-attachment":"scroll","background-type":"","background-media":"","overlay-type":"","overlay-color":"","overlay-opacity":"","overlay-gradient":""},"tablet":{"background-color":"","background-image":"","background-repeat":"repeat","background-position":"center center","background-size":"auto","background-attachment":"scroll","background-type":"","background-media":"","overlay-type":"","overlay-color":"","overlay-opacity":"","overlay-gradient":""},"mobile":{"background-color":"","background-image":"","background-repeat":"repeat","background-position":"center center","background-size":"auto","background-attachment":"scroll","background-type":"","background-media":"","overlay-type":"","overlay-color":"","overlay-opacity":"","overlay-gradient":""}},"ast-content-background-meta":{"desktop":{"background-color":"var(--ast-global-color-5)","background-image":"","background-repeat":"repeat","background-position":"center center","background-size":"auto","background-attachment":"scroll","background-type":"","background-media":"","overlay-type":"","overlay-color":"","overlay-opacity":"","overlay-gradient":""},"tablet":{"background-color":"var(--ast-global-color-5)","background-image":"","background-repeat":"repeat","background-position":"center center","background-size":"auto","background-attachment":"scroll","background-type":"","background-media":"","overlay-type":"","overlay-color":"","overlay-opacity":"","overlay-gradient":""},"mobile":{"background-color":"var(--ast-global-color-5)","background-image":"","background-repeat":"repeat","background-position":"center center","background-size":"auto","background-attachment":"scroll","background-type":"","background-media":"","overlay-type":"","overlay-color":"","overlay-opacity":"","overlay-gradient":""}},"footnotes":""},"class_list":["post-4507","page","type-page","status-publish","hentry"],"post_mailing_queue_ids":[],"_links":{"self":[{"href":"https:\/\/agora.xtec.cat\/iescirvianum\/wp-json\/wp\/v2\/pages\/4507","targetHints":{"allow":["GET"]}}],"collection":[{"href":"https:\/\/agora.xtec.cat\/iescirvianum\/wp-json\/wp\/v2\/pages"}],"about":[{"href":"https:\/\/agora.xtec.cat\/iescirvianum\/wp-json\/wp\/v2\/types\/page"}],"author":[{"embeddable":true,"href":"https:\/\/agora.xtec.cat\/iescirvianum\/wp-json\/wp\/v2\/users\/1"}],"replies":[{"embeddable":true,"href":"https:\/\/agora.xtec.cat\/iescirvianum\/wp-json\/wp\/v2\/comments?post=4507"}],"version-history":[{"count":4,"href":"https:\/\/agora.xtec.cat\/iescirvianum\/wp-json\/wp\/v2\/pages\/4507\/revisions"}],"predecessor-version":[{"id":4651,"href":"https:\/\/agora.xtec.cat\/iescirvianum\/wp-json\/wp\/v2\/pages\/4507\/revisions\/4651"}],"up":[{"embeddable":true,"href":"https:\/\/agora.xtec.cat\/iescirvianum\/wp-json\/wp\/v2\/pages\/4390"}],"wp:attachment":[{"href":"https:\/\/agora.xtec.cat\/iescirvianum\/wp-json\/wp\/v2\/media?parent=4507"}],"curies":[{"name":"wp","href":"https:\/\/api.w.org\/{rel}","templated":true}]}}