{"id":4442,"date":"2020-12-20T13:58:05","date_gmt":"2020-12-20T12:58:05","guid":{"rendered":"https:\/\/agora.xtec.cat\/iescirvianum\/?page_id=4442"},"modified":"2023-03-27T09:52:15","modified_gmt":"2023-03-27T07:52:15","slug":"cfgm-sistemes-microinformatics-i-xarxes","status":"publish","type":"page","link":"https:\/\/agora.xtec.cat\/iescirvianum\/estudis\/cicles-formatius\/cfgm-sistemes-microinformatics-i-xarxes\/","title":{"rendered":"CFGM Sistemes microinform\u00e0tics i xarxes"},"content":{"rendered":"<p>En el link de la imatge trobar\u00e0s un document resum dels cicles d&#8217;inform\u00e0tica.<a href=\"https:\/\/drive.google.com\/a\/cirvianum.cat\/file\/d\/0B9ZlxqwfmE59Rmg2dXZqM0ctTHM\/view?usp=sharing\" target=\"_blank\" rel=\"noopener noreferrer\"><img loading=\"lazy\" decoding=\"async\" class=\"aligncenter size-full wp-image-4052\" src=\"https:\/\/agora.xtec.cat\/iescirvianum\/wp-content\/uploads\/usu134\/2020\/09\/Titol-SMX-1.jpg\" alt=\"\" width=\"1000\" height=\"200\" srcset=\"https:\/\/agora.xtec.cat\/iescirvianum\/wp-content\/uploads\/usu134\/2020\/09\/Titol-SMX-1.jpg 1000w, https:\/\/agora.xtec.cat\/iescirvianum\/wp-content\/uploads\/usu134\/2020\/09\/Titol-SMX-1-300x60.jpg 300w, https:\/\/agora.xtec.cat\/iescirvianum\/wp-content\/uploads\/usu134\/2020\/09\/Titol-SMX-1-768x154.jpg 768w\" sizes=\"auto, (max-width: 1000px) 100vw, 1000px\" \/><\/a><\/p>\n<h5 dir=\"ltr\" data-placeholder=\"Traducci\u00f3\"><span style=\"color: #000080; font-size: 2em;\">Des del curs 2009-2010 que el nostre institut imparteix el cicle formatiu de grau mitj\u00e0: SMX.<\/span><\/h5>\n<h5><\/h5>\n<h5 style=\"color: #000080; font-size: 2em;\"><span style=\"color: #000080;\"><strong>Acc\u00e9s:<\/strong><\/span><\/h5>\n<p style=\"color: #000000; font-size: 1.2em;\">Pots accedir directament amb els seg\u00fcents t\u00edtols:<\/p>\n<ul style=\"color: #000000; font-size: 1.2em;\">\n<li>T\u00edtol de Graduat en Educaci\u00f3 Secund\u00e0ria Obligatoria.<\/li>\n<li>T\u00edtol de T\u00e8cnic o de T\u00e8cnic Auxil.liar.<\/li>\n<li>Haver superat el segon curs de Batxillerat<\/li>\n<li>Altres estudis equivalents a efectes acad\u00e8mics.<\/li>\n<\/ul>\n<p style=\"color: #000000; font-size: 1.2em;\">Altra forma d\u2019accedir consisteix en superar una prova d\u2019acces al cicle formatiu. Per presentar-te has de tenir al menys 17 anys complerts en aquell mateix any.<\/p>\n<h5 style=\"color: #000080; font-size: 2em;\"><span style=\"color: #000080;\"><strong>Horari marc:<\/strong><\/span><\/h5>\n<ul>\n<li>1r curs (Mat\u00ed): De 8h10 a 14:45<\/li>\n<li>2n curs (Tarda): De 15:10 a 20:30<\/li>\n<\/ul>\n<h5 style=\"color: #000080; font-size: 2em;\"><span style=\"color: #000080;\"><strong>Perfil professional:<\/strong><\/span><\/h5>\n<p style=\"color: #000000; font-size: 1.2em;\">El perfil professional del t\u00edtol de t\u00e8cnic o t\u00e8cnica en sistemes microinform\u00e0tics i xarxes queda determinat per la compet\u00e8ncia general, les compet\u00e8ncies professionals, personals i socials, i les capacitats clau que s\u2019han d\u2019adquirir, i per la relaci\u00f3 de qualificacions del Cat\u00e0leg de qualificacions professionals de Catalunya incloses en el t\u00edtol.<\/p>\n<h5 style=\"color: #000080; font-size: 2em;\"><span style=\"color: #000080;\"><strong>Compet\u00e8ncia general:<\/strong><\/span><\/h5>\n<p style=\"color: #000000; font-size: 1.2em; text-align: justify;\">La compet\u00e8ncia general d\u2019aquest t\u00edtol consisteix a instal\u00b7lar, configurar i mantenir sistemes microinform\u00e0tics, a\u00efllats o en xarxa, aix\u00ed com xarxes locals en petits entorns, assegurant-ne la funcionalitat i aplicant els protocols de qualitat, seguretat i respecte al medi ambient establerts.<\/p>\n<h5 style=\"color: #000080; font-size: 2em;\"><span style=\"color: #000080;\"><strong>\u00c0mbit professional de treball:<\/strong><\/span><\/h5>\n<p style=\"color: #000000; font-size: 1.2em; text-align: justify;\">Aquest professional exercir\u00e0 l\u2019activitat principalment en empreses del sector serveis que es dediquin a la comercialitzaci\u00f3, el muntatge i la reparaci\u00f3 d\u2019equips, xarxes i serveis microinform\u00e0tics en general, com a part del suport inform\u00e0tic de l\u2019organitzaci\u00f3 o en entitats de qualsevol grand\u00e0ria i sector productiu que utilitzen sistemes microinform\u00e0tics i xarxes de dades per a la seva gesti\u00f3.<\/p>\n<h5 dir=\"ltr\" data-placeholder=\"Traducci\u00f3\"><span style=\"color: #000080;\"><strong><span style=\"font-size: 2em;\">Sortides professionals:<\/span><\/strong><\/span><\/h5>\n<ol style=\"list-style-type: lower-alpha; color: #000000; font-size: 1.2em;\">\n<li>Personal t\u00e8cnic instal\u00b7lador-reparador d\u2019equips inform\u00e0tics.<\/li>\n<li>Personal t\u00e8cnic de suport inform\u00e0tic.<\/li>\n<li>Personal t\u00e8cnic de xarxes de dades.<\/li>\n<li>Personal reparador de perif\u00e8rics de sistemes microinform\u00e0tics.<\/li>\n<li>Comercials de microinform\u00e0tica.<\/li>\n<li>Personal operador de teleassist\u00e8ncia.<\/li>\n<li>Personal operador de sistemes<\/li>\n<\/ol>\n<h5 dir=\"ltr\" style=\"text-align: left;\" data-placeholder=\"Traducci\u00f3\"><span style=\"color: #000080; font-size: 1.2em;\"><a href=\"https:\/\/drive.google.com\/file\/d\/13wYd-uNJCaPImQyq-6Hd0b2FDrSFk2OW\/view?usp=sharing\" target=\"_blank\" rel=\"noopener noreferrer\">Fullet\u00f3.<\/a><\/span><\/h5>\n<p><a href=\"https:\/\/drive.google.com\/file\/d\/13wYd-uNJCaPImQyq-6Hd0b2FDrSFk2OW\/view?usp=sharing\" target=\"_blank\" rel=\"noopener noreferrer\"><img loading=\"lazy\" decoding=\"async\" class=\"aligncenter wp-image-4406\" src=\"https:\/\/agora.xtec.cat\/iescirvianum\/wp-content\/uploads\/usu134\/2020\/12\/SMX-DUAL-V2.png\" alt=\"\" width=\"596\" height=\"844\" srcset=\"https:\/\/agora.xtec.cat\/iescirvianum\/wp-content\/uploads\/usu134\/2020\/12\/SMX-DUAL-V2.png 1414w, https:\/\/agora.xtec.cat\/iescirvianum\/wp-content\/uploads\/usu134\/2020\/12\/SMX-DUAL-V2-212x300.png 212w, https:\/\/agora.xtec.cat\/iescirvianum\/wp-content\/uploads\/usu134\/2020\/12\/SMX-DUAL-V2-768x1086.png 768w, https:\/\/agora.xtec.cat\/iescirvianum\/wp-content\/uploads\/usu134\/2020\/12\/SMX-DUAL-V2-724x1024.png 724w\" sizes=\"auto, (max-width: 596px) 100vw, 596px\" \/><\/a><\/p>\n<h5 dir=\"ltr\" data-placeholder=\"Traducci\u00f3\"><a href=\"https:\/\/drive.google.com\/a\/cirvianum.cat\/file\/d\/0B9ZlxqwfmE59Rmg2dXZqM0ctTHM\/view?usp=sharing\" target=\"_blank\" rel=\"noopener noreferrer\"><span style=\"color: #000080; font-size: 1.2em;\">Presentaci\u00f3.<\/span><\/a><\/h5>\n<p style=\"text-align: center;\"><iframe loading=\"lazy\" src=\"https:\/\/www.youtube.com\/embed\/SEP5FEM28Y8\" width=\"560\" height=\"315\" frameborder=\"0\"><\/iframe><\/p>\n<div id='gallery-1' class='gallery galleryid-4442 gallery-columns-3 gallery-size-medium'><figure class='gallery-item'>\n\t\t\t<div class='gallery-icon landscape'>\n\t\t\t\t<img loading=\"lazy\" decoding=\"async\" width=\"300\" height=\"51\" src=\"https:\/\/agora.xtec.cat\/iescirvianum\/wp-content\/uploads\/usu134\/2021\/01\/gene-300x51.jpg\" class=\"attachment-medium size-medium\" alt=\"\" srcset=\"https:\/\/agora.xtec.cat\/iescirvianum\/wp-content\/uploads\/usu134\/2021\/01\/gene-300x51.jpg 300w, https:\/\/agora.xtec.cat\/iescirvianum\/wp-content\/uploads\/usu134\/2021\/01\/gene.jpg 754w\" sizes=\"auto, (max-width: 300px) 100vw, 300px\" \/>\n\t\t\t<\/div><\/figure><figure class='gallery-item'>\n\t\t\t<div class='gallery-icon landscape'>\n\t\t\t\t<img loading=\"lazy\" decoding=\"async\" width=\"300\" height=\"82\" src=\"https:\/\/agora.xtec.cat\/iescirvianum\/wp-content\/uploads\/usu134\/2021\/01\/spanya-300x82.png\" class=\"attachment-medium size-medium\" alt=\"\" srcset=\"https:\/\/agora.xtec.cat\/iescirvianum\/wp-content\/uploads\/usu134\/2021\/01\/spanya-300x82.png 300w, https:\/\/agora.xtec.cat\/iescirvianum\/wp-content\/uploads\/usu134\/2021\/01\/spanya.png 678w\" sizes=\"auto, (max-width: 300px) 100vw, 300px\" \/>\n\t\t\t<\/div><\/figure><figure class='gallery-item'>\n\t\t\t<div class='gallery-icon landscape'>\n\t\t\t\t<img loading=\"lazy\" decoding=\"async\" width=\"300\" height=\"59\" src=\"https:\/\/agora.xtec.cat\/iescirvianum\/wp-content\/uploads\/usu134\/2021\/01\/FSE-300x59.png\" class=\"attachment-medium size-medium\" alt=\"\" srcset=\"https:\/\/agora.xtec.cat\/iescirvianum\/wp-content\/uploads\/usu134\/2021\/01\/FSE-300x59.png 300w, https:\/\/agora.xtec.cat\/iescirvianum\/wp-content\/uploads\/usu134\/2021\/01\/FSE.png 476w\" sizes=\"auto, (max-width: 300px) 100vw, 300px\" \/>\n\t\t\t<\/div><\/figure>\n\t\t<\/div>\n\n<p>&nbsp;<\/p>\n","protected":false},"excerpt":{"rendered":"<p>En el link de la imatge trobar\u00e0s un document resum dels cicles d&#8217;inform\u00e0tica. Des del curs 2009-2010 que el nostre institut imparteix el cicle formatiu de grau mitj\u00e0: SMX. Acc\u00e9s: Pots accedir directament amb els seg\u00fcents t\u00edtols: T\u00edtol de Graduat en Educaci\u00f3 Secund\u00e0ria Obligatoria. T\u00edtol de T\u00e8cnic o de T\u00e8cnic Auxil.liar. Haver superat el segon [&hellip;]<\/p>\n","protected":false},"author":1,"featured_media":0,"parent":4390,"menu_order":20,"comment_status":"closed","ping_status":"closed","template":"page-templates\/side-menu.php","meta":{"site-sidebar-layout":"default","site-content-layout":"","ast-site-content-layout":"","site-content-style":"default","site-sidebar-style":"default","ast-global-header-display":"","ast-banner-title-visibility":"","ast-main-header-display":"","ast-hfb-above-header-display":"","ast-hfb-below-header-display":"","ast-hfb-mobile-header-display":"","site-post-title":"","ast-breadcrumbs-content":"","ast-featured-img":"","footer-sml-layout":"","theme-transparent-header-meta":"","adv-header-id-meta":"","stick-header-meta":"","header-above-stick-meta":"","header-main-stick-meta":"","header-below-stick-meta":"","astra-migrate-meta-layouts":"default","ast-page-background-enabled":"default","ast-page-background-meta":{"desktop":{"background-color":"var(--ast-global-color-4)","background-image":"","background-repeat":"repeat","background-position":"center center","background-size":"auto","background-attachment":"scroll","background-type":"","background-media":"","overlay-type":"","overlay-color":"","overlay-opacity":"","overlay-gradient":""},"tablet":{"background-color":"","background-image":"","background-repeat":"repeat","background-position":"center center","background-size":"auto","background-attachment":"scroll","background-type":"","background-media":"","overlay-type":"","overlay-color":"","overlay-opacity":"","overlay-gradient":""},"mobile":{"background-color":"","background-image":"","background-repeat":"repeat","background-position":"center center","background-size":"auto","background-attachment":"scroll","background-type":"","background-media":"","overlay-type":"","overlay-color":"","overlay-opacity":"","overlay-gradient":""}},"ast-content-background-meta":{"desktop":{"background-color":"var(--ast-global-color-5)","background-image":"","background-repeat":"repeat","background-position":"center center","background-size":"auto","background-attachment":"scroll","background-type":"","background-media":"","overlay-type":"","overlay-color":"","overlay-opacity":"","overlay-gradient":""},"tablet":{"background-color":"var(--ast-global-color-5)","background-image":"","background-repeat":"repeat","background-position":"center center","background-size":"auto","background-attachment":"scroll","background-type":"","background-media":"","overlay-type":"","overlay-color":"","overlay-opacity":"","overlay-gradient":""},"mobile":{"background-color":"var(--ast-global-color-5)","background-image":"","background-repeat":"repeat","background-position":"center center","background-size":"auto","background-attachment":"scroll","background-type":"","background-media":"","overlay-type":"","overlay-color":"","overlay-opacity":"","overlay-gradient":""}},"footnotes":""},"class_list":["post-4442","page","type-page","status-publish","hentry"],"post_mailing_queue_ids":[],"_links":{"self":[{"href":"https:\/\/agora.xtec.cat\/iescirvianum\/wp-json\/wp\/v2\/pages\/4442","targetHints":{"allow":["GET"]}}],"collection":[{"href":"https:\/\/agora.xtec.cat\/iescirvianum\/wp-json\/wp\/v2\/pages"}],"about":[{"href":"https:\/\/agora.xtec.cat\/iescirvianum\/wp-json\/wp\/v2\/types\/page"}],"author":[{"embeddable":true,"href":"https:\/\/agora.xtec.cat\/iescirvianum\/wp-json\/wp\/v2\/users\/1"}],"replies":[{"embeddable":true,"href":"https:\/\/agora.xtec.cat\/iescirvianum\/wp-json\/wp\/v2\/comments?post=4442"}],"version-history":[{"count":3,"href":"https:\/\/agora.xtec.cat\/iescirvianum\/wp-json\/wp\/v2\/pages\/4442\/revisions"}],"predecessor-version":[{"id":7486,"href":"https:\/\/agora.xtec.cat\/iescirvianum\/wp-json\/wp\/v2\/pages\/4442\/revisions\/7486"}],"up":[{"embeddable":true,"href":"https:\/\/agora.xtec.cat\/iescirvianum\/wp-json\/wp\/v2\/pages\/4390"}],"wp:attachment":[{"href":"https:\/\/agora.xtec.cat\/iescirvianum\/wp-json\/wp\/v2\/media?parent=4442"}],"curies":[{"name":"wp","href":"https:\/\/api.w.org\/{rel}","templated":true}]}}