{"id":4390,"date":"2020-12-19T12:56:22","date_gmt":"2020-12-19T11:56:22","guid":{"rendered":"https:\/\/agora.xtec.cat\/iescirvianum\/?page_id=4390"},"modified":"2021-05-20T20:24:02","modified_gmt":"2021-05-20T18:24:02","slug":"cicles-formatius","status":"publish","type":"page","link":"https:\/\/agora.xtec.cat\/iescirvianum\/estudis\/cicles-formatius\/","title":{"rendered":"Cicles formatius"},"content":{"rendered":"<p><img loading=\"lazy\" decoding=\"async\" class=\"aligncenter wp-image-4392\" src=\"https:\/\/agora.xtec.cat\/iescirvianum\/wp-content\/uploads\/usu134\/2020\/12\/BannerCiclesFormatiusCirvianum.jpg\" alt=\"\" width=\"752\" height=\"150\" srcset=\"https:\/\/agora.xtec.cat\/iescirvianum\/wp-content\/uploads\/usu134\/2020\/12\/BannerCiclesFormatiusCirvianum.jpg 1000w, https:\/\/agora.xtec.cat\/iescirvianum\/wp-content\/uploads\/usu134\/2020\/12\/BannerCiclesFormatiusCirvianum-300x60.jpg 300w, https:\/\/agora.xtec.cat\/iescirvianum\/wp-content\/uploads\/usu134\/2020\/12\/BannerCiclesFormatiusCirvianum-768x154.jpg 768w\" sizes=\"auto, (max-width: 752px) 100vw, 752px\" \/><\/p>\n<h5 dir=\"ltr\" data-placeholder=\"Traducci\u00f3\"><span style=\"color: #000080; font-size: 2em;\">Definici\u00f3:<\/span><\/h5>\n<p id=\"tw-target-text\" class=\"tw-data-text tw-text-large XcVN5d tw-ta\" dir=\"ltr\" style=\"text-align: justify;\" data-placeholder=\"Traducci\u00f3\"><span lang=\"ca\" style=\"color: #000000; font-size: 1.2em;\"><strong>La Formaci\u00f3 Professional (FP)<\/strong> \u00e9s l&#8217;ensenyament que engloba diferents estudis o aprenentatges que estan encaminats a la inserci\u00f3 laboral. <strong>\u00c9s un sistema formatiu igualment v\u00e0lid que l&#8217;educaci\u00f3 universit\u00e0ria, caracteritzat per la seva vessant pr\u00e0ctica i proximitat a les empreses<\/strong>.<\/span><\/p>\n<p id=\"tw-target-text\" class=\"tw-data-text tw-text-large XcVN5d tw-ta\" dir=\"ltr\" style=\"text-align: justify;\" data-placeholder=\"Traducci\u00f3\"><span lang=\"ca\" style=\"color: #000000; font-size: 1.2em;\">La <strong>Formaci\u00f3 Professiona<\/strong>l compta amb altres aspectes positius. Per exemple, la durada dels estudis <strong>\u00e9s m\u00e9s breu que els universitaris, les taxes de matriculaci\u00f3 s\u00f3n assequibles i la incorporaci\u00f3 laboral es pot realitzar amb m\u00e9s rapidesa<\/strong>. A m\u00e9s, la relaci\u00f3 amb el professorat \u00e9s molt especial, ja que <strong>la classe es converteix en un equip de treball des d&#8217;un primer moment<\/strong>.\u00a0<\/span><\/p>\n<h5 dir=\"ltr\" data-placeholder=\"Traducci\u00f3\"><span style=\"color: #000080; font-size: 2em;\">Ensenyaments professionals al centre:<\/span><\/h5>\n<p><span lang=\"ca\" style=\"color: #000000; font-size: 1.2em;\">A l&#8217;Institut Cirvi\u00e0num pots cursar 3 titulacions de 2 fam\u00edlies professionals:<\/span><\/p>\n<div style=\"text-align: center; font-size: 1.2em; margin: auto;\">\n<table style=\"margin-left: auto; margin-right: auto; width: 90%;\">\n<tbody>\n<tr>\n<td style=\"width: 50%; text-align: left; color: white; background-color: #000080;\">Cicle formatiu de grau b\u00e0sic<\/td>\n<\/tr>\n<tr>\n<td style=\"width: 50%; text-align: left;\">\n<ul>\n<li style=\"list-style-type: none;\">\n<ul>\n<li style=\"list-style-type: none;\">\n<ul>\n<li><a href=\"https:\/\/agora.xtec.cat\/iescirvianum\/estudis\/cicles-formatius\/cfb-informatica-doficina\/\">CFGB Inform\u00e0tica d&#8217;Oficina &#8211; IO<\/a><\/li>\n<\/ul>\n<\/li>\n<\/ul>\n<\/li>\n<\/ul>\n<\/td>\n<\/tr>\n<tr>\n<td style=\"width: 50%; text-align: left; color: white; background-color: #000080;\">Cicle formatiu de grau mitj\u00e0<\/td>\n<\/tr>\n<tr>\n<td style=\"width: 50%; text-align: left;\">\n<ul>\n<li style=\"list-style-type: none;\">\n<ul>\n<li style=\"list-style-type: none;\">\n<ul>\n<li><a href=\"https:\/\/agora.xtec.cat\/iescirvianum\/estudis\/cicles-formatius\/cfgm-sistemes-microinformatics-i-xarxes\/\">CFGM Sistemes microinform\u00e0tics i xarxes &#8211; SMX<\/a><\/li>\n<li><a href=\"https:\/\/agora.xtec.cat\/iescirvianum\/estudis\/cicles-formatius\/cfgm-perruqueria-i-cosmetica-capillar\/\">CFGM Perruqueria i cosm\u00e8tica capil\u00b7lar &#8211; PCC<\/a><\/li>\n<\/ul>\n<\/li>\n<\/ul>\n<\/li>\n<\/ul>\n<\/td>\n<\/tr>\n<tr>\n<td style=\"width: 50%; text-align: left; color: white; background-color: #000080;\">Cicle formatiu de grau superior<\/td>\n<\/tr>\n<tr>\n<td style=\"width: 50%; text-align: left;\">\n<ul>\n<li style=\"list-style-type: none;\">\n<ul>\n<li style=\"list-style-type: none;\">\n<ul>\n<li><a href=\"https:\/\/agora.xtec.cat\/iescirvianum\/estudis\/cicles-formatius\/cfgs-desenvolupament-daplicacions-web\/\">CFGS Desenvolupament d&#8217;aplicacions web &#8211; DAW<\/a><\/li>\n<\/ul>\n<\/li>\n<\/ul>\n<\/li>\n<\/ul>\n<\/td>\n<\/tr>\n<\/tbody>\n<\/table>\n<\/div>\n<div style=\"text-align: center;\">\n<div style=\"text-align: center; display: inline-block;\"><img loading=\"lazy\" decoding=\"async\" class=\"aligncenter wp-image-4053\" src=\"https:\/\/agora.xtec.cat\/iescirvianum\/wp-content\/uploads\/usu134\/2020\/09\/Titol-DAW-1.jpg\" alt=\"\" width=\"297\" height=\"59\" srcset=\"https:\/\/agora.xtec.cat\/iescirvianum\/wp-content\/uploads\/usu134\/2020\/09\/Titol-DAW-1.jpg 1000w, https:\/\/agora.xtec.cat\/iescirvianum\/wp-content\/uploads\/usu134\/2020\/09\/Titol-DAW-1-300x60.jpg 300w, https:\/\/agora.xtec.cat\/iescirvianum\/wp-content\/uploads\/usu134\/2020\/09\/Titol-DAW-1-768x154.jpg 768w\" sizes=\"auto, (max-width: 297px) 100vw, 297px\" \/><a href=\"https:\/\/agora.xtec.cat\/iescirvianum\/cicles-formatius\/cfgs-desenvolupament-daplicacions-web\/\"><img loading=\"lazy\" decoding=\"async\" class=\"alignnone wp-image-4408\" src=\"https:\/\/agora.xtec.cat\/iescirvianum\/wp-content\/uploads\/usu134\/2020\/12\/DAW-DUAL.png\" alt=\"\" width=\"330\" height=\"468\" srcset=\"https:\/\/agora.xtec.cat\/iescirvianum\/wp-content\/uploads\/usu134\/2020\/12\/DAW-DUAL.png 1414w, https:\/\/agora.xtec.cat\/iescirvianum\/wp-content\/uploads\/usu134\/2020\/12\/DAW-DUAL-212x300.png 212w, https:\/\/agora.xtec.cat\/iescirvianum\/wp-content\/uploads\/usu134\/2020\/12\/DAW-DUAL-768x1086.png 768w, https:\/\/agora.xtec.cat\/iescirvianum\/wp-content\/uploads\/usu134\/2020\/12\/DAW-DUAL-724x1024.png 724w\" sizes=\"auto, (max-width: 330px) 100vw, 330px\" \/><\/a><\/div>\n<div style=\"text-align: center; display: inline-block;\"><img loading=\"lazy\" decoding=\"async\" class=\"aligncenter wp-image-4052\" src=\"https:\/\/agora.xtec.cat\/iescirvianum\/wp-content\/uploads\/usu134\/2020\/09\/Titol-SMX-1.jpg\" alt=\"\" width=\"301\" height=\"60\" srcset=\"https:\/\/agora.xtec.cat\/iescirvianum\/wp-content\/uploads\/usu134\/2020\/09\/Titol-SMX-1.jpg 1000w, https:\/\/agora.xtec.cat\/iescirvianum\/wp-content\/uploads\/usu134\/2020\/09\/Titol-SMX-1-300x60.jpg 300w, https:\/\/agora.xtec.cat\/iescirvianum\/wp-content\/uploads\/usu134\/2020\/09\/Titol-SMX-1-768x154.jpg 768w\" sizes=\"auto, (max-width: 301px) 100vw, 301px\" \/><a href=\"https:\/\/agora.xtec.cat\/iescirvianum\/cicles-formatius\/cfgm-sistemes-microinformatics-i-xarxes\/\"><img loading=\"lazy\" decoding=\"async\" class=\"alignnone wp-image-4406\" src=\"https:\/\/agora.xtec.cat\/iescirvianum\/wp-content\/uploads\/usu134\/2020\/12\/SMX-DUAL-V2.png\" alt=\"\" width=\"330\" height=\"468\" srcset=\"https:\/\/agora.xtec.cat\/iescirvianum\/wp-content\/uploads\/usu134\/2020\/12\/SMX-DUAL-V2.png 1414w, https:\/\/agora.xtec.cat\/iescirvianum\/wp-content\/uploads\/usu134\/2020\/12\/SMX-DUAL-V2-212x300.png 212w, https:\/\/agora.xtec.cat\/iescirvianum\/wp-content\/uploads\/usu134\/2020\/12\/SMX-DUAL-V2-768x1086.png 768w, https:\/\/agora.xtec.cat\/iescirvianum\/wp-content\/uploads\/usu134\/2020\/12\/SMX-DUAL-V2-724x1024.png 724w\" sizes=\"auto, (max-width: 330px) 100vw, 330px\" \/><\/a><\/div>\n<div style=\"text-align: center; display: inline-block;\"><img loading=\"lazy\" decoding=\"async\" class=\"aligncenter wp-image-4054\" src=\"https:\/\/agora.xtec.cat\/iescirvianum\/wp-content\/uploads\/usu134\/2020\/09\/Titol-PCC-1.jpg\" alt=\"\" width=\"301\" height=\"60\" srcset=\"https:\/\/agora.xtec.cat\/iescirvianum\/wp-content\/uploads\/usu134\/2020\/09\/Titol-PCC-1.jpg 1000w, https:\/\/agora.xtec.cat\/iescirvianum\/wp-content\/uploads\/usu134\/2020\/09\/Titol-PCC-1-300x60.jpg 300w, https:\/\/agora.xtec.cat\/iescirvianum\/wp-content\/uploads\/usu134\/2020\/09\/Titol-PCC-1-768x154.jpg 768w\" sizes=\"auto, (max-width: 301px) 100vw, 301px\" \/><a href=\"https:\/\/agora.xtec.cat\/iescirvianum\/cicles-formatius\/cfgm-perruqueria-i-cosmetica-capillar\/\"><img loading=\"lazy\" decoding=\"async\" class=\"alignnone wp-image-4407\" src=\"https:\/\/agora.xtec.cat\/iescirvianum\/wp-content\/uploads\/usu134\/2020\/12\/PERR-DUAL.png\" alt=\"\" width=\"330\" height=\"468\" srcset=\"https:\/\/agora.xtec.cat\/iescirvianum\/wp-content\/uploads\/usu134\/2020\/12\/PERR-DUAL.png 1414w, https:\/\/agora.xtec.cat\/iescirvianum\/wp-content\/uploads\/usu134\/2020\/12\/PERR-DUAL-212x300.png 212w, https:\/\/agora.xtec.cat\/iescirvianum\/wp-content\/uploads\/usu134\/2020\/12\/PERR-DUAL-768x1086.png 768w, https:\/\/agora.xtec.cat\/iescirvianum\/wp-content\/uploads\/usu134\/2020\/12\/PERR-DUAL-724x1024.png 724w\" sizes=\"auto, (max-width: 330px) 100vw, 330px\" \/><\/a><\/div>\n<div><\/div>\n<div><\/div>\n<div>\n<div id='gallery-1' class='gallery galleryid-4390 gallery-columns-3 gallery-size-medium'><figure class='gallery-item'>\n\t\t\t<div class='gallery-icon landscape'>\n\t\t\t\t<img loading=\"lazy\" decoding=\"async\" width=\"300\" height=\"51\" src=\"https:\/\/agora.xtec.cat\/iescirvianum\/wp-content\/uploads\/usu134\/2021\/01\/gene-300x51.jpg\" class=\"attachment-medium size-medium\" alt=\"\" srcset=\"https:\/\/agora.xtec.cat\/iescirvianum\/wp-content\/uploads\/usu134\/2021\/01\/gene-300x51.jpg 300w, https:\/\/agora.xtec.cat\/iescirvianum\/wp-content\/uploads\/usu134\/2021\/01\/gene.jpg 754w\" sizes=\"auto, (max-width: 300px) 100vw, 300px\" \/>\n\t\t\t<\/div><\/figure><figure class='gallery-item'>\n\t\t\t<div class='gallery-icon landscape'>\n\t\t\t\t<img loading=\"lazy\" decoding=\"async\" width=\"300\" height=\"82\" src=\"https:\/\/agora.xtec.cat\/iescirvianum\/wp-content\/uploads\/usu134\/2021\/01\/spanya-300x82.png\" class=\"attachment-medium size-medium\" alt=\"\" srcset=\"https:\/\/agora.xtec.cat\/iescirvianum\/wp-content\/uploads\/usu134\/2021\/01\/spanya-300x82.png 300w, https:\/\/agora.xtec.cat\/iescirvianum\/wp-content\/uploads\/usu134\/2021\/01\/spanya.png 678w\" sizes=\"auto, (max-width: 300px) 100vw, 300px\" \/>\n\t\t\t<\/div><\/figure><figure class='gallery-item'>\n\t\t\t<div class='gallery-icon landscape'>\n\t\t\t\t<img loading=\"lazy\" decoding=\"async\" width=\"300\" height=\"59\" src=\"https:\/\/agora.xtec.cat\/iescirvianum\/wp-content\/uploads\/usu134\/2021\/01\/FSE-300x59.png\" class=\"attachment-medium size-medium\" alt=\"\" srcset=\"https:\/\/agora.xtec.cat\/iescirvianum\/wp-content\/uploads\/usu134\/2021\/01\/FSE-300x59.png 300w, https:\/\/agora.xtec.cat\/iescirvianum\/wp-content\/uploads\/usu134\/2021\/01\/FSE.png 476w\" sizes=\"auto, (max-width: 300px) 100vw, 300px\" \/>\n\t\t\t<\/div><\/figure>\n\t\t<\/div>\n\n<\/div>\n<\/div>\n","protected":false},"excerpt":{"rendered":"<p>Definici\u00f3: La Formaci\u00f3 Professional (FP) \u00e9s l&#8217;ensenyament que engloba diferents estudis o aprenentatges que estan encaminats a la inserci\u00f3 laboral. \u00c9s un sistema formatiu igualment v\u00e0lid que l&#8217;educaci\u00f3 universit\u00e0ria, caracteritzat per la seva vessant pr\u00e0ctica i proximitat a les empreses. La Formaci\u00f3 Professional compta amb altres aspectes positius. Per exemple, la durada dels estudis \u00e9s [&hellip;]<\/p>\n","protected":false},"author":1,"featured_media":0,"parent":195,"menu_order":5,"comment_status":"closed","ping_status":"closed","template":"page-templates\/side-menu.php","meta":{"site-sidebar-layout":"default","site-content-layout":"","ast-site-content-layout":"","site-content-style":"default","site-sidebar-style":"default","ast-global-header-display":"","ast-banner-title-visibility":"","ast-main-header-display":"","ast-hfb-above-header-display":"","ast-hfb-below-header-display":"","ast-hfb-mobile-header-display":"","site-post-title":"","ast-breadcrumbs-content":"","ast-featured-img":"","footer-sml-layout":"","theme-transparent-header-meta":"","adv-header-id-meta":"","stick-header-meta":"","header-above-stick-meta":"","header-main-stick-meta":"","header-below-stick-meta":"","astra-migrate-meta-layouts":"default","ast-page-background-enabled":"default","ast-page-background-meta":{"desktop":{"background-color":"var(--ast-global-color-4)","background-image":"","background-repeat":"repeat","background-position":"center center","background-size":"auto","background-attachment":"scroll","background-type":"","background-media":"","overlay-type":"","overlay-color":"","overlay-opacity":"","overlay-gradient":""},"tablet":{"background-color":"","background-image":"","background-repeat":"repeat","background-position":"center center","background-size":"auto","background-attachment":"scroll","background-type":"","background-media":"","overlay-type":"","overlay-color":"","overlay-opacity":"","overlay-gradient":""},"mobile":{"background-color":"","background-image":"","background-repeat":"repeat","background-position":"center center","background-size":"auto","background-attachment":"scroll","background-type":"","background-media":"","overlay-type":"","overlay-color":"","overlay-opacity":"","overlay-gradient":""}},"ast-content-background-meta":{"desktop":{"background-color":"var(--ast-global-color-5)","background-image":"","background-repeat":"repeat","background-position":"center center","background-size":"auto","background-attachment":"scroll","background-type":"","background-media":"","overlay-type":"","overlay-color":"","overlay-opacity":"","overlay-gradient":""},"tablet":{"background-color":"var(--ast-global-color-5)","background-image":"","background-repeat":"repeat","background-position":"center center","background-size":"auto","background-attachment":"scroll","background-type":"","background-media":"","overlay-type":"","overlay-color":"","overlay-opacity":"","overlay-gradient":""},"mobile":{"background-color":"var(--ast-global-color-5)","background-image":"","background-repeat":"repeat","background-position":"center center","background-size":"auto","background-attachment":"scroll","background-type":"","background-media":"","overlay-type":"","overlay-color":"","overlay-opacity":"","overlay-gradient":""}},"footnotes":""},"class_list":["post-4390","page","type-page","status-publish","hentry"],"post_mailing_queue_ids":[],"_links":{"self":[{"href":"https:\/\/agora.xtec.cat\/iescirvianum\/wp-json\/wp\/v2\/pages\/4390","targetHints":{"allow":["GET"]}}],"collection":[{"href":"https:\/\/agora.xtec.cat\/iescirvianum\/wp-json\/wp\/v2\/pages"}],"about":[{"href":"https:\/\/agora.xtec.cat\/iescirvianum\/wp-json\/wp\/v2\/types\/page"}],"author":[{"embeddable":true,"href":"https:\/\/agora.xtec.cat\/iescirvianum\/wp-json\/wp\/v2\/users\/1"}],"replies":[{"embeddable":true,"href":"https:\/\/agora.xtec.cat\/iescirvianum\/wp-json\/wp\/v2\/comments?post=4390"}],"version-history":[{"count":4,"href":"https:\/\/agora.xtec.cat\/iescirvianum\/wp-json\/wp\/v2\/pages\/4390\/revisions"}],"predecessor-version":[{"id":5565,"href":"https:\/\/agora.xtec.cat\/iescirvianum\/wp-json\/wp\/v2\/pages\/4390\/revisions\/5565"}],"up":[{"embeddable":true,"href":"https:\/\/agora.xtec.cat\/iescirvianum\/wp-json\/wp\/v2\/pages\/195"}],"wp:attachment":[{"href":"https:\/\/agora.xtec.cat\/iescirvianum\/wp-json\/wp\/v2\/media?parent=4390"}],"curies":[{"name":"wp","href":"https:\/\/api.w.org\/{rel}","templated":true}]}}