{"id":4306,"date":"2020-12-18T11:22:59","date_gmt":"2020-12-18T10:22:59","guid":{"rendered":"https:\/\/agora.xtec.cat\/iescirvianum\/?page_id=4306"},"modified":"2021-02-23T16:49:45","modified_gmt":"2021-02-23T15:49:45","slug":"jornades","status":"publish","type":"page","link":"https:\/\/agora.xtec.cat\/iescirvianum\/estudis\/fp-dual\/jornades\/","title":{"rendered":"Jornades"},"content":{"rendered":"<p><img loading=\"lazy\" decoding=\"async\" class=\"aligncenter size-full wp-image-4329\" src=\"https:\/\/agora.xtec.cat\/iescirvianum\/wp-content\/uploads\/usu134\/2020\/12\/BannerFPDUAL-jornada-2.jpg\" alt=\"\" width=\"1000\" height=\"200\" srcset=\"https:\/\/agora.xtec.cat\/iescirvianum\/wp-content\/uploads\/usu134\/2020\/12\/BannerFPDUAL-jornada-2.jpg 1000w, https:\/\/agora.xtec.cat\/iescirvianum\/wp-content\/uploads\/usu134\/2020\/12\/BannerFPDUAL-jornada-2-300x60.jpg 300w, https:\/\/agora.xtec.cat\/iescirvianum\/wp-content\/uploads\/usu134\/2020\/12\/BannerFPDUAL-jornada-2-768x154.jpg 768w\" sizes=\"auto, (max-width: 1000px) 100vw, 1000px\" \/><\/p>\n<div id='gallery-1' class='gallery galleryid-4306 gallery-columns-3 gallery-size-medium'><figure class='gallery-item'>\n\t\t\t<div class='gallery-icon landscape'>\n\t\t\t\t<img loading=\"lazy\" decoding=\"async\" width=\"300\" height=\"51\" src=\"https:\/\/agora.xtec.cat\/iescirvianum\/wp-content\/uploads\/usu134\/2021\/01\/gene-300x51.jpg\" class=\"attachment-medium size-medium\" alt=\"\" srcset=\"https:\/\/agora.xtec.cat\/iescirvianum\/wp-content\/uploads\/usu134\/2021\/01\/gene-300x51.jpg 300w, https:\/\/agora.xtec.cat\/iescirvianum\/wp-content\/uploads\/usu134\/2021\/01\/gene.jpg 754w\" sizes=\"auto, (max-width: 300px) 100vw, 300px\" \/>\n\t\t\t<\/div><\/figure><figure class='gallery-item'>\n\t\t\t<div class='gallery-icon landscape'>\n\t\t\t\t<img loading=\"lazy\" decoding=\"async\" width=\"300\" height=\"82\" src=\"https:\/\/agora.xtec.cat\/iescirvianum\/wp-content\/uploads\/usu134\/2021\/01\/spanya-300x82.png\" class=\"attachment-medium size-medium\" alt=\"\" srcset=\"https:\/\/agora.xtec.cat\/iescirvianum\/wp-content\/uploads\/usu134\/2021\/01\/spanya-300x82.png 300w, https:\/\/agora.xtec.cat\/iescirvianum\/wp-content\/uploads\/usu134\/2021\/01\/spanya.png 678w\" sizes=\"auto, (max-width: 300px) 100vw, 300px\" \/>\n\t\t\t<\/div><\/figure><figure class='gallery-item'>\n\t\t\t<div class='gallery-icon landscape'>\n\t\t\t\t<img loading=\"lazy\" decoding=\"async\" width=\"300\" height=\"59\" src=\"https:\/\/agora.xtec.cat\/iescirvianum\/wp-content\/uploads\/usu134\/2021\/01\/FSE-300x59.png\" class=\"attachment-medium size-medium\" alt=\"\" srcset=\"https:\/\/agora.xtec.cat\/iescirvianum\/wp-content\/uploads\/usu134\/2021\/01\/FSE-300x59.png 300w, https:\/\/agora.xtec.cat\/iescirvianum\/wp-content\/uploads\/usu134\/2021\/01\/FSE.png 476w\" sizes=\"auto, (max-width: 300px) 100vw, 300px\" \/>\n\t\t\t<\/div><\/figure>\n\t\t<\/div>\n\n<p><img loading=\"lazy\" decoding=\"async\" class=\"aligncenter size-full wp-image-4392\" src=\"https:\/\/agora.xtec.cat\/iescirvianum\/wp-content\/uploads\/usu134\/2020\/12\/BannerCiclesFormatiusCirvianum.jpg\" alt=\"\" width=\"1000\" height=\"200\" srcset=\"https:\/\/agora.xtec.cat\/iescirvianum\/wp-content\/uploads\/usu134\/2020\/12\/BannerCiclesFormatiusCirvianum.jpg 1000w, https:\/\/agora.xtec.cat\/iescirvianum\/wp-content\/uploads\/usu134\/2020\/12\/BannerCiclesFormatiusCirvianum-300x60.jpg 300w, https:\/\/agora.xtec.cat\/iescirvianum\/wp-content\/uploads\/usu134\/2020\/12\/BannerCiclesFormatiusCirvianum-768x154.jpg 768w\" sizes=\"auto, (max-width: 1000px) 100vw, 1000px\" \/><\/p>\n<p>&nbsp;<\/p>\n<p>La formaci\u00f3 professional en modalitat dual, d\u00f3na un gir molt important a la formaci\u00f3 professional tradicional. On abans ten\u00edem tres entitats amb poca relaci\u00f3 com s\u00f3n centre educatiu, empresa i alumnes, ara tenim tres entitats que necessiten relacionar-se d\u2019una manera m\u00e9s estreta.<\/p>\n<ul>\n<li>L\u2019alumne es converteix en el veritable protagonista del seu aprenentatge esdevenint aprenent a l\u2019empresa i alumne al centre educatiu.<\/li>\n<li>L\u2019empresa incorpora a la seva plantilla alumnes motivats amb ganes de treballar al sector que sempre han desitjat.<\/li>\n<li>Els centres educatius, estableixen vincles i creen sinergies amb les empreses col\u00b7laborant d\u2019una manera m\u00e9s propera i oferint uns serveis personalitzats.<\/li>\n<\/ul>\n<h4><\/h4>\n<h4><span style=\"color: #000080; font-size: 1.5em;\">Informaci\u00f3 de la jornada:<\/span><\/h4>\n<p><span style=\"color: #000080;\"><strong><span style=\"font-size: 1.2em;\">Dilluns 25 de gener de 2021, a partir de les 16:00<\/span><\/strong><\/span><\/p>\n<p><span style=\"font-size: large;\"><b><img loading=\"lazy\" decoding=\"async\" class=\"wp-image-4221 alignleft\" src=\"https:\/\/agora.xtec.cat\/iescirvianum\/wp-content\/uploads\/usu134\/2020\/12\/img_dual.png\" alt=\"\" width=\"168\" height=\"63\" srcset=\"https:\/\/agora.xtec.cat\/iescirvianum\/wp-content\/uploads\/usu134\/2020\/12\/img_dual.png 633w, https:\/\/agora.xtec.cat\/iescirvianum\/wp-content\/uploads\/usu134\/2020\/12\/img_dual-300x112.png 300w\" sizes=\"auto, (max-width: 168px) 100vw, 168px\" \/><\/b><\/span><\/p>\n<p><span style=\"font-size: large;\"><b>FP DUAL, l\u2019eina fonamental per incrementar la productivitat, competitivitat i rendiment d\u2019empreses, alumnes i centre educatiu.<\/b><\/span><\/p>\n<p>&nbsp;<\/p>\n<p><strong>Desenvolupament de la jornada:<\/strong><\/p>\n<ul>\n<li>Benvinguda i presentaci\u00f3<\/li>\n<li>Taula rodona: quin \u00e9s el paper de l\u2019empresa?<\/li>\n<li>Taula rodona: com \u00e9s l\u2019experi\u00e8ncia que viuen els alumnes?<\/li>\n<li>Taula rodona: aspectes acad\u00e8mics i inserci\u00f3 laboral.<\/li>\n<li><span style=\"font-size: medium;\">Comiat i agra\u00efments.<\/span><\/li>\n<\/ul>\n<p>La jornada es retransmetr\u00e0 en directe pel <b>canal youtube del centre<\/b> i quedar\u00e0 enregistrada.<\/p>\n<p><a href=\"https:\/\/www.youtube.com\/channel\/UCkiTlJwnrS-lvbFUGYfwJ7w\"><img loading=\"lazy\" decoding=\"async\" class=\"aligncenter wp-image-4703 size-full\" src=\"https:\/\/agora.xtec.cat\/iescirvianum\/wp-content\/uploads\/usu134\/2021\/01\/LogoCanalYoutube.jpg\" alt=\"\" width=\"495\" height=\"99\" srcset=\"https:\/\/agora.xtec.cat\/iescirvianum\/wp-content\/uploads\/usu134\/2021\/01\/LogoCanalYoutube.jpg 495w, https:\/\/agora.xtec.cat\/iescirvianum\/wp-content\/uploads\/usu134\/2021\/01\/LogoCanalYoutube-300x60.jpg 300w\" sizes=\"auto, (max-width: 495px) 100vw, 495px\" \/><\/a><\/p>\n<p>Per m\u00e9s informaci\u00f3 us podeu adre\u00e7ar a <a href=\"mailto:fpdual@cirvianum.cat\">fpdual<span class=\"\"><span class=\"atwho-query\">@cirvianum.cat<\/span><\/span><\/a><\/p>\n<p style=\"text-align: center;\"><iframe loading=\"lazy\" src=\"https:\/\/www.youtube.com\/embed\/FjP_qz3B-e4\" width=\"560\" height=\"315\" frameborder=\"0\"><\/iframe><\/p>\n","protected":false},"excerpt":{"rendered":"<p>&nbsp; La formaci\u00f3 professional en modalitat dual, d\u00f3na un gir molt important a la formaci\u00f3 professional tradicional. On abans ten\u00edem tres entitats amb poca relaci\u00f3 com s\u00f3n centre educatiu, empresa i alumnes, ara tenim tres entitats que necessiten relacionar-se d\u2019una manera m\u00e9s estreta. L\u2019alumne es converteix en el veritable protagonista del seu aprenentatge esdevenint aprenent [&hellip;]<\/p>\n","protected":false},"author":1,"featured_media":0,"parent":4220,"menu_order":10,"comment_status":"closed","ping_status":"closed","template":"page-templates\/side-menu.php","meta":{"site-sidebar-layout":"default","site-content-layout":"","ast-site-content-layout":"","site-content-style":"default","site-sidebar-style":"default","ast-global-header-display":"","ast-banner-title-visibility":"","ast-main-header-display":"","ast-hfb-above-header-display":"","ast-hfb-below-header-display":"","ast-hfb-mobile-header-display":"","site-post-title":"","ast-breadcrumbs-content":"","ast-featured-img":"","footer-sml-layout":"","theme-transparent-header-meta":"","adv-header-id-meta":"","stick-header-meta":"","header-above-stick-meta":"","header-main-stick-meta":"","header-below-stick-meta":"","astra-migrate-meta-layouts":"default","ast-page-background-enabled":"default","ast-page-background-meta":{"desktop":{"background-color":"var(--ast-global-color-4)","background-image":"","background-repeat":"repeat","background-position":"center center","background-size":"auto","background-attachment":"scroll","background-type":"","background-media":"","overlay-type":"","overlay-color":"","overlay-opacity":"","overlay-gradient":""},"tablet":{"background-color":"","background-image":"","background-repeat":"repeat","background-position":"center center","background-size":"auto","background-attachment":"scroll","background-type":"","background-media":"","overlay-type":"","overlay-color":"","overlay-opacity":"","overlay-gradient":""},"mobile":{"background-color":"","background-image":"","background-repeat":"repeat","background-position":"center center","background-size":"auto","background-attachment":"scroll","background-type":"","background-media":"","overlay-type":"","overlay-color":"","overlay-opacity":"","overlay-gradient":""}},"ast-content-background-meta":{"desktop":{"background-color":"var(--ast-global-color-5)","background-image":"","background-repeat":"repeat","background-position":"center center","background-size":"auto","background-attachment":"scroll","background-type":"","background-media":"","overlay-type":"","overlay-color":"","overlay-opacity":"","overlay-gradient":""},"tablet":{"background-color":"var(--ast-global-color-5)","background-image":"","background-repeat":"repeat","background-position":"center center","background-size":"auto","background-attachment":"scroll","background-type":"","background-media":"","overlay-type":"","overlay-color":"","overlay-opacity":"","overlay-gradient":""},"mobile":{"background-color":"var(--ast-global-color-5)","background-image":"","background-repeat":"repeat","background-position":"center center","background-size":"auto","background-attachment":"scroll","background-type":"","background-media":"","overlay-type":"","overlay-color":"","overlay-opacity":"","overlay-gradient":""}},"footnotes":""},"class_list":["post-4306","page","type-page","status-publish","hentry"],"post_mailing_queue_ids":[],"_links":{"self":[{"href":"https:\/\/agora.xtec.cat\/iescirvianum\/wp-json\/wp\/v2\/pages\/4306","targetHints":{"allow":["GET"]}}],"collection":[{"href":"https:\/\/agora.xtec.cat\/iescirvianum\/wp-json\/wp\/v2\/pages"}],"about":[{"href":"https:\/\/agora.xtec.cat\/iescirvianum\/wp-json\/wp\/v2\/types\/page"}],"author":[{"embeddable":true,"href":"https:\/\/agora.xtec.cat\/iescirvianum\/wp-json\/wp\/v2\/users\/1"}],"replies":[{"embeddable":true,"href":"https:\/\/agora.xtec.cat\/iescirvianum\/wp-json\/wp\/v2\/comments?post=4306"}],"version-history":[{"count":5,"href":"https:\/\/agora.xtec.cat\/iescirvianum\/wp-json\/wp\/v2\/pages\/4306\/revisions"}],"predecessor-version":[{"id":5021,"href":"https:\/\/agora.xtec.cat\/iescirvianum\/wp-json\/wp\/v2\/pages\/4306\/revisions\/5021"}],"up":[{"embeddable":true,"href":"https:\/\/agora.xtec.cat\/iescirvianum\/wp-json\/wp\/v2\/pages\/4220"}],"wp:attachment":[{"href":"https:\/\/agora.xtec.cat\/iescirvianum\/wp-json\/wp\/v2\/media?parent=4306"}],"curies":[{"name":"wp","href":"https:\/\/api.w.org\/{rel}","templated":true}]}}