{"id":4282,"date":"2020-12-14T18:40:49","date_gmt":"2020-12-14T17:40:49","guid":{"rendered":"https:\/\/agora.xtec.cat\/iescirvianum\/?page_id=4282"},"modified":"2020-12-14T19:11:33","modified_gmt":"2020-12-14T18:11:33","slug":"monolegs-de-ciencia","status":"publish","type":"page","link":"https:\/\/agora.xtec.cat\/iescirvianum\/estudis\/recursos-digitals-del-professorat-de-linstitut-cirvianum\/monolegs-de-ciencia\/","title":{"rendered":"Mon\u00f2legs de ci\u00e8ncia"},"content":{"rendered":"<p style=\"text-align: justify;\">Ets dels que penses que el moviment rectilini\u00a0uniforme \u00e9s el que fa un policia uniformat quan patrulla? O que el moviment parab\u00f2lic serveix per captar els canals sat\u00e8l\u00b7lit de la teva antena? O ets dels que penses que la f\u00edsica \u00e9s avorrida?<\/p>\n<p style=\"text-align: justify;\">Siguis com siguis, potser t&#8217;al\u00b7lucinar\u00e0 saber que un gat pot estar viu i mort alhora, que l&#8217;antimat\u00e8ria no nom\u00e9s apareix a Star Wars, que dues part\u00edcules es poden comunicar a velocitats que superen la de la llum o que la llum pot ser alhora una ona i una part\u00edcula.<\/p>\n<p style=\"text-align: justify;\">Et convidem a descobrir aquestes i moltes altres coses en els mon\u00f2legs de ci\u00e8ncia que hem fet els de 1r Btx del curs 2020-21.<\/p>\n<p>Otger Fit\u00e9. L&#8217;Antimat\u00e8ria<\/p>\n<p><iframe loading=\"lazy\" src=\"https:\/\/www.youtube.com\/embed\/jfijTNwmHj4\" width=\"560\" height=\"315\" frameborder=\"0\"><\/iframe><\/p>\n<p>Aran Ordeig. El gat de Schr\u00f6dinger<\/p>\n<p><iframe loading=\"lazy\" src=\"https:\/\/www.youtube.com\/embed\/0nsXgy1hj_g\" width=\"560\" height=\"315\" frameborder=\"0\"><\/iframe><\/p>\n<p>Berta Navas. El moviment browni\u00e0<\/p>\n<p><iframe loading=\"lazy\" src=\"https:\/\/www.youtube.com\/embed\/WS2OEqm5bKg\" width=\"560\" height=\"315\" frameborder=\"0\"><\/iframe><\/p>\n<p>Lua Cibeira. L&#8217;experiment de la doble escletxa<\/p>\n<p><iframe loading=\"lazy\" src=\"https:\/\/www.youtube.com\/embed\/2JoELnGBiJA\" width=\"560\" height=\"315\" frameborder=\"0\"><\/iframe><\/p>\n<p>Mar C\u00f3rdoba. L&#8217;entrella\u00e7ament qu\u00e0ntic<\/p>\n<p><iframe loading=\"lazy\" src=\"https:\/\/www.youtube.com\/embed\/CPpsvdpxltk\" width=\"560\" height=\"315\" frameborder=\"0\"><\/iframe><\/p>\n<div>Adri\u00e0 Grifol. El projecte Manhattan i la fissi\u00f3 nuclear<\/div>\n<p><iframe loading=\"lazy\" src=\"https:\/\/www.youtube.com\/embed\/k8RyTjEIRT4\" width=\"560\" height=\"315\" frameborder=\"0\"><\/iframe><\/p>\n<p>&nbsp;<\/p>\n<p>&nbsp;<\/p>\n","protected":false},"excerpt":{"rendered":"<p>Ets dels que penses que el moviment rectilini\u00a0uniforme \u00e9s el que fa un policia uniformat quan patrulla? O que el moviment parab\u00f2lic serveix per captar els canals sat\u00e8l\u00b7lit de la teva antena? O ets dels que penses que la f\u00edsica \u00e9s avorrida? Siguis com siguis, potser t&#8217;al\u00b7lucinar\u00e0 saber que un gat pot estar viu i [&hellip;]<\/p>\n","protected":false},"author":1,"featured_media":0,"parent":3227,"menu_order":1,"comment_status":"closed","ping_status":"closed","template":"page-templates\/side-menu.php","meta":{"site-sidebar-layout":"default","site-content-layout":"","ast-site-content-layout":"","site-content-style":"default","site-sidebar-style":"default","ast-global-header-display":"","ast-banner-title-visibility":"","ast-main-header-display":"","ast-hfb-above-header-display":"","ast-hfb-below-header-display":"","ast-hfb-mobile-header-display":"","site-post-title":"","ast-breadcrumbs-content":"","ast-featured-img":"","footer-sml-layout":"","theme-transparent-header-meta":"","adv-header-id-meta":"","stick-header-meta":"","header-above-stick-meta":"","header-main-stick-meta":"","header-below-stick-meta":"","astra-migrate-meta-layouts":"default","ast-page-background-enabled":"default","ast-page-background-meta":{"desktop":{"background-color":"var(--ast-global-color-4)","background-image":"","background-repeat":"repeat","background-position":"center center","background-size":"auto","background-attachment":"scroll","background-type":"","background-media":"","overlay-type":"","overlay-color":"","overlay-opacity":"","overlay-gradient":""},"tablet":{"background-color":"","background-image":"","background-repeat":"repeat","background-position":"center center","background-size":"auto","background-attachment":"scroll","background-type":"","background-media":"","overlay-type":"","overlay-color":"","overlay-opacity":"","overlay-gradient":""},"mobile":{"background-color":"","background-image":"","background-repeat":"repeat","background-position":"center center","background-size":"auto","background-attachment":"scroll","background-type":"","background-media":"","overlay-type":"","overlay-color":"","overlay-opacity":"","overlay-gradient":""}},"ast-content-background-meta":{"desktop":{"background-color":"var(--ast-global-color-5)","background-image":"","background-repeat":"repeat","background-position":"center center","background-size":"auto","background-attachment":"scroll","background-type":"","background-media":"","overlay-type":"","overlay-color":"","overlay-opacity":"","overlay-gradient":""},"tablet":{"background-color":"var(--ast-global-color-5)","background-image":"","background-repeat":"repeat","background-position":"center center","background-size":"auto","background-attachment":"scroll","background-type":"","background-media":"","overlay-type":"","overlay-color":"","overlay-opacity":"","overlay-gradient":""},"mobile":{"background-color":"var(--ast-global-color-5)","background-image":"","background-repeat":"repeat","background-position":"center center","background-size":"auto","background-attachment":"scroll","background-type":"","background-media":"","overlay-type":"","overlay-color":"","overlay-opacity":"","overlay-gradient":""}},"footnotes":""},"class_list":["post-4282","page","type-page","status-publish","hentry"],"post_mailing_queue_ids":[],"_links":{"self":[{"href":"https:\/\/agora.xtec.cat\/iescirvianum\/wp-json\/wp\/v2\/pages\/4282","targetHints":{"allow":["GET"]}}],"collection":[{"href":"https:\/\/agora.xtec.cat\/iescirvianum\/wp-json\/wp\/v2\/pages"}],"about":[{"href":"https:\/\/agora.xtec.cat\/iescirvianum\/wp-json\/wp\/v2\/types\/page"}],"author":[{"embeddable":true,"href":"https:\/\/agora.xtec.cat\/iescirvianum\/wp-json\/wp\/v2\/users\/1"}],"replies":[{"embeddable":true,"href":"https:\/\/agora.xtec.cat\/iescirvianum\/wp-json\/wp\/v2\/comments?post=4282"}],"version-history":[{"count":3,"href":"https:\/\/agora.xtec.cat\/iescirvianum\/wp-json\/wp\/v2\/pages\/4282\/revisions"}],"predecessor-version":[{"id":4285,"href":"https:\/\/agora.xtec.cat\/iescirvianum\/wp-json\/wp\/v2\/pages\/4282\/revisions\/4285"}],"up":[{"embeddable":true,"href":"https:\/\/agora.xtec.cat\/iescirvianum\/wp-json\/wp\/v2\/pages\/3227"}],"wp:attachment":[{"href":"https:\/\/agora.xtec.cat\/iescirvianum\/wp-json\/wp\/v2\/media?parent=4282"}],"curies":[{"name":"wp","href":"https:\/\/api.w.org\/{rel}","templated":true}]}}