{"id":4220,"date":"2020-12-11T18:42:08","date_gmt":"2020-12-11T17:42:08","guid":{"rendered":"https:\/\/agora.xtec.cat\/iescirvianum\/?page_id=4220"},"modified":"2021-05-20T14:25:12","modified_gmt":"2021-05-20T12:25:12","slug":"fp-dual","status":"publish","type":"page","link":"https:\/\/agora.xtec.cat\/iescirvianum\/estudis\/fp-dual\/","title":{"rendered":"FP DUAL"},"content":{"rendered":"<p>&nbsp;<\/p>\n<p><img loading=\"lazy\" decoding=\"async\" class=\"aligncenter size-full wp-image-4223\" src=\"https:\/\/agora.xtec.cat\/iescirvianum\/wp-content\/uploads\/usu134\/2020\/12\/BannerFPDUAL.jpg\" alt=\"\" width=\"1000\" height=\"200\" srcset=\"https:\/\/agora.xtec.cat\/iescirvianum\/wp-content\/uploads\/usu134\/2020\/12\/BannerFPDUAL.jpg 1000w, https:\/\/agora.xtec.cat\/iescirvianum\/wp-content\/uploads\/usu134\/2020\/12\/BannerFPDUAL-300x60.jpg 300w, https:\/\/agora.xtec.cat\/iescirvianum\/wp-content\/uploads\/usu134\/2020\/12\/BannerFPDUAL-768x154.jpg 768w\" sizes=\"auto, (max-width: 1000px) 100vw, 1000px\" \/><\/p>\n<p>&nbsp;<\/p>\n<p style=\"text-align: justify;\"><img decoding=\"async\" class=\"right\" src=\"http:\/\/www.fpdual.cat\/media\/gif\/ilustracio_portada.jpg\" alt=\"\" \/><\/p>\n<div id='gallery-1' class='gallery galleryid-4220 gallery-columns-3 gallery-size-medium'><figure class='gallery-item'>\n\t\t\t<div class='gallery-icon landscape'>\n\t\t\t\t<img loading=\"lazy\" decoding=\"async\" width=\"300\" height=\"51\" src=\"https:\/\/agora.xtec.cat\/iescirvianum\/wp-content\/uploads\/usu134\/2021\/01\/gene-300x51.jpg\" class=\"attachment-medium size-medium\" alt=\"\" srcset=\"https:\/\/agora.xtec.cat\/iescirvianum\/wp-content\/uploads\/usu134\/2021\/01\/gene-300x51.jpg 300w, https:\/\/agora.xtec.cat\/iescirvianum\/wp-content\/uploads\/usu134\/2021\/01\/gene.jpg 754w\" sizes=\"auto, (max-width: 300px) 100vw, 300px\" \/>\n\t\t\t<\/div><\/figure><figure class='gallery-item'>\n\t\t\t<div class='gallery-icon landscape'>\n\t\t\t\t<img loading=\"lazy\" decoding=\"async\" width=\"300\" height=\"82\" src=\"https:\/\/agora.xtec.cat\/iescirvianum\/wp-content\/uploads\/usu134\/2021\/01\/spanya-300x82.png\" class=\"attachment-medium size-medium\" alt=\"\" srcset=\"https:\/\/agora.xtec.cat\/iescirvianum\/wp-content\/uploads\/usu134\/2021\/01\/spanya-300x82.png 300w, https:\/\/agora.xtec.cat\/iescirvianum\/wp-content\/uploads\/usu134\/2021\/01\/spanya.png 678w\" sizes=\"auto, (max-width: 300px) 100vw, 300px\" \/>\n\t\t\t<\/div><\/figure><figure class='gallery-item'>\n\t\t\t<div class='gallery-icon landscape'>\n\t\t\t\t<img loading=\"lazy\" decoding=\"async\" width=\"300\" height=\"59\" src=\"https:\/\/agora.xtec.cat\/iescirvianum\/wp-content\/uploads\/usu134\/2021\/01\/FSE-300x59.png\" class=\"attachment-medium size-medium\" alt=\"\" srcset=\"https:\/\/agora.xtec.cat\/iescirvianum\/wp-content\/uploads\/usu134\/2021\/01\/FSE-300x59.png 300w, https:\/\/agora.xtec.cat\/iescirvianum\/wp-content\/uploads\/usu134\/2021\/01\/FSE.png 476w\" sizes=\"auto, (max-width: 300px) 100vw, 300px\" \/>\n\t\t\t<\/div><\/figure>\n\t\t<\/div>\n\n<p style=\"text-align: center;\"><iframe loading=\"lazy\" src=\"https:\/\/www.youtube.com\/embed\/XNw0Get0uVE\" width=\"560\" height=\"315\" frameborder=\"0\"><\/iframe><\/p>\n<p style=\"text-align: justify;\">Amb l&#8217;objectiu de millorar la capacitat de les empreses de disposar de persones qualificades adequadament per a les seves necessitats, a Catalunya s&#8217;est\u00e0 implantat la\u00a0<strong>Formaci\u00f3 Professional Dual<\/strong>.<\/p>\n<p style=\"text-align: justify;\">La formaci\u00f3 en alternan\u00e7a i dual combina l&#8217;aprenentatge en una empresa amb la formaci\u00f3 acad\u00e8mica, augmentant la col\u00b7laboraci\u00f3 entre els centres de formaci\u00f3 professional i les empreses, en el proc\u00e9s formatiu dels alumnes<\/p>\n<p style=\"text-align: justify;\">A Catalunya es vol prioritzar aquest model educatiu en que l&#8217;empresa assumeix responsabilitats de formaci\u00f3 i aix\u00ed adapta aquesta a les seves necessitats amb l&#8217;objectiu final de millorar l&#8217;educaci\u00f3 rebuda i fer-la m\u00e9s \u00fatil al sistema productiu, millorant aix\u00ed la ocupabilitat dels joves. La realitat actual de l&#8217;organitzaci\u00f3 dels centres de formaci\u00f3 professional i l&#8217;estructura modular dels continguts dels cicles formatius permet una gran flexibilitat i adaptabilitat a les necessitats de formaci\u00f3 i ofereix la possibilitat d&#8217;adquirir les compet\u00e8ncies necess\u00e0ries tant a les aules i tallers dels centres com a les instal\u00b7lacions de les pr\u00f2pies empreses<\/p>\n<p style=\"text-align: justify;\">Amb la complicitat i coresponsabilitat d&#8217;ambdues parts, i el suport de les entitats i administracions, es podr\u00e0 crear conjuntament un model que augmenti la capacitaci\u00f3 dels futurs professionals de Catalunya i aporti un impuls important a la competitivitat de les empreses catalanes.<\/p>\n<p><img loading=\"lazy\" decoding=\"async\" class=\"wp-image-4222 alignright\" src=\"https:\/\/agora.xtec.cat\/iescirvianum\/wp-content\/uploads\/usu134\/2020\/12\/logos-fpdual-02.jpg\" alt=\"\" width=\"391\" height=\"144\" srcset=\"https:\/\/agora.xtec.cat\/iescirvianum\/wp-content\/uploads\/usu134\/2020\/12\/logos-fpdual-02.jpg 673w, https:\/\/agora.xtec.cat\/iescirvianum\/wp-content\/uploads\/usu134\/2020\/12\/logos-fpdual-02-300x110.jpg 300w\" sizes=\"auto, (max-width: 391px) 100vw, 391px\" \/><\/p>\n","protected":false},"excerpt":{"rendered":"<p>&nbsp; &nbsp; Amb l&#8217;objectiu de millorar la capacitat de les empreses de disposar de persones qualificades adequadament per a les seves necessitats, a Catalunya s&#8217;est\u00e0 implantat la\u00a0Formaci\u00f3 Professional Dual. La formaci\u00f3 en alternan\u00e7a i dual combina l&#8217;aprenentatge en una empresa amb la formaci\u00f3 acad\u00e8mica, augmentant la col\u00b7laboraci\u00f3 entre els centres de formaci\u00f3 professional i les [&hellip;]<\/p>\n","protected":false},"author":1,"featured_media":0,"parent":195,"menu_order":6,"comment_status":"closed","ping_status":"closed","template":"page-templates\/side-menu.php","meta":{"site-sidebar-layout":"default","site-content-layout":"","ast-site-content-layout":"","site-content-style":"default","site-sidebar-style":"default","ast-global-header-display":"","ast-banner-title-visibility":"","ast-main-header-display":"","ast-hfb-above-header-display":"","ast-hfb-below-header-display":"","ast-hfb-mobile-header-display":"","site-post-title":"","ast-breadcrumbs-content":"","ast-featured-img":"","footer-sml-layout":"","theme-transparent-header-meta":"","adv-header-id-meta":"","stick-header-meta":"","header-above-stick-meta":"","header-main-stick-meta":"","header-below-stick-meta":"","astra-migrate-meta-layouts":"default","ast-page-background-enabled":"default","ast-page-background-meta":{"desktop":{"background-color":"var(--ast-global-color-4)","background-image":"","background-repeat":"repeat","background-position":"center center","background-size":"auto","background-attachment":"scroll","background-type":"","background-media":"","overlay-type":"","overlay-color":"","overlay-opacity":"","overlay-gradient":""},"tablet":{"background-color":"","background-image":"","background-repeat":"repeat","background-position":"center center","background-size":"auto","background-attachment":"scroll","background-type":"","background-media":"","overlay-type":"","overlay-color":"","overlay-opacity":"","overlay-gradient":""},"mobile":{"background-color":"","background-image":"","background-repeat":"repeat","background-position":"center center","background-size":"auto","background-attachment":"scroll","background-type":"","background-media":"","overlay-type":"","overlay-color":"","overlay-opacity":"","overlay-gradient":""}},"ast-content-background-meta":{"desktop":{"background-color":"var(--ast-global-color-5)","background-image":"","background-repeat":"repeat","background-position":"center center","background-size":"auto","background-attachment":"scroll","background-type":"","background-media":"","overlay-type":"","overlay-color":"","overlay-opacity":"","overlay-gradient":""},"tablet":{"background-color":"var(--ast-global-color-5)","background-image":"","background-repeat":"repeat","background-position":"center center","background-size":"auto","background-attachment":"scroll","background-type":"","background-media":"","overlay-type":"","overlay-color":"","overlay-opacity":"","overlay-gradient":""},"mobile":{"background-color":"var(--ast-global-color-5)","background-image":"","background-repeat":"repeat","background-position":"center center","background-size":"auto","background-attachment":"scroll","background-type":"","background-media":"","overlay-type":"","overlay-color":"","overlay-opacity":"","overlay-gradient":""}},"footnotes":""},"class_list":["post-4220","page","type-page","status-publish","hentry"],"post_mailing_queue_ids":[],"_links":{"self":[{"href":"https:\/\/agora.xtec.cat\/iescirvianum\/wp-json\/wp\/v2\/pages\/4220","targetHints":{"allow":["GET"]}}],"collection":[{"href":"https:\/\/agora.xtec.cat\/iescirvianum\/wp-json\/wp\/v2\/pages"}],"about":[{"href":"https:\/\/agora.xtec.cat\/iescirvianum\/wp-json\/wp\/v2\/types\/page"}],"author":[{"embeddable":true,"href":"https:\/\/agora.xtec.cat\/iescirvianum\/wp-json\/wp\/v2\/users\/1"}],"replies":[{"embeddable":true,"href":"https:\/\/agora.xtec.cat\/iescirvianum\/wp-json\/wp\/v2\/comments?post=4220"}],"version-history":[{"count":3,"href":"https:\/\/agora.xtec.cat\/iescirvianum\/wp-json\/wp\/v2\/pages\/4220\/revisions"}],"predecessor-version":[{"id":4677,"href":"https:\/\/agora.xtec.cat\/iescirvianum\/wp-json\/wp\/v2\/pages\/4220\/revisions\/4677"}],"up":[{"embeddable":true,"href":"https:\/\/agora.xtec.cat\/iescirvianum\/wp-json\/wp\/v2\/pages\/195"}],"wp:attachment":[{"href":"https:\/\/agora.xtec.cat\/iescirvianum\/wp-json\/wp\/v2\/media?parent=4220"}],"curies":[{"name":"wp","href":"https:\/\/api.w.org\/{rel}","templated":true}]}}