{"id":4157,"date":"2020-11-13T16:05:25","date_gmt":"2020-11-13T15:05:25","guid":{"rendered":"https:\/\/agora.xtec.cat\/iescirvianum\/?page_id=4157"},"modified":"2026-02-06T08:57:22","modified_gmt":"2026-02-06T07:57:22","slug":"instruccions-inici-de-curs","status":"publish","type":"page","link":"https:\/\/agora.xtec.cat\/iescirvianum\/secretaria\/instruccions-inici-de-curs\/","title":{"rendered":"Informaci\u00f3 Inici de Curs"},"content":{"rendered":"<h1><span style=\"color: #0000ff;\"><strong><span style=\"font-size: 16px;\">INFORMACI\u00d3 INICI DE CURS 25-26<\/span><\/strong><\/span><\/h1>\n<p><img loading=\"lazy\" decoding=\"async\" class=\" wp-image-4050 alignnone\" src=\"https:\/\/agora.xtec.cat\/iescirvianum\/wp-content\/uploads\/usu134\/2020\/09\/Titol-ESO-1.jpg\" alt=\"\" width=\"300\" height=\"60\" srcset=\"https:\/\/agora.xtec.cat\/iescirvianum\/wp-content\/uploads\/usu134\/2020\/09\/Titol-ESO-1.jpg 1000w, https:\/\/agora.xtec.cat\/iescirvianum\/wp-content\/uploads\/usu134\/2020\/09\/Titol-ESO-1-300x60.jpg 300w, https:\/\/agora.xtec.cat\/iescirvianum\/wp-content\/uploads\/usu134\/2020\/09\/Titol-ESO-1-768x154.jpg 768w\" sizes=\"auto, (max-width: 300px) 100vw, 300px\" \/><\/p>\n<p style=\"font-family: 'Helvetica Neue', Helvetica, Helvetica, Arial, sans-serif; font-size: 16px;\"><strong><span style=\"text-decoration: underline; color: #0000ff;\">Educaci\u00f3 Secund\u00e0ria Obligat\u00f2ria (ESO)<\/span>\u00a0<span style=\"color: #0000ff;\">&#8211;\u00a0 \u00a0eso@cirvianum.cat<\/span><\/strong><\/p>\n<p style=\"font-family: 'Helvetica Neue', Helvetica, Helvetica, Arial, sans-serif; font-size: 16px;\">Informaci\u00f3 &#8211; Alumnat nou d&#8217;ESO<\/p>\n<p style=\"font-family: 'Helvetica Neue', Helvetica, Helvetica, Arial, sans-serif; font-size: 16px;\">Informaci\u00f3 &#8211; Alumnat de continu\u00eftat d&#8217;ESO<\/p>\n<p>&#8211;\u00a0<a href=\"https:\/\/drive.google.com\/file\/d\/1N_SfcXt0yE7FOJ0Pgyr4WUbLpEjKxU6M\/view?usp=sharing\">Autoritzacions fam\u00edlies ESO\u00a0<\/a> \u00a0 \u00a0 \u00a0 &#8211;\u00a0 <a href=\"https:\/\/drive.google.com\/file\/d\/1MO60qR334PvRPnep0gSyW1_2gyqAz-j2\/view?usp=sharing\">Carta de comprom\u00eds<\/a><\/p>\n<p>&#8211; <a href=\"https:\/\/drive.google.com\/file\/d\/1K0pcd41GHgT_d0UMxEB_eWxGZByFT8gy\/view?usp=sharing\">Acceptaci\u00f3 de la normativa sobre de l&#8217;\u00fas del m\u00f2bil dins l&#8217;Institut.<\/a><\/p>\n<p>&nbsp;<\/p>\n<p><a href=\"https:\/\/agora.xtec.cat\/iescirvianum\/wp-content\/uploads\/usu134\/2022\/06\/CF-GRAu-B.jpg\"><img loading=\"lazy\" decoding=\"async\" class=\"alignleft wp-image-7073\" src=\"https:\/\/agora.xtec.cat\/iescirvianum\/wp-content\/uploads\/usu134\/2022\/06\/CF-GRAu-B-300x39.jpg\" alt=\"\" width=\"507\" height=\"66\" srcset=\"https:\/\/agora.xtec.cat\/iescirvianum\/wp-content\/uploads\/usu134\/2022\/06\/CF-GRAu-B-300x39.jpg 300w, https:\/\/agora.xtec.cat\/iescirvianum\/wp-content\/uploads\/usu134\/2022\/06\/CF-GRAu-B-768x100.jpg 768w, https:\/\/agora.xtec.cat\/iescirvianum\/wp-content\/uploads\/usu134\/2022\/06\/CF-GRAu-B.jpg 889w\" sizes=\"auto, (max-width: 507px) 100vw, 507px\" \/><\/a><\/p>\n<p>&nbsp;<\/p>\n<p>&nbsp;<\/p>\n<p><strong><span style=\"color: #0000ff;\">Grau B\u00e0sic Inform\u00e0tica d&#8217;oficina\u00a0 \u00a0 \u00a0 \u00a0 \u00a0 \u00a0 ciclesformatius@cirvianum.cat\u00a0<\/span><\/strong><\/p>\n<p><a href=\"https:\/\/drive.google.com\/file\/d\/1F69JQa1RnlZmVTha2yJMnCTCLdhJjohz\/view?usp=sharing\">Informaci\u00f3 &#8211; Alumnat 1r CF Grau B\u00e0sic<\/a><\/p>\n<p><a href=\"https:\/\/drive.google.com\/file\/d\/1jGRQ7V4eRGM4TbGj2oyOy7IjC7LU24y5\/view?usp=sharing\">Informaci\u00f3 &#8211; Alumnat 2n CF Grau B\u00e0sic<\/a><\/p>\n<ul>\n<li><a href=\"https:\/\/drive.google.com\/file\/d\/1Uu2HDpMvToF7e88NrGAv1Xw4lMRokqlY\/view?usp=sharing\">Repetidors CF Grau B\u00e0sic<\/a><\/li>\n<li><a href=\"https:\/\/drive.google.com\/file\/d\/1heHdrHCygJ8MO_6IJKIzksdM-L04mcPT\/view?usp=sharing\">Normativa sobre de l&#8217;\u00fas del m\u00f2bil dins l&#8217;Institut.<\/a><\/li>\n<\/ul>\n<p><img loading=\"lazy\" decoding=\"async\" class=\"wp-image-4054 alignnone\" src=\"https:\/\/agora.xtec.cat\/iescirvianum\/wp-content\/uploads\/usu134\/2020\/09\/Titol-PCC-1.jpg\" alt=\"\" width=\"300\" height=\"60\" srcset=\"https:\/\/agora.xtec.cat\/iescirvianum\/wp-content\/uploads\/usu134\/2020\/09\/Titol-PCC-1.jpg 1000w, https:\/\/agora.xtec.cat\/iescirvianum\/wp-content\/uploads\/usu134\/2020\/09\/Titol-PCC-1-300x60.jpg 300w, https:\/\/agora.xtec.cat\/iescirvianum\/wp-content\/uploads\/usu134\/2020\/09\/Titol-PCC-1-768x154.jpg 768w\" sizes=\"auto, (max-width: 300px) 100vw, 300px\" \/><\/p>\n<p style=\"font-family: 'Helvetica Neue', Helvetica, Helvetica, Arial, sans-serif; font-size: 16px;\"><strong><span style=\"color: #0000ff;\"><span style=\"text-decoration: underline;\">Perruqueria i Cosm\u00e8tica Capil\u00b7lar<\/span> (PCC)\u00a0 \u00a0 ciclesformatius@cirvianum.cat\u00a0<\/span><\/strong><\/p>\n<p style=\"font-family: 'Helvetica Neue', Helvetica, Helvetica, Arial, sans-serif; font-size: 16px;\">&#8211; <a href=\"https:\/\/drive.google.com\/file\/d\/1E0VKnu8WJkm9xRDxKu4aLCVOENdMaln1\/view?usp=sharing\">1r curs -Informaci\u00f3\u00a0<\/a>\u00a0 \u00a0 <a href=\"https:\/\/docs.google.com\/document\/d\/1dHzVBLk6MjEntrkItMh4MirmDctMSob_\/edit?usp=drive_link&amp;ouid=110026111228770111400&amp;rtpof=true&amp;sd=true\">\u00a0&#8211; <\/a><a href=\"https:\/\/drive.google.com\/file\/d\/15UHe8VeEMbe0oRCewl3qLU_gNxml7wIu\/view?usp=sharing\">2n curs- Informaci\u00f3\u00a0<\/a> \u00a0 \u00a0 \u00a0&#8211; <a href=\"https:\/\/drive.google.com\/file\/d\/1WC8ygXAEAW1xKR9pZoO2CCb60RLhCmbN\/view?usp=sharing\">Inst\u00e0ncia per convalidar<\/a><\/p>\n<ul>\n<li>Repetidors 1r PCC<\/li>\n<li><a href=\"https:\/\/drive.google.com\/file\/d\/1C6-v8pTA4hshz2jlinH1EGvIFfrleGEK\/view?usp=sharing\">Repetidors 2n PCC<\/a><\/li>\n<\/ul>\n<p>&#8211; <a href=\"https:\/\/drive.google.com\/file\/d\/1gts26StwsGe4fbdwparjHT47PnbrD5m8\/view?usp=sharing\">Autoritzacions fam\u00edlies CICLES\u00a0\u00a0<\/a>\u00a0\u00a0\u00a0\u00a0\u00a0\u00a0\u00a0\u00a0\u00a0\u00a0\u00a0\u00a0\u00a0\u00a0\u00a0\u00a0\u00a0\u00a0\u00a0 &#8211; <a href=\"https:\/\/drive.google.com\/file\/d\/1khOMG_FDBi7tfZMb8irD8QONYmX5nrjS\/view?usp=sharing\">Carta de comprom\u00eds<\/a><\/p>\n<ul>\n<li><a href=\"https:\/\/drive.google.com\/drive\/folders\/1wLJ2RFy94feKMk88humVpyPy_Gzbz9Jh?usp=sharing\">Material 1r i 2n PCC<\/a><\/li>\n<li><a href=\"https:\/\/drive.google.com\/file\/d\/1heHdrHCygJ8MO_6IJKIzksdM-L04mcPT\/view?usp=sharing\">Normativa sobre de l&#8217;\u00fas del m\u00f2bil dins l&#8217;Institut.<\/a><\/li>\n<\/ul>\n<p style=\"font-family: 'Helvetica Neue', Helvetica, Helvetica, Arial, sans-serif; font-size: 16px;\"><img loading=\"lazy\" decoding=\"async\" class=\" wp-image-4052 alignnone\" style=\"font-family: inherit; font-size: 1em;\" src=\"https:\/\/agora.xtec.cat\/iescirvianum\/wp-content\/uploads\/usu134\/2020\/09\/Titol-SMX-1.jpg\" alt=\"\" width=\"300\" height=\"60\" srcset=\"https:\/\/agora.xtec.cat\/iescirvianum\/wp-content\/uploads\/usu134\/2020\/09\/Titol-SMX-1.jpg 1000w, https:\/\/agora.xtec.cat\/iescirvianum\/wp-content\/uploads\/usu134\/2020\/09\/Titol-SMX-1-300x60.jpg 300w, https:\/\/agora.xtec.cat\/iescirvianum\/wp-content\/uploads\/usu134\/2020\/09\/Titol-SMX-1-768x154.jpg 768w\" sizes=\"auto, (max-width: 300px) 100vw, 300px\" \/><\/p>\n<p style=\"font-family: 'Helvetica Neue', Helvetica, Helvetica, Arial, sans-serif; font-size: 16px;\"><strong><span style=\"color: #0000ff;\"><span style=\"text-decoration: underline;\">Sistemes Microinform\u00e0tics i Xarxes (SMX)\u00a0 <\/span>&#8211;\u00a0 ciclesformatius@cirvianum.cat\u00a0<\/span><\/strong><\/p>\n<p style=\"font-family: 'Helvetica Neue', Helvetica, Helvetica, Arial, sans-serif; font-size: 16px;\">&#8211; <a href=\"https:\/\/drive.google.com\/file\/d\/1tjz4SWaovrKAXYnGntTioJlNcJdI1zT0\/view?usp=sharing\">1r curs -Informaci\u00f3\u00a0<\/a> \u00a0 \u00a0 &#8211;<a href=\"https:\/\/drive.google.com\/file\/d\/1WC8ygXAEAW1xKR9pZoO2CCb60RLhCmbN\/view?usp=sharing\"> Inst\u00e0ncia per convalidar<\/a><\/p>\n<p><a href=\"https:\/\/docs.google.com\/document\/d\/1ZCAz5R8SNwbhL6oHKChRGGZUCKS-ncp6\/edit?usp=sharing&amp;ouid=110026111228770111400&amp;rtpof=true&amp;sd=true\">&#8211; <\/a><a href=\"https:\/\/drive.google.com\/file\/d\/1JXEtLFNxmmcex8knbNWyi5UnWZC5CdfQ\/view?usp=sharing\">2n curs .- Informaci\u00f3<\/a><\/p>\n<p>&#8211; <a href=\"https:\/\/drive.google.com\/file\/d\/1SZq0SgRzW5KbIhm-W5MmzKxud14WsP37\/view?usp=sharing\">Autoritzacions fam\u00edlies CICLES\u00a0<\/a> \u00a0 \u00a0 \u00a0 \u00a0 \u00a0 \u00a0 \u00a0 \u00a0 \u00a0 &#8211; <a href=\"https:\/\/drive.google.com\/file\/d\/1hZKZqpNTQQAjDsnO-qAzarLPALi-F6US\/view?usp=sharing\">Carta de comprom\u00eds<\/a><\/p>\n<p>&#8211; <a href=\"https:\/\/drive.google.com\/file\/d\/1JXEtLFNxmmcex8knbNWyi5UnWZC5CdfQ\/view?usp=sharing\">Repetidors 1r<\/a><\/p>\n<p>&#8211; <a href=\"https:\/\/drive.google.com\/file\/d\/1ZckLXKFo7--SSGy1HZ5YI0SzwDf_dKrX\/view?usp=sharing\">Repetidors 2n<\/a><\/p>\n<ul>\n<li><a href=\"https:\/\/drive.google.com\/file\/d\/1heHdrHCygJ8MO_6IJKIzksdM-L04mcPT\/view?usp=sharing\">Normativa sobre de l&#8217;\u00fas del m\u00f2bil dins l&#8217;Institut.<\/a><\/li>\n<\/ul>\n<p><img loading=\"lazy\" decoding=\"async\" class=\" wp-image-4051 alignnone\" src=\"https:\/\/agora.xtec.cat\/iescirvianum\/wp-content\/uploads\/usu134\/2020\/09\/Titol-BAT-1.jpg\" alt=\"\" width=\"300\" height=\"60\" srcset=\"https:\/\/agora.xtec.cat\/iescirvianum\/wp-content\/uploads\/usu134\/2020\/09\/Titol-BAT-1.jpg 1000w, https:\/\/agora.xtec.cat\/iescirvianum\/wp-content\/uploads\/usu134\/2020\/09\/Titol-BAT-1-300x60.jpg 300w, https:\/\/agora.xtec.cat\/iescirvianum\/wp-content\/uploads\/usu134\/2020\/09\/Titol-BAT-1-768x154.jpg 768w\" sizes=\"auto, (max-width: 300px) 100vw, 300px\" \/><\/p>\n<p style=\"font-family: 'Helvetica Neue', Helvetica, Helvetica, Arial, sans-serif; font-size: 16px;\"><span style=\"color: #0000ff;\"><strong><span style=\"text-decoration: underline;\">Batxillerat<\/span>\u00a0&#8211;\u00a0 \u00a0 \u00a0 \u00a0 batxillerat@cirvianum.cat<\/strong><\/span><\/p>\n<p>-Batxillerat &#8211; Alumnes nous<\/p>\n<p style=\"font-family: 'Helvetica Neue', Helvetica, Helvetica, Arial, sans-serif; font-size: 16px;\">-1r Batxillerat &#8211; repetidors<\/p>\n<p>-2n Batxillerat<\/p>\n<p style=\"font-family: 'Helvetica Neue', Helvetica, Helvetica, Arial, sans-serif; font-size: 16px;\">&#8211;<a href=\"https:\/\/drive.google.com\/file\/d\/1FGCFQQ-5Tc-Tw0PZBbF1xytQ1_wVIfsJ\/view?usp=sharing\">Autoritzacions fam\u00edlies Batxillerat\u00a0\u00a0<\/a>\u00a0\u00a0\u00a0\u00a0\u00a0\u00a0\u00a0\u00a0\u00a0\u00a0\u00a0\u00a0\u00a0\u00a0\u00a0\u00a0\u00a0\u00a0\u00a0\u00a0&#8211; <a href=\"https:\/\/drive.google.com\/file\/d\/1TwFaPU4doW7Y9HpavulXZDcIjoS5YEmB\/view?usp=sharing\">Carta de comprom\u00eds<\/a><\/p>\n<p>&#8211; <a href=\"https:\/\/drive.google.com\/file\/d\/1i6-3m4KXaVhpdXaXHPS33qJqRnfnfAzl\/view?usp=sharing\">Acceptaci\u00f3 de la normativa sobre de l&#8217;\u00fas del m\u00f2bil dins l&#8217;Institut.<\/a><\/p>\n<p><img loading=\"lazy\" decoding=\"async\" class=\"wp-image-4053 alignnone\" src=\"https:\/\/agora.xtec.cat\/iescirvianum\/wp-content\/uploads\/usu134\/2020\/09\/Titol-DAW-1.jpg\" alt=\"\" width=\"300\" height=\"60\" srcset=\"https:\/\/agora.xtec.cat\/iescirvianum\/wp-content\/uploads\/usu134\/2020\/09\/Titol-DAW-1.jpg 1000w, https:\/\/agora.xtec.cat\/iescirvianum\/wp-content\/uploads\/usu134\/2020\/09\/Titol-DAW-1-300x60.jpg 300w, https:\/\/agora.xtec.cat\/iescirvianum\/wp-content\/uploads\/usu134\/2020\/09\/Titol-DAW-1-768x154.jpg 768w\" sizes=\"auto, (max-width: 300px) 100vw, 300px\" \/><\/p>\n<p><span style=\"color: #0000ff;\"><strong><span style=\"text-decoration: underline;\">Desenvolupament d&#8217;Aplicacions Web (DAW)<\/span> <\/strong>&#8211;\u00a0<strong> ciclesformatius@cirvianum.cat\u00a0<\/strong><\/span><\/p>\n<p>&#8211;<a href=\"https:\/\/drive.google.com\/file\/d\/1ZpeAeE1Z8yATfhLAVuX7EmCusKNycKff\/view?usp=sharing\"> 1r DAW\u00a0<\/a> \u00a0 &#8211; <a href=\"https:\/\/drive.google.com\/file\/d\/1rgrETNHTLWIIzj5kR9qXuK3h9Lo6iVR-\/view?usp=sharing\">2n DAW<\/a><\/p>\n<p>&#8211; <a href=\"https:\/\/drive.google.com\/file\/d\/1uCNoivyRith3arvDYAr2BuKlvrYFDNSA\/view?usp=sharing\">Inst\u00e0ncia per convalidar<\/a><\/p>\n<p>&nbsp;<\/p>\n<p>&nbsp;<\/p>\n","protected":false},"excerpt":{"rendered":"<p>INFORMACI\u00d3 INICI DE CURS 25-26 Educaci\u00f3 Secund\u00e0ria Obligat\u00f2ria (ESO)\u00a0&#8211;\u00a0 \u00a0eso@cirvianum.cat Informaci\u00f3 &#8211; Alumnat nou d&#8217;ESO Informaci\u00f3 &#8211; Alumnat de continu\u00eftat d&#8217;ESO &#8211;\u00a0Autoritzacions fam\u00edlies ESO\u00a0 \u00a0 \u00a0 \u00a0 &#8211;\u00a0 Carta de comprom\u00eds &#8211; Acceptaci\u00f3 de la normativa sobre de l&#8217;\u00fas del m\u00f2bil dins l&#8217;Institut. &nbsp; &nbsp; &nbsp; Grau B\u00e0sic Inform\u00e0tica d&#8217;oficina\u00a0 \u00a0 \u00a0 \u00a0 \u00a0 \u00a0 [&hellip;]<\/p>\n","protected":false},"author":1,"featured_media":0,"parent":81,"menu_order":20,"comment_status":"closed","ping_status":"closed","template":"page-templates\/side-menu.php","meta":{"site-sidebar-layout":"default","site-content-layout":"","ast-site-content-layout":"","site-content-style":"default","site-sidebar-style":"default","ast-global-header-display":"","ast-banner-title-visibility":"","ast-main-header-display":"","ast-hfb-above-header-display":"","ast-hfb-below-header-display":"","ast-hfb-mobile-header-display":"","site-post-title":"","ast-breadcrumbs-content":"","ast-featured-img":"","footer-sml-layout":"","theme-transparent-header-meta":"","adv-header-id-meta":"","stick-header-meta":"","header-above-stick-meta":"","header-main-stick-meta":"","header-below-stick-meta":"","astra-migrate-meta-layouts":"default","ast-page-background-enabled":"default","ast-page-background-meta":{"desktop":{"background-color":"var(--ast-global-color-4)","background-image":"","background-repeat":"repeat","background-position":"center center","background-size":"auto","background-attachment":"scroll","background-type":"","background-media":"","overlay-type":"","overlay-color":"","overlay-opacity":"","overlay-gradient":""},"tablet":{"background-color":"","background-image":"","background-repeat":"repeat","background-position":"center center","background-size":"auto","background-attachment":"scroll","background-type":"","background-media":"","overlay-type":"","overlay-color":"","overlay-opacity":"","overlay-gradient":""},"mobile":{"background-color":"","background-image":"","background-repeat":"repeat","background-position":"center center","background-size":"auto","background-attachment":"scroll","background-type":"","background-media":"","overlay-type":"","overlay-color":"","overlay-opacity":"","overlay-gradient":""}},"ast-content-background-meta":{"desktop":{"background-color":"var(--ast-global-color-5)","background-image":"","background-repeat":"repeat","background-position":"center center","background-size":"auto","background-attachment":"scroll","background-type":"","background-media":"","overlay-type":"","overlay-color":"","overlay-opacity":"","overlay-gradient":""},"tablet":{"background-color":"var(--ast-global-color-5)","background-image":"","background-repeat":"repeat","background-position":"center center","background-size":"auto","background-attachment":"scroll","background-type":"","background-media":"","overlay-type":"","overlay-color":"","overlay-opacity":"","overlay-gradient":""},"mobile":{"background-color":"var(--ast-global-color-5)","background-image":"","background-repeat":"repeat","background-position":"center center","background-size":"auto","background-attachment":"scroll","background-type":"","background-media":"","overlay-type":"","overlay-color":"","overlay-opacity":"","overlay-gradient":""}},"footnotes":""},"class_list":["post-4157","page","type-page","status-publish","hentry"],"post_mailing_queue_ids":[],"_links":{"self":[{"href":"https:\/\/agora.xtec.cat\/iescirvianum\/wp-json\/wp\/v2\/pages\/4157","targetHints":{"allow":["GET"]}}],"collection":[{"href":"https:\/\/agora.xtec.cat\/iescirvianum\/wp-json\/wp\/v2\/pages"}],"about":[{"href":"https:\/\/agora.xtec.cat\/iescirvianum\/wp-json\/wp\/v2\/types\/page"}],"author":[{"embeddable":true,"href":"https:\/\/agora.xtec.cat\/iescirvianum\/wp-json\/wp\/v2\/users\/1"}],"replies":[{"embeddable":true,"href":"https:\/\/agora.xtec.cat\/iescirvianum\/wp-json\/wp\/v2\/comments?post=4157"}],"version-history":[{"count":8,"href":"https:\/\/agora.xtec.cat\/iescirvianum\/wp-json\/wp\/v2\/pages\/4157\/revisions"}],"predecessor-version":[{"id":8652,"href":"https:\/\/agora.xtec.cat\/iescirvianum\/wp-json\/wp\/v2\/pages\/4157\/revisions\/8652"}],"up":[{"embeddable":true,"href":"https:\/\/agora.xtec.cat\/iescirvianum\/wp-json\/wp\/v2\/pages\/81"}],"wp:attachment":[{"href":"https:\/\/agora.xtec.cat\/iescirvianum\/wp-json\/wp\/v2\/media?parent=4157"}],"curies":[{"name":"wp","href":"https:\/\/api.w.org\/{rel}","templated":true}]}}