{"id":4154,"date":"2020-11-13T15:58:55","date_gmt":"2020-11-13T14:58:55","guid":{"rendered":"https:\/\/agora.xtec.cat\/iescirvianum\/?page_id=4154"},"modified":"2026-03-03T13:37:33","modified_gmt":"2026-03-03T12:37:33","slug":"tramits-secreteria","status":"publish","type":"page","link":"https:\/\/agora.xtec.cat\/iescirvianum\/secretaria\/tramits-secreteria\/","title":{"rendered":"Tr\u00e0mits secretaria"},"content":{"rendered":"<h3>Tr\u00e0mits<\/h3>\n<h2><a id=\"bat\"><\/a>Sol\u00b7licitar un t\u00edtol de <span style=\"text-decoration: underline;\">Batxillerat, ESO, CFGB\u00e0sic, SMX, PCC o DAW<\/span> per primera vegada, un duplicat o l&#8217;actualitzaci\u00f3 d&#8217;un t\u00edtol ja expedit.<\/h2>\n<p>Els alumnes d&#8217;ESO NO han de fer la sol\u00b7licitud del t\u00edtol PER PRIMERA VEGADA, ja que \u00e9s un ensenyament OBLIGATORI i se sol\u00b7licita des de l&#8217;Institut de manera autom\u00e0tica una vegada s&#8217;ha superat l&#8217;etapa. Aix\u00ed doncs, a partir de mitjan juliol es pot passar per secretaria a recollir el resguard. Podeu trucar a secretaria per saber si l&#8217;aplicaci\u00f3 ja ha generat els documents.<\/p>\n<ul>\n<li style=\"list-style-type: none;\">\n<ul style=\"list-style-type: circle;\">\n<li><a href=\"https:\/\/drive.google.com\/file\/d\/1cne0l2D_5FsNYOkO1I26Tyxqr8YwMSb1\/view?usp=sharing\">Instruccions pas a pas de com fer el tr\u00e0mit. &#8211; <strong>IMPORTANT llegir abans de comen\u00e7ar el tr\u00e0mit.<\/strong><\/a><\/li>\n<li><a href=\"https:\/\/web.gencat.cat\/ca\/tramits\/tramits-temes\/titols-academics-no-universitaris?category=742b7874-a82c-11e3-a972-000c29052e2c\">ENLLA\u00c7 a la tramitaci\u00f3 de t\u00edtols acad\u00e8mics i professionals no universitaris.<\/a><\/li>\n<\/ul>\n<\/li>\n<\/ul>\n<p>Per fer la sol\u00b7licitud necessiteu disposar d&#8217;un certificat digital, <a href=\"https:\/\/consorciaoc.typeform.com\/catala?typeform-source=valid.aoc.cat\">Idcat m\u00f2bil<\/a>, Cl@ve.<\/p>\n<p>&nbsp;<\/p>\n<p>&nbsp;<\/p>\n<h2>Recollida de t\u00edtols acad\u00e8mics d&#8217;ESO, Batxillerat, SMX, PiCC i DAW.<\/h2>\n<ul>\n<li style=\"list-style-type: none;\">\n<ul>\n<li>Si qui ve a recollir-lo \u00e9s el titular\n<ul>\n<li>Resguard del t\u00edtol (si l\u2019heu perdut amb el DNI ser\u00e0 suficient)<\/li>\n<li>DNI original del titular<\/li>\n<\/ul>\n<\/li>\n<li>Si el titular no pot venir personalment\n<ul>\n<li><a href=\"https:\/\/drive.google.com\/file\/d\/1c45-eHZvTCP6dSYvOXVmMptNzMeEzXwG\/view?usp=sharing\">Autoritzaci\u00f3 signada per la persona titular.<\/a> (Aquest document es pot signar digitalment)<\/li>\n<li>Resguard del t\u00edtol (si l\u2019heu perdut amb el DNI ser\u00e0 suficient)<\/li>\n<li>Fotoc\u00f2pia del DNI del titular<\/li>\n<li>Original del DNI de la persona autoritzada<\/li>\n<\/ul>\n<\/li>\n<\/ul>\n<\/li>\n<\/ul>\n<p>&nbsp;<\/p>\n<h2>Certificat de nivell B2\/C1 de catal\u00e0:<\/h2>\n<p>Consulteu els <a style=\"color: #2795b6;\" href=\"https:\/\/drive.google.com\/file\/d\/1zS1G9VMsBvb59Wrst2KNoGbTDGXgX9ho\/view?usp=sharing\">REQUISITS<\/a>\u00a0<span style=\"font-family: inherit; font-size: 1em;\">i descarregueu-vos el <\/span><a href=\"https:\/\/drive.google.com\/file\/d\/1A9wzFnemKfgaaDTjnfjDTCvOaCRQlUK5\/view?usp=sharing\">MODEL DE SOL\u00b7LICITUD<\/a><a href=\"https:\/\/drive.google.com\/file\/d\/1J2jmwvalgZDhAcfwbWldxNRe28n9QiGS\/view?usp=sharing\">.<\/a> Envieu la documentaci\u00f3 a <strong><span style=\"text-decoration: underline;\">gestio<span class=\"\">@cirvianum.<\/span>cat<\/span><\/strong><\/p>\n<h2>Homologaci\u00f3 d&#8217;estudis estrangers no universitaris<\/h2>\n<p>Per saber com sol\u00b7licitar-ho, quins documents es necessiten i com fer-ho cliqueu<a href=\"https:\/\/triaeducativa.gencat.cat\/ca\/homologacio\/inici\/\"> aqu\u00ed\u00a0<\/a><\/p>\n","protected":false},"excerpt":{"rendered":"<p>Tr\u00e0mits Sol\u00b7licitar un t\u00edtol de Batxillerat, ESO, CFGB\u00e0sic, SMX, PCC o DAW per primera vegada, un duplicat o l&#8217;actualitzaci\u00f3 d&#8217;un t\u00edtol ja expedit. Els alumnes d&#8217;ESO NO han de fer la sol\u00b7licitud del t\u00edtol PER PRIMERA VEGADA, ja que \u00e9s un ensenyament OBLIGATORI i se sol\u00b7licita des de l&#8217;Institut de manera autom\u00e0tica una vegada s&#8217;ha [&hellip;]<\/p>\n","protected":false},"author":1,"featured_media":0,"parent":81,"menu_order":5,"comment_status":"closed","ping_status":"closed","template":"page-templates\/side-menu.php","meta":{"site-sidebar-layout":"default","site-content-layout":"","ast-site-content-layout":"","site-content-style":"default","site-sidebar-style":"default","ast-global-header-display":"","ast-banner-title-visibility":"","ast-main-header-display":"","ast-hfb-above-header-display":"","ast-hfb-below-header-display":"","ast-hfb-mobile-header-display":"","site-post-title":"","ast-breadcrumbs-content":"","ast-featured-img":"","footer-sml-layout":"","theme-transparent-header-meta":"","adv-header-id-meta":"","stick-header-meta":"","header-above-stick-meta":"","header-main-stick-meta":"","header-below-stick-meta":"","astra-migrate-meta-layouts":"default","ast-page-background-enabled":"default","ast-page-background-meta":{"desktop":{"background-color":"var(--ast-global-color-4)","background-image":"","background-repeat":"repeat","background-position":"center center","background-size":"auto","background-attachment":"scroll","background-type":"","background-media":"","overlay-type":"","overlay-color":"","overlay-opacity":"","overlay-gradient":""},"tablet":{"background-color":"","background-image":"","background-repeat":"repeat","background-position":"center center","background-size":"auto","background-attachment":"scroll","background-type":"","background-media":"","overlay-type":"","overlay-color":"","overlay-opacity":"","overlay-gradient":""},"mobile":{"background-color":"","background-image":"","background-repeat":"repeat","background-position":"center center","background-size":"auto","background-attachment":"scroll","background-type":"","background-media":"","overlay-type":"","overlay-color":"","overlay-opacity":"","overlay-gradient":""}},"ast-content-background-meta":{"desktop":{"background-color":"var(--ast-global-color-5)","background-image":"","background-repeat":"repeat","background-position":"center center","background-size":"auto","background-attachment":"scroll","background-type":"","background-media":"","overlay-type":"","overlay-color":"","overlay-opacity":"","overlay-gradient":""},"tablet":{"background-color":"var(--ast-global-color-5)","background-image":"","background-repeat":"repeat","background-position":"center center","background-size":"auto","background-attachment":"scroll","background-type":"","background-media":"","overlay-type":"","overlay-color":"","overlay-opacity":"","overlay-gradient":""},"mobile":{"background-color":"var(--ast-global-color-5)","background-image":"","background-repeat":"repeat","background-position":"center center","background-size":"auto","background-attachment":"scroll","background-type":"","background-media":"","overlay-type":"","overlay-color":"","overlay-opacity":"","overlay-gradient":""}},"footnotes":""},"class_list":["post-4154","page","type-page","status-publish","hentry"],"post_mailing_queue_ids":[],"_links":{"self":[{"href":"https:\/\/agora.xtec.cat\/iescirvianum\/wp-json\/wp\/v2\/pages\/4154","targetHints":{"allow":["GET"]}}],"collection":[{"href":"https:\/\/agora.xtec.cat\/iescirvianum\/wp-json\/wp\/v2\/pages"}],"about":[{"href":"https:\/\/agora.xtec.cat\/iescirvianum\/wp-json\/wp\/v2\/types\/page"}],"author":[{"embeddable":true,"href":"https:\/\/agora.xtec.cat\/iescirvianum\/wp-json\/wp\/v2\/users\/1"}],"replies":[{"embeddable":true,"href":"https:\/\/agora.xtec.cat\/iescirvianum\/wp-json\/wp\/v2\/comments?post=4154"}],"version-history":[{"count":8,"href":"https:\/\/agora.xtec.cat\/iescirvianum\/wp-json\/wp\/v2\/pages\/4154\/revisions"}],"predecessor-version":[{"id":8693,"href":"https:\/\/agora.xtec.cat\/iescirvianum\/wp-json\/wp\/v2\/pages\/4154\/revisions\/8693"}],"up":[{"embeddable":true,"href":"https:\/\/agora.xtec.cat\/iescirvianum\/wp-json\/wp\/v2\/pages\/81"}],"wp:attachment":[{"href":"https:\/\/agora.xtec.cat\/iescirvianum\/wp-json\/wp\/v2\/media?parent=4154"}],"curies":[{"name":"wp","href":"https:\/\/api.w.org\/{rel}","templated":true}]}}