{"id":4098,"date":"2020-10-01T16:52:10","date_gmt":"2020-10-01T14:52:10","guid":{"rendered":"https:\/\/agora.xtec.cat\/iescirvianum\/?page_id=4098"},"modified":"2021-11-11T23:16:04","modified_gmt":"2021-11-11T22:16:04","slug":"acces-a-ieduca-pels-pares","status":"publish","type":"page","link":"https:\/\/agora.xtec.cat\/iescirvianum\/linstitut\/acces-a-ieduca-pels-pares\/","title":{"rendered":"Acc\u00e9s a iEduca per les fam\u00edlies"},"content":{"rendered":"<p>&nbsp;<\/p>\n<p><img loading=\"lazy\" decoding=\"async\" class=\"aligncenter wp-image-1293\" src=\"https:\/\/agora.xtec.cat\/iescirvianum\/wp-content\/uploads\/usu134\/2014\/09\/tokapp.jpg\" alt=\"\" width=\"463\" height=\"188\" srcset=\"https:\/\/agora.xtec.cat\/iescirvianum\/wp-content\/uploads\/usu134\/2014\/09\/tokapp.jpg 1316w, https:\/\/agora.xtec.cat\/iescirvianum\/wp-content\/uploads\/usu134\/2014\/09\/tokapp-300x122.jpg 300w, https:\/\/agora.xtec.cat\/iescirvianum\/wp-content\/uploads\/usu134\/2014\/09\/tokapp-768x312.jpg 768w, https:\/\/agora.xtec.cat\/iescirvianum\/wp-content\/uploads\/usu134\/2014\/09\/tokapp-1024x416.jpg 1024w\" sizes=\"auto, (max-width: 463px) 100vw, 463px\" \/><\/p>\n<p>Primer cal verificar que teniu usuari i contrasenya establerta. En cas de p\u00e8rdua o de desconeixen\u00e7a de l&#8217;usuari o de la contrasenya, comuniqueu-ho als vostres fills\/filles perqu\u00e8 ho comuniquin al tutor\/a, juntament amb el vostre mail de contacte, i des del centre intentarem solucionar-ho.<\/p>\n<p>A continuaci\u00f3 us deixem els enlla\u00e7os a documents del manual d&#8217;usuari de la plataforma iEduca, amb informaci\u00f3 sobre l&#8217;aplicaci\u00f3, instruccions d&#8217;acc\u00e9s i d&#8217;\u00fas, etc.<\/p>\n<ul>\n<li><a href=\"https:\/\/drive.google.com\/file\/d\/1xY131sLJn6VE1GYqO_crP3K31DrDW7s_\/view?usp=sharing\" target=\"_blank\" rel=\"noopener noreferrer\">Cartell ieduca Tokapp<\/a><\/li>\n<li><a href=\"https:\/\/drive.google.com\/file\/d\/1v-LpLG0ighxv37uFCd_JqxSqXuWOsTfz\/view?usp=sharing\" target=\"_blank\" rel=\"noopener noreferrer\">Beneficis APP Ieduca per les fam\u00edlies<\/a><\/li>\n<li><a href=\"https:\/\/agora.xtec.cat\/iescirvianum\/wp-content\/uploads\/usu134\/2021\/11\/Guia-aplicacio-iEduca-Tokapp-v.04.pdf\" target=\"_blank\" rel=\"noopener noreferrer\">Guia aplicaci\u00f3 Ieduca Tokapp v04<\/a><\/li>\n<li><a href=\"https:\/\/drive.google.com\/file\/d\/1_CCQRxRxYAF-yt_-EkgqIhhOua1dyAX_\/view?usp=sharing\" target=\"_blank\" rel=\"noopener noreferrer\">Guia Ieduca per les fam\u00edlies<\/a><\/li>\n<\/ul>\n<p>&nbsp;<\/p>\n<p>&nbsp;<\/p>\n","protected":false},"excerpt":{"rendered":"<p>&nbsp; Primer cal verificar que teniu usuari i contrasenya establerta. En cas de p\u00e8rdua o de desconeixen\u00e7a de l&#8217;usuari o de la contrasenya, comuniqueu-ho als vostres fills\/filles perqu\u00e8 ho comuniquin al tutor\/a, juntament amb el vostre mail de contacte, i des del centre intentarem solucionar-ho. A continuaci\u00f3 us deixem els enlla\u00e7os a documents del manual [&hellip;]<\/p>\n","protected":false},"author":1,"featured_media":0,"parent":19,"menu_order":10,"comment_status":"closed","ping_status":"closed","template":"page-templates\/side-menu.php","meta":{"site-sidebar-layout":"default","site-content-layout":"","ast-site-content-layout":"","site-content-style":"default","site-sidebar-style":"default","ast-global-header-display":"","ast-banner-title-visibility":"","ast-main-header-display":"","ast-hfb-above-header-display":"","ast-hfb-below-header-display":"","ast-hfb-mobile-header-display":"","site-post-title":"","ast-breadcrumbs-content":"","ast-featured-img":"","footer-sml-layout":"","theme-transparent-header-meta":"","adv-header-id-meta":"","stick-header-meta":"","header-above-stick-meta":"","header-main-stick-meta":"","header-below-stick-meta":"","astra-migrate-meta-layouts":"default","ast-page-background-enabled":"default","ast-page-background-meta":{"desktop":{"background-color":"var(--ast-global-color-4)","background-image":"","background-repeat":"repeat","background-position":"center center","background-size":"auto","background-attachment":"scroll","background-type":"","background-media":"","overlay-type":"","overlay-color":"","overlay-opacity":"","overlay-gradient":""},"tablet":{"background-color":"","background-image":"","background-repeat":"repeat","background-position":"center center","background-size":"auto","background-attachment":"scroll","background-type":"","background-media":"","overlay-type":"","overlay-color":"","overlay-opacity":"","overlay-gradient":""},"mobile":{"background-color":"","background-image":"","background-repeat":"repeat","background-position":"center center","background-size":"auto","background-attachment":"scroll","background-type":"","background-media":"","overlay-type":"","overlay-color":"","overlay-opacity":"","overlay-gradient":""}},"ast-content-background-meta":{"desktop":{"background-color":"var(--ast-global-color-5)","background-image":"","background-repeat":"repeat","background-position":"center center","background-size":"auto","background-attachment":"scroll","background-type":"","background-media":"","overlay-type":"","overlay-color":"","overlay-opacity":"","overlay-gradient":""},"tablet":{"background-color":"var(--ast-global-color-5)","background-image":"","background-repeat":"repeat","background-position":"center center","background-size":"auto","background-attachment":"scroll","background-type":"","background-media":"","overlay-type":"","overlay-color":"","overlay-opacity":"","overlay-gradient":""},"mobile":{"background-color":"var(--ast-global-color-5)","background-image":"","background-repeat":"repeat","background-position":"center center","background-size":"auto","background-attachment":"scroll","background-type":"","background-media":"","overlay-type":"","overlay-color":"","overlay-opacity":"","overlay-gradient":""}},"footnotes":""},"class_list":["post-4098","page","type-page","status-publish","hentry"],"post_mailing_queue_ids":[],"_links":{"self":[{"href":"https:\/\/agora.xtec.cat\/iescirvianum\/wp-json\/wp\/v2\/pages\/4098","targetHints":{"allow":["GET"]}}],"collection":[{"href":"https:\/\/agora.xtec.cat\/iescirvianum\/wp-json\/wp\/v2\/pages"}],"about":[{"href":"https:\/\/agora.xtec.cat\/iescirvianum\/wp-json\/wp\/v2\/types\/page"}],"author":[{"embeddable":true,"href":"https:\/\/agora.xtec.cat\/iescirvianum\/wp-json\/wp\/v2\/users\/1"}],"replies":[{"embeddable":true,"href":"https:\/\/agora.xtec.cat\/iescirvianum\/wp-json\/wp\/v2\/comments?post=4098"}],"version-history":[{"count":3,"href":"https:\/\/agora.xtec.cat\/iescirvianum\/wp-json\/wp\/v2\/pages\/4098\/revisions"}],"predecessor-version":[{"id":6036,"href":"https:\/\/agora.xtec.cat\/iescirvianum\/wp-json\/wp\/v2\/pages\/4098\/revisions\/6036"}],"up":[{"embeddable":true,"href":"https:\/\/agora.xtec.cat\/iescirvianum\/wp-json\/wp\/v2\/pages\/19"}],"wp:attachment":[{"href":"https:\/\/agora.xtec.cat\/iescirvianum\/wp-json\/wp\/v2\/media?parent=4098"}],"curies":[{"name":"wp","href":"https:\/\/api.w.org\/{rel}","templated":true}]}}