{"id":353,"date":"2016-11-01T21:44:38","date_gmt":"2016-11-01T20:44:38","guid":{"rendered":"http:\/\/agora.xtec.cat\/iescirvianum\/?page_id=353"},"modified":"2026-02-27T13:46:47","modified_gmt":"2026-02-27T12:46:47","slug":"salut-i-escola","status":"publish","type":"page","link":"https:\/\/agora.xtec.cat\/iescirvianum\/linstitut\/salut-i-escola\/","title":{"rendered":"Salut i Escola"},"content":{"rendered":"<p class=\"Estilo1\" align=\"justify\"><img loading=\"lazy\" decoding=\"async\" class=\"alignnone size-full wp-image-354\" src=\"http:\/\/agora.xtec.cat\/iescirvianum\/wp-content\/uploads\/usu134\/2016\/11\/Salut_i_escola_gene_col-270x164.jpg\" alt=\"salut_i_escola_gene_col-270x164\" width=\"270\" height=\"164\" \/><\/p>\n<p class=\"Estilo1\" align=\"justify\">Es tracta d&#8217;un programa impulsat pels Departaments d&#8217;Educaci\u00f3 i Salut de la Generalitat de Catalunta, d&#8217;aplicaci\u00f3 a tot el territori catal\u00e0, i que t\u00e9 per objectiu millorar la salut dels nois i noies del centre, a trav\u00e9s d&#8217;accions individuals i col\u00b7lectives de promoci\u00f3 de la salut, prevenci\u00f3 de les situacions de risc i atenci\u00f3 als problemes de salut relacionats preferentment amb:<\/p>\n<ul>\n<li class=\"Estilo1\">La salut mental<\/li>\n<li class=\"Estilo1\">La salut afectivo-sexual<\/li>\n<li>El consum de drogues, alcohol i tabac<\/li>\n<li>Els trastorns relacionats amb l&#8217;alimentaci\u00f3<\/li>\n<\/ul>\n<p class=\"Estilo1\" align=\"justify\">Les activitats les desenvolupar\u00e0 un professional d&#8217;infermeria de l&#8217;equip d&#8217;atenci\u00f3 prim\u00e0ria de salut del municipi, dins del mateix centre educatiu, setmanalment.<\/p>\n","protected":false},"excerpt":{"rendered":"<p>Es tracta d&#8217;un programa impulsat pels Departaments d&#8217;Educaci\u00f3 i Salut de la Generalitat de Catalunta, d&#8217;aplicaci\u00f3 a tot el territori catal\u00e0, i que t\u00e9 per objectiu millorar la salut dels nois i noies del centre, a trav\u00e9s d&#8217;accions individuals i col\u00b7lectives de promoci\u00f3 de la salut, prevenci\u00f3 de les situacions de risc i atenci\u00f3 als [&hellip;]<\/p>\n","protected":false},"author":1,"featured_media":0,"parent":19,"menu_order":90,"comment_status":"closed","ping_status":"closed","template":"page-templates\/side-menu.php","meta":{"site-sidebar-layout":"default","site-content-layout":"","ast-site-content-layout":"","site-content-style":"default","site-sidebar-style":"default","ast-global-header-display":"","ast-banner-title-visibility":"","ast-main-header-display":"","ast-hfb-above-header-display":"","ast-hfb-below-header-display":"","ast-hfb-mobile-header-display":"","site-post-title":"","ast-breadcrumbs-content":"","ast-featured-img":"","footer-sml-layout":"","theme-transparent-header-meta":"","adv-header-id-meta":"","stick-header-meta":"","header-above-stick-meta":"","header-main-stick-meta":"","header-below-stick-meta":"","astra-migrate-meta-layouts":"default","ast-page-background-enabled":"default","ast-page-background-meta":{"desktop":{"background-color":"var(--ast-global-color-4)","background-image":"","background-repeat":"repeat","background-position":"center center","background-size":"auto","background-attachment":"scroll","background-type":"","background-media":"","overlay-type":"","overlay-color":"","overlay-opacity":"","overlay-gradient":""},"tablet":{"background-color":"","background-image":"","background-repeat":"repeat","background-position":"center center","background-size":"auto","background-attachment":"scroll","background-type":"","background-media":"","overlay-type":"","overlay-color":"","overlay-opacity":"","overlay-gradient":""},"mobile":{"background-color":"","background-image":"","background-repeat":"repeat","background-position":"center center","background-size":"auto","background-attachment":"scroll","background-type":"","background-media":"","overlay-type":"","overlay-color":"","overlay-opacity":"","overlay-gradient":""}},"ast-content-background-meta":{"desktop":{"background-color":"var(--ast-global-color-5)","background-image":"","background-repeat":"repeat","background-position":"center center","background-size":"auto","background-attachment":"scroll","background-type":"","background-media":"","overlay-type":"","overlay-color":"","overlay-opacity":"","overlay-gradient":""},"tablet":{"background-color":"var(--ast-global-color-5)","background-image":"","background-repeat":"repeat","background-position":"center center","background-size":"auto","background-attachment":"scroll","background-type":"","background-media":"","overlay-type":"","overlay-color":"","overlay-opacity":"","overlay-gradient":""},"mobile":{"background-color":"var(--ast-global-color-5)","background-image":"","background-repeat":"repeat","background-position":"center center","background-size":"auto","background-attachment":"scroll","background-type":"","background-media":"","overlay-type":"","overlay-color":"","overlay-opacity":"","overlay-gradient":""}},"footnotes":""},"class_list":["post-353","page","type-page","status-publish","hentry"],"post_mailing_queue_ids":[],"_links":{"self":[{"href":"https:\/\/agora.xtec.cat\/iescirvianum\/wp-json\/wp\/v2\/pages\/353","targetHints":{"allow":["GET"]}}],"collection":[{"href":"https:\/\/agora.xtec.cat\/iescirvianum\/wp-json\/wp\/v2\/pages"}],"about":[{"href":"https:\/\/agora.xtec.cat\/iescirvianum\/wp-json\/wp\/v2\/types\/page"}],"author":[{"embeddable":true,"href":"https:\/\/agora.xtec.cat\/iescirvianum\/wp-json\/wp\/v2\/users\/1"}],"replies":[{"embeddable":true,"href":"https:\/\/agora.xtec.cat\/iescirvianum\/wp-json\/wp\/v2\/comments?post=353"}],"version-history":[{"count":4,"href":"https:\/\/agora.xtec.cat\/iescirvianum\/wp-json\/wp\/v2\/pages\/353\/revisions"}],"predecessor-version":[{"id":8687,"href":"https:\/\/agora.xtec.cat\/iescirvianum\/wp-json\/wp\/v2\/pages\/353\/revisions\/8687"}],"up":[{"embeddable":true,"href":"https:\/\/agora.xtec.cat\/iescirvianum\/wp-json\/wp\/v2\/pages\/19"}],"wp:attachment":[{"href":"https:\/\/agora.xtec.cat\/iescirvianum\/wp-json\/wp\/v2\/media?parent=353"}],"curies":[{"name":"wp","href":"https:\/\/api.w.org\/{rel}","templated":true}]}}