{"id":348,"date":"2016-11-01T20:55:39","date_gmt":"2016-11-01T19:55:39","guid":{"rendered":"http:\/\/agora.xtec.cat\/iescirvianum\/?page_id=348"},"modified":"2026-04-08T14:00:12","modified_gmt":"2026-04-08T12:00:12","slug":"transport-escolar","status":"publish","type":"page","link":"https:\/\/agora.xtec.cat\/iescirvianum\/secretaria\/transport-escolar\/","title":{"rendered":"Transport escolar"},"content":{"rendered":"<p>&nbsp;<\/p>\n<p><strong>RENOVACIONS<\/strong><\/p>\n<p>Alumnat de l&#8217;Institut<strong> durant el curs 25-26<\/strong> empadronat a Sant Vicen\u00e7 de Torell\u00f3 i Or\u00eds<\/p>\n<ul>\n<li>Del 7 al 14 d&#8217;abril la fam\u00edlia rebr\u00e0 un SMS i\/o un correu electr\u00f2nic amb l&#8217;enlla\u00e7 per realitzar la <strong>renovaci\u00f3 fins el 27 d&#8217;abril de 2026. Aquest correu l&#8217;envia el Consell Comarcal.<\/strong><\/li>\n<li>Recordeu que heu de disposar de certificat digital autoritzat (FNMT, tCat, Cl@ve, <a href=\"https:\/\/www.idcatmobil.cat\/\">IdCAt M\u00f2bil<\/a>, etc.)<\/li>\n<li><strong>Horaris<\/strong>:<a href=\"https:\/\/drive.google.com\/file\/d\/1f9qhZL-1LKp8dBz7XH_67PC_2pabiOpz\/view?usp=sharing\"> \u00a0Ruta Or\u00eds-Sant Vicen\u00e7\u00a0<\/a><\/li>\n<\/ul>\n<p>&nbsp;<\/p>\n<p><span style=\"text-decoration: underline; color: #ff0000;\">ALUMNES DE NOVA INCORPORACI\u00d3 EL CURS 26-27 <span style=\"color: #000000; text-decoration: underline;\">(empadronats a Or\u00eds o Sant Vicen\u00e7 de Torell\u00f3)<\/span><\/span><\/p>\n<ul>\n<li><span style=\"color: #000000;\"><strong>TERMINI<\/strong><\/span> del 18 de maig al 30 de juny<strong>\u00a0&#8211; (ambd\u00f3s inclosos)<\/strong>\n<ul style=\"list-style-type: circle;\">\n<li>De <strong>NOVA<\/strong> incorporaci\u00f3 &#8211; tots els alumnes que comencen a l&#8217;Institut Cirvi\u00e0num o que tenint dret no l&#8217;havien sol\u00b7licitat anteriorment.<\/li>\n<li>Heu de fer la sol\u00b7licitud a trav\u00e9s d&#8217;aquest <a href=\"https:\/\/ajutsescolars.ccosona.cat\/\">enlla\u00e7<\/a>.<\/li>\n<li>Recordeu que heu de disposar de certificat digital autoritzat (FNMT, tCat, Cl@ve, <a href=\"https:\/\/www.idcatmobil.cat\/\">IdCAt M\u00f2bil<\/a>, etc.)<\/li>\n<li>Instruccions<\/li>\n<li><strong>Horaris<\/strong>:<a href=\"https:\/\/drive.google.com\/file\/d\/1f9qhZL-1LKp8dBz7XH_67PC_2pabiOpz\/view?usp=sharing\"> \u00a0Ruta Or\u00eds-Sant Vicen\u00e7\u00a0<\/a><\/li>\n<\/ul>\n<\/li>\n<\/ul>\n<p>&nbsp;<\/p>\n<ul>\n<li><\/li>\n<\/ul>\n<p>&nbsp;<\/p>\n","protected":false},"excerpt":{"rendered":"<p>&nbsp; RENOVACIONS Alumnat de l&#8217;Institut durant el curs 25-26 empadronat a Sant Vicen\u00e7 de Torell\u00f3 i Or\u00eds Del 7 al 14 d&#8217;abril la fam\u00edlia rebr\u00e0 un SMS i\/o un correu electr\u00f2nic amb l&#8217;enlla\u00e7 per realitzar la renovaci\u00f3 fins el 27 d&#8217;abril de 2026. Aquest correu l&#8217;envia el Consell Comarcal. Recordeu que heu de disposar de [&hellip;]<\/p>\n","protected":false},"author":1,"featured_media":0,"parent":81,"menu_order":25,"comment_status":"closed","ping_status":"closed","template":"page-templates\/side-menu.php","meta":{"site-sidebar-layout":"default","site-content-layout":"","ast-site-content-layout":"","site-content-style":"default","site-sidebar-style":"default","ast-global-header-display":"","ast-banner-title-visibility":"","ast-main-header-display":"","ast-hfb-above-header-display":"","ast-hfb-below-header-display":"","ast-hfb-mobile-header-display":"","site-post-title":"","ast-breadcrumbs-content":"","ast-featured-img":"","footer-sml-layout":"","theme-transparent-header-meta":"","adv-header-id-meta":"","stick-header-meta":"","header-above-stick-meta":"","header-main-stick-meta":"","header-below-stick-meta":"","astra-migrate-meta-layouts":"default","ast-page-background-enabled":"default","ast-page-background-meta":{"desktop":{"background-color":"var(--ast-global-color-4)","background-image":"","background-repeat":"repeat","background-position":"center center","background-size":"auto","background-attachment":"scroll","background-type":"","background-media":"","overlay-type":"","overlay-color":"","overlay-opacity":"","overlay-gradient":""},"tablet":{"background-color":"","background-image":"","background-repeat":"repeat","background-position":"center center","background-size":"auto","background-attachment":"scroll","background-type":"","background-media":"","overlay-type":"","overlay-color":"","overlay-opacity":"","overlay-gradient":""},"mobile":{"background-color":"","background-image":"","background-repeat":"repeat","background-position":"center center","background-size":"auto","background-attachment":"scroll","background-type":"","background-media":"","overlay-type":"","overlay-color":"","overlay-opacity":"","overlay-gradient":""}},"ast-content-background-meta":{"desktop":{"background-color":"var(--ast-global-color-5)","background-image":"","background-repeat":"repeat","background-position":"center center","background-size":"auto","background-attachment":"scroll","background-type":"","background-media":"","overlay-type":"","overlay-color":"","overlay-opacity":"","overlay-gradient":""},"tablet":{"background-color":"var(--ast-global-color-5)","background-image":"","background-repeat":"repeat","background-position":"center center","background-size":"auto","background-attachment":"scroll","background-type":"","background-media":"","overlay-type":"","overlay-color":"","overlay-opacity":"","overlay-gradient":""},"mobile":{"background-color":"var(--ast-global-color-5)","background-image":"","background-repeat":"repeat","background-position":"center center","background-size":"auto","background-attachment":"scroll","background-type":"","background-media":"","overlay-type":"","overlay-color":"","overlay-opacity":"","overlay-gradient":""}},"footnotes":""},"class_list":["post-348","page","type-page","status-publish","hentry"],"post_mailing_queue_ids":[],"_links":{"self":[{"href":"https:\/\/agora.xtec.cat\/iescirvianum\/wp-json\/wp\/v2\/pages\/348","targetHints":{"allow":["GET"]}}],"collection":[{"href":"https:\/\/agora.xtec.cat\/iescirvianum\/wp-json\/wp\/v2\/pages"}],"about":[{"href":"https:\/\/agora.xtec.cat\/iescirvianum\/wp-json\/wp\/v2\/types\/page"}],"author":[{"embeddable":true,"href":"https:\/\/agora.xtec.cat\/iescirvianum\/wp-json\/wp\/v2\/users\/1"}],"replies":[{"embeddable":true,"href":"https:\/\/agora.xtec.cat\/iescirvianum\/wp-json\/wp\/v2\/comments?post=348"}],"version-history":[{"count":7,"href":"https:\/\/agora.xtec.cat\/iescirvianum\/wp-json\/wp\/v2\/pages\/348\/revisions"}],"predecessor-version":[{"id":8764,"href":"https:\/\/agora.xtec.cat\/iescirvianum\/wp-json\/wp\/v2\/pages\/348\/revisions\/8764"}],"up":[{"embeddable":true,"href":"https:\/\/agora.xtec.cat\/iescirvianum\/wp-json\/wp\/v2\/pages\/81"}],"wp:attachment":[{"href":"https:\/\/agora.xtec.cat\/iescirvianum\/wp-json\/wp\/v2\/media?parent=348"}],"curies":[{"name":"wp","href":"https:\/\/api.w.org\/{rel}","templated":true}]}}