{"id":329,"date":"2016-10-23T18:49:05","date_gmt":"2016-10-23T16:49:05","guid":{"rendered":"http:\/\/agora.xtec.cat\/iescirvianum\/?page_id=329"},"modified":"2023-09-22T12:12:03","modified_gmt":"2023-09-22T10:12:03","slug":"departaments","status":"publish","type":"page","link":"https:\/\/agora.xtec.cat\/iescirvianum\/linstitut\/departaments\/","title":{"rendered":"Departaments de l&#8217;Institut Cirvi\u00e0num"},"content":{"rendered":"<p>&nbsp;<\/p>\n<table style=\"width: 71.1006%;\">\n<tbody>\n<tr>\n<td style=\"width: 9.06183%;\"><img loading=\"lazy\" decoding=\"async\" class=\"alignleft size-full wp-image-548\" src=\"http:\/\/agora.xtec.cat\/iescirvianum\/wp-content\/uploads\/usu134\/2016\/10\/chat.png\" alt=\"chat\" width=\"48\" height=\"48\" \/><\/td>\n<td style=\"width: 26.8093%;\"><a href=\"http:\/\/agora.xtec.cat\/iescirvianum\/departaments\/departament-de-catala\/\" target=\"_blank\" rel=\"noopener noreferrer\">Departament de Catal\u00e0\u00a0i Castell\u00e0<\/a><\/td>\n<td style=\"width: 9.09005%;\"><img loading=\"lazy\" decoding=\"async\" class=\"alignleft size-full wp-image-544\" src=\"http:\/\/agora.xtec.cat\/iescirvianum\/wp-content\/uploads\/usu134\/2016\/10\/search.png\" alt=\"search\" width=\"48\" height=\"48\" \/><\/td>\n<td style=\"width: 77.1335%;\">\u00a0<a href=\"http:\/\/agora.xtec.cat\/iescirvianum\/departaments\/departament-dexperimentals\/\">Departaments d&#8217;Experimentals<\/a><\/td>\n<\/tr>\n<tr>\n<td style=\"width: 9.06183%;\"><img loading=\"lazy\" decoding=\"async\" class=\"alignleft size-full wp-image-546\" src=\"http:\/\/agora.xtec.cat\/iescirvianum\/wp-content\/uploads\/usu134\/2016\/10\/calculator.png\" alt=\"calculator\" width=\"48\" height=\"48\" \/><\/td>\n<td style=\"width: 26.8093%;\"><a href=\"http:\/\/agora.xtec.cat\/iescirvianum\/departaments\/departament-de-matematiques\/\">Departament\u00a0de Matem\u00e0tiques<\/a><\/td>\n<td style=\"width: 9.09005%;\"><img loading=\"lazy\" decoding=\"async\" class=\"alignleft size-full wp-image-542\" src=\"http:\/\/agora.xtec.cat\/iescirvianum\/wp-content\/uploads\/usu134\/2016\/10\/team.png\" alt=\"team\" width=\"48\" height=\"48\" \/><\/td>\n<td style=\"width: 77.1335%;\">\u00a0<a href=\"http:\/\/agora.xtec.cat\/iescirvianum\/departaments\/departament-de-ciencies-socials\/\" target=\"_blank\" rel=\"noopener noreferrer\">Departament de Ci\u00e8ncies Socials<\/a><\/td>\n<\/tr>\n<tr>\n<td style=\"width: 9.06183%;\"><img loading=\"lazy\" decoding=\"async\" class=\"alignleft size-full wp-image-608\" src=\"http:\/\/agora.xtec.cat\/iescirvianum\/wp-content\/uploads\/usu134\/2016\/10\/translation.png\" alt=\"translation\" width=\"48\" height=\"48\" \/><\/td>\n<td style=\"width: 26.8093%;\"><a href=\"http:\/\/agora.xtec.cat\/iescirvianum\/departaments\/departament-de-idiomes\/\" target=\"_blank\" rel=\"noopener noreferrer\">Departament d&#8217;Idiomes<\/a><\/td>\n<td style=\"width: 9.09005%;\"><img loading=\"lazy\" decoding=\"async\" class=\"alignleft size-full wp-image-540\" src=\"http:\/\/agora.xtec.cat\/iescirvianum\/wp-content\/uploads\/usu134\/2016\/10\/cardiogram.png\" alt=\"cardiogram\" width=\"48\" height=\"48\" \/><\/td>\n<td style=\"width: 77.1335%;\">\u00a0<a href=\"http:\/\/agora.xtec.cat\/iescirvianum\/departaments\/departament-expressions\/\" target=\"_blank\" rel=\"noopener noreferrer\">Departament d&#8217;Expressions (Ed. F\u00edsica, M\u00fasica, Visual i Pl\u00e0stica i\u00a0 \u00a0arts\u00a0 \u00a0esc\u00e8niques)<\/a><\/td>\n<\/tr>\n<tr>\n<td style=\"width: 9.06183%;\"><img loading=\"lazy\" decoding=\"async\" class=\"alignleft size-full wp-image-602\" src=\"http:\/\/agora.xtec.cat\/iescirvianum\/wp-content\/uploads\/usu134\/2016\/10\/cardinal-points.png\" alt=\"cardinal-points\" width=\"48\" height=\"48\" \/><\/td>\n<td style=\"width: 26.8093%;\"><a href=\"http:\/\/agora.xtec.cat\/iescirvianum\/departaments\/departament-de-orientacio\/\" target=\"_blank\" rel=\"noopener noreferrer\">Departament d&#8217;Orientaci\u00f3<\/a><\/td>\n<td style=\"width: 9.09005%;\">\u00a0<img loading=\"lazy\" decoding=\"async\" class=\"alignleft size-full wp-image-517\" src=\"http:\/\/agora.xtec.cat\/iescirvianum\/wp-content\/uploads\/usu134\/2016\/10\/gears.png\" alt=\"gears\" width=\"48\" height=\"48\" \/><\/td>\n<td style=\"width: 77.1335%;\">\u00a0<a href=\"http:\/\/agora.xtec.cat\/iescirvianum\/departaments\/departament-de-tecnologia\/\">Departament de Tecnologia<\/a><\/td>\n<\/tr>\n<tr>\n<td style=\"width: 9.06183%;\">\u00a0<img loading=\"lazy\" decoding=\"async\" class=\"alignleft size-full wp-image-526\" src=\"https:\/\/agora.xtec.cat\/iescirvianum\/wp-content\/uploads\/usu134\/2023\/01\/data-science.png\" alt=\"inform\u00e0tica\" width=\"48\" height=\"48\" \/><\/td>\n<td style=\"width: 26.8093%;\">\u00a0<a href=\"https:\/\/agora.xtec.cat\/iescirvianum\/linstitut\/departaments\/departament-informatica\/\">Departament d&#8217;inform\u00e0tica<\/a><\/td>\n<td style=\"width: 9.09005%;\">\u00a0<img loading=\"lazy\" decoding=\"async\" class=\"alignleft size-full wp-image-598\" src=\"https:\/\/agora.xtec.cat\/iescirvianum\/wp-content\/uploads\/usu134\/2023\/01\/hair-cutting.png\" alt=\"Imatge Personal\" width=\"48\" height=\"48\" \/><\/td>\n<td style=\"width: 77.1335%;\"><a href=\"https:\/\/docs.google.com\/document\/d\/1g_zXZ23gHTcYG32_nZfuJ-giiLLmqvx0Y_UJ88jlVC8\/edit?usp=sharing\">\u00a0<\/a><a href=\"https:\/\/agora.xtec.cat\/iescirvianum\/departaments\/departament-imatge-personal\/\" target=\"_blank\" rel=\"noopener noreferrer\">Departament d&#8217;Imatge Personal<\/a><\/td>\n<\/tr>\n<\/tbody>\n<\/table>\n<p>&nbsp;<\/p>\n<div>Icons made by <a title=\"Freepik\" href=\"http:\/\/www.freepik.com\">Freepik<\/a> from <a title=\"Flaticon\" href=\"http:\/\/www.flaticon.com\">www.flaticon.com<\/a> is licensed by <a title=\"Creative Commons BY 3.0\" href=\"http:\/\/creativecommons.org\/licenses\/by\/3.0\/\" target=\"_blank\" rel=\"noopener noreferrer\">CC 3.0 BY<\/a><\/div>\n<p>&nbsp;<\/p>\n<p>&nbsp;<\/p>\n<p>&nbsp;<\/p>\n<p>&nbsp;<\/p>\n<p>&nbsp;<\/p>\n<p>&nbsp;<\/p>\n","protected":false},"excerpt":{"rendered":"<p>&nbsp; Departament de Catal\u00e0\u00a0i Castell\u00e0 \u00a0Departaments d&#8217;Experimentals Departament\u00a0de Matem\u00e0tiques \u00a0Departament de Ci\u00e8ncies Socials Departament d&#8217;Idiomes \u00a0Departament d&#8217;Expressions (Ed. F\u00edsica, M\u00fasica, Visual i Pl\u00e0stica i\u00a0 \u00a0arts\u00a0 \u00a0esc\u00e8niques) Departament d&#8217;Orientaci\u00f3 \u00a0 \u00a0Departament de Tecnologia \u00a0 \u00a0Departament d&#8217;inform\u00e0tica \u00a0 \u00a0Departament d&#8217;Imatge Personal &nbsp; Icons made by Freepik from www.flaticon.com is licensed by CC 3.0 BY &nbsp; &nbsp; &nbsp; [&hellip;]<\/p>\n","protected":false},"author":1,"featured_media":0,"parent":19,"menu_order":100,"comment_status":"closed","ping_status":"closed","template":"page-templates\/side-menu.php","meta":{"site-sidebar-layout":"default","site-content-layout":"","ast-site-content-layout":"","site-content-style":"default","site-sidebar-style":"default","ast-global-header-display":"","ast-banner-title-visibility":"","ast-main-header-display":"","ast-hfb-above-header-display":"","ast-hfb-below-header-display":"","ast-hfb-mobile-header-display":"","site-post-title":"","ast-breadcrumbs-content":"","ast-featured-img":"","footer-sml-layout":"","theme-transparent-header-meta":"","adv-header-id-meta":"","stick-header-meta":"","header-above-stick-meta":"","header-main-stick-meta":"","header-below-stick-meta":"","astra-migrate-meta-layouts":"default","ast-page-background-enabled":"default","ast-page-background-meta":{"desktop":{"background-color":"var(--ast-global-color-4)","background-image":"","background-repeat":"repeat","background-position":"center center","background-size":"auto","background-attachment":"scroll","background-type":"","background-media":"","overlay-type":"","overlay-color":"","overlay-opacity":"","overlay-gradient":""},"tablet":{"background-color":"","background-image":"","background-repeat":"repeat","background-position":"center center","background-size":"auto","background-attachment":"scroll","background-type":"","background-media":"","overlay-type":"","overlay-color":"","overlay-opacity":"","overlay-gradient":""},"mobile":{"background-color":"","background-image":"","background-repeat":"repeat","background-position":"center center","background-size":"auto","background-attachment":"scroll","background-type":"","background-media":"","overlay-type":"","overlay-color":"","overlay-opacity":"","overlay-gradient":""}},"ast-content-background-meta":{"desktop":{"background-color":"var(--ast-global-color-5)","background-image":"","background-repeat":"repeat","background-position":"center center","background-size":"auto","background-attachment":"scroll","background-type":"","background-media":"","overlay-type":"","overlay-color":"","overlay-opacity":"","overlay-gradient":""},"tablet":{"background-color":"var(--ast-global-color-5)","background-image":"","background-repeat":"repeat","background-position":"center center","background-size":"auto","background-attachment":"scroll","background-type":"","background-media":"","overlay-type":"","overlay-color":"","overlay-opacity":"","overlay-gradient":""},"mobile":{"background-color":"var(--ast-global-color-5)","background-image":"","background-repeat":"repeat","background-position":"center center","background-size":"auto","background-attachment":"scroll","background-type":"","background-media":"","overlay-type":"","overlay-color":"","overlay-opacity":"","overlay-gradient":""}},"footnotes":""},"class_list":["post-329","page","type-page","status-publish","hentry"],"post_mailing_queue_ids":[],"_links":{"self":[{"href":"https:\/\/agora.xtec.cat\/iescirvianum\/wp-json\/wp\/v2\/pages\/329","targetHints":{"allow":["GET"]}}],"collection":[{"href":"https:\/\/agora.xtec.cat\/iescirvianum\/wp-json\/wp\/v2\/pages"}],"about":[{"href":"https:\/\/agora.xtec.cat\/iescirvianum\/wp-json\/wp\/v2\/types\/page"}],"author":[{"embeddable":true,"href":"https:\/\/agora.xtec.cat\/iescirvianum\/wp-json\/wp\/v2\/users\/1"}],"replies":[{"embeddable":true,"href":"https:\/\/agora.xtec.cat\/iescirvianum\/wp-json\/wp\/v2\/comments?post=329"}],"version-history":[{"count":4,"href":"https:\/\/agora.xtec.cat\/iescirvianum\/wp-json\/wp\/v2\/pages\/329\/revisions"}],"predecessor-version":[{"id":7808,"href":"https:\/\/agora.xtec.cat\/iescirvianum\/wp-json\/wp\/v2\/pages\/329\/revisions\/7808"}],"up":[{"embeddable":true,"href":"https:\/\/agora.xtec.cat\/iescirvianum\/wp-json\/wp\/v2\/pages\/19"}],"wp:attachment":[{"href":"https:\/\/agora.xtec.cat\/iescirvianum\/wp-json\/wp\/v2\/media?parent=329"}],"curies":[{"name":"wp","href":"https:\/\/api.w.org\/{rel}","templated":true}]}}