{"id":2416,"date":"2019-05-20T19:27:29","date_gmt":"2019-05-20T17:27:29","guid":{"rendered":"http:\/\/agora.xtec.cat\/iescirvianum\/?page_id=2416"},"modified":"2019-11-14T11:52:15","modified_gmt":"2019-11-14T10:52:15","slug":"cfgm-perruqueria-i-estetica-capillar","status":"publish","type":"page","link":"https:\/\/agora.xtec.cat\/iescirvianum\/cfgm-perruqueria-i-estetica-capillar\/","title":{"rendered":"CFGM Perruqueria i Cosm\u00e8tica Capil\u00b7lar"},"content":{"rendered":"<p><img loading=\"lazy\" decoding=\"async\" class=\"aligncenter size-full wp-image-2590\" src=\"https:\/\/agora.xtec.cat\/iescirvianum\/wp-content\/uploads\/usu134\/2019\/10\/bannerwebPELU.png\" alt=\"\" width=\"1000\" height=\"200\" srcset=\"https:\/\/agora.xtec.cat\/iescirvianum\/wp-content\/uploads\/usu134\/2019\/10\/bannerwebPELU.png 1000w, https:\/\/agora.xtec.cat\/iescirvianum\/wp-content\/uploads\/usu134\/2019\/10\/bannerwebPELU-300x60.png 300w, https:\/\/agora.xtec.cat\/iescirvianum\/wp-content\/uploads\/usu134\/2019\/10\/bannerwebPELU-768x154.png 768w\" sizes=\"auto, (max-width: 1000px) 100vw, 1000px\" \/><\/p>\n<p><strong><span style=\"color: #000080; font-size: 1.5em;\">Fam\u00edlia: Imatge Personal (Grau mitj\u00e0 de Perruqueria i cosm\u00e8tica capil\u00b7lar)<\/span><\/strong><\/p>\n<p><span style=\"color: #0000ff; font-size: 1.2em;\"><strong>Qu\u00e8 aprendr\u00e0s a fer?<\/strong><\/span><\/p>\n<ul>\n<li>Rebre, emmagatzemar i distribuir el material de perruqueria, controlant el seu consum i l&#8217;estoc.<\/li>\n<li>Atendre el client en totes les fases del proc\u00e9s, aplicant procediments establerts.<\/li>\n<li>Comprovar l&#8217;estat del cabell i cuir cabellut, manejant instruments d&#8217;observaci\u00f3.<\/li>\n<li>Preparar i posar a punt el lloc de treball i instal\u00b7lacions, mantenint-los en condicions \u00f2ptimes per a la seva utilitzaci\u00f3.<\/li>\n<li>Realitzar canvis de forma permanents en el cabell, seguint les especificacions establertes.<\/li>\n<li>Tenyir i descolorir la tija capil\u00b7lar seleccionant cosm\u00e8tics, t\u00e8cniques i procediments.<\/li>\n<li>Canviar la longitud del cabell seleccionant eines, accessoris i \u00fatils segons les diferents t\u00e8cniques i estils de tall.<\/li>\n<li>Efectuar pentinats i recollits, amb o sense pr\u00f2tesi piloses, personalitzant i adaptant-los a les necessitats del client.<\/li>\n<li>Aplicar t\u00e8cniques de manicura i pedicura per a l&#8217;embelliment i cura de les mans, peus i ungles.<\/li>\n<li>Realitzar t\u00e8cniques de barberia i perruqueria masculina identificant les demandes i necessitats del client.<\/li>\n<\/ul>\n<p><span style=\"color: #000080;\"><strong>Durada<\/strong> 2 cursos<\/span><\/p>\n<ul>\n<li><strong>Cicle formatiu en modalitat DUAL de nova implantaci\u00f3 a l&#8217;Institut Cirvi\u00e0num de Torell\u00f3.<\/strong><\/li>\n<\/ul>\n","protected":false},"excerpt":{"rendered":"<p>Fam\u00edlia: Imatge Personal (Grau mitj\u00e0 de Perruqueria i cosm\u00e8tica capil\u00b7lar) Qu\u00e8 aprendr\u00e0s a fer? Rebre, emmagatzemar i distribuir el material de perruqueria, controlant el seu consum i l&#8217;estoc. Atendre el client en totes les fases del proc\u00e9s, aplicant procediments establerts. Comprovar l&#8217;estat del cabell i cuir cabellut, manejant instruments d&#8217;observaci\u00f3. Preparar i posar a punt [&hellip;]<\/p>\n","protected":false},"author":1,"featured_media":0,"parent":0,"menu_order":0,"comment_status":"closed","ping_status":"closed","template":"","meta":{"site-sidebar-layout":"default","site-content-layout":"","ast-site-content-layout":"","site-content-style":"default","site-sidebar-style":"default","ast-global-header-display":"","ast-banner-title-visibility":"","ast-main-header-display":"","ast-hfb-above-header-display":"","ast-hfb-below-header-display":"","ast-hfb-mobile-header-display":"","site-post-title":"","ast-breadcrumbs-content":"","ast-featured-img":"","footer-sml-layout":"","theme-transparent-header-meta":"","adv-header-id-meta":"","stick-header-meta":"","header-above-stick-meta":"","header-main-stick-meta":"","header-below-stick-meta":"","astra-migrate-meta-layouts":"default","ast-page-background-enabled":"default","ast-page-background-meta":{"desktop":{"background-color":"var(--ast-global-color-4)","background-image":"","background-repeat":"repeat","background-position":"center center","background-size":"auto","background-attachment":"scroll","background-type":"","background-media":"","overlay-type":"","overlay-color":"","overlay-opacity":"","overlay-gradient":""},"tablet":{"background-color":"","background-image":"","background-repeat":"repeat","background-position":"center center","background-size":"auto","background-attachment":"scroll","background-type":"","background-media":"","overlay-type":"","overlay-color":"","overlay-opacity":"","overlay-gradient":""},"mobile":{"background-color":"","background-image":"","background-repeat":"repeat","background-position":"center center","background-size":"auto","background-attachment":"scroll","background-type":"","background-media":"","overlay-type":"","overlay-color":"","overlay-opacity":"","overlay-gradient":""}},"ast-content-background-meta":{"desktop":{"background-color":"var(--ast-global-color-5)","background-image":"","background-repeat":"repeat","background-position":"center center","background-size":"auto","background-attachment":"scroll","background-type":"","background-media":"","overlay-type":"","overlay-color":"","overlay-opacity":"","overlay-gradient":""},"tablet":{"background-color":"var(--ast-global-color-5)","background-image":"","background-repeat":"repeat","background-position":"center center","background-size":"auto","background-attachment":"scroll","background-type":"","background-media":"","overlay-type":"","overlay-color":"","overlay-opacity":"","overlay-gradient":""},"mobile":{"background-color":"var(--ast-global-color-5)","background-image":"","background-repeat":"repeat","background-position":"center center","background-size":"auto","background-attachment":"scroll","background-type":"","background-media":"","overlay-type":"","overlay-color":"","overlay-opacity":"","overlay-gradient":""}},"footnotes":""},"class_list":["post-2416","page","type-page","status-publish","hentry"],"post_mailing_queue_ids":[],"_links":{"self":[{"href":"https:\/\/agora.xtec.cat\/iescirvianum\/wp-json\/wp\/v2\/pages\/2416","targetHints":{"allow":["GET"]}}],"collection":[{"href":"https:\/\/agora.xtec.cat\/iescirvianum\/wp-json\/wp\/v2\/pages"}],"about":[{"href":"https:\/\/agora.xtec.cat\/iescirvianum\/wp-json\/wp\/v2\/types\/page"}],"author":[{"embeddable":true,"href":"https:\/\/agora.xtec.cat\/iescirvianum\/wp-json\/wp\/v2\/users\/1"}],"replies":[{"embeddable":true,"href":"https:\/\/agora.xtec.cat\/iescirvianum\/wp-json\/wp\/v2\/comments?post=2416"}],"version-history":[{"count":4,"href":"https:\/\/agora.xtec.cat\/iescirvianum\/wp-json\/wp\/v2\/pages\/2416\/revisions"}],"predecessor-version":[{"id":4034,"href":"https:\/\/agora.xtec.cat\/iescirvianum\/wp-json\/wp\/v2\/pages\/2416\/revisions\/4034"}],"wp:attachment":[{"href":"https:\/\/agora.xtec.cat\/iescirvianum\/wp-json\/wp\/v2\/media?parent=2416"}],"curies":[{"name":"wp","href":"https:\/\/api.w.org\/{rel}","templated":true}]}}