{"id":2295,"date":"2019-04-11T11:28:24","date_gmt":"2019-04-11T09:28:24","guid":{"rendered":"http:\/\/agora.xtec.cat\/iescirvianum\/?page_id=2295"},"modified":"2026-02-06T08:59:32","modified_gmt":"2026-02-06T07:59:32","slug":"beques-i-ajuts","status":"publish","type":"page","link":"https:\/\/agora.xtec.cat\/iescirvianum\/secretaria\/beques-i-ajuts\/","title":{"rendered":"Beques i ajuts"},"content":{"rendered":"<h4><\/h4>\n<h4><a href=\"https:\/\/drive.google.com\/file\/d\/1kZQi9RtTejoe97Mg_EaJEjjyyaahHnaU\/view?usp=sharing\"><span style=\"color: #000000;\"><strong>Convocat\u00f2ria d&#8217;ajuts de llibres, material i activitats 26-27<\/strong><\/span><\/a><\/h4>\n<p>Les sol\u00b7licituds es podran presentar per Internet\u00a0<b>a trav\u00e9s de la web del Consorci<\/b>\u00a0<a href=\"http:\/\/ajuts.osonaacciosocial.cat\/\">http:\/\/ajuts.osonaacciosocial.cat\/<\/a>, o b\u00e9 presencialment a les Oficines del Consorci de Serveis Socials d\u2019Osona,\u00a0<b>Edifici Audit\u00f2rium \u2013 C\/ Mol\u00ed d\u2019en Saborit, n\u00ba 2, 1er pis, Porta 3 \u2013 08500 Vic.<\/b><\/p>\n<p>El termini per a presentar la sol\u00b7licitud ser\u00e0 del &#8230;&#8230;&#8230;&#8230;&#8230;&#8230;&#8230;&#8230;&#8230;&#8230;&#8230;&#8230;&#8230;&#8230;&#8230;&#8230;., ambd\u00f3s inclosos.<\/p>\n<p>Per poder tenir acc\u00e9s a la convocat\u00f2ria, les persones benefici\u00e0ries dels ajuts han d\u2019estar empadronats a un dels <a href=\"https:\/\/ajuts.osonaacciosocial.cat\/llibres\/dades-convocatoria\">seg\u00fcents municipis,<\/a><\/p>\n<p><a href=\"https:\/\/ajuts.osonaacciosocial.cat\/llibres\/dades-convocatoria\">Criteris econ\u00f2mics<\/a><\/p>\n<h4><\/h4>\n<h4><span style=\"color: #000000;\"><strong>Beques per a ensenyaments potsobligatoris no universitaris (BTX, SMX, PCC, DAW i PFI)<\/strong><\/span><\/h4>\n<p>Beques convocades pel Ministeri d&#8217;Educaci\u00f3 i Formaci\u00f3 Professional.<\/p>\n<ul>\n<li><a href=\"http:\/\/ensenyament.gencat.cat\/ca\/tramits\/tramits-temes\/247-beques-ministerio-postobligatoris?moda=1\">Informaci\u00f3 i com sol\u00b7licitar la beca.<\/a><\/li>\n<\/ul>\n<h4><\/h4>\n<h4><span style=\"color: #000000;\"><strong>Ajuts per a alumnes amb necessitat espec\u00edfica de suport educatiu (per tots els ensenyaments)<\/strong><\/span><\/h4>\n<ul>\n<li><a href=\"http:\/\/ensenyament.gencat.cat\/ca\/tramits\/tramits-temes\/358-ajuts-ministerio-NEE?moda=1\">Informaci\u00f3 i com sol\u00b7licitar l&#8217;ajut.\u00a0<\/a><\/li>\n<\/ul>\n<p>&nbsp;<\/p>\n<p>&nbsp;<\/p>\n","protected":false},"excerpt":{"rendered":"<p>Convocat\u00f2ria d&#8217;ajuts de llibres, material i activitats 26-27 Les sol\u00b7licituds es podran presentar per Internet\u00a0a trav\u00e9s de la web del Consorci\u00a0http:\/\/ajuts.osonaacciosocial.cat\/, o b\u00e9 presencialment a les Oficines del Consorci de Serveis Socials d\u2019Osona,\u00a0Edifici Audit\u00f2rium \u2013 C\/ Mol\u00ed d\u2019en Saborit, n\u00ba 2, 1er pis, Porta 3 \u2013 08500 Vic. El termini per a presentar la sol\u00b7licitud [&hellip;]<\/p>\n","protected":false},"author":6,"featured_media":0,"parent":81,"menu_order":15,"comment_status":"closed","ping_status":"closed","template":"page-templates\/side-menu.php","meta":{"site-sidebar-layout":"default","site-content-layout":"","ast-site-content-layout":"","site-content-style":"default","site-sidebar-style":"default","ast-global-header-display":"","ast-banner-title-visibility":"","ast-main-header-display":"","ast-hfb-above-header-display":"","ast-hfb-below-header-display":"","ast-hfb-mobile-header-display":"","site-post-title":"","ast-breadcrumbs-content":"","ast-featured-img":"","footer-sml-layout":"","theme-transparent-header-meta":"","adv-header-id-meta":"","stick-header-meta":"","header-above-stick-meta":"","header-main-stick-meta":"","header-below-stick-meta":"","astra-migrate-meta-layouts":"default","ast-page-background-enabled":"default","ast-page-background-meta":{"desktop":{"background-color":"var(--ast-global-color-4)","background-image":"","background-repeat":"repeat","background-position":"center center","background-size":"auto","background-attachment":"scroll","background-type":"","background-media":"","overlay-type":"","overlay-color":"","overlay-opacity":"","overlay-gradient":""},"tablet":{"background-color":"","background-image":"","background-repeat":"repeat","background-position":"center center","background-size":"auto","background-attachment":"scroll","background-type":"","background-media":"","overlay-type":"","overlay-color":"","overlay-opacity":"","overlay-gradient":""},"mobile":{"background-color":"","background-image":"","background-repeat":"repeat","background-position":"center center","background-size":"auto","background-attachment":"scroll","background-type":"","background-media":"","overlay-type":"","overlay-color":"","overlay-opacity":"","overlay-gradient":""}},"ast-content-background-meta":{"desktop":{"background-color":"var(--ast-global-color-5)","background-image":"","background-repeat":"repeat","background-position":"center center","background-size":"auto","background-attachment":"scroll","background-type":"","background-media":"","overlay-type":"","overlay-color":"","overlay-opacity":"","overlay-gradient":""},"tablet":{"background-color":"var(--ast-global-color-5)","background-image":"","background-repeat":"repeat","background-position":"center center","background-size":"auto","background-attachment":"scroll","background-type":"","background-media":"","overlay-type":"","overlay-color":"","overlay-opacity":"","overlay-gradient":""},"mobile":{"background-color":"var(--ast-global-color-5)","background-image":"","background-repeat":"repeat","background-position":"center center","background-size":"auto","background-attachment":"scroll","background-type":"","background-media":"","overlay-type":"","overlay-color":"","overlay-opacity":"","overlay-gradient":""}},"footnotes":""},"class_list":["post-2295","page","type-page","status-publish","hentry"],"post_mailing_queue_ids":[],"_links":{"self":[{"href":"https:\/\/agora.xtec.cat\/iescirvianum\/wp-json\/wp\/v2\/pages\/2295","targetHints":{"allow":["GET"]}}],"collection":[{"href":"https:\/\/agora.xtec.cat\/iescirvianum\/wp-json\/wp\/v2\/pages"}],"about":[{"href":"https:\/\/agora.xtec.cat\/iescirvianum\/wp-json\/wp\/v2\/types\/page"}],"author":[{"embeddable":true,"href":"https:\/\/agora.xtec.cat\/iescirvianum\/wp-json\/wp\/v2\/users\/6"}],"replies":[{"embeddable":true,"href":"https:\/\/agora.xtec.cat\/iescirvianum\/wp-json\/wp\/v2\/comments?post=2295"}],"version-history":[{"count":6,"href":"https:\/\/agora.xtec.cat\/iescirvianum\/wp-json\/wp\/v2\/pages\/2295\/revisions"}],"predecessor-version":[{"id":8653,"href":"https:\/\/agora.xtec.cat\/iescirvianum\/wp-json\/wp\/v2\/pages\/2295\/revisions\/8653"}],"up":[{"embeddable":true,"href":"https:\/\/agora.xtec.cat\/iescirvianum\/wp-json\/wp\/v2\/pages\/81"}],"wp:attachment":[{"href":"https:\/\/agora.xtec.cat\/iescirvianum\/wp-json\/wp\/v2\/media?parent=2295"}],"curies":[{"name":"wp","href":"https:\/\/api.w.org\/{rel}","templated":true}]}}