{"id":195,"date":"2014-09-22T10:39:39","date_gmt":"2014-09-22T10:39:39","guid":{"rendered":"http:\/\/agora.xtec.cat\/iescirvianum\/?page_id=195"},"modified":"2021-05-20T19:54:36","modified_gmt":"2021-05-20T17:54:36","slug":"estudis","status":"publish","type":"page","link":"https:\/\/agora.xtec.cat\/iescirvianum\/estudis\/","title":{"rendered":"Estudis"},"content":{"rendered":"<h3><a href=\"https:\/\/agora.xtec.cat\/iescirvianum\/categoria\/eso\/\">Educaci\u00f3 secund\u00e0ria obligat\u00f2ria. ESO<\/a><\/h3>\n<h3><a href=\"https:\/\/agora.xtec.cat\/iescirvianum\/categoria\/batxillerat\/\">Batxillerat: ci\u00e8ncies i tecnologia, humanitats i ci\u00e8ncies socials i arts. BATXILLERAT<\/a><\/h3>\n<h3><a href=\"https:\/\/agora.xtec.cat\/iescirvianum\/estudis\/cicles-formatius\/\">Cicles Formatius<\/a><\/h3>\n<h3><a href=\"https:\/\/agora.xtec.cat\/iescirvianum\/cicles-formatius\/cfb-informatica-doficina\/\">Cicle formatiu de grau b\u00e0sic: Inform\u00e0tica d&#8217;oficina. CFGB IO<\/a><\/h3>\n<h3><a href=\"https:\/\/agora.xtec.cat\/iescirvianum\/cicles-formatius\/cfgm-sistemes-microinformatics-i-xarxes\/\">Cicle formatiu de grau mitj\u00e0: Sistemes microinform\u00e0tics i xarxes. CFGM SMX<\/a><\/h3>\n<h3><a href=\"https:\/\/agora.xtec.cat\/iescirvianum\/cicles-formatius\/cfgm-perruqueria-i-cosmetica-capillar\/\">Cicle formatiu de grau mitj\u00e0: Perruqueria i cosm\u00e8tica capil\u00b7lar. CFGM PCC<\/a><\/h3>\n<h3><a href=\"https:\/\/agora.xtec.cat\/iescirvianum\/cicles-formatius\/cfgs-desenvolupament-daplicacions-web\/\">Cicle Formatiu de grau superior: Desenvolupament d\u2019aplicacions web. CFGS DAW<\/a><\/h3>\n<p>&nbsp;<\/p>\n<p>&nbsp;<\/p>\n<div class=\"entry-content\" style=\"color: #444444;\"><\/div>\n","protected":false},"excerpt":{"rendered":"<p>Educaci\u00f3 secund\u00e0ria obligat\u00f2ria. ESO Batxillerat: ci\u00e8ncies i tecnologia, humanitats i ci\u00e8ncies socials i arts. BATXILLERAT Cicles Formatius Cicle formatiu de grau b\u00e0sic: Inform\u00e0tica d&#8217;oficina. CFGB IO Cicle formatiu de grau mitj\u00e0: Sistemes microinform\u00e0tics i xarxes. CFGM SMX Cicle formatiu de grau mitj\u00e0: Perruqueria i cosm\u00e8tica capil\u00b7lar. CFGM PCC Cicle Formatiu de grau superior: Desenvolupament d\u2019aplicacions [&hellip;]<\/p>\n","protected":false},"author":1,"featured_media":0,"parent":0,"menu_order":0,"comment_status":"closed","ping_status":"closed","template":"page-templates\/side-menu.php","meta":{"site-sidebar-layout":"default","site-content-layout":"","ast-site-content-layout":"","site-content-style":"default","site-sidebar-style":"default","ast-global-header-display":"","ast-banner-title-visibility":"","ast-main-header-display":"","ast-hfb-above-header-display":"","ast-hfb-below-header-display":"","ast-hfb-mobile-header-display":"","site-post-title":"","ast-breadcrumbs-content":"","ast-featured-img":"","footer-sml-layout":"","theme-transparent-header-meta":"","adv-header-id-meta":"","stick-header-meta":"","header-above-stick-meta":"","header-main-stick-meta":"","header-below-stick-meta":"","astra-migrate-meta-layouts":"default","ast-page-background-enabled":"default","ast-page-background-meta":{"desktop":{"background-color":"var(--ast-global-color-4)","background-image":"","background-repeat":"repeat","background-position":"center center","background-size":"auto","background-attachment":"scroll","background-type":"","background-media":"","overlay-type":"","overlay-color":"","overlay-opacity":"","overlay-gradient":""},"tablet":{"background-color":"","background-image":"","background-repeat":"repeat","background-position":"center center","background-size":"auto","background-attachment":"scroll","background-type":"","background-media":"","overlay-type":"","overlay-color":"","overlay-opacity":"","overlay-gradient":""},"mobile":{"background-color":"","background-image":"","background-repeat":"repeat","background-position":"center center","background-size":"auto","background-attachment":"scroll","background-type":"","background-media":"","overlay-type":"","overlay-color":"","overlay-opacity":"","overlay-gradient":""}},"ast-content-background-meta":{"desktop":{"background-color":"var(--ast-global-color-5)","background-image":"","background-repeat":"repeat","background-position":"center center","background-size":"auto","background-attachment":"scroll","background-type":"","background-media":"","overlay-type":"","overlay-color":"","overlay-opacity":"","overlay-gradient":""},"tablet":{"background-color":"var(--ast-global-color-5)","background-image":"","background-repeat":"repeat","background-position":"center center","background-size":"auto","background-attachment":"scroll","background-type":"","background-media":"","overlay-type":"","overlay-color":"","overlay-opacity":"","overlay-gradient":""},"mobile":{"background-color":"var(--ast-global-color-5)","background-image":"","background-repeat":"repeat","background-position":"center center","background-size":"auto","background-attachment":"scroll","background-type":"","background-media":"","overlay-type":"","overlay-color":"","overlay-opacity":"","overlay-gradient":""}},"footnotes":""},"class_list":["post-195","page","type-page","status-publish","hentry"],"post_mailing_queue_ids":[],"_links":{"self":[{"href":"https:\/\/agora.xtec.cat\/iescirvianum\/wp-json\/wp\/v2\/pages\/195","targetHints":{"allow":["GET"]}}],"collection":[{"href":"https:\/\/agora.xtec.cat\/iescirvianum\/wp-json\/wp\/v2\/pages"}],"about":[{"href":"https:\/\/agora.xtec.cat\/iescirvianum\/wp-json\/wp\/v2\/types\/page"}],"author":[{"embeddable":true,"href":"https:\/\/agora.xtec.cat\/iescirvianum\/wp-json\/wp\/v2\/users\/1"}],"replies":[{"embeddable":true,"href":"https:\/\/agora.xtec.cat\/iescirvianum\/wp-json\/wp\/v2\/comments?post=195"}],"version-history":[{"count":4,"href":"https:\/\/agora.xtec.cat\/iescirvianum\/wp-json\/wp\/v2\/pages\/195\/revisions"}],"predecessor-version":[{"id":5559,"href":"https:\/\/agora.xtec.cat\/iescirvianum\/wp-json\/wp\/v2\/pages\/195\/revisions\/5559"}],"wp:attachment":[{"href":"https:\/\/agora.xtec.cat\/iescirvianum\/wp-json\/wp\/v2\/media?parent=195"}],"curies":[{"name":"wp","href":"https:\/\/api.w.org\/{rel}","templated":true}]}}