{"id":7048,"date":"2023-03-02T12:52:43","date_gmt":"2023-03-02T11:52:43","guid":{"rendered":"https:\/\/agora.xtec.cat\/iescastellodempuries\/?page_id=7048"},"modified":"2024-06-30T09:45:39","modified_gmt":"2024-06-30T07:45:39","slug":"preinscripcio-curs-2023-24","status":"publish","type":"page","link":"https:\/\/agora.xtec.cat\/iescastellodempuries\/secretaria\/preinscripcio-curs-2023-24\/","title":{"rendered":"PREINSCRIPCI\u00d3 CURS 2023\/24"},"content":{"rendered":"<hr \/>\n<h3 style=\"text-align: center;\">ESO<\/h3>\n<ul>\n<li><a href=\"https:\/\/agora.xtec.cat\/iescastellodempuries\/wp-content\/uploads\/usu1409\/2023\/06\/INFORME_LLISTA_ESPERA_OME_LLISTA_ESPERA-4.pdf\" target=\"_blank\" rel=\"noopener\"><span dir=\"ltr\" role=\"presentation\">Publicaci\u00f3 de la llista d&#8217;espera del centre<\/span><\/a> <span style=\"color: #ff0000;\">(12\/06\/2023)<\/span><\/li>\n<li><a href=\"https:\/\/agora.xtec.cat\/iescastellodempuries\/wp-content\/uploads\/usu1409\/2023\/06\/INFORME_ASSIGNADES_INFORME_ASSIGNADES-9.pdf\" target=\"_blank\" rel=\"noopener\"><span dir=\"ltr\" role=\"presentation\">Alumnes assignats al centre amb indicaci\u00f3 de la primera petici\u00f3<\/span><\/a>\u00a0<span style=\"color: #ff0000;\">(12\/06\/2023)<\/span><\/li>\n<li><a href=\"https:\/\/agora.xtec.cat\/iescastellodempuries\/wp-content\/uploads\/usu1409\/2023\/06\/oferta-definitiva.pdf\" target=\"_blank\" rel=\"noopener\">Publicaci\u00f3 de l&#8217;oferta definitiva de places<\/a> <span style=\"color: #ff0000;\">(09\/06\/2023)<\/span><\/li>\n<li><a href=\"https:\/\/agora.xtec.cat\/iescastellodempuries\/wp-content\/uploads\/usu1409\/2023\/05\/INFORME_BAREM_DEFINITIU_BAREM-5.pdf\" target=\"_blank\" rel=\"noopener\">Llista de sol\u00b7licituds que han demanat el centre i l&#8217;ensenyament en primera petici\u00f3 ordenada <\/a><span style=\"color: #ff0000;\">(11\/05\/2023)<\/span><\/li>\n<li><a href=\"https:\/\/agora.xtec.cat\/iescastellodempuries\/wp-content\/uploads\/usu1409\/2023\/05\/INFORME_BAREM_RESOLTES_BAREM-4.pdf\" target=\"_blank\" rel=\"noopener\">Llista de sol\u00b7licituds que han demanat el centre i l&#8217;ensenyament en primera petici\u00f3 un cop resoltes les reclamacion<\/a><a href=\"https:\/\/agora.xtec.cat\/iescastellodempuries\/wp-content\/uploads\/usu1409\/2023\/05\/INFORME_BAREM_RESOLTES_BAREM-4.pdf\" target=\"_blank\" rel=\"noopener\">s<\/a> <span style=\"color: #ff0000;\">(03\/05\/2023)<\/span><\/li>\n<li><a href=\"https:\/\/agora.xtec.cat\/iescastellodempuries\/wp-content\/uploads\/usu1409\/2023\/04\/Publicacio-de-la-llista-de-sollicituds-que-han-demanat-el-centre-i-lensenyament-en-primera.pdf\" target=\"_blank\" rel=\"noopener\">Llista de sol\u00b7licituds que han demanat el centre i l&#8217;ensenyament en primera petici\u00f3 amb la puntuaci\u00f3 provisional<\/a> <span style=\"color: #ff0000;\">(21\/04\/2023)<\/span><\/li>\n<li><a href=\"https:\/\/agora.xtec.cat\/iescastellodempuries\/docs\/preinscripcio-eso-curs-2023-24\/\" target=\"_blank\" rel=\"noopener\">Preinscripci\u00f3 ESO. Informaci\u00f3<\/a> <span style=\"color: #ff0000;\">(02\/03\/2023)<\/span><\/li>\n<\/ul>\n<hr \/>\n<h3 style=\"text-align: center;\">BATXILLERAT<\/h3>\n<ul>\n<li><a href=\"https:\/\/agora.xtec.cat\/iescastellodempuries\/wp-content\/uploads\/usu1409\/2023\/06\/INFORME_OFERTA_OME_INFORME_OFERTA-7.pdf\" target=\"_blank\" rel=\"noopener\">Publicaci\u00f3 de l&#8217;oferta definitiva de places\u00a0<\/a> <span style=\"color: #ff0000;\">(20\/06\/2023)<\/span><\/li>\n<li><a href=\"https:\/\/agora.xtec.cat\/iescastellodempuries\/wp-content\/uploads\/usu1409\/2023\/06\/INFORME_BAREM_DEFINITIU_BAREM-6.pdf\" target=\"_blank\" rel=\"noopener\">Llista de sol\u00b7licituds que han demanat el centre i l\u2019ensenyament en primera petici\u00f3 ordenada\u00a0<\/a><span style=\"color: #ff0000;\">(8\/06\/2023)<\/span><\/li>\n<li><a href=\"https:\/\/agora.xtec.cat\/iescastellodempuries\/wp-content\/uploads\/usu1409\/2023\/05\/BTX-INFORME_BAREM_PROVISIONAL_BAREM-2.pdf\" target=\"_blank\" rel=\"noopener\">Llista de sol\u00b7licituds que han demanat el centre i l&#8217;ensenyament en primera petici\u00f3 amb la puntuaci\u00f3 provisional<\/a> <span style=\"color: #ff0000;\">(22\/05\/2023)<\/span><\/li>\n<li><a href=\"https:\/\/agora.xtec.cat\/iescastellodempuries\/wp-content\/uploads\/usu1409\/2023\/04\/INFORME_OFERTA_OME_INFORME_OFERTA-4.pdf\" target=\"_blank\" rel=\"noopener\">Publicaci\u00f3 de la oferta inicial de places<\/a> <span style=\"color: #ff0000;\">(18\/04\/2023)<\/span><\/li>\n<li><a href=\"https:\/\/agora.xtec.cat\/iescastellodempuries\/wp-content\/uploads\/usu1409\/2023\/04\/BTX-23-24.pdf\" target=\"_blank\" rel=\"noopener\">Preinscripci\u00f3 BAT. Informaci\u00f3<\/a> <span style=\"color: #ff0000;\">(13\/04\/2023)<\/span><\/li>\n<\/ul>\n<hr \/>\n<h3 style=\"text-align: center;\">CFGM<\/h3>\n<ul>\n<li><a href=\"https:\/\/agora.xtec.cat\/iescastellodempuries\/wp-content\/uploads\/usu1409\/2023\/06\/SIM-170060823062917370.pdf\" target=\"_blank\" rel=\"noopener\">Oferta definitiva de places i Alumnes assignats al centre amb indicaci\u00f3 de la primera petici\u00f3<\/a> <span style=\"color: #ff0000;\">(30\/06\/2023)<\/span><\/li>\n<li><a href=\"https:\/\/agora.xtec.cat\/iescastellodempuries\/wp-content\/uploads\/usu1409\/2023\/06\/SIM-170060823062021190.pdf\" target=\"_blank\" rel=\"noopener\">Llista de sol\u00b7licituds que han demanat el centre i l&#8217;ensenyament en primera petici\u00f3 ordenada<\/a> <span style=\"color: #ff0000;\">(22\/06\/2023)<\/span><\/li>\n<li><a href=\"https:\/\/agora.xtec.cat\/iescastellodempuries\/wp-content\/uploads\/usu1409\/2023\/06\/Llistes-CFGM-23-24.pdf\" target=\"_blank\" rel=\"noopener\">Llista de sol\u00b7licituds que han demanat el centre i l&#8217;ensenyament en primera petici\u00f3 un cop resoltes les reclamacions<\/a> <span style=\"color: #ff0000;\">(14\/06\/2023)<\/span><\/li>\n<li><a href=\"https:\/\/agora.xtec.cat\/iescastellodempuries\/wp-content\/uploads\/usu1409\/2023\/05\/INFORME_BAREM_PROVISIONAL_BAREM_CONT-CFGM.pdf\" target=\"_blank\" rel=\"noopener\">Llista de sol\u00b7licituds que han demanat el centre i l&#8217;ensenyament en primera petici\u00f3 amb la puntuaci\u00f3 provisional (alumnat de continu\u00eftat)<\/a> <span style=\"color: #ff0000;\">(31\/05\/2023)<\/span><\/li>\n<li><a href=\"https:\/\/agora.xtec.cat\/iescastellodempuries\/wp-content\/uploads\/usu1409\/2023\/05\/INFORME_BAREM_PROVISIONAL_BAREM-RESTA-CFGM.pdf\" target=\"_blank\" rel=\"noopener\">Llista de sol\u00b7licituds que han demanat el centre i l&#8217;ensenyament en primera petici\u00f3 amb la puntuaci\u00f3 provisional (resta d&#8217;alumnat)<\/a><span style=\"color: #ff0000;\"> (31\/05\/2023)<\/span><\/li>\n<li><a href=\"https:\/\/agora.xtec.cat\/iescastellodempuries\/wp-content\/uploads\/usu1409\/2023\/05\/INFORME_ADMEXC_DEF.pdf\" target=\"_blank\" rel=\"noopener\">Sol\u00b7licituds admeses i excloses definitiva que han demanat el centre en primera opci\u00f3<\/a> <span style=\"color: #ff0000;\">(8\/05\/2023)<\/span><\/li>\n<li><a href=\"https:\/\/agora.xtec.cat\/iescastellodempuries\/wp-content\/uploads\/usu1409\/2023\/04\/Publicacio-adm-excl-CFGM.pdf\" target=\"_blank\" rel=\"noopener\">Sol\u00b7licituds admeses i excloses provisional que han demanat el centre en primera opci\u00f3<\/a> <span style=\"color: #ff0000;\">(28\/04\/2023)<\/span><\/li>\n<li><a href=\"https:\/\/agora.xtec.cat\/iescastellodempuries\/wp-content\/uploads\/usu1409\/2023\/04\/INFORME_OFERTA_OME_INFORME_OFERTA-3-1.pdf\" target=\"_blank\" rel=\"noopener\">Publicaci\u00f3 de l&#8217;oferta inicial de places<\/a> <span style=\"color: #ff0000;\">(13\/04\/2023)<\/span><\/li>\n<li><a href=\"https:\/\/agora.xtec.cat\/iescastellodempuries\/wp-content\/uploads\/usu1409\/2023\/04\/CF-23-24.pdf\" target=\"_blank\" rel=\"noopener\">Preinscripci\u00f3 CFGM. Informaci\u00f3<\/a> <span style=\"color: #ff0000;\">(13\/04\/2023)<\/span><\/li>\n<\/ul>\n<hr \/>\n<h3 style=\"text-align: center;\">PFI-PTT<\/h3>\n<ul>\n<li dir=\"ltr\"><a href=\"https:\/\/agora.xtec.cat\/iescastellodempuries\/wp-content\/uploads\/usu1409\/2023\/06\/preinscrits_al_centre_amb_assignacio.pdf\" target=\"_blank\" rel=\"noopener\">Relaci\u00f3 d&#8217;alumnes preinscrits al centre, amb indicaci\u00f3 d&#8217;on han estat admesos<\/a> <span style=\"color: #ff0000;\">(29\/06\/2023)<\/span><\/li>\n<li dir=\"ltr\"><a href=\"https:\/\/agora.xtec.cat\/iescastellodempuries\/wp-content\/uploads\/usu1409\/2023\/06\/llistat_definitiu_de_sol.licituds.pdf\" target=\"_blank\" rel=\"noopener\">Relaci\u00f3 de sol\u00b7licituds valorades definitiu<\/a> <span style=\"color: #ff0000;\">(8\/06\/2023)<\/span><\/li>\n<li dir=\"ltr\"><a href=\"https:\/\/agora.xtec.cat\/iescastellodempuries\/docs\/preinscripcio-pfi-ptt-informacio\/\" target=\"_blank\" rel=\"noopener\">Preinscripci\u00f3 PFI-PTT. Informaci\u00f3<\/a> <span style=\"color: #ff0000;\">(15\/03\/2023)<\/span><\/li>\n<li dir=\"ltr\"><a href=\"https:\/\/agora.xtec.cat\/iescastellodempuries\/wp-content\/uploads\/usu1409\/2023\/05\/llistat_provisional_de_sol.licituds.pdf\" target=\"_blank\" rel=\"noopener\">Relaci\u00f3 de sol\u00b7licituds valorades provisional<\/a> <span style=\"color: #ff0000;\">(26\/05\/2023)<\/span><\/li>\n<\/ul>\n<p>&nbsp;<\/p>\n","protected":false},"excerpt":{"rendered":"<p>ESO Publicaci\u00f3 de la llista d&#8217;espera del centre (12\/06\/2023) Alumnes assignats al centre amb indicaci\u00f3 de la primera petici\u00f3\u00a0(12\/06\/2023) Publicaci\u00f3 de l&#8217;oferta definitiva de places (09\/06\/2023) Llista de sol\u00b7licituds que han demanat el centre i l&#8217;ensenyament en primera petici\u00f3 ordenada (11\/05\/2023) Llista de sol\u00b7licituds que han demanat el centre i l&#8217;ensenyament en primera petici\u00f3 un [&hellip;]<\/p>\n","protected":false},"author":3,"featured_media":0,"parent":81,"menu_order":0,"comment_status":"closed","ping_status":"closed","template":"","meta":{"_bbp_topic_count":0,"_bbp_reply_count":0,"_bbp_total_topic_count":0,"_bbp_total_reply_count":0,"_bbp_voice_count":0,"_bbp_anonymous_reply_count":0,"_bbp_topic_count_hidden":0,"_bbp_reply_count_hidden":0,"_bbp_forum_subforum_count":0,"site-sidebar-layout":"default","site-content-layout":"","ast-site-content-layout":"","site-content-style":"default","site-sidebar-style":"default","ast-global-header-display":"","ast-banner-title-visibility":"","ast-main-header-display":"","ast-hfb-above-header-display":"","ast-hfb-below-header-display":"","ast-hfb-mobile-header-display":"","site-post-title":"","ast-breadcrumbs-content":"","ast-featured-img":"","footer-sml-layout":"","theme-transparent-header-meta":"","adv-header-id-meta":"","stick-header-meta":"","header-above-stick-meta":"","header-main-stick-meta":"","header-below-stick-meta":"","astra-migrate-meta-layouts":"default","ast-page-background-enabled":"default","ast-page-background-meta":{"desktop":{"background-color":"var(--ast-global-color-4)","background-image":"","background-repeat":"repeat","background-position":"center center","background-size":"auto","background-attachment":"scroll","background-type":"","background-media":"","overlay-type":"","overlay-color":"","overlay-opacity":"","overlay-gradient":""},"tablet":{"background-color":"","background-image":"","background-repeat":"repeat","background-position":"center center","background-size":"auto","background-attachment":"scroll","background-type":"","background-media":"","overlay-type":"","overlay-color":"","overlay-opacity":"","overlay-gradient":""},"mobile":{"background-color":"","background-image":"","background-repeat":"repeat","background-position":"center center","background-size":"auto","background-attachment":"scroll","background-type":"","background-media":"","overlay-type":"","overlay-color":"","overlay-opacity":"","overlay-gradient":""}},"ast-content-background-meta":{"desktop":{"background-color":"var(--ast-global-color-5)","background-image":"","background-repeat":"repeat","background-position":"center center","background-size":"auto","background-attachment":"scroll","background-type":"","background-media":"","overlay-type":"","overlay-color":"","overlay-opacity":"","overlay-gradient":""},"tablet":{"background-color":"var(--ast-global-color-5)","background-image":"","background-repeat":"repeat","background-position":"center center","background-size":"auto","background-attachment":"scroll","background-type":"","background-media":"","overlay-type":"","overlay-color":"","overlay-opacity":"","overlay-gradient":""},"mobile":{"background-color":"var(--ast-global-color-5)","background-image":"","background-repeat":"repeat","background-position":"center center","background-size":"auto","background-attachment":"scroll","background-type":"","background-media":"","overlay-type":"","overlay-color":"","overlay-opacity":"","overlay-gradient":""}},"footnotes":""},"class_list":["post-7048","page","type-page","status-publish","hentry"],"post_mailing_queue_ids":[],"_links":{"self":[{"href":"https:\/\/agora.xtec.cat\/iescastellodempuries\/wp-json\/wp\/v2\/pages\/7048","targetHints":{"allow":["GET"]}}],"collection":[{"href":"https:\/\/agora.xtec.cat\/iescastellodempuries\/wp-json\/wp\/v2\/pages"}],"about":[{"href":"https:\/\/agora.xtec.cat\/iescastellodempuries\/wp-json\/wp\/v2\/types\/page"}],"author":[{"embeddable":true,"href":"https:\/\/agora.xtec.cat\/iescastellodempuries\/wp-json\/wp\/v2\/users\/3"}],"replies":[{"embeddable":true,"href":"https:\/\/agora.xtec.cat\/iescastellodempuries\/wp-json\/wp\/v2\/comments?post=7048"}],"version-history":[{"count":3,"href":"https:\/\/agora.xtec.cat\/iescastellodempuries\/wp-json\/wp\/v2\/pages\/7048\/revisions"}],"predecessor-version":[{"id":7643,"href":"https:\/\/agora.xtec.cat\/iescastellodempuries\/wp-json\/wp\/v2\/pages\/7048\/revisions\/7643"}],"up":[{"embeddable":true,"href":"https:\/\/agora.xtec.cat\/iescastellodempuries\/wp-json\/wp\/v2\/pages\/81"}],"wp:attachment":[{"href":"https:\/\/agora.xtec.cat\/iescastellodempuries\/wp-json\/wp\/v2\/media?parent=7048"}],"curies":[{"name":"wp","href":"https:\/\/api.w.org\/{rel}","templated":true}]}}